{"id":5343,"date":"2015-05-05T15:19:32","date_gmt":"2015-05-05T15:19:32","guid":{"rendered":"https:\/\/love4tennis.com\/sk\/home-version-11\/"},"modified":"2026-01-17T15:54:18","modified_gmt":"2026-01-17T13:54:18","slug":"uvod","status":"publish","type":"page","link":"https:\/\/love4tennis.com\/sk\/","title":{"rendered":"\u00davod"},"content":{"rendered":"<div class=\"wpb-content-wrapper\"><p>[vc_row wrap_container=&#8220;yes&#8220; bg_type=&#8220;bg_color&#8220; bg_color_value=&#8220;#ffffff&#8220;][vc_column offset=&#8220;vc_col-xs-12&#8243;][vc_empty_space][vc_custom_heading text=&#8220;O <strong>n\u00e1s<\/strong>&#8220; font_container=&#8220;tag:h2|text_align:left|color:%23000000&#8243; use_theme_fonts=&#8220;yes&#8220; link=&#8220;url:https%3A%2F%2Flove4tennis.com%2Fsk%2Fo-nas%2F|&#8220;][vc_column_text css=&#8220;&#8220;]<\/p>\n<p style=\"text-align: justify;\"><strong>Love4Tennis \u2013 Dominika Cibulkova Academy patr\u00ed medzi najlep\u0161ie tenisov\u00e9 akad\u00e9mie v Eur\u00f3pe.\u00a0\u00a0<\/strong>Akad\u00e9mia bola zalo\u017een\u00e1 v roku 2006 a po\u010das svojho p\u00f4sobenia vychovala mnoh\u00fdch profesion\u00e1lnych hr\u00e1\u010dov ako s\u00fa Filip Polasek, Elena Rybakina, Lukas Lacko, Kristina Kucova, Illya Marchenko a mnoh\u00ed \u010fal\u0161\u00ed.<\/p>\n<div class=\"wpb_text_column wpb_content_element \">\n<div class=\"wpb_wrapper\">\n<p style=\"text-align: justify;\">V na\u0161ej akad\u00e9mii v s\u00fa\u010dasnosti tr\u00e9nuje celoro\u010dne<strong>\u00a0viac ako 60 profesion\u00e1lnych hr\u00e1\u010dov z 15 kraj\u00edn sveta<\/strong>\u00a0vo v\u0161etk\u00fdch vekov\u00fdch kateg\u00f3ri\u00e1ch, o ktor\u00fdch sa staraj\u00fa tr\u00e9neri so sk\u00fasenos\u0165ami z WTA, ATP a ITF turnajov. Moment\u00e1lne sa v akad\u00e9mii v r\u00e1mci programu profesion\u00e1l pripravuj\u00fa\u00a0<strong>5 hr\u00e1\u010di z TOP 100 ATP a WTA.<\/strong><\/p>\n<p style=\"text-align: justify;\">Na\u0161e programy sa zameriavaj\u00fa na v\u0161etky potreby hr\u00e1\u010da \u2013<strong>\u00a0komplexn\u00fd tr\u00e9ningov\u00fd proces<\/strong>\u00a0( tenisov\u00e9, kondi\u010dn\u00e9 tr\u00e9ningy, regener\u00e1cia a ment\u00e1lny tr\u00e9ning),\u00a0<strong>pl\u00e1novanie a cestovanie na turnaje s tr\u00e9nerom, zdravotn\u00e1 starostlivos\u0165 a testovanie hr\u00e1\u010dov.<\/strong>\u00a0V\u0161etky \u010dinnosti n\u00e1\u0161ho sk\u00fasenn\u00e9ho t\u00edmu s\u00fa smerovan\u00e9 k tomu, aby hr\u00e1\u010d zvy\u0161oval svoju v\u00fdkonnos\u0165 a dosahoval stanoven\u00e9 ciele.<\/p>\n<p style=\"text-align: justify;\"><strong>Love4Tennis \u2013 Dominika Cibulkova Academy zabezpe\u010duje popri tr\u00e9ningoch aj komplexn\u00e9 slu\u017eby okolo hr\u00e1\u010da<\/strong>\u00a0( ubytovanie, doprava, vzdelanie, nutri\u010dn\u00e9 poradenstvo, asisten\u010dn\u00e9 slu\u017eby, vo\u013eno\u010dasov\u00e9 aktivity\u2026). V\u010faka profesionalite n\u00e1\u0161ho mana\u017e\u00e9rskeho t\u00edmu, hr\u00e1\u010d nemus\u00ed rie\u0161i\u0165 \u017eiadne dodato\u010dn\u00e9 veci a m\u00f4\u017ee sa plne s\u00fastredi\u0165 na zvy\u0161ovanie svojej v\u00fdkonnosti.<\/p>\n<p style=\"text-align: justify;\"><strong>Ka\u017ed\u00e9mu hr\u00e1\u010dovi v akad\u00e9mii je pridelen\u00fd tenisov\u00fd tr\u00e9ner<\/strong>, ktor\u00fd mu n\u00e1sledne vytvor\u00ed na mieru prisp\u00f4soben\u00fd tr\u00e9ningov\u00fd pl\u00e1n, turnajov\u00fd pl\u00e1n a stanov\u00fd ciele na nasleduj\u00face obdobie.<\/p>\n<\/div>\n<\/div>\n<p>[\/vc_column_text][vc_row_inner][vc_column_inner width=&#8220;1\/2&#8243;][vc_single_image image=&#8220;15793&#8243; img_size=&#8220;full&#8220; style=&#8220;vc_box_rounded&#8220; onclick=&#8220;custom_link&#8220; hover_effect=&#8220;yes&#8220; css_animation=&#8220;left-to-right&#8220;][\/vc_column_inner][vc_column_inner width=&#8220;1\/2&#8243;][vc_single_image image=&#8220;14959&#8243; img_size=&#8220;full&#8220; style=&#8220;vc_box_rounded&#8220; onclick=&#8220;custom_link&#8220; hover_effect=&#8220;yes&#8220; css_animation=&#8220;left-to-right&#8220;][\/vc_column_inner][\/vc_row_inner][vc_row_inner][vc_column_inner width=&#8220;1\/2&#8243;][vc_single_image image=&#8220;14957&#8243; img_size=&#8220;full&#8220; style=&#8220;vc_box_rounded&#8220; onclick=&#8220;custom_link&#8220; hover_effect=&#8220;yes&#8220; css_animation=&#8220;left-to-right&#8220;][\/vc_column_inner][vc_column_inner width=&#8220;1\/2&#8243;][vc_single_image image=&#8220;24503&#8243; img_size=&#8220;full&#8220; style=&#8220;vc_box_rounded&#8220; onclick=&#8220;custom_link&#8220; css=&#8220;&#8220; hover_effect=&#8220;yes&#8220; css_animation=&#8220;left-to-right&#8220;][\/vc_column_inner][\/vc_row_inner][vc_empty_space][\/vc_column][\/vc_row][vc_row wrap_container=&#8220;yes&#8220; bg_type=&#8220;bg_color&#8220; bg_color_value=&#8220;#d24b1e&#8220;][vc_column offset=&#8220;vc_col-xs-12&#8243;][vc_empty_space][vc_custom_heading text=&#8220;Zistite <b>Viac<\/b>&#8220; font_container=&#8220;tag:h2|text_align:left|color:%23ffffff&#8220; use_theme_fonts=&#8220;yes&#8220; link=&#8220;url:https%3A%2F%2Flove4tennis.com%2Fsk%2Fo-nas%2F|&#8220;][vc_row_inner][vc_column_inner width=&#8220;1\/2&#8243;][vc_single_image image=&#8220;23470&#8243; img_size=&#8220;full&#8220; style=&#8220;vc_box_rounded&#8220; onclick=&#8220;custom_link&#8220; css=&#8220;&#8220; hover_effect=&#8220;yes&#8220; css_animation=&#8220;left-to-right&#8220; link=&#8220;https:\/\/love4tennis.com\/sk\/programy\/&#8220;][\/vc_column_inner][vc_column_inner width=&#8220;1\/2&#8243;][vc_single_image image=&#8220;23468&#8243; img_size=&#8220;full&#8220; style=&#8220;vc_box_rounded&#8220; onclick=&#8220;custom_link&#8220; css=&#8220;&#8220; hover_effect=&#8220;yes&#8220; css_animation=&#8220;left-to-right&#8220; link=&#8220;https:\/\/love4tennis.com\/sk\/o-nas\/preco-sa-k-nam-pripojit\/&#8220;][\/vc_column_inner][\/vc_row_inner][vc_row_inner][vc_column_inner width=&#8220;1\/2&#8243;][vc_video link=&#8220;https:\/\/youtu.be\/tB8avC2GUh8&#8243; css=&#8220;&#8220;][\/vc_column_inner][vc_column_inner width=&#8220;1\/2&#8243;][vc_video link=&#8220;https:\/\/www.youtube.com\/watch?v=Oqrd_WKwHzg&amp;t=7s&#8220;][\/vc_column_inner][\/vc_row_inner][vc_empty_space][\/vc_column][\/vc_row][vc_row wrap_container=&#8220;yes&#8220; bg_type=&#8220;bg_color&#8220; css=&#8220;.vc_custom_1544546957669{background-color: #ffffff !important;background-position: center !important;background-repeat: no-repeat !important;background-size: cover !important;border-radius: 4px !important;}&#8220; bg_color_value=&#8220;#ffffff&#8220;][vc_column width=&#8220;1\/2&#8243;][vc_empty_space][vc_single_image image=&#8220;22334&#8243; img_size=&#8220;full&#8220; style=&#8220;vc_box_rounded&#8220; onclick=&#8220;custom_link&#8220; css=&#8220;&#8220; hover_effect=&#8220;yes&#8220; css_animation=&#8220;left-to-right&#8220;][\/vc_column][vc_column width=&#8220;1\/2&#8243; css=&#8220;.vc_custom_1544487418932{background-position: 0 0 !important;background-repeat: repeat !important;border-radius: 4px !important;}&#8220;][vc_empty_space][vc_single_image image=&#8220;12741&#8243; img_size=&#8220;full&#8220; style=&#8220;vc_box_rounded&#8220; onclick=&#8220;custom_link&#8220; hover_effect=&#8220;yes&#8220; css_animation=&#8220;left-to-right&#8220; link=&#8220;https:\/\/love4tennis.com\/sk\/o-nas\/dominika-cibulkova\/&#8220;][\/vc_column][\/vc_row][vc_row][vc_column]<div class=\"porto-map-section \" style=\"background-image:url(\/\/love4tennis.com\/wp-content\/uploads\/2024\/08\/map.png);\"><section class=\"map-content\"><div class=\"container\">[vc_row_inner][vc_column_inner][vc_custom_heading text=&#8220;Posledn\u00e9 <strong>Novinky<\/strong>&#8220; use_theme_fonts=&#8220;yes&#8220; css=&#8220;&#8220; link=&#8220;url:http%3A%2F%2Flove4tennis.sk%2Fblog%2F|&#8220;][vc_raw_html css=&#8220;&#8220;]JTVCaW5zdGFncmFtX2ZlZWQlNUQ=[\/vc_raw_html][\/vc_column_inner][\/vc_row_inner][vc_btn title=&#8220;Zobrazi\u0165 viac na instagrame&#8220; style=&#8220;custom&#8220; custom_background=&#8220;#d24b1e&#8220; custom_text=&#8220;#ffffff&#8220; align=&#8220;center&#8220; i_align=&#8220;right&#8220; i_icon_fontawesome=&#8220;fab fa-instagram&#8220; css=&#8220;&#8220; add_icon=&#8220;true&#8220; link=&#8220;url:https%3A%2F%2Finstagram.com%2Flove4tennis_cibulkova_academy%2F|target:%20_blank|&#8220;]<\/div><\/section><\/div>[\/vc_column][\/vc_row][vc_row wrap_container=&#8220;yes&#8220;][vc_column][vc_separator color=&#8220;custom&#8220; gap=&#8220;tall&#8220; gradient=&#8220;yes&#8220;][vc_custom_heading text=&#8220;Na\u0161i <strong>Partneri<\/strong>&#8220; font_container=&#8220;tag:h2|text_align:left|color:%233a1822&#8243; use_theme_fonts=&#8220;yes&#8220; css=&#8220;&#8220; link=&#8220;url:https%3A%2F%2Flove4tennis.com%2Fsk%2Fspolupraca-2%2Fpartneri%2F|&#8220;][vc_empty_space height=&#8220;35px&#8220;]<div id=\"ult-carousel-85748383169ef8f2c5be04\" class=\"ult-carousel-wrapper   ult_horizontal\" data-gutter=\"15\" data-rtl=\"false\" ><div class=\"ult-carousel-94075690169ef8f2c5bd1c \" >[vc_single_image image=&#8220;16332&#8243; img_size=&#8220;full&#8220; onclick=&#8220;custom_link&#8220; img_link_target=&#8220;_blank&#8220; link=&#8220;http:\/\/www.peugeot.sk&#8220;][vc_single_image image=&#8220;11418&#8243; img_size=&#8220;full&#8220; onclick=&#8220;custom_link&#8220; img_link_target=&#8220;_blank&#8220;][vc_single_image image=&#8220;14318&#8243; img_size=&#8220;full&#8220; onclick=&#8220;custom_link&#8220; img_link_target=&#8220;_blank&#8220; link=&#8220;http:\/\/www.volnytermin.sk\/&#8220;][vc_single_image image=&#8220;16023&#8243; img_size=&#8220;full&#8220; onclick=&#8220;custom_link&#8220; img_link_target=&#8220;_blank&#8220; link=&#8220;https:\/\/www.spineclinic.sk\/&#8220;][vc_single_image image=&#8220;24558&#8243; img_size=&#8220;full&#8220; onclick=&#8220;custom_link&#8220; img_link_target=&#8220;_blank&#8220; css=&#8220;&#8220; link=&#8220;https:\/\/www.spineclinic.sk\/&#8220;][vc_single_image image=&#8220;24649&#8243; img_size=&#8220;full&#8220; onclick=&#8220;custom_link&#8220; img_link_target=&#8220;_blank&#8220; css=&#8220;&#8220; link=&#8220;https:\/\/www.spineclinic.sk\/&#8220;][vc_single_image image=&#8220;13145&#8243; img_size=&#8220;full&#8220; onclick=&#8220;custom_link&#8220; img_link_target=&#8220;_blank&#8220; link=&#8220;https:\/\/www.spineclinic.sk\/&#8220;][vc_single_image image=&#8220;14320&#8243; img_size=&#8220;full&#8220; onclick=&#8220;custom_link&#8220; img_link_target=&#8220;_blank&#8220; link=&#8220;https:\/\/lucka.sk\/&#8220;][vc_single_image image=&#8220;17772&#8243; img_size=&#8220;full&#8220; onclick=&#8220;custom_link&#8220; img_link_target=&#8220;_blank&#8220;][vc_single_image image=&#8220;24391&#8243; img_size=&#8220;full&#8220; onclick=&#8220;custom_link&#8220; img_link_target=&#8220;_blank&#8220; css=&#8220;&#8220;][vc_single_image image=&#8220;17767&#8243; img_size=&#8220;full&#8220; onclick=&#8220;custom_link&#8220; img_link_target=&#8220;_blank&#8220;][vc_single_image image=&#8220;13509&#8243; img_size=&#8220;full&#8220; onclick=&#8220;custom_link&#8220; img_link_target=&#8220;_blank&#8220;][vc_single_image image=&#8220;14601&#8243; img_size=&#8220;full&#8220; onclick=&#8220;custom_link&#8220; img_link_target=&#8220;_blank&#8220; link=&#8220;https:\/\/www.nadaciaspp.sk\/&#8220;][vc_single_image image=&#8220;14606&#8243; img_size=&#8220;full&#8220; onclick=&#8220;custom_link&#8220; img_link_target=&#8220;_blank&#8220; link=&#8220;http:\/\/solincosports.com\/&#8220;][vc_single_image image=&#8220;16725&#8243; img_size=&#8220;full&#8220; onclick=&#8220;custom_link&#8220; img_link_target=&#8220;_blank&#8220; link=&#8220;https:\/\/www.sinclair-lighting.cz\/sk\/uvod\/&#8220;][vc_single_image image=&#8220;4600&#8243; img_size=&#8220;full&#8220; onclick=&#8220;custom_link&#8220; img_link_target=&#8220;_blank&#8220; link=&#8220;http:\/\/www.tennis-arena.cz\/&#8220;][vc_single_image image=&#8220;4597&#8243; img_size=&#8220;full&#8220; onclick=&#8220;custom_link&#8220; link=&#8220;http:\/\/www.prespor.sk\/&#8220;][vc_single_image image=&#8220;10043&#8243; img_size=&#8220;full&#8220; onclick=&#8220;custom_link&#8220; img_link_target=&#8220;_blank&#8220; link=&#8220;http:\/\/www.alfasol.sk\/&#8220;][vc_single_image image=&#8220;4593&#8243; img_size=&#8220;full&#8220; onclick=&#8220;custom_link&#8220; img_link_target=&#8220;_blank&#8220; link=&#8220;http:\/\/www.bnc-sk.sk\/&#8220;][vc_single_image image=&#8220;4595&#8243; img_size=&#8220;full&#8220; onclick=&#8220;custom_link&#8220; img_link_target=&#8220;_blank&#8220; link=&#8220;http:\/\/www.leonardo.sk\/web\/uvod&#8220;][vc_single_image image=&#8220;4596&#8243; img_size=&#8220;full&#8220; onclick=&#8220;custom_link&#8220; img_link_target=&#8220;_blank&#8220; link=&#8220;http:\/\/pelety-predaj.sk\/&#8220;][vc_single_image image=&#8220;10467&#8243; img_size=&#8220;full&#8220; onclick=&#8220;custom_link&#8220; img_link_target=&#8220;_blank&#8220; link=&#8220;http:\/\/www.tipstav.sk\/-\/STRECHY-PODLAHY-ZATEPLOVANIE.php&#8220;][vc_single_image image=&#8220;13118&#8243; img_size=&#8220;full&#8220; onclick=&#8220;custom_link&#8220; img_link_target=&#8220;_blank&#8220; link=&#8220;http:\/\/www.theconcierge.sk\/&#8220;][vc_single_image image=&#8220;13117&#8243; img_size=&#8220;full&#8220; onclick=&#8220;custom_link&#8220; img_link_target=&#8220;_blank&#8220; link=&#8220;http:\/\/www.surveye.sk\/&#8220;][vc_single_image image=&#8220;13116&#8243; img_size=&#8220;full&#8220; onclick=&#8220;custom_link&#8220; img_link_target=&#8220;_blank&#8220; link=&#8220;http:\/\/www.gransol.eu&#8220;][vc_single_image image=&#8220;16292&#8243; img_size=&#8220;full&#8220; onclick=&#8220;custom_link&#8220; img_link_target=&#8220;_blank&#8220; link=&#8220;http:\/\/www.gransol.eu&#8220;][vc_single_image image=&#8220;16318&#8243; img_size=&#8220;full&#8220; onclick=&#8220;custom_link&#8220; img_link_target=&#8220;_blank&#8220; link=&#8220;http:\/\/www.gransol.eu&#8220;][vc_single_image image=&#8220;13115&#8243; img_size=&#8220;full&#8220; onclick=&#8220;custom_link&#8220; img_link_target=&#8220;_blank&#8220; link=&#8220;https:\/\/www.myjump.sk\/&#8220;][vc_single_image image=&#8220;13105&#8243; img_size=&#8220;full&#8220; onclick=&#8220;custom_link&#8220; img_link_target=&#8220;_blank&#8220;][vc_single_image image=&#8220;17130&#8243; img_size=&#8220;full&#8220; onclick=&#8220;custom_link&#8220; img_link_target=&#8220;_blank&#8220;][vc_single_image image=&#8220;15837&#8243; img_size=&#8220;full&#8220; onclick=&#8220;custom_link&#8220; img_link_target=&#8220;_blank&#8220;]<\/div><\/div>\t\t\t<script type=\"text\/javascript\">\n\t\t\t\tjQuery(document).ready(function ($) {\n\t\t\t\t\tif( typeof jQuery('.ult-carousel-94075690169ef8f2c5bd1c').slick == \"function\"){\n\t\t\t\t\t\t$('.ult-carousel-94075690169ef8f2c5bd1c').slick({dots: true,autoplay: true,autoplaySpeed: \"5000\",speed: \"700\",infinite: true,arrows: false,slidesToScroll:4,slidesToShow:4,swipe: true,draggable: true,touchMove: true,pauseOnHover: true,pauseOnFocus: false,responsive: [\n\t\t\t\t\t\t\t{\n\t\t\t\t\t\t\t  breakpoint: 1026,\n\t\t\t\t\t\t\t  settings: {\n\t\t\t\t\t\t\t\tslidesToShow: 4,\n\t\t\t\t\t\t\t\tslidesToScroll: 4,  \n\t\t\t\t\t\t\t  }\n\t\t\t\t\t\t\t},\n\t\t\t\t\t\t\t{\n\t\t\t\t\t\t\t  breakpoint: 1025,\n\t\t\t\t\t\t\t  settings: {\n\t\t\t\t\t\t\t\tslidesToShow: 3,\n\t\t\t\t\t\t\t\tslidesToScroll: 3\n\t\t\t\t\t\t\t  }\n\t\t\t\t\t\t\t},\n\t\t\t\t\t\t\t{\n\t\t\t\t\t\t\t  breakpoint: 760,\n\t\t\t\t\t\t\t  settings: {\n\t\t\t\t\t\t\t\tslidesToShow: 2,\n\t\t\t\t\t\t\t\tslidesToScroll: 2\n\t\t\t\t\t\t\t  }\n\t\t\t\t\t\t\t}\n\t\t\t\t\t\t],pauseOnDotsHover: true,customPaging: function(slider, i) {\n                   return '<i type=\"button\" style= \"color:#333333;\" class=\"ultsl-record\" data-role=\"none\"><\/i>';\n                },});\n\t\t\t\t\t}\n\t\t\t\t});\n\t\t\t<\/script>\n\t\t\t[\/vc_column][\/vc_row][vc_row][vc_column][vc_column_text][\/vc_column_text][\/vc_column][\/vc_row]<\/p>\n<\/div>","protected":false},"excerpt":{"rendered":"<p>[vc_row wrap_container=&#8220;yes&#8220; bg_type=&#8220;bg_color&#8220; bg_color_value=&#8220;#ffffff&#8220;][vc_column offset=&#8220;vc_col-xs-12&#8243;][vc_empty_space][vc_custom_heading text=&#8220;O n\u00e1s&#8220; font_container=&#8220;tag:h2|text_align:left|color:%23000000&#8243; use_theme_fonts=&#8220;yes&#8220; link=&#8220;url:https%3A%2F%2Flove4tennis.com%2Fsk%2Fo-nas%2F|&#8220;][vc_column_text css=&#8220;&#8220;] Love4Tennis \u2013 Dominika Cibulkova Academy patr\u00ed medzi najlep\u0161ie tenisov\u00e9 akad\u00e9mie v Eur\u00f3pe.\u00a0\u00a0Akad\u00e9mia bola zalo\u017een\u00e1 v roku 2006 a po\u010das [&hellip;]<\/p>\n","protected":false},"author":1,"featured_media":0,"parent":0,"menu_order":0,"comment_status":"closed","ping_status":"closed","template":"","meta":{"footnotes":""},"class_list":["post-5343","page","type-page","status-publish","hentry"],"yoast_head":"<!-- This site is optimized with the Yoast SEO plugin v23.1 - https:\/\/yoast.com\/wordpress\/plugins\/seo\/ -->\n<title>Tenisov\u00e1 akad\u00e9mia Dominiky Cibulkovej | Love4Tennis.com<\/title>\n<meta name=\"description\" content=\"Jedna z najlep\u0161\u00edch tenisov\u00fdch akad\u00e9mi\u00ed v Eur\u00f3pe. Pon\u00fakame komplexn\u00fd servis a sk\u00fasen\u00fdch tr\u00e9nerov. Vyu\u017eite ro\u010dn\u00fd program, tenisov\u00e9 kempy alebo detsk\u00fd tenis.\" \/>\n<meta name=\"robots\" content=\"index, follow, max-snippet:-1, max-image-preview:large, max-video-preview:-1\" \/>\n<link rel=\"canonical\" href=\"https:\/\/love4tennis.com\/sk\/\" \/>\n<meta property=\"og:locale\" content=\"sk_SK\" \/>\n<meta property=\"og:type\" content=\"article\" \/>\n<meta property=\"og:title\" content=\"Tenisov\u00e1 akad\u00e9mia Dominiky Cibulkovej | Love4Tennis.com\" \/>\n<meta property=\"og:description\" content=\"Jedna z najlep\u0161\u00edch tenisov\u00fdch akad\u00e9mi\u00ed v Eur\u00f3pe. Pon\u00fakame komplexn\u00fd servis a sk\u00fasen\u00fdch tr\u00e9nerov. Vyu\u017eite ro\u010dn\u00fd program, tenisov\u00e9 kempy alebo detsk\u00fd tenis.\" \/>\n<meta property=\"og:url\" content=\"https:\/\/love4tennis.com\/sk\/\" \/>\n<meta property=\"og:site_name\" content=\"L4T\" \/>\n<meta property=\"article:publisher\" content=\"https:\/\/www.facebook.com\/TKLOVE4TENNIS\/\" \/>\n<meta property=\"article:modified_time\" content=\"2026-01-17T13:54:18+00:00\" \/>\n<meta name=\"twitter:card\" content=\"summary_large_image\" \/>\n<meta name=\"twitter:label1\" content=\"Predpokladan\u00fd \u010das \u010d\u00edtania\" \/>\n\t<meta name=\"twitter:data1\" content=\"3 min\u00faty\" \/>\n<script type=\"application\/ld+json\" class=\"yoast-schema-graph\">{\"@context\":\"https:\/\/schema.org\",\"@graph\":[{\"@type\":\"WebPage\",\"@id\":\"https:\/\/love4tennis.com\/sk\/\",\"url\":\"https:\/\/love4tennis.com\/sk\/\",\"name\":\"Tenisov\u00e1 akad\u00e9mia Dominiky Cibulkovej | Love4Tennis.com\",\"isPartOf\":{\"@id\":\"https:\/\/love4tennis.com\/#website\"},\"datePublished\":\"2015-05-05T15:19:32+00:00\",\"dateModified\":\"2026-01-17T13:54:18+00:00\",\"description\":\"Jedna z najlep\u0161\u00edch tenisov\u00fdch akad\u00e9mi\u00ed v Eur\u00f3pe. Pon\u00fakame komplexn\u00fd servis a sk\u00fasen\u00fdch tr\u00e9nerov. Vyu\u017eite ro\u010dn\u00fd program, tenisov\u00e9 kempy alebo detsk\u00fd tenis.\",\"breadcrumb\":{\"@id\":\"https:\/\/love4tennis.com\/sk\/#breadcrumb\"},\"inLanguage\":\"sk-SK\",\"potentialAction\":[{\"@type\":\"ReadAction\",\"target\":[\"https:\/\/love4tennis.com\/sk\/\"]}]},{\"@type\":\"BreadcrumbList\",\"@id\":\"https:\/\/love4tennis.com\/sk\/#breadcrumb\",\"itemListElement\":[{\"@type\":\"ListItem\",\"position\":1,\"name\":\"Dom\u00e1ca str\u00e1nka\",\"item\":\"https:\/\/love4tennis.com\/sk\/\"},{\"@type\":\"ListItem\",\"position\":2,\"name\":\"\u00davod\"}]},{\"@type\":\"WebSite\",\"@id\":\"https:\/\/love4tennis.com\/#website\",\"url\":\"https:\/\/love4tennis.com\/\",\"name\":\"L4T\",\"description\":\"\",\"publisher\":{\"@id\":\"https:\/\/love4tennis.com\/#organization\"},\"potentialAction\":[{\"@type\":\"SearchAction\",\"target\":{\"@type\":\"EntryPoint\",\"urlTemplate\":\"https:\/\/love4tennis.com\/?s={search_term_string}\"},\"query-input\":\"required name=search_term_string\"}],\"inLanguage\":\"sk-SK\"},{\"@type\":\"Organization\",\"@id\":\"https:\/\/love4tennis.com\/#organization\",\"name\":\"Love4Tennis Academy\",\"url\":\"https:\/\/love4tennis.com\/\",\"logo\":{\"@type\":\"ImageObject\",\"inLanguage\":\"sk-SK\",\"@id\":\"https:\/\/love4tennis.com\/#\/schema\/logo\/image\/\",\"url\":\"https:\/\/love4tennis.com\/wp-content\/uploads\/2018\/10\/logo_love4tennis.jpg\",\"contentUrl\":\"https:\/\/love4tennis.com\/wp-content\/uploads\/2018\/10\/logo_love4tennis.jpg\",\"width\":608,\"height\":315,\"caption\":\"Love4Tennis Academy\"},\"image\":{\"@id\":\"https:\/\/love4tennis.com\/#\/schema\/logo\/image\/\"},\"sameAs\":[\"https:\/\/www.facebook.com\/TKLOVE4TENNIS\/\"]}]}<\/script>\n<!-- \/ Yoast SEO plugin. -->","yoast_head_json":{"title":"Tenisov\u00e1 akad\u00e9mia Dominiky Cibulkovej | Love4Tennis.com","description":"Jedna z najlep\u0161\u00edch tenisov\u00fdch akad\u00e9mi\u00ed v Eur\u00f3pe. Pon\u00fakame komplexn\u00fd servis a sk\u00fasen\u00fdch tr\u00e9nerov. Vyu\u017eite ro\u010dn\u00fd program, tenisov\u00e9 kempy alebo detsk\u00fd tenis.","robots":{"index":"index","follow":"follow","max-snippet":"max-snippet:-1","max-image-preview":"max-image-preview:large","max-video-preview":"max-video-preview:-1"},"canonical":"https:\/\/love4tennis.com\/sk\/","og_locale":"sk_SK","og_type":"article","og_title":"Tenisov\u00e1 akad\u00e9mia Dominiky Cibulkovej | Love4Tennis.com","og_description":"Jedna z najlep\u0161\u00edch tenisov\u00fdch akad\u00e9mi\u00ed v Eur\u00f3pe. Pon\u00fakame komplexn\u00fd servis a sk\u00fasen\u00fdch tr\u00e9nerov. Vyu\u017eite ro\u010dn\u00fd program, tenisov\u00e9 kempy alebo detsk\u00fd tenis.","og_url":"https:\/\/love4tennis.com\/sk\/","og_site_name":"L4T","article_publisher":"https:\/\/www.facebook.com\/TKLOVE4TENNIS\/","article_modified_time":"2026-01-17T13:54:18+00:00","twitter_card":"summary_large_image","twitter_misc":{"Predpokladan\u00fd \u010das \u010d\u00edtania":"3 min\u00faty"},"schema":{"@context":"https:\/\/schema.org","@graph":[{"@type":"WebPage","@id":"https:\/\/love4tennis.com\/sk\/","url":"https:\/\/love4tennis.com\/sk\/","name":"Tenisov\u00e1 akad\u00e9mia Dominiky Cibulkovej | Love4Tennis.com","isPartOf":{"@id":"https:\/\/love4tennis.com\/#website"},"datePublished":"2015-05-05T15:19:32+00:00","dateModified":"2026-01-17T13:54:18+00:00","description":"Jedna z najlep\u0161\u00edch tenisov\u00fdch akad\u00e9mi\u00ed v Eur\u00f3pe. Pon\u00fakame komplexn\u00fd servis a sk\u00fasen\u00fdch tr\u00e9nerov. Vyu\u017eite ro\u010dn\u00fd program, tenisov\u00e9 kempy alebo detsk\u00fd tenis.","breadcrumb":{"@id":"https:\/\/love4tennis.com\/sk\/#breadcrumb"},"inLanguage":"sk-SK","potentialAction":[{"@type":"ReadAction","target":["https:\/\/love4tennis.com\/sk\/"]}]},{"@type":"BreadcrumbList","@id":"https:\/\/love4tennis.com\/sk\/#breadcrumb","itemListElement":[{"@type":"ListItem","position":1,"name":"Dom\u00e1ca str\u00e1nka","item":"https:\/\/love4tennis.com\/sk\/"},{"@type":"ListItem","position":2,"name":"\u00davod"}]},{"@type":"WebSite","@id":"https:\/\/love4tennis.com\/#website","url":"https:\/\/love4tennis.com\/","name":"L4T","description":"","publisher":{"@id":"https:\/\/love4tennis.com\/#organization"},"potentialAction":[{"@type":"SearchAction","target":{"@type":"EntryPoint","urlTemplate":"https:\/\/love4tennis.com\/?s={search_term_string}"},"query-input":"required name=search_term_string"}],"inLanguage":"sk-SK"},{"@type":"Organization","@id":"https:\/\/love4tennis.com\/#organization","name":"Love4Tennis Academy","url":"https:\/\/love4tennis.com\/","logo":{"@type":"ImageObject","inLanguage":"sk-SK","@id":"https:\/\/love4tennis.com\/#\/schema\/logo\/image\/","url":"https:\/\/love4tennis.com\/wp-content\/uploads\/2018\/10\/logo_love4tennis.jpg","contentUrl":"https:\/\/love4tennis.com\/wp-content\/uploads\/2018\/10\/logo_love4tennis.jpg","width":608,"height":315,"caption":"Love4Tennis Academy"},"image":{"@id":"https:\/\/love4tennis.com\/#\/schema\/logo\/image\/"},"sameAs":["https:\/\/www.facebook.com\/TKLOVE4TENNIS\/"]}]}},"_links":{"self":[{"href":"https:\/\/love4tennis.com\/sk\/wp-json\/wp\/v2\/pages\/5343"}],"collection":[{"href":"https:\/\/love4tennis.com\/sk\/wp-json\/wp\/v2\/pages"}],"about":[{"href":"https:\/\/love4tennis.com\/sk\/wp-json\/wp\/v2\/types\/page"}],"author":[{"embeddable":true,"href":"https:\/\/love4tennis.com\/sk\/wp-json\/wp\/v2\/users\/1"}],"replies":[{"embeddable":true,"href":"https:\/\/love4tennis.com\/sk\/wp-json\/wp\/v2\/comments?post=5343"}],"version-history":[{"count":6,"href":"https:\/\/love4tennis.com\/sk\/wp-json\/wp\/v2\/pages\/5343\/revisions"}],"predecessor-version":[{"id":24706,"href":"https:\/\/love4tennis.com\/sk\/wp-json\/wp\/v2\/pages\/5343\/revisions\/24706"}],"wp:attachment":[{"href":"https:\/\/love4tennis.com\/sk\/wp-json\/wp\/v2\/media?parent=5343"}],"curies":[{"name":"wp","href":"https:\/\/api.w.org\/{rel}","templated":true}]}}