{"id":5505,"date":"2016-01-29T12:22:47","date_gmt":"2016-01-29T10:22:47","guid":{"rendered":"https:\/\/love4tennis.com\/sk\/about-us-brochure\/"},"modified":"2024-08-02T19:33:23","modified_gmt":"2024-08-02T17:33:23","slug":"o-nas","status":"publish","type":"page","link":"https:\/\/love4tennis.com\/sk\/o-nas\/","title":{"rendered":"O n\u00e1s"},"content":{"rendered":"<div class=\"wpb-content-wrapper\"><p>[vc_row][vc_column][vc_empty_space]<h1 id=\"uvc-type-wrap-2741\"  data-ultimate-target='#uvc-type-wrap-2741'  data-responsive-json-new='{\"font-size\":\"\",\"line-height\":\"\"}'  class=\"uvc-type-wrap  ult-adjust-bottom-margin ult-responsive short uvc-type-align-center  uvc-wrap-154788358669ece06e952e7\" style=\"text-align:center;\"><span  data-ultimate-target='#uvc-type-wrap-2741 .mycustfancy'  data-responsive-json-new='{\"font-size\":\"\",\"line-height\":\"\"}'  class=\"ultimate-ticker-prefix mycustfancy ult-responsive\" style=\"font-weight:normal; text-transform: unset;\">Spoznajte<\/span><div id=\"vticker-154788358669ece06e952e7\"  data-ultimate-target=&#039;#uvc-type-wrap-2741&#039;  data-responsive-json-new=&#039;{&quot;font-size&quot;:&quot;&quot;,&quot;line-height&quot;:&quot;&quot;}&#039;  class=\"ultimate-vticker ticker fancytext-background-enabled \" style=\"color:#ffffff;background:#d24b1e; font-weight:normal; text-transform: unset;\"><ul><li style=&quot;opacity:1&quot;>n\u00e1\u0161 pr\u00edbeh.<\/li><li style=&quot;opacity:0&quot;>na\u0161u filozofiu.<\/li><li style=&quot;opacity:0&quot;>ako pracujeme.<\/li><li style=&quot;opacity:0&quot;>pre\u010do sa k n\u00e1m pripoji\u0165.<\/li><li style=&quot;opacity:0&quot;>na\u0161e dom\u00e1ce p\u00f4sobenie.<\/li><li style=&quot;opacity:0&quot;>na\u0161e medzin\u00e1rodn\u00e9 p\u00f4sobenie.<\/li><li style=&quot;opacity:0&quot;>na\u0161e referencie.<\/li><\/ul><\/div><script type=\"text\/javascript\">\n\t\t\t\t\t\tjQuery(function($){\n\t\t\t\t\t\t\t$(document).ready(function(){\n\t\t\t\t\t\t\t\tif( typeof jQuery(\"#vticker-154788358669ece06e952e7\").easyTicker == \"function\"){\n\t\t\t\t\t\t\t\t\t$(\"#vticker-154788358669ece06e952e7\").find(\"li\").css(\"opacity\",\"1\");\n\t\t\t\t\t\t\t\t\t\n\t\t\t\t\t\t\t\t\t$(\"#vticker-154788358669ece06e952e7\").easyTicker({\n\t\t\t\t\t\t\t\t\t\tdirection: \"up\",\n\t\t\t\t\t\t\t\t\t\teasing: \"swing\",\n\t\t\t\t\t\t\t\t\t\tspeed: \"200\",\n\t\t\t\t\t\t\t\t\t\tinterval: \"3000\",\n\t\t\t\t\t\t\t\t\t\theight: \"auto\",\n\t\t\t\t\t\t\t\t\t\tvisible: \"1\",\n\t\t\t\t\t\t\t\t\t\tmousePause: \"0\",\n\t\t\t\t\t\t\t\t\t\tcontrols: {\n\t\t\t\t\t\t\t\t\t\t\tup: \"\",\n\t\t\t\t\t\t\t\t\t\t\tdown: \"\",\n\t\t\t\t\t\t\t\t\t\t\ttoggle: \"\",\n\t\t\t\t\t\t\t\t\t\t\tplayText: \"Play\",\n\t\t\t\t\t\t\t\t\t\t\tstopText: \"Stop\"\n\t\t\t\t\t\t\t\t\t\t}\n\t\t\t\t\t\t\t\t\t});\n\t\t\t\t\t\t\t\t}\n\t\t\t\t\t\t\t});\n\t\t\t\t\t\t});\n\t\t\t\t\t<\/script><\/h1>[\/vc_column][\/vc_row][vc_row wrap_container=&#8220;yes&#8220;][vc_column width=&#8220;2\/3&#8243;][vc_column_text css=&#8220;&#8220;]<\/p>\n<p style=\"text-align: justify;\"><strong><span style=\"color: #ff6600;\">Love4Tennis \u2013 Dominika Cibulkova Academy patr\u00ed medzi najlep\u0161ie tenisov\u00e9 akad\u00e9mie v Eur\u00f3pe. <\/span><\/strong><strong>Akad\u00e9mia bola zalo\u017een\u00e1 v roku 2006<\/strong>\u00a0a po\u010das svojho p\u00f4sobenia vychovala mnoh\u00fdch profesion\u00e1lnych hr\u00e1\u010dov ako s\u00fa\u00a0<strong>Filip Polasek, Elena Rybakina, Lukas Lacko, Kristina Kucova, Illya Marchenko a mnoh\u00ed \u010fal\u0161\u00ed.<\/strong><\/p>\n<p style=\"text-align: justify;\">V na\u0161ej akad\u00e9mii v s\u00fa\u010dasnosti\u00a0<strong>tr\u00e9nuje celoro\u010dne viac ako 60 profesion\u00e1lnych hr\u00e1\u010dov z 15 kraj\u00edn sveta<\/strong>\u00a0vo v\u0161etk\u00fdch vekov\u00fdch kateg\u00f3ri\u00e1ch, o ktor\u00fdch sa staraj\u00fa tr\u00e9neri so sk\u00fasenos\u0165ami z WTA, ATP a ITF turnajov. Moment\u00e1lne sa v akad\u00e9mii v r\u00e1mci programu profesion\u00e1l\u00a0<strong>pripravuj\u00fa 5 hr\u00e1\u010di z TOP 100 ATP a WTA.<\/strong><\/p>\n<p style=\"text-align: justify;\"><strong>Na\u0161e programy sa zameriavaj\u00fa na v\u0161etky potreby hr\u00e1\u010da<\/strong>\u00a0<strong>\u2013 komplexn\u00fd tr\u00e9ningov\u00fd proces<\/strong>\u00a0( tenisov\u00e9, kondi\u010dn\u00e9 tr\u00e9ningy, regener\u00e1cia a ment\u00e1lny tr\u00e9ning),\u00a0<strong>pl\u00e1novanie a cestovanie na turnaje s tr\u00e9nerom, zdravotn\u00e1 starostlivos\u0165 a testovanie hr\u00e1\u010dov.<\/strong>\u00a0V\u0161etky \u010dinnosti n\u00e1\u0161ho sk\u00fasenn\u00e9ho t\u00edmu s\u00fa smerovan\u00e9 k tomu, aby hr\u00e1\u010d zvy\u0161oval svoju v\u00fdkonnos\u0165 a dosahoval stanoven\u00e9 ciele.<\/p>\n<p style=\"text-align: justify;\">Love4Tennis \u2013 Dominika Cibulkova Academy\u00a0<strong>zabezpe\u010duje popri tr\u00e9ningoch aj komplexn\u00e9 slu\u017eby okolo hr\u00e1\u010da<\/strong>\u00a0( ubytovanie, doprava, vzdelanie, nutri\u010dn\u00e9 poradenstvo, asisten\u010dn\u00e9 slu\u017eby, vo\u013eno\u010dasov\u00e9 aktivity\u2026). V\u010faka profesionalite n\u00e1\u0161ho mana\u017e\u00e9rskeho t\u00edmu, hr\u00e1\u010d nemus\u00ed rie\u0161i\u0165 \u017eiadne dodato\u010dn\u00e9 veci a m\u00f4\u017ee sa plne s\u00fastredi\u0165 na zvy\u0161ovanie svojej v\u00fdkonnosti.<\/p>\n<p style=\"text-align: justify;\"><strong>Ka\u017ed\u00e9mu hr\u00e1\u010dovi v akad\u00e9mii je pridelen\u00fd tenisov\u00fd tr\u00e9ner<\/strong>, ktor\u00fd mu n\u00e1sledne vytvor\u00ed na mieru prisp\u00f4soben\u00fd tr\u00e9ningov\u00fd pl\u00e1n, turnajov\u00fd pl\u00e1n a stanov\u00fd ciele na nasleduj\u00face obdobie.<\/p>\n<p>[\/vc_column_text][\/vc_column][vc_column width=&#8220;1\/3&#8243;]<div class=\"porto-testimonial wpb_content_element   wpb_custom_4760b66c0cbf51ec9a7673f3785bca75\"><div class=\"testimonial testimonial-style-3\"><blockquote><p>\n<h4><span style=\"color: #ff6600;\"><em>Len t\u00ed, ktor\u00ed robia jednoduch\u00e9 veci dokonale, z\u00edskaj\u00fa schopnos\u0165 robi\u0165 zlo\u017eit\u00e9 veci jednoducho.<\/em><\/span><\/h4>\n<p><\/p><\/blockquote><div class=\"testimonial-arrow-down\"><\/div><div class=\"testimonial-author\"><p><strong>Friedrich VON SCHILLER<\/strong><span><\/span><\/p><\/div><\/div><\/div>[\/vc_column][\/vc_row][vc_row wrap_container=&#8220;yes&#8220;][vc_column width=&#8220;1\/2&#8243;][vc_single_image image=&#8220;23170&#8243; img_size=&#8220;full&#8220; alignment=&#8220;center&#8220; onclick=&#8220;custom_link&#8220; css=&#8220;&#8220; link=&#8220;https:\/\/love4tennis.com\/sk\/o-nas\/dominika-cibulkova\/&#8220;][\/vc_column][vc_column width=&#8220;1\/2&#8243;][vc_single_image image=&#8220;23180&#8243; img_size=&#8220;full&#8220; alignment=&#8220;center&#8220; onclick=&#8220;custom_link&#8220; css=&#8220;&#8220; link=&#8220;https:\/\/love4tennis.com\/sk\/o-nas\/nas-pribeh\/&#8220;][\/vc_column][\/vc_row][vc_row wrap_container=&#8220;yes&#8220;][vc_column width=&#8220;1\/2&#8243;][vc_single_image image=&#8220;23174&#8243; img_size=&#8220;full&#8220; alignment=&#8220;center&#8220; onclick=&#8220;custom_link&#8220; css=&#8220;&#8220; link=&#8220;https:\/\/love4tennis.com\/sk\/o-nas\/filozofia\/&#8220;][\/vc_column][vc_column width=&#8220;1\/2&#8243;][vc_single_image image=&#8220;23166&#8243; img_size=&#8220;full&#8220; alignment=&#8220;center&#8220; onclick=&#8220;custom_link&#8220; css=&#8220;&#8220; link=&#8220;https:\/\/love4tennis.com\/sk\/o-nas\/ako-pracujeme\/&#8220;][\/vc_column][\/vc_row][vc_row wrap_container=&#8220;yes&#8220;][vc_column width=&#8220;1\/2&#8243;][vc_single_image image=&#8220;23182&#8243; img_size=&#8220;full&#8220; alignment=&#8220;center&#8220; onclick=&#8220;custom_link&#8220; css=&#8220;&#8220; link=&#8220;https:\/\/love4tennis.com\/sk\/o-nas\/preco-sa-k-nam-pripojit\/&#8220;][\/vc_column][vc_column width=&#8220;1\/2&#8243;][vc_single_image image=&#8220;23178&#8243; img_size=&#8220;full&#8220; alignment=&#8220;center&#8220; onclick=&#8220;custom_link&#8220; css=&#8220;&#8220; link=&#8220;https:\/\/love4tennis.com\/sk\/o-nas\/medzinarodne-posobenie\/&#8220;][\/vc_column][\/vc_row][vc_row wrap_container=&#8220;yes&#8220;][vc_column width=&#8220;1\/2&#8243;][vc_single_image image=&#8220;23168&#8243; img_size=&#8220;full&#8220; alignment=&#8220;center&#8220; onclick=&#8220;custom_link&#8220; css=&#8220;&#8220; link=&#8220;https:\/\/love4tennis.com\/sk\/o-nas\/domace-posobenie\/&#8220;][\/vc_column][vc_column width=&#8220;1\/2&#8243;][vc_single_image image=&#8220;23172&#8243; img_size=&#8220;full&#8220; alignment=&#8220;center&#8220; onclick=&#8220;custom_link&#8220; css=&#8220;&#8220; link=&#8220;https:\/\/love4tennis.com\/sk\/o-nas\/tyzden-love-4-tennis\/&#8220;][\/vc_column][\/vc_row][vc_row wrap_container=&#8220;yes&#8220;][vc_column width=&#8220;1\/2&#8243;][vc_single_image image=&#8220;23184&#8243; img_size=&#8220;full&#8220; alignment=&#8220;center&#8220; onclick=&#8220;custom_link&#8220; css=&#8220;&#8220; link=&#8220;https:\/\/love4tennis.com\/sk\/o-nas\/referencie\/&#8220;][\/vc_column][vc_column width=&#8220;1\/2&#8243;][vc_single_image image=&#8220;23176&#8243; img_size=&#8220;full&#8220; alignment=&#8220;center&#8220; onclick=&#8220;custom_link&#8220; img_link_target=&#8220;_blank&#8220; css=&#8220;&#8220; link=&#8220;https:\/\/www.instagram.com\/love4tennis_cibulkova_academy\/&#8220; label=&#8220;&#8220;][\/vc_column][\/vc_row][vc_row wrap_container=&#8220;yes&#8220;][vc_column width=&#8220;1\/2&#8243;][vc_single_image image=&#8220;23186&#8243; img_size=&#8220;full&#8220; alignment=&#8220;center&#8220; onclick=&#8220;custom_link&#8220; css=&#8220;&#8220; link=&#8220;https:\/\/love4tennis.com\/sk\/o-nas\/video\/&#8220; label=&#8220;&#8220;][\/vc_column][vc_column width=&#8220;1\/2&#8243;][\/vc_column][\/vc_row]<\/p>\n<\/div>","protected":false},"excerpt":{"rendered":"<p>[vc_row][vc_column][vc_empty_space][\/vc_column][\/vc_row][vc_row wrap_container=&#8220;yes&#8220;][vc_column width=&#8220;2\/3&#8243;][vc_column_text css=&#8220;&#8220;] Love4Tennis \u2013 Dominika Cibulkova Academy patr\u00ed medzi najlep\u0161ie tenisov\u00e9 akad\u00e9mie v Eur\u00f3pe. Akad\u00e9mia bola zalo\u017een\u00e1 v roku 2006\u00a0a po\u010das svojho p\u00f4sobenia vychovala mnoh\u00fdch profesion\u00e1lnych hr\u00e1\u010dov ako [&hellip;]<\/p>\n","protected":false},"author":1,"featured_media":0,"parent":0,"menu_order":0,"comment_status":"closed","ping_status":"open","template":"","meta":{"footnotes":""},"class_list":["post-5505","page","type-page","status-publish","hentry"],"yoast_head":"<!-- This site is optimized with the Yoast SEO plugin v23.1 - https:\/\/yoast.com\/wordpress\/plugins\/seo\/ -->\n<title>V\u0161etko o na\u0161ej tenisovej akad\u00e9mii | Love4Tennis.com<\/title>\n<meta name=\"description\" content=\"V\u0161etky u\u017eito\u010dn\u00e9 inform\u00e1cie o na\u0161ej profesion\u00e1lnej tenisovej akad\u00e9mii L4T v Bratislave. Spoznajte n\u00e1s a na\u0161e \u00faspechy. Sta\u0148te sa aj vy na\u0161imi spokojn\u00fdmi klientmi.\" \/>\n<meta name=\"robots\" content=\"index, follow, max-snippet:-1, max-image-preview:large, max-video-preview:-1\" \/>\n<link rel=\"canonical\" href=\"https:\/\/love4tennis.com\/sk\/o-nas\/\" \/>\n<meta property=\"og:locale\" content=\"sk_SK\" \/>\n<meta property=\"og:type\" content=\"article\" \/>\n<meta property=\"og:title\" content=\"V\u0161etko o na\u0161ej tenisovej akad\u00e9mii | Love4Tennis.com\" \/>\n<meta property=\"og:description\" content=\"V\u0161etky u\u017eito\u010dn\u00e9 inform\u00e1cie o na\u0161ej profesion\u00e1lnej tenisovej akad\u00e9mii L4T v Bratislave. Spoznajte n\u00e1s a na\u0161e \u00faspechy. Sta\u0148te sa aj vy na\u0161imi spokojn\u00fdmi klientmi.\" \/>\n<meta property=\"og:url\" content=\"https:\/\/love4tennis.com\/sk\/o-nas\/\" \/>\n<meta property=\"og:site_name\" content=\"L4T\" \/>\n<meta property=\"article:publisher\" content=\"https:\/\/www.facebook.com\/TKLOVE4TENNIS\/\" \/>\n<meta property=\"article:modified_time\" content=\"2024-08-02T17:33:23+00:00\" \/>\n<meta name=\"twitter:card\" content=\"summary_large_image\" \/>\n<meta name=\"twitter:label1\" content=\"Predpokladan\u00fd \u010das \u010d\u00edtania\" \/>\n\t<meta name=\"twitter:data1\" content=\"4 min\u00faty\" \/>\n<script type=\"application\/ld+json\" class=\"yoast-schema-graph\">{\"@context\":\"https:\/\/schema.org\",\"@graph\":[{\"@type\":\"WebPage\",\"@id\":\"https:\/\/love4tennis.com\/sk\/o-nas\/\",\"url\":\"https:\/\/love4tennis.com\/sk\/o-nas\/\",\"name\":\"V\u0161etko o na\u0161ej tenisovej akad\u00e9mii | Love4Tennis.com\",\"isPartOf\":{\"@id\":\"https:\/\/love4tennis.com\/#website\"},\"datePublished\":\"2016-01-29T10:22:47+00:00\",\"dateModified\":\"2024-08-02T17:33:23+00:00\",\"description\":\"V\u0161etky u\u017eito\u010dn\u00e9 inform\u00e1cie o na\u0161ej profesion\u00e1lnej tenisovej akad\u00e9mii L4T v Bratislave. Spoznajte n\u00e1s a na\u0161e \u00faspechy. Sta\u0148te sa aj vy na\u0161imi spokojn\u00fdmi klientmi.\",\"breadcrumb\":{\"@id\":\"https:\/\/love4tennis.com\/sk\/o-nas\/#breadcrumb\"},\"inLanguage\":\"sk-SK\",\"potentialAction\":[{\"@type\":\"ReadAction\",\"target\":[\"https:\/\/love4tennis.com\/sk\/o-nas\/\"]}]},{\"@type\":\"BreadcrumbList\",\"@id\":\"https:\/\/love4tennis.com\/sk\/o-nas\/#breadcrumb\",\"itemListElement\":[{\"@type\":\"ListItem\",\"position\":1,\"name\":\"Dom\u00e1ca str\u00e1nka\",\"item\":\"https:\/\/love4tennis.com\/sk\/\"},{\"@type\":\"ListItem\",\"position\":2,\"name\":\"O n\u00e1s\"}]},{\"@type\":\"WebSite\",\"@id\":\"https:\/\/love4tennis.com\/#website\",\"url\":\"https:\/\/love4tennis.com\/\",\"name\":\"L4T\",\"description\":\"\",\"publisher\":{\"@id\":\"https:\/\/love4tennis.com\/#organization\"},\"potentialAction\":[{\"@type\":\"SearchAction\",\"target\":{\"@type\":\"EntryPoint\",\"urlTemplate\":\"https:\/\/love4tennis.com\/?s={search_term_string}\"},\"query-input\":\"required name=search_term_string\"}],\"inLanguage\":\"sk-SK\"},{\"@type\":\"Organization\",\"@id\":\"https:\/\/love4tennis.com\/#organization\",\"name\":\"Love4Tennis Academy\",\"url\":\"https:\/\/love4tennis.com\/\",\"logo\":{\"@type\":\"ImageObject\",\"inLanguage\":\"sk-SK\",\"@id\":\"https:\/\/love4tennis.com\/#\/schema\/logo\/image\/\",\"url\":\"https:\/\/love4tennis.com\/wp-content\/uploads\/2018\/10\/logo_love4tennis.jpg\",\"contentUrl\":\"https:\/\/love4tennis.com\/wp-content\/uploads\/2018\/10\/logo_love4tennis.jpg\",\"width\":608,\"height\":315,\"caption\":\"Love4Tennis Academy\"},\"image\":{\"@id\":\"https:\/\/love4tennis.com\/#\/schema\/logo\/image\/\"},\"sameAs\":[\"https:\/\/www.facebook.com\/TKLOVE4TENNIS\/\"]}]}<\/script>\n<!-- \/ Yoast SEO plugin. -->","yoast_head_json":{"title":"V\u0161etko o na\u0161ej tenisovej akad\u00e9mii | Love4Tennis.com","description":"V\u0161etky u\u017eito\u010dn\u00e9 inform\u00e1cie o na\u0161ej profesion\u00e1lnej tenisovej akad\u00e9mii L4T v Bratislave. Spoznajte n\u00e1s a na\u0161e \u00faspechy. Sta\u0148te sa aj vy na\u0161imi spokojn\u00fdmi klientmi.","robots":{"index":"index","follow":"follow","max-snippet":"max-snippet:-1","max-image-preview":"max-image-preview:large","max-video-preview":"max-video-preview:-1"},"canonical":"https:\/\/love4tennis.com\/sk\/o-nas\/","og_locale":"sk_SK","og_type":"article","og_title":"V\u0161etko o na\u0161ej tenisovej akad\u00e9mii | Love4Tennis.com","og_description":"V\u0161etky u\u017eito\u010dn\u00e9 inform\u00e1cie o na\u0161ej profesion\u00e1lnej tenisovej akad\u00e9mii L4T v Bratislave. Spoznajte n\u00e1s a na\u0161e \u00faspechy. Sta\u0148te sa aj vy na\u0161imi spokojn\u00fdmi klientmi.","og_url":"https:\/\/love4tennis.com\/sk\/o-nas\/","og_site_name":"L4T","article_publisher":"https:\/\/www.facebook.com\/TKLOVE4TENNIS\/","article_modified_time":"2024-08-02T17:33:23+00:00","twitter_card":"summary_large_image","twitter_misc":{"Predpokladan\u00fd \u010das \u010d\u00edtania":"4 min\u00faty"},"schema":{"@context":"https:\/\/schema.org","@graph":[{"@type":"WebPage","@id":"https:\/\/love4tennis.com\/sk\/o-nas\/","url":"https:\/\/love4tennis.com\/sk\/o-nas\/","name":"V\u0161etko o na\u0161ej tenisovej akad\u00e9mii | Love4Tennis.com","isPartOf":{"@id":"https:\/\/love4tennis.com\/#website"},"datePublished":"2016-01-29T10:22:47+00:00","dateModified":"2024-08-02T17:33:23+00:00","description":"V\u0161etky u\u017eito\u010dn\u00e9 inform\u00e1cie o na\u0161ej profesion\u00e1lnej tenisovej akad\u00e9mii L4T v Bratislave. Spoznajte n\u00e1s a na\u0161e \u00faspechy. Sta\u0148te sa aj vy na\u0161imi spokojn\u00fdmi klientmi.","breadcrumb":{"@id":"https:\/\/love4tennis.com\/sk\/o-nas\/#breadcrumb"},"inLanguage":"sk-SK","potentialAction":[{"@type":"ReadAction","target":["https:\/\/love4tennis.com\/sk\/o-nas\/"]}]},{"@type":"BreadcrumbList","@id":"https:\/\/love4tennis.com\/sk\/o-nas\/#breadcrumb","itemListElement":[{"@type":"ListItem","position":1,"name":"Dom\u00e1ca str\u00e1nka","item":"https:\/\/love4tennis.com\/sk\/"},{"@type":"ListItem","position":2,"name":"O n\u00e1s"}]},{"@type":"WebSite","@id":"https:\/\/love4tennis.com\/#website","url":"https:\/\/love4tennis.com\/","name":"L4T","description":"","publisher":{"@id":"https:\/\/love4tennis.com\/#organization"},"potentialAction":[{"@type":"SearchAction","target":{"@type":"EntryPoint","urlTemplate":"https:\/\/love4tennis.com\/?s={search_term_string}"},"query-input":"required name=search_term_string"}],"inLanguage":"sk-SK"},{"@type":"Organization","@id":"https:\/\/love4tennis.com\/#organization","name":"Love4Tennis Academy","url":"https:\/\/love4tennis.com\/","logo":{"@type":"ImageObject","inLanguage":"sk-SK","@id":"https:\/\/love4tennis.com\/#\/schema\/logo\/image\/","url":"https:\/\/love4tennis.com\/wp-content\/uploads\/2018\/10\/logo_love4tennis.jpg","contentUrl":"https:\/\/love4tennis.com\/wp-content\/uploads\/2018\/10\/logo_love4tennis.jpg","width":608,"height":315,"caption":"Love4Tennis Academy"},"image":{"@id":"https:\/\/love4tennis.com\/#\/schema\/logo\/image\/"},"sameAs":["https:\/\/www.facebook.com\/TKLOVE4TENNIS\/"]}]}},"_links":{"self":[{"href":"https:\/\/love4tennis.com\/sk\/wp-json\/wp\/v2\/pages\/5505"}],"collection":[{"href":"https:\/\/love4tennis.com\/sk\/wp-json\/wp\/v2\/pages"}],"about":[{"href":"https:\/\/love4tennis.com\/sk\/wp-json\/wp\/v2\/types\/page"}],"author":[{"embeddable":true,"href":"https:\/\/love4tennis.com\/sk\/wp-json\/wp\/v2\/users\/1"}],"replies":[{"embeddable":true,"href":"https:\/\/love4tennis.com\/sk\/wp-json\/wp\/v2\/comments?post=5505"}],"version-history":[{"count":7,"href":"https:\/\/love4tennis.com\/sk\/wp-json\/wp\/v2\/pages\/5505\/revisions"}],"predecessor-version":[{"id":24334,"href":"https:\/\/love4tennis.com\/sk\/wp-json\/wp\/v2\/pages\/5505\/revisions\/24334"}],"wp:attachment":[{"href":"https:\/\/love4tennis.com\/sk\/wp-json\/wp\/v2\/media?parent=5505"}],"curies":[{"name":"wp","href":"https:\/\/api.w.org\/{rel}","templated":true}]}}