{"id":5510,"date":"2016-01-03T22:44:02","date_gmt":"2016-01-03T20:44:02","guid":{"rendered":"https:\/\/love4tennis.com\/sk\/video\/"},"modified":"2024-08-01T15:57:20","modified_gmt":"2024-08-01T13:57:20","slug":"video","status":"publish","type":"page","link":"https:\/\/love4tennis.com\/sk\/o-nas\/video\/","title":{"rendered":"Video"},"content":{"rendered":"<div class=\"wpb-content-wrapper\"><p>[vc_row wrap_container=&#8220;yes&#8220;][vc_column]<div class=\"porto-container container\">[vc_empty_space height=&#8220;50px&#8220;]<h1 id=\"uvc-type-wrap-2837\"  data-ultimate-target='#uvc-type-wrap-2837'  data-responsive-json-new='{\"font-size\":\"\",\"line-height\":\"\"}'  class=\"uvc-type-wrap  ult-adjust-bottom-margin ult-responsive short uvc-type-align-center uvc-type-no-prefix uvc-wrap-67211981469ece01a3fa74\" style=\"text-align:center;\"><div id=\"vticker-67211981469ece01a3fa74\"  data-ultimate-target=&#039;#uvc-type-wrap-2837&#039;  data-responsive-json-new=&#039;{&quot;font-size&quot;:&quot;&quot;,&quot;line-height&quot;:&quot;&quot;}&#039;  class=\"ultimate-vticker ticker fancytext-background-enabled \" style=\"color:#ffffff;background:#d24b1e; font-weight:normal; text-transform: unset;\"><ul><li style=&quot;opacity:1&quot;>Pozrite si<\/li><li style=&quot;opacity:0&quot;>Pripravili sme pre V\u00e1s<\/li><\/ul><\/div><span  data-ultimate-target='#uvc-type-wrap-2837 .mycustfancy'  data-responsive-json-new='{\"font-size\":\"\",\"line-height\":\"\"}'  class=\"ultimate-ticker-suffix mycustfancy ult-responsive\" style=\"font-weight:normal; text-transform: unset;\">na\u0161e nov\u00e9 uk\u00e1\u017ekov\u00e9 video.<\/span><script type=\"text\/javascript\">\n\t\t\t\t\t\tjQuery(function($){\n\t\t\t\t\t\t\t$(document).ready(function(){\n\t\t\t\t\t\t\t\tif( typeof jQuery(\"#vticker-67211981469ece01a3fa74\").easyTicker == \"function\"){\n\t\t\t\t\t\t\t\t\t$(\"#vticker-67211981469ece01a3fa74\").find(\"li\").css(\"opacity\",\"1\");\n\t\t\t\t\t\t\t\t\t\n\t\t\t\t\t\t\t\t\t$(\"#vticker-67211981469ece01a3fa74\").easyTicker({\n\t\t\t\t\t\t\t\t\t\tdirection: \"up\",\n\t\t\t\t\t\t\t\t\t\teasing: \"swing\",\n\t\t\t\t\t\t\t\t\t\tspeed: \"200\",\n\t\t\t\t\t\t\t\t\t\tinterval: \"3000\",\n\t\t\t\t\t\t\t\t\t\theight: \"auto\",\n\t\t\t\t\t\t\t\t\t\tvisible: \"1\",\n\t\t\t\t\t\t\t\t\t\tmousePause: \"0\",\n\t\t\t\t\t\t\t\t\t\tcontrols: {\n\t\t\t\t\t\t\t\t\t\t\tup: \"\",\n\t\t\t\t\t\t\t\t\t\t\tdown: \"\",\n\t\t\t\t\t\t\t\t\t\t\ttoggle: \"\",\n\t\t\t\t\t\t\t\t\t\t\tplayText: \"Play\",\n\t\t\t\t\t\t\t\t\t\t\tstopText: \"Stop\"\n\t\t\t\t\t\t\t\t\t\t}\n\t\t\t\t\t\t\t\t\t});\n\t\t\t\t\t\t\t\t}\n\t\t\t\t\t\t\t});\n\t\t\t\t\t\t});\n\t\t\t\t\t<\/script><\/h1>[vc_empty_space height=&#8220;35px&#8220;]<\/div>[\/vc_column][\/vc_row][vc_row wrap_container=&#8220;yes&#8220;][vc_column width=&#8220;1\/2&#8243;][vc_video link=&#8220;https:\/\/www.youtube.com\/watch?v=z2RU-JwdCGs&#8220;][\/vc_column][vc_column width=&#8220;1\/2&#8243;][vc_video link=&#8220;https:\/\/www.youtube.com\/watch?v=_2rZJF0rrrU&amp;feature=youtu.be&#8220;][\/vc_column][\/vc_row][vc_row wrap_container=&#8220;yes&#8220;][vc_column]<div id=\"ultimate-heading-194669ece01a3fcf6\" class=\"uvc-heading ult-adjust-bottom-margin ultimate-heading-194669ece01a3fcf6 uvc-7530 \" data-hspacer=\"no_spacer\"  data-halign=\"center\" style=\"text-align:center\"><div class=\"uvc-heading-spacer no_spacer\" style=\"top\"><\/div><div class=\"uvc-sub-heading ult-responsive\"  data-ultimate-target='.uvc-heading.ultimate-heading-194669ece01a3fcf6 .uvc-sub-heading '  data-responsive-json-new='{\"font-size\":\"\",\"line-height\":\"\"}'  style=\"font-weight:normal;\"><\/p>\n<h2 class=\"uvc-type-wrap ult-adjust-bottom-margin ult-responsive short uvc-type-align-center uvc-wrap-94944163859ce2da81e5c3\" data-ultimate-target=\"#uvc-type-wrap-6745\" data-responsive-json-new=\"{&quot;font-size&quot;:&quot;&quot;,&quot;line-height&quot;:&quot;&quot;}\"><strong>Pozdravy od svetov\u00fdch hr\u00e1\u010dov<\/strong><\/h2>\n<p><\/div><\/div><div id=\"ult-carousel-137697472369ece01a3fe3e\" class=\"ult-carousel-wrapper   ult_horizontal\" data-gutter=\"15\" data-rtl=\"false\" ><div class=\"ult-carousel-353054057969ece01a3fd63 \" >[vc_video link=&#8220;https:\/\/youtu.be\/wUDD38iqddU&#8220;][vc_video link=&#8220;https:\/\/youtu.be\/CPfl75MIufM&#8220;][vc_video link=&#8220;https:\/\/youtu.be\/_dJVdJEL_-k&#8220;][vc_video link=&#8220;https:\/\/youtu.be\/2J5Sbq7ZvKc&#8220;][vc_video link=&#8220;https:\/\/youtu.be\/Im1WR_gG_lA&#8220;]<\/div><\/div>\t\t\t<script type=\"text\/javascript\">\n\t\t\t\tjQuery(document).ready(function ($) {\n\t\t\t\t\tif( typeof jQuery('.ult-carousel-353054057969ece01a3fd63').slick == \"function\"){\n\t\t\t\t\t\t$('.ult-carousel-353054057969ece01a3fd63').slick({dots: true,autoplay: true,autoplaySpeed: \"3000\",speed: \"1000\",infinite: true,arrows: true,nextArrow: '<button type=\"button\" role=\"button\" aria-label=\"Next\" style=\"color:#333333; font-size:20px;\" class=\"slick-next default\"><i class=\"ultsl-arrow-right4\"><\/i><\/button>',prevArrow: '<button type=\"button\" role=\"button\" aria-label=\"Previous\" style=\"color:#333333; font-size:20px;\" class=\"slick-prev default\"><i class=\"ultsl-arrow-left4\"><\/i><\/button>',slidesToScroll:2,slidesToShow:2,swipe: true,draggable: true,touchMove: true,pauseOnHover: true,pauseOnFocus: false,responsive: [\n\t\t\t\t\t\t\t{\n\t\t\t\t\t\t\t  breakpoint: 1026,\n\t\t\t\t\t\t\t  settings: {\n\t\t\t\t\t\t\t\tslidesToShow: 2,\n\t\t\t\t\t\t\t\tslidesToScroll: 2,  \n\t\t\t\t\t\t\t  }\n\t\t\t\t\t\t\t},\n\t\t\t\t\t\t\t{\n\t\t\t\t\t\t\t  breakpoint: 1025,\n\t\t\t\t\t\t\t  settings: {\n\t\t\t\t\t\t\t\tslidesToShow: 2,\n\t\t\t\t\t\t\t\tslidesToScroll: 2\n\t\t\t\t\t\t\t  }\n\t\t\t\t\t\t\t},\n\t\t\t\t\t\t\t{\n\t\t\t\t\t\t\t  breakpoint: 760,\n\t\t\t\t\t\t\t  settings: {\n\t\t\t\t\t\t\t\tslidesToShow: 1,\n\t\t\t\t\t\t\t\tslidesToScroll: 1\n\t\t\t\t\t\t\t  }\n\t\t\t\t\t\t\t}\n\t\t\t\t\t\t],pauseOnDotsHover: true,customPaging: function(slider, i) {\n                   return '<i type=\"button\" style= \"color:#333333;\" class=\"ultsl-record\" data-role=\"none\"><\/i>';\n                },});\n\t\t\t\t\t}\n\t\t\t\t});\n\t\t\t<\/script>\n\t\t\t[\/vc_column][vc_column]<div id=\"ultimate-heading-630269ece01a3feb6\" class=\"uvc-heading ult-adjust-bottom-margin ultimate-heading-630269ece01a3feb6 uvc-6562 \" data-hspacer=\"no_spacer\"  data-halign=\"center\" style=\"text-align:center\"><div class=\"uvc-heading-spacer no_spacer\" style=\"top\"><\/div><div class=\"uvc-sub-heading ult-responsive\"  data-ultimate-target='.uvc-heading.ultimate-heading-630269ece01a3feb6 .uvc-sub-heading '  data-responsive-json-new='{\"font-size\":\"\",\"line-height\":\"\"}'  style=\"font-weight:normal;\"><\/p>\n<h2 class=\"uvc-type-wrap ult-adjust-bottom-margin ult-responsive short uvc-type-align-center uvc-wrap-94944163859ce2da81e5c3\" data-ultimate-target=\"#uvc-type-wrap-6745\" data-responsive-json-new=\"{&quot;font-size&quot;:&quot;&quot;,&quot;line-height&quot;:&quot;&quot;}\"><strong>Spoznajte pre\u010do si hr\u00e1\u010di vybrali na\u0161u akad\u00e9miu<\/strong><\/h2>\n<p><\/div><\/div><div id=\"ult-carousel-216850678969ece01a3ff30\" class=\"ult-carousel-wrapper   ult_horizontal\" data-gutter=\"15\" data-rtl=\"false\" ><div class=\"ult-carousel-248136370569ece01a3ff11 \" >[vc_video link=&#8220;https:\/\/youtu.be\/zan5bBdI29c&#8220;][vc_video link=&#8220;https:\/\/youtu.be\/T5mdjGB4l-w&#8220;][vc_video link=&#8220;https:\/\/youtu.be\/sRcMd0OSXao&#8220;][vc_video link=&#8220;https:\/\/youtu.be\/bxVmFHot400&#8243;][vc_video link=&#8220;https:\/\/youtu.be\/IFJrC_NfyZI&#8220;][vc_video link=&#8220;https:\/\/youtu.be\/ZxJRvHg2lXU&#8220;]<\/div><\/div>\t\t\t<script type=\"text\/javascript\">\n\t\t\t\tjQuery(document).ready(function ($) {\n\t\t\t\t\tif( typeof jQuery('.ult-carousel-248136370569ece01a3ff11').slick == \"function\"){\n\t\t\t\t\t\t$('.ult-carousel-248136370569ece01a3ff11').slick({dots: true,autoplay: true,autoplaySpeed: \"3000\",speed: \"1000\",infinite: true,arrows: true,nextArrow: '<button type=\"button\" role=\"button\" aria-label=\"Next\" style=\"color:#333333; font-size:20px;\" class=\"slick-next default\"><i class=\"ultsl-arrow-right4\"><\/i><\/button>',prevArrow: '<button type=\"button\" role=\"button\" aria-label=\"Previous\" style=\"color:#333333; font-size:20px;\" class=\"slick-prev default\"><i class=\"ultsl-arrow-left4\"><\/i><\/button>',slidesToScroll:2,slidesToShow:2,swipe: true,draggable: true,touchMove: true,pauseOnHover: true,pauseOnFocus: false,responsive: [\n\t\t\t\t\t\t\t{\n\t\t\t\t\t\t\t  breakpoint: 1026,\n\t\t\t\t\t\t\t  settings: {\n\t\t\t\t\t\t\t\tslidesToShow: 2,\n\t\t\t\t\t\t\t\tslidesToScroll: 2,  \n\t\t\t\t\t\t\t  }\n\t\t\t\t\t\t\t},\n\t\t\t\t\t\t\t{\n\t\t\t\t\t\t\t  breakpoint: 1025,\n\t\t\t\t\t\t\t  settings: {\n\t\t\t\t\t\t\t\tslidesToShow: 2,\n\t\t\t\t\t\t\t\tslidesToScroll: 2\n\t\t\t\t\t\t\t  }\n\t\t\t\t\t\t\t},\n\t\t\t\t\t\t\t{\n\t\t\t\t\t\t\t  breakpoint: 760,\n\t\t\t\t\t\t\t  settings: {\n\t\t\t\t\t\t\t\tslidesToShow: 1,\n\t\t\t\t\t\t\t\tslidesToScroll: 1\n\t\t\t\t\t\t\t  }\n\t\t\t\t\t\t\t}\n\t\t\t\t\t\t],pauseOnDotsHover: true,customPaging: function(slider, i) {\n                   return '<i type=\"button\" style= \"color:#333333;\" class=\"ultsl-record\" data-role=\"none\"><\/i>';\n                },});\n\t\t\t\t\t}\n\t\t\t\t});\n\t\t\t<\/script>\n\t\t\t[\/vc_column][vc_column]<div class=\"porto-container container\"><div id=\"ultimate-heading-656969ece01a4008f\" class=\"uvc-heading ult-adjust-bottom-margin ultimate-heading-656969ece01a4008f uvc-5099 \" data-hspacer=\"no_spacer\"  data-halign=\"center\" style=\"text-align:center\"><div class=\"uvc-heading-spacer no_spacer\" style=\"top\"><\/div><div class=\"uvc-sub-heading ult-responsive\"  data-ultimate-target='.uvc-heading.ultimate-heading-656969ece01a4008f .uvc-sub-heading '  data-responsive-json-new='{\"font-size\":\"\",\"line-height\":\"\"}'  style=\"font-weight:normal;\"><\/p>\n<h2 class=\"uvc-type-wrap ult-adjust-bottom-margin ult-responsive short uvc-type-align-center uvc-wrap-94944163859ce2da81e5c3\" data-ultimate-target=\"#uvc-type-wrap-6745\" data-responsive-json-new=\"{&quot;font-size&quot;:&quot;&quot;,&quot;line-height&quot;:&quot;&quot;}\"><strong>Viac\u00a0vide\u00ed o akad\u00e9mii n\u00e1jdete na na\u0161om kan\u00e1ly YouTube.<\/strong><\/h2>\n<p><\/div><\/div><\/div>[vc_single_image image=&#8220;10406&#8243; img_size=&#8220;large&#8220; alignment=&#8220;center&#8220; onclick=&#8220;custom_link&#8220; img_link_target=&#8220;_blank&#8220; link=&#8220;https:\/\/www.youtube.com\/user\/TKLOVE4TENNIS\/videos&#8220;][\/vc_column][vc_column][\/vc_column][vc_column][\/vc_column][vc_column][\/vc_column][vc_column][\/vc_column][\/vc_row][vc_row][vc_column][vc_empty_space height=&#8220;35px&#8220;][\/vc_column][\/vc_row]<\/p>\n<\/div>","protected":false},"excerpt":{"rendered":"<p>[vc_row wrap_container=&#8220;yes&#8220;][vc_column][\/vc_column][\/vc_row][vc_row wrap_container=&#8220;yes&#8220;][vc_column width=&#8220;1\/2&#8243;][vc_video link=&#8220;https:\/\/www.youtube.com\/watch?v=z2RU-JwdCGs&#8220;][\/vc_column][vc_column width=&#8220;1\/2&#8243;][vc_video link=&#8220;https:\/\/www.youtube.com\/watch?v=_2rZJF0rrrU&amp;feature=youtu.be&#8220;][\/vc_column][\/vc_row][vc_row wrap_container=&#8220;yes&#8220;][vc_column][\/vc_column][vc_column][\/vc_column][vc_column][vc_single_image image=&#8220;10406&#8243; img_size=&#8220;large&#8220; alignment=&#8220;center&#8220; onclick=&#8220;custom_link&#8220; img_link_target=&#8220;_blank&#8220; link=&#8220;https:\/\/www.youtube.com\/user\/TKLOVE4TENNIS\/videos&#8220;][\/vc_column][vc_column][\/vc_column][vc_column][\/vc_column][vc_column][\/vc_column][vc_column][\/vc_column][\/vc_row][vc_row][vc_column][vc_empty_space height=&#8220;35px&#8220;][\/vc_column][\/vc_row]<\/p>\n","protected":false},"author":1,"featured_media":0,"parent":5505,"menu_order":0,"comment_status":"closed","ping_status":"closed","template":"","meta":{"footnotes":""},"class_list":["post-5510","page","type-page","status-publish","hentry"],"yoast_head":"<!-- This site is optimized with the Yoast SEO plugin v23.1 - https:\/\/yoast.com\/wordpress\/plugins\/seo\/ -->\n<title>Spoznajte na\u0161u tenisov\u00fa akad\u00e9miu | Love4Tennis.com<\/title>\n<meta name=\"description\" content=\"Pozrite si vide\u00e1 na\u0161ej akad\u00e9mie, kde V\u00e1m predstav\u00edme are\u00e1l, na\u0161ich tr\u00e9nerov, hr\u00e1\u010dov a \u010dlenov t\u00edmu, ktor\u00ed sa o V\u00e1s ka\u017edodenne staraj\u00fa.\" \/>\n<meta name=\"robots\" content=\"index, follow, max-snippet:-1, max-image-preview:large, max-video-preview:-1\" \/>\n<link rel=\"canonical\" href=\"https:\/\/love4tennis.com\/sk\/o-nas\/video\/\" \/>\n<meta property=\"og:locale\" content=\"sk_SK\" \/>\n<meta property=\"og:type\" content=\"article\" \/>\n<meta property=\"og:title\" content=\"Spoznajte na\u0161u tenisov\u00fa akad\u00e9miu | Love4Tennis.com\" \/>\n<meta property=\"og:description\" content=\"Pozrite si vide\u00e1 na\u0161ej akad\u00e9mie, kde V\u00e1m predstav\u00edme are\u00e1l, na\u0161ich tr\u00e9nerov, hr\u00e1\u010dov a \u010dlenov t\u00edmu, ktor\u00ed sa o V\u00e1s ka\u017edodenne staraj\u00fa.\" \/>\n<meta property=\"og:url\" content=\"https:\/\/love4tennis.com\/sk\/o-nas\/video\/\" \/>\n<meta property=\"og:site_name\" content=\"L4T\" \/>\n<meta property=\"article:publisher\" content=\"https:\/\/www.facebook.com\/TKLOVE4TENNIS\/\" \/>\n<meta property=\"article:modified_time\" content=\"2024-08-01T13:57:20+00:00\" \/>\n<meta name=\"twitter:card\" content=\"summary_large_image\" \/>\n<meta name=\"twitter:label1\" content=\"Predpokladan\u00fd \u010das \u010d\u00edtania\" \/>\n\t<meta name=\"twitter:data1\" content=\"2 min\u00faty\" \/>\n<script type=\"application\/ld+json\" class=\"yoast-schema-graph\">{\"@context\":\"https:\/\/schema.org\",\"@graph\":[{\"@type\":\"WebPage\",\"@id\":\"https:\/\/love4tennis.com\/sk\/o-nas\/video\/\",\"url\":\"https:\/\/love4tennis.com\/sk\/o-nas\/video\/\",\"name\":\"Spoznajte na\u0161u tenisov\u00fa akad\u00e9miu | Love4Tennis.com\",\"isPartOf\":{\"@id\":\"https:\/\/love4tennis.com\/#website\"},\"datePublished\":\"2016-01-03T20:44:02+00:00\",\"dateModified\":\"2024-08-01T13:57:20+00:00\",\"description\":\"Pozrite si vide\u00e1 na\u0161ej akad\u00e9mie, kde V\u00e1m predstav\u00edme are\u00e1l, na\u0161ich tr\u00e9nerov, hr\u00e1\u010dov a \u010dlenov t\u00edmu, ktor\u00ed sa o V\u00e1s ka\u017edodenne staraj\u00fa.\",\"breadcrumb\":{\"@id\":\"https:\/\/love4tennis.com\/sk\/o-nas\/video\/#breadcrumb\"},\"inLanguage\":\"sk-SK\",\"potentialAction\":[{\"@type\":\"ReadAction\",\"target\":[\"https:\/\/love4tennis.com\/sk\/o-nas\/video\/\"]}]},{\"@type\":\"BreadcrumbList\",\"@id\":\"https:\/\/love4tennis.com\/sk\/o-nas\/video\/#breadcrumb\",\"itemListElement\":[{\"@type\":\"ListItem\",\"position\":1,\"name\":\"Dom\u00e1ca str\u00e1nka\",\"item\":\"https:\/\/love4tennis.com\/sk\/\"},{\"@type\":\"ListItem\",\"position\":2,\"name\":\"O n\u00e1s\",\"item\":\"https:\/\/love4tennis.com\/sk\/o-nas\/\"},{\"@type\":\"ListItem\",\"position\":3,\"name\":\"Video\"}]},{\"@type\":\"WebSite\",\"@id\":\"https:\/\/love4tennis.com\/#website\",\"url\":\"https:\/\/love4tennis.com\/\",\"name\":\"L4T\",\"description\":\"\",\"publisher\":{\"@id\":\"https:\/\/love4tennis.com\/#organization\"},\"potentialAction\":[{\"@type\":\"SearchAction\",\"target\":{\"@type\":\"EntryPoint\",\"urlTemplate\":\"https:\/\/love4tennis.com\/?s={search_term_string}\"},\"query-input\":\"required name=search_term_string\"}],\"inLanguage\":\"sk-SK\"},{\"@type\":\"Organization\",\"@id\":\"https:\/\/love4tennis.com\/#organization\",\"name\":\"Love4Tennis Academy\",\"url\":\"https:\/\/love4tennis.com\/\",\"logo\":{\"@type\":\"ImageObject\",\"inLanguage\":\"sk-SK\",\"@id\":\"https:\/\/love4tennis.com\/#\/schema\/logo\/image\/\",\"url\":\"https:\/\/love4tennis.com\/wp-content\/uploads\/2018\/10\/logo_love4tennis.jpg\",\"contentUrl\":\"https:\/\/love4tennis.com\/wp-content\/uploads\/2018\/10\/logo_love4tennis.jpg\",\"width\":608,\"height\":315,\"caption\":\"Love4Tennis Academy\"},\"image\":{\"@id\":\"https:\/\/love4tennis.com\/#\/schema\/logo\/image\/\"},\"sameAs\":[\"https:\/\/www.facebook.com\/TKLOVE4TENNIS\/\"]}]}<\/script>\n<!-- \/ Yoast SEO plugin. -->","yoast_head_json":{"title":"Spoznajte na\u0161u tenisov\u00fa akad\u00e9miu | Love4Tennis.com","description":"Pozrite si vide\u00e1 na\u0161ej akad\u00e9mie, kde V\u00e1m predstav\u00edme are\u00e1l, na\u0161ich tr\u00e9nerov, hr\u00e1\u010dov a \u010dlenov t\u00edmu, ktor\u00ed sa o V\u00e1s ka\u017edodenne staraj\u00fa.","robots":{"index":"index","follow":"follow","max-snippet":"max-snippet:-1","max-image-preview":"max-image-preview:large","max-video-preview":"max-video-preview:-1"},"canonical":"https:\/\/love4tennis.com\/sk\/o-nas\/video\/","og_locale":"sk_SK","og_type":"article","og_title":"Spoznajte na\u0161u tenisov\u00fa akad\u00e9miu | Love4Tennis.com","og_description":"Pozrite si vide\u00e1 na\u0161ej akad\u00e9mie, kde V\u00e1m predstav\u00edme are\u00e1l, na\u0161ich tr\u00e9nerov, hr\u00e1\u010dov a \u010dlenov t\u00edmu, ktor\u00ed sa o V\u00e1s ka\u017edodenne staraj\u00fa.","og_url":"https:\/\/love4tennis.com\/sk\/o-nas\/video\/","og_site_name":"L4T","article_publisher":"https:\/\/www.facebook.com\/TKLOVE4TENNIS\/","article_modified_time":"2024-08-01T13:57:20+00:00","twitter_card":"summary_large_image","twitter_misc":{"Predpokladan\u00fd \u010das \u010d\u00edtania":"2 min\u00faty"},"schema":{"@context":"https:\/\/schema.org","@graph":[{"@type":"WebPage","@id":"https:\/\/love4tennis.com\/sk\/o-nas\/video\/","url":"https:\/\/love4tennis.com\/sk\/o-nas\/video\/","name":"Spoznajte na\u0161u tenisov\u00fa akad\u00e9miu | Love4Tennis.com","isPartOf":{"@id":"https:\/\/love4tennis.com\/#website"},"datePublished":"2016-01-03T20:44:02+00:00","dateModified":"2024-08-01T13:57:20+00:00","description":"Pozrite si vide\u00e1 na\u0161ej akad\u00e9mie, kde V\u00e1m predstav\u00edme are\u00e1l, na\u0161ich tr\u00e9nerov, hr\u00e1\u010dov a \u010dlenov t\u00edmu, ktor\u00ed sa o V\u00e1s ka\u017edodenne staraj\u00fa.","breadcrumb":{"@id":"https:\/\/love4tennis.com\/sk\/o-nas\/video\/#breadcrumb"},"inLanguage":"sk-SK","potentialAction":[{"@type":"ReadAction","target":["https:\/\/love4tennis.com\/sk\/o-nas\/video\/"]}]},{"@type":"BreadcrumbList","@id":"https:\/\/love4tennis.com\/sk\/o-nas\/video\/#breadcrumb","itemListElement":[{"@type":"ListItem","position":1,"name":"Dom\u00e1ca str\u00e1nka","item":"https:\/\/love4tennis.com\/sk\/"},{"@type":"ListItem","position":2,"name":"O n\u00e1s","item":"https:\/\/love4tennis.com\/sk\/o-nas\/"},{"@type":"ListItem","position":3,"name":"Video"}]},{"@type":"WebSite","@id":"https:\/\/love4tennis.com\/#website","url":"https:\/\/love4tennis.com\/","name":"L4T","description":"","publisher":{"@id":"https:\/\/love4tennis.com\/#organization"},"potentialAction":[{"@type":"SearchAction","target":{"@type":"EntryPoint","urlTemplate":"https:\/\/love4tennis.com\/?s={search_term_string}"},"query-input":"required name=search_term_string"}],"inLanguage":"sk-SK"},{"@type":"Organization","@id":"https:\/\/love4tennis.com\/#organization","name":"Love4Tennis Academy","url":"https:\/\/love4tennis.com\/","logo":{"@type":"ImageObject","inLanguage":"sk-SK","@id":"https:\/\/love4tennis.com\/#\/schema\/logo\/image\/","url":"https:\/\/love4tennis.com\/wp-content\/uploads\/2018\/10\/logo_love4tennis.jpg","contentUrl":"https:\/\/love4tennis.com\/wp-content\/uploads\/2018\/10\/logo_love4tennis.jpg","width":608,"height":315,"caption":"Love4Tennis Academy"},"image":{"@id":"https:\/\/love4tennis.com\/#\/schema\/logo\/image\/"},"sameAs":["https:\/\/www.facebook.com\/TKLOVE4TENNIS\/"]}]}},"_links":{"self":[{"href":"https:\/\/love4tennis.com\/sk\/wp-json\/wp\/v2\/pages\/5510"}],"collection":[{"href":"https:\/\/love4tennis.com\/sk\/wp-json\/wp\/v2\/pages"}],"about":[{"href":"https:\/\/love4tennis.com\/sk\/wp-json\/wp\/v2\/types\/page"}],"author":[{"embeddable":true,"href":"https:\/\/love4tennis.com\/sk\/wp-json\/wp\/v2\/users\/1"}],"replies":[{"embeddable":true,"href":"https:\/\/love4tennis.com\/sk\/wp-json\/wp\/v2\/comments?post=5510"}],"version-history":[{"count":6,"href":"https:\/\/love4tennis.com\/sk\/wp-json\/wp\/v2\/pages\/5510\/revisions"}],"predecessor-version":[{"id":10441,"href":"https:\/\/love4tennis.com\/sk\/wp-json\/wp\/v2\/pages\/5510\/revisions\/10441"}],"up":[{"embeddable":true,"href":"https:\/\/love4tennis.com\/sk\/wp-json\/wp\/v2\/pages\/5505"}],"wp:attachment":[{"href":"https:\/\/love4tennis.com\/sk\/wp-json\/wp\/v2\/media?parent=5510"}],"curies":[{"name":"wp","href":"https:\/\/api.w.org\/{rel}","templated":true}]}}