{"id":5515,"date":"2016-01-03T22:42:09","date_gmt":"2016-01-03T20:42:09","guid":{"rendered":"https:\/\/love4tennis.com\/sk\/courses\/"},"modified":"2024-08-01T15:57:21","modified_gmt":"2024-08-01T13:57:21","slug":"cennik-trenerov","status":"publish","type":"page","link":"https:\/\/love4tennis.com\/sk\/programy\/program-rekreacni-hraci\/cennik-trenerov\/","title":{"rendered":"Cenn\u00edk tr\u00e9nerov"},"content":{"rendered":"<div class=\"wpb-content-wrapper\"><p>[vc_row wrap_container=&#8220;yes&#8220;][vc_column width=&#8220;1\/2&#8243;][vc_empty_space]<h2 id=\"uvc-type-wrap-8884\"  data-ultimate-target='#uvc-type-wrap-8884'  data-responsive-json-new='{\"font-size\":\"\",\"line-height\":\"\"}'  class=\"uvc-type-wrap  ult-adjust-bottom-margin ult-responsive short uvc-type-align-left  uvc-wrap-141867382869ece25cd4e8d\" style=\"text-align:left;\"><span  data-ultimate-target='#uvc-type-wrap-8884 .mycustfancy'  data-responsive-json-new='{\"font-size\":\"\",\"line-height\":\"\"}'  class=\"ultimate-ticker-prefix mycustfancy ult-responsive\" style=\"font-weight:bold; text-transform: unset;\">TENISOV\u00c9 HODINY PRE DETI AJ DOSPEL\u00ddCH<\/span><div id=\"vticker-141867382869ece25cd4e8d\"  data-ultimate-target=&#039;#uvc-type-wrap-8884&#039;  data-responsive-json-new=&#039;{&quot;font-size&quot;:&quot;&quot;,&quot;line-height&quot;:&quot;&quot;}&#039;  class=\"ultimate-vticker ticker fancytext-background-enabled \" style=\"color:#ffffff;background:#d24b1e; font-weight:bold; text-transform: unset;\"><ul><li style=&quot;opacity:1&quot;><\/li><\/ul><\/div><script type=\"text\/javascript\">\n\t\t\t\t\t\tjQuery(function($){\n\t\t\t\t\t\t\t$(document).ready(function(){\n\t\t\t\t\t\t\t\tif( typeof jQuery(\"#vticker-141867382869ece25cd4e8d\").easyTicker == \"function\"){\n\t\t\t\t\t\t\t\t\t$(\"#vticker-141867382869ece25cd4e8d\").find(\"li\").css(\"opacity\",\"1\");\n\t\t\t\t\t\t\t\t\t\n\t\t\t\t\t\t\t\t\t$(\"#vticker-141867382869ece25cd4e8d\").easyTicker({\n\t\t\t\t\t\t\t\t\t\tdirection: \"up\",\n\t\t\t\t\t\t\t\t\t\teasing: \"swing\",\n\t\t\t\t\t\t\t\t\t\tspeed: \"200\",\n\t\t\t\t\t\t\t\t\t\tinterval: \"3000\",\n\t\t\t\t\t\t\t\t\t\theight: \"auto\",\n\t\t\t\t\t\t\t\t\t\tvisible: \"1\",\n\t\t\t\t\t\t\t\t\t\tmousePause: \"0\",\n\t\t\t\t\t\t\t\t\t\tcontrols: {\n\t\t\t\t\t\t\t\t\t\t\tup: \"\",\n\t\t\t\t\t\t\t\t\t\t\tdown: \"\",\n\t\t\t\t\t\t\t\t\t\t\ttoggle: \"\",\n\t\t\t\t\t\t\t\t\t\t\tplayText: \"Play\",\n\t\t\t\t\t\t\t\t\t\t\tstopText: \"Stop\"\n\t\t\t\t\t\t\t\t\t\t}\n\t\t\t\t\t\t\t\t\t});\n\t\t\t\t\t\t\t\t}\n\t\t\t\t\t\t\t});\n\t\t\t\t\t\t});\n\t\t\t\t\t<\/script><\/h2>[vc_column_text]<\/p>\n<p style=\"text-align: justify;\"><span style=\"color: #ff6600;\"><strong>Love4Tennis &#8211; Dominika Cibulkova Academy pristupujeme ku v\u0161etk\u00fdm rovnako.<\/strong><\/span><\/p>\n<p style=\"text-align: justify;\">Rekrea\u010dn\u00ed hr\u00e1\u010di maj\u00fa okolo seba rovnak\u00fd t\u00edm tr\u00e9nerov, mas\u00e9rov a kondi\u010dn\u00fdch tr\u00e9nerov. Pr\u00e1ve t\u00fdmto pr\u00edstupom ost\u00e1vaj\u00fa na\u0161i hr\u00e1\u010di motivovan\u00fdmi a bavia sa \u0161portovan\u00edm. Tenis sa d\u00e1 vyu\u017ei\u0165 na chudnutie, zlep\u0161enie kond\u00edcie, psychick\u00fa odolnos\u0165, je to jeden z najinteligentnej\u0161\u00edch \u0161portov. \u010ci sa jedn\u00e1 o profesion\u00e1lny alebo rekrea\u010dn\u00fd tenis, nezabudnite, \u017ee rados\u0165 z pohybu a \u010derstv\u00e9ho vzduchu je nenahradite\u013en\u00e1.<\/p>\n<p>[\/vc_column_text][vc_cta h2=&#8220;&#8220; txt_align=&#8220;center&#8220; style=&#8220;flat&#8220;]<span style=\"color: #000000;\">Rezervujte\u00a0si tenisov\u00fd tr\u00e9ning so sk\u00fasen\u00fdm tr\u00e9nerom cez telef\u00f3n na\u00a0<strong>+421 911 508 720<\/strong>\u00a0alebo emailom na\u00a0<strong>academy@love4tennis.com\u00a0<\/strong>v pracovn\u00fdch d\u0148och od 12:00 &#8211; 20:00<\/span>[\/vc_cta][\/vc_column][vc_column width=&#8220;1\/2&#8243;][vc_empty_space][vc_single_image image=&#8220;9144&#8243; img_size=&#8220;large&#8220; style=&#8220;vc_box_rounded&#8220;][vc_row_inner][vc_column_inner width=&#8220;1\/4&#8243; offset=&#8220;vc_col-lg-3 vc_col-md-3 vc_col-xs-6&#8243;][vc_single_image image=&#8220;9146&#8243; style=&#8220;vc_box_rounded&#8220; onclick=&#8220;link_image&#8220;][\/vc_column_inner][vc_column_inner width=&#8220;1\/4&#8243; offset=&#8220;vc_col-lg-3 vc_col-md-3 vc_col-xs-6&#8243;][vc_single_image image=&#8220;9145&#8243; style=&#8220;vc_box_rounded&#8220; onclick=&#8220;link_image&#8220;][\/vc_column_inner][vc_column_inner width=&#8220;1\/4&#8243; offset=&#8220;vc_col-lg-3 vc_col-md-3 vc_col-xs-6&#8243;][vc_single_image image=&#8220;9148&#8243; style=&#8220;vc_box_rounded&#8220; onclick=&#8220;link_image&#8220;][\/vc_column_inner][vc_column_inner width=&#8220;1\/4&#8243; offset=&#8220;vc_col-lg-3 vc_col-md-3 vc_col-xs-6&#8243;][vc_single_image image=&#8220;9147&#8243; style=&#8220;vc_box_rounded&#8220; onclick=&#8220;link_image&#8220;][\/vc_column_inner][\/vc_row_inner][vc_separator][\/vc_column][\/vc_row][vc_row][vc_column][\/vc_column][\/vc_row]<\/p>\n<\/div>","protected":false},"excerpt":{"rendered":"<p>[vc_row wrap_container=&#8220;yes&#8220;][vc_column width=&#8220;1\/2&#8243;][vc_empty_space][vc_column_text] Love4Tennis &#8211; Dominika Cibulkova Academy pristupujeme ku v\u0161etk\u00fdm rovnako. Rekrea\u010dn\u00ed hr\u00e1\u010di maj\u00fa okolo seba rovnak\u00fd t\u00edm tr\u00e9nerov, mas\u00e9rov a kondi\u010dn\u00fdch tr\u00e9nerov. Pr\u00e1ve t\u00fdmto pr\u00edstupom ost\u00e1vaj\u00fa na\u0161i hr\u00e1\u010di [&hellip;]<\/p>\n","protected":false},"author":1,"featured_media":0,"parent":8745,"menu_order":0,"comment_status":"closed","ping_status":"closed","template":"","meta":{"footnotes":""},"class_list":["post-5515","page","type-page","status-publish","hentry"],"yoast_head":"<!-- This site is optimized with the Yoast SEO plugin v23.1 - https:\/\/yoast.com\/wordpress\/plugins\/seo\/ -->\n<title>Tenisov\u00e9 tr\u00e9ningy pre deti a dospel\u00fdch | Love4Tennis.com<\/title>\n<meta name=\"description\" content=\"V tenisovej akad\u00e9mii L4T sa star\u00e1me o v\u0161etk\u00fdch hr\u00e1\u010dov rovnako. Rados\u0165 zo \u0161portu a pohybu je na\u0161\u00edm hlavn\u00fdm cie\u013eom. Tr\u00e9nujte s profesion\u00e1lmi.\" \/>\n<meta name=\"robots\" content=\"index, follow, max-snippet:-1, max-image-preview:large, max-video-preview:-1\" \/>\n<link rel=\"canonical\" href=\"https:\/\/love4tennis.com\/sk\/programy\/program-rekreacni-hraci\/cennik-trenerov\/\" \/>\n<meta property=\"og:locale\" content=\"sk_SK\" \/>\n<meta property=\"og:type\" content=\"article\" \/>\n<meta property=\"og:title\" content=\"Tenisov\u00e9 tr\u00e9ningy pre deti a dospel\u00fdch | Love4Tennis.com\" \/>\n<meta property=\"og:description\" content=\"V tenisovej akad\u00e9mii L4T sa star\u00e1me o v\u0161etk\u00fdch hr\u00e1\u010dov rovnako. Rados\u0165 zo \u0161portu a pohybu je na\u0161\u00edm hlavn\u00fdm cie\u013eom. Tr\u00e9nujte s profesion\u00e1lmi.\" \/>\n<meta property=\"og:url\" content=\"https:\/\/love4tennis.com\/sk\/programy\/program-rekreacni-hraci\/cennik-trenerov\/\" \/>\n<meta property=\"og:site_name\" content=\"L4T\" \/>\n<meta property=\"article:publisher\" content=\"https:\/\/www.facebook.com\/TKLOVE4TENNIS\/\" \/>\n<meta property=\"article:modified_time\" content=\"2024-08-01T13:57:21+00:00\" \/>\n<meta name=\"twitter:card\" content=\"summary_large_image\" \/>\n<meta name=\"twitter:label1\" content=\"Predpokladan\u00fd \u010das \u010d\u00edtania\" \/>\n\t<meta name=\"twitter:data1\" content=\"2 min\u00faty\" \/>\n<script type=\"application\/ld+json\" class=\"yoast-schema-graph\">{\"@context\":\"https:\/\/schema.org\",\"@graph\":[{\"@type\":\"WebPage\",\"@id\":\"https:\/\/love4tennis.com\/sk\/programy\/program-rekreacni-hraci\/cennik-trenerov\/\",\"url\":\"https:\/\/love4tennis.com\/sk\/programy\/program-rekreacni-hraci\/cennik-trenerov\/\",\"name\":\"Tenisov\u00e9 tr\u00e9ningy pre deti a dospel\u00fdch | Love4Tennis.com\",\"isPartOf\":{\"@id\":\"https:\/\/love4tennis.com\/#website\"},\"datePublished\":\"2016-01-03T20:42:09+00:00\",\"dateModified\":\"2024-08-01T13:57:21+00:00\",\"description\":\"V tenisovej akad\u00e9mii L4T sa star\u00e1me o v\u0161etk\u00fdch hr\u00e1\u010dov rovnako. Rados\u0165 zo \u0161portu a pohybu je na\u0161\u00edm hlavn\u00fdm cie\u013eom. Tr\u00e9nujte s profesion\u00e1lmi.\",\"breadcrumb\":{\"@id\":\"https:\/\/love4tennis.com\/sk\/programy\/program-rekreacni-hraci\/cennik-trenerov\/#breadcrumb\"},\"inLanguage\":\"sk-SK\",\"potentialAction\":[{\"@type\":\"ReadAction\",\"target\":[\"https:\/\/love4tennis.com\/sk\/programy\/program-rekreacni-hraci\/cennik-trenerov\/\"]}]},{\"@type\":\"BreadcrumbList\",\"@id\":\"https:\/\/love4tennis.com\/sk\/programy\/program-rekreacni-hraci\/cennik-trenerov\/#breadcrumb\",\"itemListElement\":[{\"@type\":\"ListItem\",\"position\":1,\"name\":\"Dom\u00e1ca str\u00e1nka\",\"item\":\"https:\/\/love4tennis.com\/sk\/\"},{\"@type\":\"ListItem\",\"position\":2,\"name\":\"Programy\",\"item\":\"https:\/\/love4tennis.com\/sk\/programy\/\"},{\"@type\":\"ListItem\",\"position\":3,\"name\":\"Program rekrea\u010dn\u00ed hr\u00e1\u010di\",\"item\":\"https:\/\/love4tennis.com\/sk\/programy\/program-rekreacni-hraci\/\"},{\"@type\":\"ListItem\",\"position\":4,\"name\":\"Cenn\u00edk tr\u00e9nerov\"}]},{\"@type\":\"WebSite\",\"@id\":\"https:\/\/love4tennis.com\/#website\",\"url\":\"https:\/\/love4tennis.com\/\",\"name\":\"L4T\",\"description\":\"\",\"publisher\":{\"@id\":\"https:\/\/love4tennis.com\/#organization\"},\"potentialAction\":[{\"@type\":\"SearchAction\",\"target\":{\"@type\":\"EntryPoint\",\"urlTemplate\":\"https:\/\/love4tennis.com\/?s={search_term_string}\"},\"query-input\":\"required name=search_term_string\"}],\"inLanguage\":\"sk-SK\"},{\"@type\":\"Organization\",\"@id\":\"https:\/\/love4tennis.com\/#organization\",\"name\":\"Love4Tennis Academy\",\"url\":\"https:\/\/love4tennis.com\/\",\"logo\":{\"@type\":\"ImageObject\",\"inLanguage\":\"sk-SK\",\"@id\":\"https:\/\/love4tennis.com\/#\/schema\/logo\/image\/\",\"url\":\"https:\/\/love4tennis.com\/wp-content\/uploads\/2018\/10\/logo_love4tennis.jpg\",\"contentUrl\":\"https:\/\/love4tennis.com\/wp-content\/uploads\/2018\/10\/logo_love4tennis.jpg\",\"width\":608,\"height\":315,\"caption\":\"Love4Tennis Academy\"},\"image\":{\"@id\":\"https:\/\/love4tennis.com\/#\/schema\/logo\/image\/\"},\"sameAs\":[\"https:\/\/www.facebook.com\/TKLOVE4TENNIS\/\"]}]}<\/script>\n<!-- \/ Yoast SEO plugin. -->","yoast_head_json":{"title":"Tenisov\u00e9 tr\u00e9ningy pre deti a dospel\u00fdch | Love4Tennis.com","description":"V tenisovej akad\u00e9mii L4T sa star\u00e1me o v\u0161etk\u00fdch hr\u00e1\u010dov rovnako. Rados\u0165 zo \u0161portu a pohybu je na\u0161\u00edm hlavn\u00fdm cie\u013eom. Tr\u00e9nujte s profesion\u00e1lmi.","robots":{"index":"index","follow":"follow","max-snippet":"max-snippet:-1","max-image-preview":"max-image-preview:large","max-video-preview":"max-video-preview:-1"},"canonical":"https:\/\/love4tennis.com\/sk\/programy\/program-rekreacni-hraci\/cennik-trenerov\/","og_locale":"sk_SK","og_type":"article","og_title":"Tenisov\u00e9 tr\u00e9ningy pre deti a dospel\u00fdch | Love4Tennis.com","og_description":"V tenisovej akad\u00e9mii L4T sa star\u00e1me o v\u0161etk\u00fdch hr\u00e1\u010dov rovnako. Rados\u0165 zo \u0161portu a pohybu je na\u0161\u00edm hlavn\u00fdm cie\u013eom. Tr\u00e9nujte s profesion\u00e1lmi.","og_url":"https:\/\/love4tennis.com\/sk\/programy\/program-rekreacni-hraci\/cennik-trenerov\/","og_site_name":"L4T","article_publisher":"https:\/\/www.facebook.com\/TKLOVE4TENNIS\/","article_modified_time":"2024-08-01T13:57:21+00:00","twitter_card":"summary_large_image","twitter_misc":{"Predpokladan\u00fd \u010das \u010d\u00edtania":"2 min\u00faty"},"schema":{"@context":"https:\/\/schema.org","@graph":[{"@type":"WebPage","@id":"https:\/\/love4tennis.com\/sk\/programy\/program-rekreacni-hraci\/cennik-trenerov\/","url":"https:\/\/love4tennis.com\/sk\/programy\/program-rekreacni-hraci\/cennik-trenerov\/","name":"Tenisov\u00e9 tr\u00e9ningy pre deti a dospel\u00fdch | Love4Tennis.com","isPartOf":{"@id":"https:\/\/love4tennis.com\/#website"},"datePublished":"2016-01-03T20:42:09+00:00","dateModified":"2024-08-01T13:57:21+00:00","description":"V tenisovej akad\u00e9mii L4T sa star\u00e1me o v\u0161etk\u00fdch hr\u00e1\u010dov rovnako. Rados\u0165 zo \u0161portu a pohybu je na\u0161\u00edm hlavn\u00fdm cie\u013eom. Tr\u00e9nujte s profesion\u00e1lmi.","breadcrumb":{"@id":"https:\/\/love4tennis.com\/sk\/programy\/program-rekreacni-hraci\/cennik-trenerov\/#breadcrumb"},"inLanguage":"sk-SK","potentialAction":[{"@type":"ReadAction","target":["https:\/\/love4tennis.com\/sk\/programy\/program-rekreacni-hraci\/cennik-trenerov\/"]}]},{"@type":"BreadcrumbList","@id":"https:\/\/love4tennis.com\/sk\/programy\/program-rekreacni-hraci\/cennik-trenerov\/#breadcrumb","itemListElement":[{"@type":"ListItem","position":1,"name":"Dom\u00e1ca str\u00e1nka","item":"https:\/\/love4tennis.com\/sk\/"},{"@type":"ListItem","position":2,"name":"Programy","item":"https:\/\/love4tennis.com\/sk\/programy\/"},{"@type":"ListItem","position":3,"name":"Program rekrea\u010dn\u00ed hr\u00e1\u010di","item":"https:\/\/love4tennis.com\/sk\/programy\/program-rekreacni-hraci\/"},{"@type":"ListItem","position":4,"name":"Cenn\u00edk tr\u00e9nerov"}]},{"@type":"WebSite","@id":"https:\/\/love4tennis.com\/#website","url":"https:\/\/love4tennis.com\/","name":"L4T","description":"","publisher":{"@id":"https:\/\/love4tennis.com\/#organization"},"potentialAction":[{"@type":"SearchAction","target":{"@type":"EntryPoint","urlTemplate":"https:\/\/love4tennis.com\/?s={search_term_string}"},"query-input":"required name=search_term_string"}],"inLanguage":"sk-SK"},{"@type":"Organization","@id":"https:\/\/love4tennis.com\/#organization","name":"Love4Tennis Academy","url":"https:\/\/love4tennis.com\/","logo":{"@type":"ImageObject","inLanguage":"sk-SK","@id":"https:\/\/love4tennis.com\/#\/schema\/logo\/image\/","url":"https:\/\/love4tennis.com\/wp-content\/uploads\/2018\/10\/logo_love4tennis.jpg","contentUrl":"https:\/\/love4tennis.com\/wp-content\/uploads\/2018\/10\/logo_love4tennis.jpg","width":608,"height":315,"caption":"Love4Tennis Academy"},"image":{"@id":"https:\/\/love4tennis.com\/#\/schema\/logo\/image\/"},"sameAs":["https:\/\/www.facebook.com\/TKLOVE4TENNIS\/"]}]}},"_links":{"self":[{"href":"https:\/\/love4tennis.com\/sk\/wp-json\/wp\/v2\/pages\/5515"}],"collection":[{"href":"https:\/\/love4tennis.com\/sk\/wp-json\/wp\/v2\/pages"}],"about":[{"href":"https:\/\/love4tennis.com\/sk\/wp-json\/wp\/v2\/types\/page"}],"author":[{"embeddable":true,"href":"https:\/\/love4tennis.com\/sk\/wp-json\/wp\/v2\/users\/1"}],"replies":[{"embeddable":true,"href":"https:\/\/love4tennis.com\/sk\/wp-json\/wp\/v2\/comments?post=5515"}],"version-history":[{"count":5,"href":"https:\/\/love4tennis.com\/sk\/wp-json\/wp\/v2\/pages\/5515\/revisions"}],"predecessor-version":[{"id":17792,"href":"https:\/\/love4tennis.com\/sk\/wp-json\/wp\/v2\/pages\/5515\/revisions\/17792"}],"up":[{"embeddable":true,"href":"https:\/\/love4tennis.com\/sk\/wp-json\/wp\/v2\/pages\/8745"}],"wp:attachment":[{"href":"https:\/\/love4tennis.com\/sk\/wp-json\/wp\/v2\/media?parent=5515"}],"curies":[{"name":"wp","href":"https:\/\/api.w.org\/{rel}","templated":true}]}}