{"id":5517,"date":"2016-01-03T22:35:03","date_gmt":"2016-01-03T20:35:03","guid":{"rendered":"https:\/\/love4tennis.com\/sk\/price-list\/"},"modified":"2024-08-02T19:39:48","modified_gmt":"2024-08-02T17:39:48","slug":"prenajom-tenisovych-kurtov","status":"publish","type":"page","link":"https:\/\/love4tennis.com\/sk\/programy\/program-rekreacni-hraci\/prenajom-tenisovych-kurtov\/","title":{"rendered":"Pren\u00e1jom tenisov\u00fdch kurtov"},"content":{"rendered":"<div class=\"wpb-content-wrapper\"><p>[vc_row wrap_container=&#8220;yes&#8220;][vc_column][vc_empty_space height=&#8220;50px&#8220;]<h1 id=\"uvc-type-wrap-9300\"  data-ultimate-target='#uvc-type-wrap-9300'  data-responsive-json-new='{\"font-size\":\"\",\"line-height\":\"\"}'  class=\"uvc-type-wrap  ult-adjust-bottom-margin ult-responsive short uvc-type-align-center  uvc-wrap-111207206669f362fbae23f\" style=\"text-align:center;\"><span  data-ultimate-target='#uvc-type-wrap-9300 .mycustfancy'  data-responsive-json-new='{\"font-size\":\"\",\"line-height\":\"\"}'  class=\"ultimate-ticker-prefix mycustfancy ult-responsive\" style=\"font-weight:normal; text-transform: unset;\">V klube Love 4 Tennis hr\u00e1te na<\/span><div id=\"vticker-111207206669f362fbae23f\"  data-ultimate-target=&#039;#uvc-type-wrap-9300&#039;  data-responsive-json-new=&#039;{&quot;font-size&quot;:&quot;&quot;,&quot;line-height&quot;:&quot;&quot;}&#039;  class=\"ultimate-vticker ticker fancytext-background-enabled \" style=\"color:#ffffff;background:#d24b1e; font-weight:normal; text-transform: unset;\"><ul><li style=&quot;opacity:1&quot;>antukov\u00fdch<\/li><li style=&quot;opacity:0&quot;>hardov\u00fdch<\/li><\/ul><\/div><span  data-ultimate-target='#uvc-type-wrap-9300 .mycustfancy'  data-responsive-json-new='{\"font-size\":\"\",\"line-height\":\"\"}'  class=\"ultimate-ticker-suffix mycustfancy ult-responsive\" style=\"font-weight:normal; text-transform: unset;\">kurtoch.<\/span><script type=\"text\/javascript\">\n\t\t\t\t\t\tjQuery(function($){\n\t\t\t\t\t\t\t$(document).ready(function(){\n\t\t\t\t\t\t\t\tif( typeof jQuery(\"#vticker-111207206669f362fbae23f\").easyTicker == \"function\"){\n\t\t\t\t\t\t\t\t\t$(\"#vticker-111207206669f362fbae23f\").find(\"li\").css(\"opacity\",\"1\");\n\t\t\t\t\t\t\t\t\t\n\t\t\t\t\t\t\t\t\t$(\"#vticker-111207206669f362fbae23f\").easyTicker({\n\t\t\t\t\t\t\t\t\t\tdirection: \"up\",\n\t\t\t\t\t\t\t\t\t\teasing: \"swing\",\n\t\t\t\t\t\t\t\t\t\tspeed: \"200\",\n\t\t\t\t\t\t\t\t\t\tinterval: \"3000\",\n\t\t\t\t\t\t\t\t\t\theight: \"auto\",\n\t\t\t\t\t\t\t\t\t\tvisible: \"1\",\n\t\t\t\t\t\t\t\t\t\tmousePause: \"0\",\n\t\t\t\t\t\t\t\t\t\tcontrols: {\n\t\t\t\t\t\t\t\t\t\t\tup: \"\",\n\t\t\t\t\t\t\t\t\t\t\tdown: \"\",\n\t\t\t\t\t\t\t\t\t\t\ttoggle: \"\",\n\t\t\t\t\t\t\t\t\t\t\tplayText: \"Play\",\n\t\t\t\t\t\t\t\t\t\t\tstopText: \"Stop\"\n\t\t\t\t\t\t\t\t\t\t}\n\t\t\t\t\t\t\t\t\t});\n\t\t\t\t\t\t\t\t}\n\t\t\t\t\t\t\t});\n\t\t\t\t\t\t});\n\t\t\t\t\t<\/script><\/h1>[vc_column_text]<\/p>\n<p style=\"text-align: center;\">V are\u00e1li sa nach\u00e1dza osem tenisov\u00fdch kurtov: \u0161es\u0165 antukov\u00fdch a dva hardov\u00e9 (tvrd\u00fd povrch identick\u00fd s U.S. Open povrchom). V zime s\u00fa v\u0161etky kurty zakryt\u00e9.<\/p>\n<p>[\/vc_column_text][\/vc_column][\/vc_row][vc_row wrap_container=&#8220;yes&#8220;][vc_column]<div id=\"ult-carousel-34659770069f362fbae5a8\" class=\"ult-carousel-wrapper   ult_horizontal\" data-gutter=\"0\" data-rtl=\"false\" ><div class=\"ult-carousel-418625695569f362fbae4d3 \" >[vc_single_image image=&#8220;4673&#8243; img_size=&#8220;full&#8220; alignment=&#8220;center&#8220;][vc_single_image image=&#8220;4670&#8243; img_size=&#8220;full&#8220; alignment=&#8220;center&#8220;][vc_single_image image=&#8220;4671&#8243; img_size=&#8220;full&#8220; alignment=&#8220;center&#8220;][vc_single_image image=&#8220;4672&#8243; img_size=&#8220;full&#8220; alignment=&#8220;center&#8220;][vc_single_image image=&#8220;4668&#8243; img_size=&#8220;full&#8220; alignment=&#8220;center&#8220;][vc_single_image image=&#8220;4669&#8243; img_size=&#8220;full&#8220; alignment=&#8220;center&#8220;][vc_single_image image=&#8220;4667&#8243; img_size=&#8220;full&#8220; alignment=&#8220;center&#8220;][vc_single_image image=&#8220;4675&#8243; img_size=&#8220;full&#8220; alignment=&#8220;center&#8220;][vc_single_image image=&#8220;4674&#8243; img_size=&#8220;full&#8220; alignment=&#8220;center&#8220;][vc_single_image image=&#8220;4666&#8243; img_size=&#8220;full&#8220; alignment=&#8220;center&#8220;]<\/div><\/div>\t\t\t<script type=\"text\/javascript\">\n\t\t\t\tjQuery(document).ready(function ($) {\n\t\t\t\t\tif( typeof jQuery('.ult-carousel-418625695569f362fbae4d3').slick == \"function\"){\n\t\t\t\t\t\t$('.ult-carousel-418625695569f362fbae4d3').slick({dots: true,autoplay: true,autoplaySpeed: \"3000\",speed: \"1000\",infinite: true,arrows: true,nextArrow: '<button type=\"button\" role=\"button\" aria-label=\"Next\" style=\"color:#333333; font-size:20px;\" class=\"slick-next default\"><i class=\"ultsl-arrow-right4\"><\/i><\/button>',prevArrow: '<button type=\"button\" role=\"button\" aria-label=\"Previous\" style=\"color:#333333; font-size:20px;\" class=\"slick-prev default\"><i class=\"ultsl-arrow-left4\"><\/i><\/button>',slidesToScroll:3,slidesToShow:3,swipe: true,draggable: true,touchMove: true,pauseOnHover: true,pauseOnFocus: false,responsive: [\n\t\t\t\t\t\t\t{\n\t\t\t\t\t\t\t  breakpoint: 1026,\n\t\t\t\t\t\t\t  settings: {\n\t\t\t\t\t\t\t\tslidesToShow: 3,\n\t\t\t\t\t\t\t\tslidesToScroll: 3,  \n\t\t\t\t\t\t\t  }\n\t\t\t\t\t\t\t},\n\t\t\t\t\t\t\t{\n\t\t\t\t\t\t\t  breakpoint: 1025,\n\t\t\t\t\t\t\t  settings: {\n\t\t\t\t\t\t\t\tslidesToShow: 3,\n\t\t\t\t\t\t\t\tslidesToScroll: 3\n\t\t\t\t\t\t\t  }\n\t\t\t\t\t\t\t},\n\t\t\t\t\t\t\t{\n\t\t\t\t\t\t\t  breakpoint: 760,\n\t\t\t\t\t\t\t  settings: {\n\t\t\t\t\t\t\t\tslidesToShow: 2,\n\t\t\t\t\t\t\t\tslidesToScroll: 2\n\t\t\t\t\t\t\t  }\n\t\t\t\t\t\t\t}\n\t\t\t\t\t\t],pauseOnDotsHover: true,customPaging: function(slider, i) {\n                   return '<i type=\"button\" style= \"color:#333333;\" class=\"ultsl-record\" data-role=\"none\"><\/i>';\n                },});\n\t\t\t\t\t}\n\t\t\t\t});\n\t\t\t<\/script>\n\t\t\t[\/vc_column][\/vc_row][vc_row wrap_container=&#8220;yes&#8220;][vc_column][vc_empty_space height=&#8220;35px&#8220;][vc_cta h2=&#8220;&#8220; txt_align=&#8220;center&#8220; style=&#8220;flat&#8220;]<span style=\"color: #000000;\">Objednajte si kurt cez telef\u00f3n na <strong>+421 911 508 720<\/strong>\u00a0alebo emailom na <strong>academy@love4tennis.com\u00a0<\/strong>v pracovn\u00fdch d\u0148och od 12:00 &#8211; 20:00<\/span>[\/vc_cta]<div id=\"ultimate-heading-762869f362fbae63e\" class=\"uvc-heading ult-adjust-bottom-margin ultimate-heading-762869f362fbae63e uvc-210 \" data-hspacer=\"no_spacer\"  data-halign=\"center\" style=\"text-align:center\"><div class=\"uvc-heading-spacer no_spacer\" style=\"top\"><\/div><div class=\"uvc-main-heading ult-responsive\"  data-ultimate-target='.uvc-heading.ultimate-heading-762869f362fbae63e h2'  data-responsive-json-new='{\"font-size\":\"\",\"line-height\":\"\"}' ><h2 style=\"font-weight:bold;\">CENN\u00cdK ANTUKOV\u00ddCH KURTOV<\/h2><\/div><\/div><div class=\"porto-price-boxes pricing-table  pricing-table-flat\"><div class=\"row\"><div class=\" col-lg-4 col-md-6\"><div class=\"porto-price-box plan   wpb_custom_66b8d1ac21af7585ef8d4c4e31e4d6ea plan-custom plan-btn-top\"><h3><strong>Pondelok - Piatok<\/strong><span class=\"plan-price\"><span class=\"price\">07:00-14:00<\/span><\/span><\/h3><ul>\n<li>Letn\u00e1 sez\u00f3na\u00a0<strong>10\u20ac\/hod<\/strong><\/li>\n<li>Zimn\u00e1 sez\u00f3na\u00a0<strong>25\u20ac\/hod<\/strong><\/li>\n<\/ul>\n<\/div><\/div><div class=\" col-lg-4 col-md-6\"><div class=\"porto-price-box plan   wpb_custom_66b8d1ac21af7585ef8d4c4e31e4d6ea plan-custom plan-btn-top\"><h3><strong>Pondelok - Piatok<\/strong><span class=\"plan-price\"><span class=\"price\">14:00-22:00<\/span><\/span><\/h3><ul>\n<li>Letn\u00e1 sez\u00f3na<strong>\u00a0<\/strong><strong>15\u20ac\/hod<\/strong><\/li>\n<li>Zimn\u00e1 sez\u00f3na<b> <strong>25\u20ac\/hod<\/strong><\/b><\/li>\n<\/ul>\n<\/div><\/div><div class=\" col-lg-4 col-md-6\"><div class=\"porto-price-box plan   wpb_custom_66b8d1ac21af7585ef8d4c4e31e4d6ea plan-custom plan-btn-top\"><h3><strong>Sobota - Nede\u013ea<\/strong><span class=\"plan-price\"><span class=\"price\">8:00-22:00<\/span><\/span><\/h3><ul>\n<li>Letn\u00e1 sez\u00f3na\u00a0<strong>10\u20ac\/hod<\/strong><\/li>\n<li>Zimn\u00e1 sez\u00f3na <strong>25\u20ac\/hod<\/strong><\/li>\n<\/ul>\n<\/div><\/div><\/div><\/div>[\/vc_column][\/vc_row][vc_row wrap_container=&#8220;yes&#8220;][vc_column][vc_empty_space height=&#8220;35px&#8220;]<div id=\"ultimate-heading-511569f362fbaec49\" class=\"uvc-heading ult-adjust-bottom-margin ultimate-heading-511569f362fbaec49 uvc-7517 \" data-hspacer=\"no_spacer\"  data-halign=\"center\" style=\"text-align:center\"><div class=\"uvc-heading-spacer no_spacer\" style=\"top\"><\/div><div class=\"uvc-main-heading ult-responsive\"  data-ultimate-target='.uvc-heading.ultimate-heading-511569f362fbaec49 h2'  data-responsive-json-new='{\"font-size\":\"\",\"line-height\":\"\"}' ><h2 style=\"font-weight:bold;\">CENN\u00cdK HARDOV\u00ddCH KURTOV<\/h2><\/div><\/div><div class=\"porto-price-boxes pricing-table  pricing-table-flat\"><div class=\"row\"><div class=\" col-lg-4 col-md-6\"><div class=\"porto-price-box plan   wpb_custom_66b8d1ac21af7585ef8d4c4e31e4d6ea plan-custom plan-btn-top\"><h3><strong>Pondelok - Piatok<\/strong><span class=\"plan-price\"><span class=\"price\">07:00-14:00<\/span><\/span><\/h3><ul>\n<li>Letn\u00e1 sez\u00f3na\u00a0<strong>10\u20ac\/hod<\/strong><\/li>\n<li>Zimn\u00e1 sez\u00f3na <strong>25\u20ac\/hod<\/strong><\/li>\n<\/ul>\n<\/div><\/div><div class=\" col-lg-4 col-md-6\"><div class=\"porto-price-box plan   wpb_custom_66b8d1ac21af7585ef8d4c4e31e4d6ea plan-custom plan-btn-top\"><h3><strong>Pondelok - Piatok<\/strong><span class=\"plan-price\"><span class=\"price\">14:00-22:00<\/span><\/span><\/h3><ul>\n<li>Letn\u00e1 sez\u00f3na<strong>\u00a015\u20ac\/hod<\/strong><\/li>\n<li>Zimn\u00e1 sez\u00f3na<b> <strong>25\u20ac\/hod<\/strong><\/b><\/li>\n<\/ul>\n<\/div><\/div><div class=\" col-lg-4 col-md-6\"><div class=\"porto-price-box plan   wpb_custom_66b8d1ac21af7585ef8d4c4e31e4d6ea plan-custom plan-btn-top\"><h3><strong>Sobota - Nede\u013ea<\/strong><span class=\"plan-price\"><span class=\"price\">8:00-22:00<\/span><\/span><\/h3><ul>\n<li>Letn\u00e1 sez\u00f3na\u00a0<strong>10\u20ac\/hod<\/strong><\/li>\n<li>Zimn\u00e1 sez\u00f3na <strong>25\u20ac\/hod<\/strong><\/li>\n<\/ul>\n<\/div><\/div><\/div><\/div>[\/vc_column][\/vc_row][vc_row wrap_container=&#8220;yes&#8220;][vc_column][vc_empty_space height=&#8220;35px&#8220;][\/vc_column][\/vc_row][vc_row][vc_column][\/vc_column][\/vc_row]<\/p>\n<\/div>","protected":false},"excerpt":{"rendered":"<p>[vc_row wrap_container=&#8220;yes&#8220;][vc_column][vc_empty_space height=&#8220;50px&#8220;][vc_column_text] V are\u00e1li sa nach\u00e1dza osem tenisov\u00fdch kurtov: \u0161es\u0165 antukov\u00fdch a dva hardov\u00e9 (tvrd\u00fd povrch identick\u00fd s U.S. Open povrchom). V zime s\u00fa v\u0161etky kurty zakryt\u00e9. [\/vc_column_text][\/vc_column][\/vc_row][vc_row wrap_container=&#8220;yes&#8220;][vc_column][\/vc_column][\/vc_row][vc_row [&hellip;]<\/p>\n","protected":false},"author":1,"featured_media":0,"parent":8745,"menu_order":0,"comment_status":"closed","ping_status":"closed","template":"","meta":{"footnotes":""},"class_list":["post-5517","page","type-page","status-publish","hentry"],"yoast_head":"<!-- This site is optimized with the Yoast SEO plugin v23.1 - https:\/\/yoast.com\/wordpress\/plugins\/seo\/ -->\n<title>Pren\u00e1jom tenisov\u00fdch kurtov v Bratislave | Love4Tennis.com<\/title>\n<meta name=\"description\" content=\"V akad\u00e9mii L4T je mo\u017enos\u0165 pren\u00e1jmu 8 tenisov\u00fdch kurtov (6 antukov\u00e9 a 2 tvrd\u00fd povrch). V\u0161etky kurty s\u00fa po\u010das zimy vykurovan\u00e9 a kryt\u00e9.\" \/>\n<meta name=\"robots\" content=\"index, follow, max-snippet:-1, max-image-preview:large, max-video-preview:-1\" \/>\n<link rel=\"canonical\" href=\"https:\/\/love4tennis.com\/sk\/programy\/program-rekreacni-hraci\/prenajom-tenisovych-kurtov\/\" \/>\n<meta property=\"og:locale\" content=\"sk_SK\" \/>\n<meta property=\"og:type\" content=\"article\" \/>\n<meta property=\"og:title\" content=\"Pren\u00e1jom tenisov\u00fdch kurtov v Bratislave | Love4Tennis.com\" \/>\n<meta property=\"og:description\" content=\"V akad\u00e9mii L4T je mo\u017enos\u0165 pren\u00e1jmu 8 tenisov\u00fdch kurtov (6 antukov\u00e9 a 2 tvrd\u00fd povrch). V\u0161etky kurty s\u00fa po\u010das zimy vykurovan\u00e9 a kryt\u00e9.\" \/>\n<meta property=\"og:url\" content=\"https:\/\/love4tennis.com\/sk\/programy\/program-rekreacni-hraci\/prenajom-tenisovych-kurtov\/\" \/>\n<meta property=\"og:site_name\" content=\"L4T\" \/>\n<meta property=\"article:publisher\" content=\"https:\/\/www.facebook.com\/TKLOVE4TENNIS\/\" \/>\n<meta property=\"article:modified_time\" content=\"2024-08-02T17:39:48+00:00\" \/>\n<meta name=\"twitter:card\" content=\"summary_large_image\" \/>\n<meta name=\"twitter:label1\" content=\"Predpokladan\u00fd \u010das \u010d\u00edtania\" \/>\n\t<meta name=\"twitter:data1\" content=\"3 min\u00faty\" \/>\n<script type=\"application\/ld+json\" class=\"yoast-schema-graph\">{\"@context\":\"https:\/\/schema.org\",\"@graph\":[{\"@type\":\"WebPage\",\"@id\":\"https:\/\/love4tennis.com\/sk\/programy\/program-rekreacni-hraci\/prenajom-tenisovych-kurtov\/\",\"url\":\"https:\/\/love4tennis.com\/sk\/programy\/program-rekreacni-hraci\/prenajom-tenisovych-kurtov\/\",\"name\":\"Pren\u00e1jom tenisov\u00fdch kurtov v Bratislave | Love4Tennis.com\",\"isPartOf\":{\"@id\":\"https:\/\/love4tennis.com\/#website\"},\"datePublished\":\"2016-01-03T20:35:03+00:00\",\"dateModified\":\"2024-08-02T17:39:48+00:00\",\"description\":\"V akad\u00e9mii L4T je mo\u017enos\u0165 pren\u00e1jmu 8 tenisov\u00fdch kurtov (6 antukov\u00e9 a 2 tvrd\u00fd povrch). V\u0161etky kurty s\u00fa po\u010das zimy vykurovan\u00e9 a kryt\u00e9.\",\"breadcrumb\":{\"@id\":\"https:\/\/love4tennis.com\/sk\/programy\/program-rekreacni-hraci\/prenajom-tenisovych-kurtov\/#breadcrumb\"},\"inLanguage\":\"sk-SK\",\"potentialAction\":[{\"@type\":\"ReadAction\",\"target\":[\"https:\/\/love4tennis.com\/sk\/programy\/program-rekreacni-hraci\/prenajom-tenisovych-kurtov\/\"]}]},{\"@type\":\"BreadcrumbList\",\"@id\":\"https:\/\/love4tennis.com\/sk\/programy\/program-rekreacni-hraci\/prenajom-tenisovych-kurtov\/#breadcrumb\",\"itemListElement\":[{\"@type\":\"ListItem\",\"position\":1,\"name\":\"Dom\u00e1ca str\u00e1nka\",\"item\":\"https:\/\/love4tennis.com\/sk\/\"},{\"@type\":\"ListItem\",\"position\":2,\"name\":\"Programy\",\"item\":\"https:\/\/love4tennis.com\/sk\/programy\/\"},{\"@type\":\"ListItem\",\"position\":3,\"name\":\"Program rekrea\u010dn\u00ed hr\u00e1\u010di\",\"item\":\"https:\/\/love4tennis.com\/sk\/programy\/program-rekreacni-hraci\/\"},{\"@type\":\"ListItem\",\"position\":4,\"name\":\"Pren\u00e1jom tenisov\u00fdch kurtov\"}]},{\"@type\":\"WebSite\",\"@id\":\"https:\/\/love4tennis.com\/#website\",\"url\":\"https:\/\/love4tennis.com\/\",\"name\":\"L4T\",\"description\":\"\",\"publisher\":{\"@id\":\"https:\/\/love4tennis.com\/#organization\"},\"potentialAction\":[{\"@type\":\"SearchAction\",\"target\":{\"@type\":\"EntryPoint\",\"urlTemplate\":\"https:\/\/love4tennis.com\/?s={search_term_string}\"},\"query-input\":\"required name=search_term_string\"}],\"inLanguage\":\"sk-SK\"},{\"@type\":\"Organization\",\"@id\":\"https:\/\/love4tennis.com\/#organization\",\"name\":\"Love4Tennis Academy\",\"url\":\"https:\/\/love4tennis.com\/\",\"logo\":{\"@type\":\"ImageObject\",\"inLanguage\":\"sk-SK\",\"@id\":\"https:\/\/love4tennis.com\/#\/schema\/logo\/image\/\",\"url\":\"https:\/\/love4tennis.com\/wp-content\/uploads\/2018\/10\/logo_love4tennis.jpg\",\"contentUrl\":\"https:\/\/love4tennis.com\/wp-content\/uploads\/2018\/10\/logo_love4tennis.jpg\",\"width\":608,\"height\":315,\"caption\":\"Love4Tennis Academy\"},\"image\":{\"@id\":\"https:\/\/love4tennis.com\/#\/schema\/logo\/image\/\"},\"sameAs\":[\"https:\/\/www.facebook.com\/TKLOVE4TENNIS\/\"]}]}<\/script>\n<!-- \/ Yoast SEO plugin. -->","yoast_head_json":{"title":"Pren\u00e1jom tenisov\u00fdch kurtov v Bratislave | Love4Tennis.com","description":"V akad\u00e9mii L4T je mo\u017enos\u0165 pren\u00e1jmu 8 tenisov\u00fdch kurtov (6 antukov\u00e9 a 2 tvrd\u00fd povrch). V\u0161etky kurty s\u00fa po\u010das zimy vykurovan\u00e9 a kryt\u00e9.","robots":{"index":"index","follow":"follow","max-snippet":"max-snippet:-1","max-image-preview":"max-image-preview:large","max-video-preview":"max-video-preview:-1"},"canonical":"https:\/\/love4tennis.com\/sk\/programy\/program-rekreacni-hraci\/prenajom-tenisovych-kurtov\/","og_locale":"sk_SK","og_type":"article","og_title":"Pren\u00e1jom tenisov\u00fdch kurtov v Bratislave | Love4Tennis.com","og_description":"V akad\u00e9mii L4T je mo\u017enos\u0165 pren\u00e1jmu 8 tenisov\u00fdch kurtov (6 antukov\u00e9 a 2 tvrd\u00fd povrch). V\u0161etky kurty s\u00fa po\u010das zimy vykurovan\u00e9 a kryt\u00e9.","og_url":"https:\/\/love4tennis.com\/sk\/programy\/program-rekreacni-hraci\/prenajom-tenisovych-kurtov\/","og_site_name":"L4T","article_publisher":"https:\/\/www.facebook.com\/TKLOVE4TENNIS\/","article_modified_time":"2024-08-02T17:39:48+00:00","twitter_card":"summary_large_image","twitter_misc":{"Predpokladan\u00fd \u010das \u010d\u00edtania":"3 min\u00faty"},"schema":{"@context":"https:\/\/schema.org","@graph":[{"@type":"WebPage","@id":"https:\/\/love4tennis.com\/sk\/programy\/program-rekreacni-hraci\/prenajom-tenisovych-kurtov\/","url":"https:\/\/love4tennis.com\/sk\/programy\/program-rekreacni-hraci\/prenajom-tenisovych-kurtov\/","name":"Pren\u00e1jom tenisov\u00fdch kurtov v Bratislave | Love4Tennis.com","isPartOf":{"@id":"https:\/\/love4tennis.com\/#website"},"datePublished":"2016-01-03T20:35:03+00:00","dateModified":"2024-08-02T17:39:48+00:00","description":"V akad\u00e9mii L4T je mo\u017enos\u0165 pren\u00e1jmu 8 tenisov\u00fdch kurtov (6 antukov\u00e9 a 2 tvrd\u00fd povrch). V\u0161etky kurty s\u00fa po\u010das zimy vykurovan\u00e9 a kryt\u00e9.","breadcrumb":{"@id":"https:\/\/love4tennis.com\/sk\/programy\/program-rekreacni-hraci\/prenajom-tenisovych-kurtov\/#breadcrumb"},"inLanguage":"sk-SK","potentialAction":[{"@type":"ReadAction","target":["https:\/\/love4tennis.com\/sk\/programy\/program-rekreacni-hraci\/prenajom-tenisovych-kurtov\/"]}]},{"@type":"BreadcrumbList","@id":"https:\/\/love4tennis.com\/sk\/programy\/program-rekreacni-hraci\/prenajom-tenisovych-kurtov\/#breadcrumb","itemListElement":[{"@type":"ListItem","position":1,"name":"Dom\u00e1ca str\u00e1nka","item":"https:\/\/love4tennis.com\/sk\/"},{"@type":"ListItem","position":2,"name":"Programy","item":"https:\/\/love4tennis.com\/sk\/programy\/"},{"@type":"ListItem","position":3,"name":"Program rekrea\u010dn\u00ed hr\u00e1\u010di","item":"https:\/\/love4tennis.com\/sk\/programy\/program-rekreacni-hraci\/"},{"@type":"ListItem","position":4,"name":"Pren\u00e1jom tenisov\u00fdch kurtov"}]},{"@type":"WebSite","@id":"https:\/\/love4tennis.com\/#website","url":"https:\/\/love4tennis.com\/","name":"L4T","description":"","publisher":{"@id":"https:\/\/love4tennis.com\/#organization"},"potentialAction":[{"@type":"SearchAction","target":{"@type":"EntryPoint","urlTemplate":"https:\/\/love4tennis.com\/?s={search_term_string}"},"query-input":"required name=search_term_string"}],"inLanguage":"sk-SK"},{"@type":"Organization","@id":"https:\/\/love4tennis.com\/#organization","name":"Love4Tennis Academy","url":"https:\/\/love4tennis.com\/","logo":{"@type":"ImageObject","inLanguage":"sk-SK","@id":"https:\/\/love4tennis.com\/#\/schema\/logo\/image\/","url":"https:\/\/love4tennis.com\/wp-content\/uploads\/2018\/10\/logo_love4tennis.jpg","contentUrl":"https:\/\/love4tennis.com\/wp-content\/uploads\/2018\/10\/logo_love4tennis.jpg","width":608,"height":315,"caption":"Love4Tennis Academy"},"image":{"@id":"https:\/\/love4tennis.com\/#\/schema\/logo\/image\/"},"sameAs":["https:\/\/www.facebook.com\/TKLOVE4TENNIS\/"]}]}},"_links":{"self":[{"href":"https:\/\/love4tennis.com\/sk\/wp-json\/wp\/v2\/pages\/5517"}],"collection":[{"href":"https:\/\/love4tennis.com\/sk\/wp-json\/wp\/v2\/pages"}],"about":[{"href":"https:\/\/love4tennis.com\/sk\/wp-json\/wp\/v2\/types\/page"}],"author":[{"embeddable":true,"href":"https:\/\/love4tennis.com\/sk\/wp-json\/wp\/v2\/users\/1"}],"replies":[{"embeddable":true,"href":"https:\/\/love4tennis.com\/sk\/wp-json\/wp\/v2\/comments?post=5517"}],"version-history":[{"count":6,"href":"https:\/\/love4tennis.com\/sk\/wp-json\/wp\/v2\/pages\/5517\/revisions"}],"predecessor-version":[{"id":24336,"href":"https:\/\/love4tennis.com\/sk\/wp-json\/wp\/v2\/pages\/5517\/revisions\/24336"}],"up":[{"embeddable":true,"href":"https:\/\/love4tennis.com\/sk\/wp-json\/wp\/v2\/pages\/8745"}],"wp:attachment":[{"href":"https:\/\/love4tennis.com\/sk\/wp-json\/wp\/v2\/media?parent=5517"}],"curies":[{"name":"wp","href":"https:\/\/api.w.org\/{rel}","templated":true}]}}