{"id":5524,"date":"2016-01-03T22:32:04","date_gmt":"2016-01-03T20:32:04","guid":{"rendered":"https:\/\/love4tennis.com\/sk\/akademia\/programs\/"},"modified":"2024-08-01T15:57:20","modified_gmt":"2024-08-01T13:57:20","slug":"profesionalni-hraci","status":"publish","type":"page","link":"https:\/\/love4tennis.com\/sk\/programy\/profesionalni-hraci\/","title":{"rendered":"Profesion\u00e1lni hr\u00e1\u010di"},"content":{"rendered":"<div class=\"wpb-content-wrapper\"><p>[vc_row wrap_container=&#8220;yes&#8220;][vc_column][vc_empty_space]<h2 id=\"uvc-type-wrap-4409\"  data-ultimate-target='#uvc-type-wrap-4409'  data-responsive-json-new='{\"font-size\":\"\",\"line-height\":\"\"}'  class=\"uvc-type-wrap  ult-adjust-bottom-margin ult-responsive short uvc-type-align-center  uvc-wrap-340069283269ecef316335e\" style=\"text-align:center;\"><span  data-ultimate-target='#uvc-type-wrap-4409 .mycustfancy'  data-responsive-json-new='{\"font-size\":\"\",\"line-height\":\"\"}'  class=\"ultimate-ticker-prefix mycustfancy ult-responsive\" style=\"font-weight:bold; text-transform: unset;\">TR\u00c9NINGOV\u00c9 PROGRAMY PRE PROFESION\u00c1LNYCH HR\u00c1\u010cOV<\/span><div id=\"vticker-340069283269ecef316335e\"  data-ultimate-target=&#039;#uvc-type-wrap-4409&#039;  data-responsive-json-new=&#039;{&quot;font-size&quot;:&quot;&quot;,&quot;line-height&quot;:&quot;&quot;}&#039;  class=\"ultimate-vticker ticker fancytext-background-enabled \" style=\"color:#ffffff;background:#d24b1e; font-weight:bold; text-transform: unset;\"><ul><li style=&quot;opacity:1&quot;><\/li><\/ul><\/div><script type=\"text\/javascript\">\n\t\t\t\t\t\tjQuery(function($){\n\t\t\t\t\t\t\t$(document).ready(function(){\n\t\t\t\t\t\t\t\tif( typeof jQuery(\"#vticker-340069283269ecef316335e\").easyTicker == \"function\"){\n\t\t\t\t\t\t\t\t\t$(\"#vticker-340069283269ecef316335e\").find(\"li\").css(\"opacity\",\"1\");\n\t\t\t\t\t\t\t\t\t\n\t\t\t\t\t\t\t\t\t$(\"#vticker-340069283269ecef316335e\").easyTicker({\n\t\t\t\t\t\t\t\t\t\tdirection: \"up\",\n\t\t\t\t\t\t\t\t\t\teasing: \"swing\",\n\t\t\t\t\t\t\t\t\t\tspeed: \"200\",\n\t\t\t\t\t\t\t\t\t\tinterval: \"3000\",\n\t\t\t\t\t\t\t\t\t\theight: \"auto\",\n\t\t\t\t\t\t\t\t\t\tvisible: \"1\",\n\t\t\t\t\t\t\t\t\t\tmousePause: \"0\",\n\t\t\t\t\t\t\t\t\t\tcontrols: {\n\t\t\t\t\t\t\t\t\t\t\tup: \"\",\n\t\t\t\t\t\t\t\t\t\t\tdown: \"\",\n\t\t\t\t\t\t\t\t\t\t\ttoggle: \"\",\n\t\t\t\t\t\t\t\t\t\t\tplayText: \"Play\",\n\t\t\t\t\t\t\t\t\t\t\tstopText: \"Stop\"\n\t\t\t\t\t\t\t\t\t\t}\n\t\t\t\t\t\t\t\t\t});\n\t\t\t\t\t\t\t\t}\n\t\t\t\t\t\t\t});\n\t\t\t\t\t\t});\n\t\t\t\t\t<\/script><\/h2>[vc_column_text]<\/p>\n<p style=\"text-align: justify;\"><strong><span style=\"color: #ff6600;\">LOVE4TENNIS <\/span><\/strong><strong><span style=\"color: #ff6600;\">DOMINIKA CIBULKOVA\u00a0ACADEMY<\/span>\u00a0m\u00e1 bohat\u00e9 sk\u00fasenosti s pr\u00edpravou vrchlov\u00fdch tenistov a preto pre svojich hr\u00e1\u010dov pon\u00faka 5 druhy programov, ktor\u00e9 najviac zodpovedaj\u00fa individu\u00e1lnym potreb\u00e1m ka\u017ed\u00e9ho hr\u00e1\u010da.<\/strong><\/p>\n<p style=\"text-align: justify;\"><span style=\"color: #ff6600;\"><strong><a style=\"color: #ff6600;\" href=\"https:\/\/love4tennis.com\/sk\/programy\/profesionalni-hraci\/celorocny-program\/\">CELORO\u010cN\u00dd PROGRAM<\/a><\/strong><\/span> &#8211; <strong>je ur\u010den\u00fd pre profesion\u00e1lnych hr\u00e1\u010dov alebo pre t\u00fdch, \u010do sa nimi chc\u00fa sta\u0165.<\/strong> Hr\u00e1\u010di vyu\u017e\u00edvaj\u00fa profesion\u00e1lne podmienky bez toho, aby sa museli stara\u0165 o nie\u010do in\u00e9 ako o vlastn\u00fa v\u00fdkonnos\u0165. Komplexn\u00e9 slu\u017eby okolo hr\u00e1\u010da (lopty, sparing, kondi\u010dn\u00e9 tr\u00e9ningy, regener\u00e1cia, dou\u010dovanie, ubytovanie) zorganizuje akad\u00e9mia L4T.<strong> Cie\u013eom sna\u017eenia cel\u00e9ho t\u00edmu je dosta\u0165 hr\u00e1\u010dov na grandslamov\u00e9 turnaje.<\/strong><\/p>\n<p style=\"text-align: justify;\"><span style=\"color: #ff6600;\"><a style=\"color: #ff6600;\" href=\"https:\/\/love4tennis.com\/sk\/programy\/profesionalni-hraci\/stipendium\/\"><strong>PROGRAM \u0160TIPENDIUM<\/strong> <\/a><\/span>&#8211; <strong>Je ur\u010den\u00fd pre hr\u00e1\u010dov, ktor\u00ed chc\u00fa spoji\u0165 tenis so \u0161t\u00fadiom na UNIVERZITE V USA.<\/strong> Je to jedine\u010dn\u00e1 pr\u00edle\u017eitos\u0165 ako spozna\u0165 svet a z\u00edska\u0165 tenisov\u00e9, jazykov\u00e9 i odborn\u00e9 sk\u00fasenosti na prest\u00ed\u017enych univerzit\u00e1ch v USA.<\/p>\n<p style=\"text-align: justify;\"><span style=\"color: #ff6600;\"><a style=\"color: #ff6600;\" href=\"https:\/\/love4tennis.com\/sk\/programy\/profesionalni-hraci\/profesionalny-tenisovy-kemp\/\"><strong>PROGRAM TENISOV\u00dd KEMP<\/strong> <\/a><\/span>&#8211; <strong>je ur\u010den\u00fd hlavne pre pokro\u010dil\u00fdch hr\u00e1\u010dov<\/strong> (cca. od 10 rokov), ktor\u00ed chc\u00fa na vlastnej ko\u017ei za\u017ei\u0165, ako tr\u00e9nuj\u00fa profesion\u00e1lni tenisti. Program profesion\u00e1lny kemp trv\u00e1 r\u00f4zne dlho (na z\u00e1klade dohody s hr\u00e1\u010dom) a hr\u00e1\u010di ho naj\u010dastej\u0161ie vyu\u017e\u00edvaj\u00fa po\u010das letn\u00fdch pr\u00e1zdnin.<\/p>\n<p style=\"text-align: justify;\"><span style=\"color: #ff6600;\"><strong><a style=\"color: #ff6600;\" href=\"https:\/\/love4tennis.com\/sk\/programy\/profesionalni-hraci\/skupinove-tenisove-kempy\/\">PROGRAM SKUPINOV\u00c9 KEMPY <\/a><\/strong><\/span>&#8211; Skupinov\u00e9 tenisov\u00e9 kempy s ob\u013eubou vyu\u017e\u00edvaj\u00fa skupiny po\u010das letn\u00fdch pr\u00e1zdnin, ale s\u00fa mo\u017en\u00e9 aj po\u010das cel\u00e9ho roka. <strong>S\u00fa vhodn\u00e9 pre skupiny u\u017e od 10 os\u00f4b.\u00a0<\/strong><\/p>\n<p style=\"text-align: justify;\"><span style=\"color: #ff6600;\"><strong><a style=\"color: #ff6600;\" href=\"https:\/\/love4tennis.com\/sk\/programy\/profesionalni-hraci\/vikendovy-program\/\">V\u00cdKENDOV\u00dd PROGRAM\u00a0<\/a><\/strong><\/span>&#8211; Program\u00a0ur\u010den\u00fd pre \u0161kolopovinn\u00fdch hr\u00e1\u010dov \u017eij\u00facich mimo Bratislavy, ktor\u00ed nemaj\u00fa mo\u017enos\u0165 ka\u017edodennej pr\u00edpravy v na\u0161ej Akad\u00e9mi\u00ed.<\/p>\n<p id=\"uvc-type-wrap-4685\" class=\"uvc-type-wrap ult-adjust-bottom-margin ult-responsive short uvc-type-align-left uvc-wrap-2635129665e7c51a717da1\" data-ultimate-target=\"#uvc-type-wrap-4685\" data-responsive-json-new=\"{&quot;font-size&quot;:&quot;&quot;,&quot;line-height&quot;:&quot;&quot;}\"><span style=\"color: #ff6600;\"><strong><span class=\"ultimate-ticker-prefix mycustfancy ult-responsive\" data-ultimate-target=\"#uvc-type-wrap-4685 .mycustfancy\" data-responsive-json-new=\"{&quot;font-size&quot;:&quot;&quot;,&quot;line-height&quot;:&quot;&quot;}\"><a style=\"color: #ff6600;\" href=\"https:\/\/love4tennis.com\/sk\/programy\/profesionalni-hraci\/online-treningovy-program-pre-tenisovych-hracov\/\">ONLINE TR\u00c9NINGOV\u00dd PROGRAM<\/a>\u00a0&#8211;\u00a0<\/span><\/strong><\/span>Komplexn\u00fd online tr\u00e9ningov\u00fd program, ktor\u00fd je \u0161peci\u00e1lne ur\u010den\u00fd pre s\u00fa\u0165a\u017en\u00fdch tenisov\u00fdch hr\u00e1\u010dov, ktor\u00fd prebieha pod doh\u013eadom na\u0161ich kondi\u010dn\u00fdch, tenisov\u00fdch a ment\u00e1lnych tr\u00e9nerov.<\/p>\n<p>[\/vc_column_text][\/vc_column][\/vc_row][vc_row wrap_container=&#8220;yes&#8220;][vc_column width=&#8220;1\/2&#8243;][vc_single_image image=&#8220;15307&#8243; img_size=&#8220;full&#8220; alignment=&#8220;center&#8220; style=&#8220;vc_box_rounded&#8220; onclick=&#8220;custom_link&#8220; link=&#8220;https:\/\/love4tennis.com\/sk\/programy\/profesionalni-hraci\/celorocny-program\/&#8220;][\/vc_column][vc_column width=&#8220;1\/2&#8243;][vc_single_image image=&#8220;15310&#8243; img_size=&#8220;full&#8220; alignment=&#8220;center&#8220; style=&#8220;vc_box_rounded&#8220; onclick=&#8220;custom_link&#8220; link=&#8220;https:\/\/love4tennis.com\/sk\/programy\/profesionalni-hraci\/stipendium\/&#8220;][\/vc_column][\/vc_row][vc_row wrap_container=&#8220;yes&#8220;][vc_column width=&#8220;1\/2&#8243;][vc_single_image image=&#8220;15309&#8243; img_size=&#8220;full&#8220; alignment=&#8220;center&#8220; style=&#8220;vc_box_rounded&#8220; onclick=&#8220;custom_link&#8220; link=&#8220;https:\/\/love4tennis.com\/sk\/programy\/profesionalni-hraci\/profesionalny-tenisovy-kemp\/&#8220;][\/vc_column][vc_column width=&#8220;1\/2&#8243;][vc_single_image image=&#8220;15308&#8243; img_size=&#8220;full&#8220; alignment=&#8220;center&#8220; style=&#8220;vc_box_rounded&#8220; onclick=&#8220;custom_link&#8220; link=&#8220;https:\/\/love4tennis.com\/sk\/programy\/profesionalni-hraci\/skupinove-tenisove-kempy\/&#8220;][\/vc_column][\/vc_row][vc_row wrap_container=&#8220;yes&#8220;][vc_column width=&#8220;1\/2&#8243;][vc_single_image image=&#8220;14985&#8243; img_size=&#8220;full&#8220; alignment=&#8220;center&#8220; style=&#8220;vc_box_rounded&#8220; onclick=&#8220;custom_link&#8220; link=&#8220;https:\/\/love4tennis.com\/sk\/programy\/profesionalni-hraci\/vikendovy-program\/&#8220;][\/vc_column][vc_column width=&#8220;1\/2&#8243;][vc_single_image image=&#8220;15431&#8243; img_size=&#8220;full&#8220; alignment=&#8220;center&#8220; style=&#8220;vc_box_rounded&#8220; onclick=&#8220;custom_link&#8220; link=&#8220;https:\/\/love4tennis.com\/sk\/programy\/profesionalni-hraci\/online-treningovy-program-pre-tenisovych-hracov\/&#8220; label=&#8220;&#8220;][\/vc_column][\/vc_row]<\/p>\n<\/div>","protected":false},"excerpt":{"rendered":"<p>[vc_row wrap_container=&#8220;yes&#8220;][vc_column][vc_empty_space][vc_column_text] LOVE4TENNIS DOMINIKA CIBULKOVA\u00a0ACADEMY\u00a0m\u00e1 bohat\u00e9 sk\u00fasenosti s pr\u00edpravou vrchlov\u00fdch tenistov a preto pre svojich hr\u00e1\u010dov pon\u00faka 5 druhy programov, ktor\u00e9 najviac zodpovedaj\u00fa individu\u00e1lnym potreb\u00e1m ka\u017ed\u00e9ho hr\u00e1\u010da. CELORO\u010cN\u00dd PROGRAM &#8211; [&hellip;]<\/p>\n","protected":false},"author":1,"featured_media":0,"parent":8735,"menu_order":0,"comment_status":"closed","ping_status":"closed","template":"","meta":{"footnotes":""},"class_list":["post-5524","page","type-page","status-publish","hentry"],"yoast_head":"<!-- This site is optimized with the Yoast SEO plugin v23.1 - https:\/\/yoast.com\/wordpress\/plugins\/seo\/ -->\n<title>Tenisov\u00e9 programy pre profesion\u00e1lnych hr\u00e1\u010dov | Love4Tennis.com<\/title>\n<meta name=\"description\" content=\"Hr\u00e1\u010dovi priprav\u00edme program presne pod\u013ea jeho po\u017eiadaviek. \u010ci u\u017e s\u00fa jeho ciele sta\u0165 sa profesion\u00e1lnym hr\u00e1\u010dom alebo sa dosta\u0165 na univerzitu v USA.\" \/>\n<meta name=\"robots\" content=\"index, follow, max-snippet:-1, max-image-preview:large, max-video-preview:-1\" \/>\n<link rel=\"canonical\" href=\"https:\/\/love4tennis.com\/sk\/programy\/profesionalni-hraci\/\" \/>\n<meta property=\"og:locale\" content=\"sk_SK\" \/>\n<meta property=\"og:type\" content=\"article\" \/>\n<meta property=\"og:title\" content=\"Tenisov\u00e9 programy pre profesion\u00e1lnych hr\u00e1\u010dov | Love4Tennis.com\" \/>\n<meta property=\"og:description\" content=\"Hr\u00e1\u010dovi priprav\u00edme program presne pod\u013ea jeho po\u017eiadaviek. \u010ci u\u017e s\u00fa jeho ciele sta\u0165 sa profesion\u00e1lnym hr\u00e1\u010dom alebo sa dosta\u0165 na univerzitu v USA.\" \/>\n<meta property=\"og:url\" content=\"https:\/\/love4tennis.com\/sk\/programy\/profesionalni-hraci\/\" \/>\n<meta property=\"og:site_name\" content=\"L4T\" \/>\n<meta property=\"article:publisher\" content=\"https:\/\/www.facebook.com\/TKLOVE4TENNIS\/\" \/>\n<meta property=\"article:modified_time\" content=\"2024-08-01T13:57:20+00:00\" \/>\n<meta name=\"twitter:card\" content=\"summary_large_image\" \/>\n<meta name=\"twitter:label1\" content=\"Predpokladan\u00fd \u010das \u010d\u00edtania\" \/>\n\t<meta name=\"twitter:data1\" content=\"3 min\u00faty\" \/>\n<script type=\"application\/ld+json\" class=\"yoast-schema-graph\">{\"@context\":\"https:\/\/schema.org\",\"@graph\":[{\"@type\":\"WebPage\",\"@id\":\"https:\/\/love4tennis.com\/sk\/programy\/profesionalni-hraci\/\",\"url\":\"https:\/\/love4tennis.com\/sk\/programy\/profesionalni-hraci\/\",\"name\":\"Tenisov\u00e9 programy pre profesion\u00e1lnych hr\u00e1\u010dov | Love4Tennis.com\",\"isPartOf\":{\"@id\":\"https:\/\/love4tennis.com\/#website\"},\"datePublished\":\"2016-01-03T20:32:04+00:00\",\"dateModified\":\"2024-08-01T13:57:20+00:00\",\"description\":\"Hr\u00e1\u010dovi priprav\u00edme program presne pod\u013ea jeho po\u017eiadaviek. \u010ci u\u017e s\u00fa jeho ciele sta\u0165 sa profesion\u00e1lnym hr\u00e1\u010dom alebo sa dosta\u0165 na univerzitu v USA.\",\"breadcrumb\":{\"@id\":\"https:\/\/love4tennis.com\/sk\/programy\/profesionalni-hraci\/#breadcrumb\"},\"inLanguage\":\"sk-SK\",\"potentialAction\":[{\"@type\":\"ReadAction\",\"target\":[\"https:\/\/love4tennis.com\/sk\/programy\/profesionalni-hraci\/\"]}]},{\"@type\":\"BreadcrumbList\",\"@id\":\"https:\/\/love4tennis.com\/sk\/programy\/profesionalni-hraci\/#breadcrumb\",\"itemListElement\":[{\"@type\":\"ListItem\",\"position\":1,\"name\":\"Dom\u00e1ca str\u00e1nka\",\"item\":\"https:\/\/love4tennis.com\/sk\/\"},{\"@type\":\"ListItem\",\"position\":2,\"name\":\"Programy\",\"item\":\"https:\/\/love4tennis.com\/sk\/programy\/\"},{\"@type\":\"ListItem\",\"position\":3,\"name\":\"Profesion\u00e1lni hr\u00e1\u010di\"}]},{\"@type\":\"WebSite\",\"@id\":\"https:\/\/love4tennis.com\/#website\",\"url\":\"https:\/\/love4tennis.com\/\",\"name\":\"L4T\",\"description\":\"\",\"publisher\":{\"@id\":\"https:\/\/love4tennis.com\/#organization\"},\"potentialAction\":[{\"@type\":\"SearchAction\",\"target\":{\"@type\":\"EntryPoint\",\"urlTemplate\":\"https:\/\/love4tennis.com\/?s={search_term_string}\"},\"query-input\":\"required name=search_term_string\"}],\"inLanguage\":\"sk-SK\"},{\"@type\":\"Organization\",\"@id\":\"https:\/\/love4tennis.com\/#organization\",\"name\":\"Love4Tennis Academy\",\"url\":\"https:\/\/love4tennis.com\/\",\"logo\":{\"@type\":\"ImageObject\",\"inLanguage\":\"sk-SK\",\"@id\":\"https:\/\/love4tennis.com\/#\/schema\/logo\/image\/\",\"url\":\"https:\/\/love4tennis.com\/wp-content\/uploads\/2018\/10\/logo_love4tennis.jpg\",\"contentUrl\":\"https:\/\/love4tennis.com\/wp-content\/uploads\/2018\/10\/logo_love4tennis.jpg\",\"width\":608,\"height\":315,\"caption\":\"Love4Tennis Academy\"},\"image\":{\"@id\":\"https:\/\/love4tennis.com\/#\/schema\/logo\/image\/\"},\"sameAs\":[\"https:\/\/www.facebook.com\/TKLOVE4TENNIS\/\"]}]}<\/script>\n<!-- \/ Yoast SEO plugin. -->","yoast_head_json":{"title":"Tenisov\u00e9 programy pre profesion\u00e1lnych hr\u00e1\u010dov | Love4Tennis.com","description":"Hr\u00e1\u010dovi priprav\u00edme program presne pod\u013ea jeho po\u017eiadaviek. \u010ci u\u017e s\u00fa jeho ciele sta\u0165 sa profesion\u00e1lnym hr\u00e1\u010dom alebo sa dosta\u0165 na univerzitu v USA.","robots":{"index":"index","follow":"follow","max-snippet":"max-snippet:-1","max-image-preview":"max-image-preview:large","max-video-preview":"max-video-preview:-1"},"canonical":"https:\/\/love4tennis.com\/sk\/programy\/profesionalni-hraci\/","og_locale":"sk_SK","og_type":"article","og_title":"Tenisov\u00e9 programy pre profesion\u00e1lnych hr\u00e1\u010dov | Love4Tennis.com","og_description":"Hr\u00e1\u010dovi priprav\u00edme program presne pod\u013ea jeho po\u017eiadaviek. \u010ci u\u017e s\u00fa jeho ciele sta\u0165 sa profesion\u00e1lnym hr\u00e1\u010dom alebo sa dosta\u0165 na univerzitu v USA.","og_url":"https:\/\/love4tennis.com\/sk\/programy\/profesionalni-hraci\/","og_site_name":"L4T","article_publisher":"https:\/\/www.facebook.com\/TKLOVE4TENNIS\/","article_modified_time":"2024-08-01T13:57:20+00:00","twitter_card":"summary_large_image","twitter_misc":{"Predpokladan\u00fd \u010das \u010d\u00edtania":"3 min\u00faty"},"schema":{"@context":"https:\/\/schema.org","@graph":[{"@type":"WebPage","@id":"https:\/\/love4tennis.com\/sk\/programy\/profesionalni-hraci\/","url":"https:\/\/love4tennis.com\/sk\/programy\/profesionalni-hraci\/","name":"Tenisov\u00e9 programy pre profesion\u00e1lnych hr\u00e1\u010dov | Love4Tennis.com","isPartOf":{"@id":"https:\/\/love4tennis.com\/#website"},"datePublished":"2016-01-03T20:32:04+00:00","dateModified":"2024-08-01T13:57:20+00:00","description":"Hr\u00e1\u010dovi priprav\u00edme program presne pod\u013ea jeho po\u017eiadaviek. \u010ci u\u017e s\u00fa jeho ciele sta\u0165 sa profesion\u00e1lnym hr\u00e1\u010dom alebo sa dosta\u0165 na univerzitu v USA.","breadcrumb":{"@id":"https:\/\/love4tennis.com\/sk\/programy\/profesionalni-hraci\/#breadcrumb"},"inLanguage":"sk-SK","potentialAction":[{"@type":"ReadAction","target":["https:\/\/love4tennis.com\/sk\/programy\/profesionalni-hraci\/"]}]},{"@type":"BreadcrumbList","@id":"https:\/\/love4tennis.com\/sk\/programy\/profesionalni-hraci\/#breadcrumb","itemListElement":[{"@type":"ListItem","position":1,"name":"Dom\u00e1ca str\u00e1nka","item":"https:\/\/love4tennis.com\/sk\/"},{"@type":"ListItem","position":2,"name":"Programy","item":"https:\/\/love4tennis.com\/sk\/programy\/"},{"@type":"ListItem","position":3,"name":"Profesion\u00e1lni hr\u00e1\u010di"}]},{"@type":"WebSite","@id":"https:\/\/love4tennis.com\/#website","url":"https:\/\/love4tennis.com\/","name":"L4T","description":"","publisher":{"@id":"https:\/\/love4tennis.com\/#organization"},"potentialAction":[{"@type":"SearchAction","target":{"@type":"EntryPoint","urlTemplate":"https:\/\/love4tennis.com\/?s={search_term_string}"},"query-input":"required name=search_term_string"}],"inLanguage":"sk-SK"},{"@type":"Organization","@id":"https:\/\/love4tennis.com\/#organization","name":"Love4Tennis Academy","url":"https:\/\/love4tennis.com\/","logo":{"@type":"ImageObject","inLanguage":"sk-SK","@id":"https:\/\/love4tennis.com\/#\/schema\/logo\/image\/","url":"https:\/\/love4tennis.com\/wp-content\/uploads\/2018\/10\/logo_love4tennis.jpg","contentUrl":"https:\/\/love4tennis.com\/wp-content\/uploads\/2018\/10\/logo_love4tennis.jpg","width":608,"height":315,"caption":"Love4Tennis Academy"},"image":{"@id":"https:\/\/love4tennis.com\/#\/schema\/logo\/image\/"},"sameAs":["https:\/\/www.facebook.com\/TKLOVE4TENNIS\/"]}]}},"_links":{"self":[{"href":"https:\/\/love4tennis.com\/sk\/wp-json\/wp\/v2\/pages\/5524"}],"collection":[{"href":"https:\/\/love4tennis.com\/sk\/wp-json\/wp\/v2\/pages"}],"about":[{"href":"https:\/\/love4tennis.com\/sk\/wp-json\/wp\/v2\/types\/page"}],"author":[{"embeddable":true,"href":"https:\/\/love4tennis.com\/sk\/wp-json\/wp\/v2\/users\/1"}],"replies":[{"embeddable":true,"href":"https:\/\/love4tennis.com\/sk\/wp-json\/wp\/v2\/comments?post=5524"}],"version-history":[{"count":5,"href":"https:\/\/love4tennis.com\/sk\/wp-json\/wp\/v2\/pages\/5524\/revisions"}],"predecessor-version":[{"id":24202,"href":"https:\/\/love4tennis.com\/sk\/wp-json\/wp\/v2\/pages\/5524\/revisions\/24202"}],"up":[{"embeddable":true,"href":"https:\/\/love4tennis.com\/sk\/wp-json\/wp\/v2\/pages\/8735"}],"wp:attachment":[{"href":"https:\/\/love4tennis.com\/sk\/wp-json\/wp\/v2\/media?parent=5524"}],"curies":[{"name":"wp","href":"https:\/\/api.w.org\/{rel}","templated":true}]}}