{"id":5534,"date":"2016-01-03T17:32:52","date_gmt":"2016-01-03T15:32:52","guid":{"rendered":"https:\/\/love4tennis.com\/sk\/club\/"},"modified":"2024-08-02T15:19:33","modified_gmt":"2024-08-02T13:19:33","slug":"spolupraca-2","status":"publish","type":"page","link":"https:\/\/love4tennis.com\/sk\/spolupraca-2\/","title":{"rendered":"Spolupr\u00e1ca"},"content":{"rendered":"<div class=\"wpb-content-wrapper\"><p>[vc_row wrap_container=&#8220;yes&#8220;][vc_column][vc_empty_space]<h1 id=\"uvc-type-wrap-3709\"  data-ultimate-target='#uvc-type-wrap-3709'  data-responsive-json-new='{\"font-size\":\"\",\"line-height\":\"\"}'  class=\"uvc-type-wrap  ult-adjust-bottom-margin ult-responsive short uvc-type-align-center  uvc-wrap-56522805469ece01bad9d8\" style=\"text-align:center;\"><span  data-ultimate-target='#uvc-type-wrap-3709 .mycustfancy'  data-responsive-json-new='{\"font-size\":\"\",\"line-height\":\"\"}'  class=\"ultimate-ticker-prefix mycustfancy ult-responsive\" style=\"font-weight:normal; text-transform: unset;\">N\u00e1\u0161 tenisov\u00fd klub V\u00e1m pon\u00faka <\/span><div id=\"vticker-56522805469ece01bad9d8\"  data-ultimate-target=&#039;#uvc-type-wrap-3709&#039;  data-responsive-json-new=&#039;{&quot;font-size&quot;:&quot;&quot;,&quot;line-height&quot;:&quot;&quot;}&#039;  class=\"ultimate-vticker ticker fancytext-background-enabled \" style=\"color:#ffffff;background:#d24b1e; font-weight:normal; text-transform: unset;\"><ul><li style=&quot;opacity:1&quot;>partnerstvo.<\/li><li style=&quot;opacity:0&quot;>firemn\u00e9 akcie.<\/li><li style=&quot;opacity:0&quot;>dar\u010dekov\u00e9 pouk\u00e1\u017eky.<\/li><li style=&quot;opacity:0&quot;>mo\u017enos\u0165 darova\u0165 2% z dan\u00ed.<\/li><\/ul><\/div><script type=\"text\/javascript\">\n\t\t\t\t\t\tjQuery(function($){\n\t\t\t\t\t\t\t$(document).ready(function(){\n\t\t\t\t\t\t\t\tif( typeof jQuery(\"#vticker-56522805469ece01bad9d8\").easyTicker == \"function\"){\n\t\t\t\t\t\t\t\t\t$(\"#vticker-56522805469ece01bad9d8\").find(\"li\").css(\"opacity\",\"1\");\n\t\t\t\t\t\t\t\t\t\n\t\t\t\t\t\t\t\t\t$(\"#vticker-56522805469ece01bad9d8\").easyTicker({\n\t\t\t\t\t\t\t\t\t\tdirection: \"up\",\n\t\t\t\t\t\t\t\t\t\teasing: \"swing\",\n\t\t\t\t\t\t\t\t\t\tspeed: \"200\",\n\t\t\t\t\t\t\t\t\t\tinterval: \"3000\",\n\t\t\t\t\t\t\t\t\t\theight: \"auto\",\n\t\t\t\t\t\t\t\t\t\tvisible: \"1\",\n\t\t\t\t\t\t\t\t\t\tmousePause: \"0\",\n\t\t\t\t\t\t\t\t\t\tcontrols: {\n\t\t\t\t\t\t\t\t\t\t\tup: \"\",\n\t\t\t\t\t\t\t\t\t\t\tdown: \"\",\n\t\t\t\t\t\t\t\t\t\t\ttoggle: \"\",\n\t\t\t\t\t\t\t\t\t\t\tplayText: \"Play\",\n\t\t\t\t\t\t\t\t\t\t\tstopText: \"Stop\"\n\t\t\t\t\t\t\t\t\t\t}\n\t\t\t\t\t\t\t\t\t});\n\t\t\t\t\t\t\t\t}\n\t\t\t\t\t\t\t});\n\t\t\t\t\t\t});\n\t\t\t\t\t<\/script><\/h1>[vc_column_text css=&#8220;&#8220;]<\/p>\n<p style=\"text-align: justify;\"><span style=\"color: #ff6600;\"><strong>Tenisov\u00fd klub Love4Tennis pon\u00faka svojim klientom mno\u017estvo v\u00fdhod.\u00a0\u00a0<\/strong><\/span><\/p>\n<p style=\"text-align: justify;\"><span style=\"color: #ff6600;\"><a style=\"color: #ff6600;\" href=\"https:\/\/love4tennis.com\/cooperation\/corporate-events\/\"><strong>FIREMN\u00c9 TURNAJE, \u0160PORTOV\u00c9 DNI, S\u00daSTREDENIA, KEMPY A R\u00d4ZNE AKCIE <\/strong>&#8211;<\/a><\/span> v L4T m\u00e1me po piatich rokoch fungovania v are\u00e1li na Turb\u00ednovej ulici v Bratislave\u00a0<strong>bohat\u00e9 sk\u00fasenosti s organizovan\u00edm ak\u00fdchko\u013evek podujat\u00ed.<\/strong><\/p>\n<p style=\"text-align: justify;\"><span style=\"color: #ff6600;\"><strong><a style=\"color: #ff6600;\" href=\"https:\/\/love4tennis.com\/cooperation\/partners\/\">PARTNERSTVO<\/a><\/strong>\u00a0<\/span>&#8211; \u00a0tenisov\u00fd klub a akad\u00e9mia L4T sa st\u00e1va st\u00e1le zn\u00e1mej\u0161ou a najnav\u0161tevovanej\u0161ou.\u00a0<strong>Pon\u00fakame V\u00e1m mo\u017enos\u0165 partnerstva<\/strong>, kde sa m\u00f4\u017eete sta\u0165 na\u0161im partnerom, vybra\u0165 si konkr\u00e9tneho hr\u00e1\u010da a sledova\u0165 jeho napredovanie.<\/p>\n<p style=\"text-align: justify;\"><span style=\"color: #ff6600;\"><a style=\"color: #ff6600;\" href=\"https:\/\/love4tennis.com\/cooperation\/2-2\/\"><strong>2% Z DAN\u00cd<\/strong>\u00a0<\/a><\/span>&#8211; <strong>klub Love 4 Tennis je registrovan\u00fd a m\u00f4\u017ee sa uch\u00e1dza\u0165 o 2% z dan\u00ed.<\/strong>\u00a0U n\u00e1s Vy rozhodnete kde a ako sa Va\u0161e peniaze pou\u017eij\u00fa. M\u00f4\u017eete podpori\u0165 klub, extraligov\u00fd t\u00edm alebo aj Vami zvolen\u00fdch hr\u00e1\u010dov.<\/p>\n<p style=\"text-align: justify;\"><span style=\"color: #ff6600;\"><a style=\"color: #ff6600;\" href=\"https:\/\/love4tennis.com\/cooperation\/gift-voucher\/\"><strong>DAR\u010cEKOV\u00c9 POUK\u00c1\u017dKY <\/strong><\/a><\/span>&#8211; <strong>pote\u0161te svojich zn\u00e1mich jedine\u010dn\u00fdm dar\u010dekom<\/strong>\u00a0vo forme \u0161portov\u00e9ho z\u00e1\u017eitku. V na\u0161ej ponuke n\u00e1jdete pouk\u00e1\u017eky na pren\u00e1jom tenisov\u00fdch kurtov alebo lekcie tenisu s na\u0161imi tr\u00e9nermi.<\/p>\n<p>[\/vc_column_text][\/vc_column][\/vc_row][vc_row wrap_container=&#8220;yes&#8220;][vc_column width=&#8220;1\/2&#8243;][vc_single_image image=&#8220;23222&#8243; img_size=&#8220;full&#8220; onclick=&#8220;custom_link&#8220; css=&#8220;.vc_custom_1722604664400{border-radius: 5px !important;}&#8220; css_animation=&#8220;bottom-to-top&#8220; link=&#8220;https:\/\/love4tennis.com\/sk\/spolupraca-2\/firemne-akcie\/&#8220; label=&#8220;&#8220;][\/vc_column][vc_column width=&#8220;1\/2&#8243;][vc_single_image image=&#8220;23224&#8243; img_size=&#8220;full&#8220; onclick=&#8220;custom_link&#8220; css=&#8220;.vc_custom_1722604685833{border-radius: 5px !important;}&#8220; css_animation=&#8220;bottom-to-top&#8220; link=&#8220;https:\/\/love4tennis.com\/sk\/spolupraca-2\/partneri\/&#8220; label=&#8220;&#8220;][\/vc_column][\/vc_row][vc_row wrap_container=&#8220;yes&#8220;][vc_column width=&#8220;1\/2&#8243;][vc_single_image image=&#8220;23220&#8243; img_size=&#8220;full&#8220; add_caption=&#8220;yes&#8220; onclick=&#8220;custom_link&#8220; css=&#8220;.vc_custom_1722604751162{border-radius: 5px !important;}&#8220; css_animation=&#8220;bottom-to-top&#8220; link=&#8220;https:\/\/love4tennis.com\/sk\/spolupraca-2\/2-2\/&#8220; label=&#8220;&#8220;][\/vc_column][vc_column width=&#8220;1\/2&#8243;][vc_single_image image=&#8220;23226&#8243; img_size=&#8220;full&#8220; onclick=&#8220;custom_link&#8220; css=&#8220;.vc_custom_1722604770767{border-radius: 5px !important;}&#8220; css_animation=&#8220;bottom-to-top&#8220; link=&#8220;https:\/\/love4tennis.com\/sk\/spolupraca-2\/darujte-zazitok\/&#8220; label=&#8220;&#8220;][\/vc_column][\/vc_row]<\/p>\n<\/div>","protected":false},"excerpt":{"rendered":"<p>[vc_row wrap_container=&#8220;yes&#8220;][vc_column][vc_empty_space][vc_column_text css=&#8220;&#8220;] Tenisov\u00fd klub Love4Tennis pon\u00faka svojim klientom mno\u017estvo v\u00fdhod.\u00a0\u00a0 FIREMN\u00c9 TURNAJE, \u0160PORTOV\u00c9 DNI, S\u00daSTREDENIA, KEMPY A R\u00d4ZNE AKCIE &#8211; v L4T m\u00e1me po piatich rokoch fungovania v are\u00e1li [&hellip;]<\/p>\n","protected":false},"author":1,"featured_media":0,"parent":0,"menu_order":0,"comment_status":"closed","ping_status":"closed","template":"","meta":{"footnotes":""},"class_list":["post-5534","page","type-page","status-publish","hentry"],"yoast_head":"<!-- This site is optimized with the Yoast SEO plugin v23.1 - https:\/\/yoast.com\/wordpress\/plugins\/seo\/ -->\n<title>Zistite viac o slu\u017eb\u00e1ch n\u00e1\u0161ho tenisov\u00e9ho klubu | Love4Tennis.com<\/title>\n<meta name=\"description\" content=\"Tenisov\u00fd klub Love4Tennis pon\u00faka svojim klientom mno\u017estvo v\u00fdhod. V klube sa nach\u00e1dza 6 tenisov\u00fdmi kurtov, hotel, re\u0161taur\u00e1cia, bowling a regenera\u010dn\u00e9 centrum.\" \/>\n<meta name=\"robots\" content=\"index, follow, max-snippet:-1, max-image-preview:large, max-video-preview:-1\" \/>\n<link rel=\"canonical\" href=\"https:\/\/love4tennis.com\/sk\/spolupraca-2\/\" \/>\n<meta property=\"og:locale\" content=\"sk_SK\" \/>\n<meta property=\"og:type\" content=\"article\" \/>\n<meta property=\"og:title\" content=\"Zistite viac o slu\u017eb\u00e1ch n\u00e1\u0161ho tenisov\u00e9ho klubu | Love4Tennis.com\" \/>\n<meta property=\"og:description\" content=\"Tenisov\u00fd klub Love4Tennis pon\u00faka svojim klientom mno\u017estvo v\u00fdhod. V klube sa nach\u00e1dza 6 tenisov\u00fdmi kurtov, hotel, re\u0161taur\u00e1cia, bowling a regenera\u010dn\u00e9 centrum.\" \/>\n<meta property=\"og:url\" content=\"https:\/\/love4tennis.com\/sk\/spolupraca-2\/\" \/>\n<meta property=\"og:site_name\" content=\"L4T\" \/>\n<meta property=\"article:publisher\" content=\"https:\/\/www.facebook.com\/TKLOVE4TENNIS\/\" \/>\n<meta property=\"article:modified_time\" content=\"2024-08-02T13:19:33+00:00\" \/>\n<meta name=\"twitter:card\" content=\"summary_large_image\" \/>\n<meta name=\"twitter:label1\" content=\"Predpokladan\u00fd \u010das \u010d\u00edtania\" \/>\n\t<meta name=\"twitter:data1\" content=\"2 min\u00faty\" \/>\n<script type=\"application\/ld+json\" class=\"yoast-schema-graph\">{\"@context\":\"https:\/\/schema.org\",\"@graph\":[{\"@type\":\"WebPage\",\"@id\":\"https:\/\/love4tennis.com\/sk\/spolupraca-2\/\",\"url\":\"https:\/\/love4tennis.com\/sk\/spolupraca-2\/\",\"name\":\"Zistite viac o slu\u017eb\u00e1ch n\u00e1\u0161ho tenisov\u00e9ho klubu | Love4Tennis.com\",\"isPartOf\":{\"@id\":\"https:\/\/love4tennis.com\/#website\"},\"datePublished\":\"2016-01-03T15:32:52+00:00\",\"dateModified\":\"2024-08-02T13:19:33+00:00\",\"description\":\"Tenisov\u00fd klub Love4Tennis pon\u00faka svojim klientom mno\u017estvo v\u00fdhod. V klube sa nach\u00e1dza 6 tenisov\u00fdmi kurtov, hotel, re\u0161taur\u00e1cia, bowling a regenera\u010dn\u00e9 centrum.\",\"breadcrumb\":{\"@id\":\"https:\/\/love4tennis.com\/sk\/spolupraca-2\/#breadcrumb\"},\"inLanguage\":\"sk-SK\",\"potentialAction\":[{\"@type\":\"ReadAction\",\"target\":[\"https:\/\/love4tennis.com\/sk\/spolupraca-2\/\"]}]},{\"@type\":\"BreadcrumbList\",\"@id\":\"https:\/\/love4tennis.com\/sk\/spolupraca-2\/#breadcrumb\",\"itemListElement\":[{\"@type\":\"ListItem\",\"position\":1,\"name\":\"Dom\u00e1ca str\u00e1nka\",\"item\":\"https:\/\/love4tennis.com\/sk\/\"},{\"@type\":\"ListItem\",\"position\":2,\"name\":\"Spolupr\u00e1ca\"}]},{\"@type\":\"WebSite\",\"@id\":\"https:\/\/love4tennis.com\/#website\",\"url\":\"https:\/\/love4tennis.com\/\",\"name\":\"L4T\",\"description\":\"\",\"publisher\":{\"@id\":\"https:\/\/love4tennis.com\/#organization\"},\"potentialAction\":[{\"@type\":\"SearchAction\",\"target\":{\"@type\":\"EntryPoint\",\"urlTemplate\":\"https:\/\/love4tennis.com\/?s={search_term_string}\"},\"query-input\":\"required name=search_term_string\"}],\"inLanguage\":\"sk-SK\"},{\"@type\":\"Organization\",\"@id\":\"https:\/\/love4tennis.com\/#organization\",\"name\":\"Love4Tennis Academy\",\"url\":\"https:\/\/love4tennis.com\/\",\"logo\":{\"@type\":\"ImageObject\",\"inLanguage\":\"sk-SK\",\"@id\":\"https:\/\/love4tennis.com\/#\/schema\/logo\/image\/\",\"url\":\"https:\/\/love4tennis.com\/wp-content\/uploads\/2018\/10\/logo_love4tennis.jpg\",\"contentUrl\":\"https:\/\/love4tennis.com\/wp-content\/uploads\/2018\/10\/logo_love4tennis.jpg\",\"width\":608,\"height\":315,\"caption\":\"Love4Tennis Academy\"},\"image\":{\"@id\":\"https:\/\/love4tennis.com\/#\/schema\/logo\/image\/\"},\"sameAs\":[\"https:\/\/www.facebook.com\/TKLOVE4TENNIS\/\"]}]}<\/script>\n<!-- \/ Yoast SEO plugin. -->","yoast_head_json":{"title":"Zistite viac o slu\u017eb\u00e1ch n\u00e1\u0161ho tenisov\u00e9ho klubu | Love4Tennis.com","description":"Tenisov\u00fd klub Love4Tennis pon\u00faka svojim klientom mno\u017estvo v\u00fdhod. V klube sa nach\u00e1dza 6 tenisov\u00fdmi kurtov, hotel, re\u0161taur\u00e1cia, bowling a regenera\u010dn\u00e9 centrum.","robots":{"index":"index","follow":"follow","max-snippet":"max-snippet:-1","max-image-preview":"max-image-preview:large","max-video-preview":"max-video-preview:-1"},"canonical":"https:\/\/love4tennis.com\/sk\/spolupraca-2\/","og_locale":"sk_SK","og_type":"article","og_title":"Zistite viac o slu\u017eb\u00e1ch n\u00e1\u0161ho tenisov\u00e9ho klubu | Love4Tennis.com","og_description":"Tenisov\u00fd klub Love4Tennis pon\u00faka svojim klientom mno\u017estvo v\u00fdhod. V klube sa nach\u00e1dza 6 tenisov\u00fdmi kurtov, hotel, re\u0161taur\u00e1cia, bowling a regenera\u010dn\u00e9 centrum.","og_url":"https:\/\/love4tennis.com\/sk\/spolupraca-2\/","og_site_name":"L4T","article_publisher":"https:\/\/www.facebook.com\/TKLOVE4TENNIS\/","article_modified_time":"2024-08-02T13:19:33+00:00","twitter_card":"summary_large_image","twitter_misc":{"Predpokladan\u00fd \u010das \u010d\u00edtania":"2 min\u00faty"},"schema":{"@context":"https:\/\/schema.org","@graph":[{"@type":"WebPage","@id":"https:\/\/love4tennis.com\/sk\/spolupraca-2\/","url":"https:\/\/love4tennis.com\/sk\/spolupraca-2\/","name":"Zistite viac o slu\u017eb\u00e1ch n\u00e1\u0161ho tenisov\u00e9ho klubu | Love4Tennis.com","isPartOf":{"@id":"https:\/\/love4tennis.com\/#website"},"datePublished":"2016-01-03T15:32:52+00:00","dateModified":"2024-08-02T13:19:33+00:00","description":"Tenisov\u00fd klub Love4Tennis pon\u00faka svojim klientom mno\u017estvo v\u00fdhod. V klube sa nach\u00e1dza 6 tenisov\u00fdmi kurtov, hotel, re\u0161taur\u00e1cia, bowling a regenera\u010dn\u00e9 centrum.","breadcrumb":{"@id":"https:\/\/love4tennis.com\/sk\/spolupraca-2\/#breadcrumb"},"inLanguage":"sk-SK","potentialAction":[{"@type":"ReadAction","target":["https:\/\/love4tennis.com\/sk\/spolupraca-2\/"]}]},{"@type":"BreadcrumbList","@id":"https:\/\/love4tennis.com\/sk\/spolupraca-2\/#breadcrumb","itemListElement":[{"@type":"ListItem","position":1,"name":"Dom\u00e1ca str\u00e1nka","item":"https:\/\/love4tennis.com\/sk\/"},{"@type":"ListItem","position":2,"name":"Spolupr\u00e1ca"}]},{"@type":"WebSite","@id":"https:\/\/love4tennis.com\/#website","url":"https:\/\/love4tennis.com\/","name":"L4T","description":"","publisher":{"@id":"https:\/\/love4tennis.com\/#organization"},"potentialAction":[{"@type":"SearchAction","target":{"@type":"EntryPoint","urlTemplate":"https:\/\/love4tennis.com\/?s={search_term_string}"},"query-input":"required name=search_term_string"}],"inLanguage":"sk-SK"},{"@type":"Organization","@id":"https:\/\/love4tennis.com\/#organization","name":"Love4Tennis Academy","url":"https:\/\/love4tennis.com\/","logo":{"@type":"ImageObject","inLanguage":"sk-SK","@id":"https:\/\/love4tennis.com\/#\/schema\/logo\/image\/","url":"https:\/\/love4tennis.com\/wp-content\/uploads\/2018\/10\/logo_love4tennis.jpg","contentUrl":"https:\/\/love4tennis.com\/wp-content\/uploads\/2018\/10\/logo_love4tennis.jpg","width":608,"height":315,"caption":"Love4Tennis Academy"},"image":{"@id":"https:\/\/love4tennis.com\/#\/schema\/logo\/image\/"},"sameAs":["https:\/\/www.facebook.com\/TKLOVE4TENNIS\/"]}]}},"_links":{"self":[{"href":"https:\/\/love4tennis.com\/sk\/wp-json\/wp\/v2\/pages\/5534"}],"collection":[{"href":"https:\/\/love4tennis.com\/sk\/wp-json\/wp\/v2\/pages"}],"about":[{"href":"https:\/\/love4tennis.com\/sk\/wp-json\/wp\/v2\/types\/page"}],"author":[{"embeddable":true,"href":"https:\/\/love4tennis.com\/sk\/wp-json\/wp\/v2\/users\/1"}],"replies":[{"embeddable":true,"href":"https:\/\/love4tennis.com\/sk\/wp-json\/wp\/v2\/comments?post=5534"}],"version-history":[{"count":7,"href":"https:\/\/love4tennis.com\/sk\/wp-json\/wp\/v2\/pages\/5534\/revisions"}],"predecessor-version":[{"id":24302,"href":"https:\/\/love4tennis.com\/sk\/wp-json\/wp\/v2\/pages\/5534\/revisions\/24302"}],"wp:attachment":[{"href":"https:\/\/love4tennis.com\/sk\/wp-json\/wp\/v2\/media?parent=5534"}],"curies":[{"name":"wp","href":"https:\/\/api.w.org\/{rel}","templated":true}]}}