{"id":7882,"date":"2016-11-25T11:36:31","date_gmt":"2016-11-25T09:36:31","guid":{"rendered":"https:\/\/love4tennis.com\/sk\/?page_id=7882"},"modified":"2024-08-01T15:57:22","modified_gmt":"2024-08-01T13:57:22","slug":"darujte-zazitok","status":"publish","type":"page","link":"https:\/\/love4tennis.com\/sk\/spolupraca-2\/darujte-zazitok\/","title":{"rendered":"Darujte z\u00e1\u017eitok"},"content":{"rendered":"<div class=\"wpb-content-wrapper\"><p>[vc_row][vc_column][vc_empty_space]<h1 id=\"uvc-type-wrap-8038\"  data-ultimate-target='#uvc-type-wrap-8038'  data-responsive-json-new='{\"font-size\":\"\",\"line-height\":\"\"}'  class=\"uvc-type-wrap  ult-adjust-bottom-margin ult-responsive  uvc-type-align-center  uvc-wrap-2673285069ecdffd0585f\" style=\"text-align:center;\"><span  data-ultimate-target='#uvc-type-wrap-8038 .mycustfancy'  data-responsive-json-new='{\"font-size\":\"\",\"line-height\":\"\"}'  class=\"ultimate-ticker-prefix mycustfancy ult-responsive\" style=\"font-weight:normal; text-transform: unset;\">Darujte svojim <\/span><div id=\"vticker-2673285069ecdffd0585f\"  data-ultimate-target=&#039;#uvc-type-wrap-8038&#039;  data-responsive-json-new=&#039;{&quot;font-size&quot;:&quot;&quot;,&quot;line-height&quot;:&quot;&quot;}&#039;  class=\"ultimate-vticker ticker fancytext-background-enabled \" style=\"color:#ffffff;background:#d24b1e; font-weight:normal; text-transform: unset;\"><ul><li style=&quot;opacity:1&quot;>bl\u00edzkym<\/li><li style=&quot;opacity:0&quot;>priate\u013eom<\/li><li style=&quot;opacity:0&quot;>zn\u00e1mym<\/li><\/ul><\/div><span  data-ultimate-target='#uvc-type-wrap-8038 .mycustfancy'  data-responsive-json-new='{\"font-size\":\"\",\"line-height\":\"\"}'  class=\"ultimate-ticker-suffix mycustfancy ult-responsive\" style=\"font-weight:normal; text-transform: unset;\"> pod strom\u010dek \u0161portov\u00fd z\u00e1\u017eitok.<\/span><script type=\"text\/javascript\">\n\t\t\t\t\t\tjQuery(function($){\n\t\t\t\t\t\t\t$(document).ready(function(){\n\t\t\t\t\t\t\t\tif( typeof jQuery(\"#vticker-2673285069ecdffd0585f\").easyTicker == \"function\"){\n\t\t\t\t\t\t\t\t\t$(\"#vticker-2673285069ecdffd0585f\").find(\"li\").css(\"opacity\",\"1\");\n\t\t\t\t\t\t\t\t\t\n\t\t\t\t\t\t\t\t\t$(\"#vticker-2673285069ecdffd0585f\").easyTicker({\n\t\t\t\t\t\t\t\t\t\tdirection: \"up\",\n\t\t\t\t\t\t\t\t\t\teasing: \"swing\",\n\t\t\t\t\t\t\t\t\t\tspeed: \"200\",\n\t\t\t\t\t\t\t\t\t\tinterval: \"3000\",\n\t\t\t\t\t\t\t\t\t\theight: \"auto\",\n\t\t\t\t\t\t\t\t\t\tvisible: \"1\",\n\t\t\t\t\t\t\t\t\t\tmousePause: \"0\",\n\t\t\t\t\t\t\t\t\t\tcontrols: {\n\t\t\t\t\t\t\t\t\t\t\tup: \"\",\n\t\t\t\t\t\t\t\t\t\t\tdown: \"\",\n\t\t\t\t\t\t\t\t\t\t\ttoggle: \"\",\n\t\t\t\t\t\t\t\t\t\t\tplayText: \"Play\",\n\t\t\t\t\t\t\t\t\t\t\tstopText: \"Stop\"\n\t\t\t\t\t\t\t\t\t\t}\n\t\t\t\t\t\t\t\t\t});\n\t\t\t\t\t\t\t\t}\n\t\t\t\t\t\t\t});\n\t\t\t\t\t\t});\n\t\t\t\t\t<\/script><\/h1>[vc_empty_space][\/vc_column][\/vc_row][vc_row wrap_container=&#8220;yes&#8220;][vc_column][vc_single_image image=&#8220;15338&#8243; img_size=&#8220;full&#8220; style=&#8220;vc_box_outline&#8220; border_color=&#8220;green&#8220;][\/vc_column][\/vc_row][vc_row wrap_container=&#8220;yes&#8220;][vc_column]<div id=\"modal-trg-txt-wrap-8135\" class=\"ult-modal-input-wrapper ult-adjust-bottom-margin    \" data-keypress-control=\"keypress-control-enable\" data-overlay-control=\"overlay-control-enable\"><button  data-ultimate-target='#modal-trg-txt-wrap-8135 .btn-modal'  data-responsive-json-new='{\"font-size\":\"\",\"line-height\":\"\"}'  style=\"background:#d24b1e;border-color:#d24b1e;color:#FFFFFF; \" data-class-id=\"content-69ecdffd05b187-93091904\" class=\"btn-modal ult-responsive btn-primary btn-modal-lg overlay-show ult-align-center btn-id-69ecdffd05b187-93091904\" data-overlay-class=\"overlay-cornerbottomleft\">Kontaktujte N\u00e1s<\/button><\/div>\n<div class=\"ult-overlay content-69ecdffd05b187-93091904 \" data-class=\"content-69ecdffd05b187-93091904\" id=\"button-click-overlay\" style=\"background:rgba(51,51,51,0.8); display:none;\">\n\t<div class=\"ult_modal ult-fade ult-block\">\n\t\t<div id=\"ult-modal-wrap-5429\" class=\"ult_modal-content ult-hide\" style=\"border-style:solid;border-width:2px;border-radius:0px;border-color:#333333;\">\n\t\t\t<div class=\"ult_modal-header\" style=\"color:#333333;border-color:#333333;\">\n\t\t\t\t<h3  data-ultimate-target='#ult-modal-wrap-5429 .ult_modal-title'  data-responsive-json-new='{\"font-size\":\"\",\"line-height\":\"\"}'  class=\"ult_modal-title ult-responsive\">Kontaktujte N\u00e1s<\/h3>\n\t\t\t<\/div>\n\t\t\t<div  data-ultimate-target='#ult-modal-wrap-5429 .ult_modal-body'  data-responsive-json-new='{\"font-size\":\"\",\"line-height\":\"\"}'  class=\"ult_modal-body ult-responsive ult-html\" style=\"\">\n\t\t\t\n<div class=\"wpcf7 no-js\" id=\"wpcf7-f6080-o1\" lang=\"sk-SK\" dir=\"ltr\">\n<div class=\"screen-reader-response\"><p role=\"status\" aria-live=\"polite\" aria-atomic=\"true\"><\/p> <ul><\/ul><\/div>\n<form action=\"\/sk\/wp-json\/wp\/v2\/pages\/7882#wpcf7-f6080-o1\" method=\"post\" class=\"wpcf7-form init\" aria-label=\"Kontaktn\u00fd formul\u00e1r\" novalidate=\"novalidate\" data-status=\"init\">\n<div style=\"display: none;\">\n<input type=\"hidden\" name=\"_wpcf7\" value=\"6080\" \/>\n<input type=\"hidden\" name=\"_wpcf7_version\" value=\"5.9.8\" \/>\n<input type=\"hidden\" name=\"_wpcf7_locale\" value=\"sk_SK\" \/>\n<input type=\"hidden\" name=\"_wpcf7_unit_tag\" value=\"wpcf7-f6080-o1\" \/>\n<input type=\"hidden\" name=\"_wpcf7_container_post\" value=\"0\" \/>\n<input type=\"hidden\" name=\"_wpcf7_posted_data_hash\" value=\"\" \/>\n<\/div>\n<h2 class=\"short\"><strong>Kontaktujte<\/strong> N\u00e1s<\/h2>\n<div class=\"row\">\n    <div class=\"col-md-6\">\n        <div class=\"form-group\">\n            <label for=\"contact-name\">Va\u0161e Meno *<\/label>\n            <span class=\"wpcf7-form-control-wrap\" data-name=\"your-name\"><input size=\"40\" maxlength=\"400\" class=\"wpcf7-form-control wpcf7-text wpcf7-validates-as-required form-control\" id=\"contact-name\" aria-required=\"true\" aria-invalid=\"false\" value=\"\" type=\"text\" name=\"your-name\" \/><\/span>\n        <\/div>\n    <\/div>\n    <div class=\"col-md-6\">\n        <div class=\"form-group\">\n            <label for=\"contact-email\">V\u00e1\u0161 email *<\/label>\n            <span class=\"wpcf7-form-control-wrap\" data-name=\"your-email\"><input size=\"40\" maxlength=\"400\" class=\"wpcf7-form-control wpcf7-email wpcf7-validates-as-required wpcf7-text wpcf7-validates-as-email form-control\" id=\"contact-email\" aria-required=\"true\" aria-invalid=\"false\" value=\"\" type=\"email\" name=\"your-email\" \/><\/span>\n        <\/div>\n    <\/div>\n    <div class=\"col-md-12\">\n        <div class=\"form-group\">\n            <label for=\"contact-subject\">Predmet *<\/label><br>\n            <span class=\"wpcf7-form-control-wrap\" data-name=\"menu-subject\"><select class=\"wpcf7-form-control wpcf7-select wpcf7-validates-as-required\" aria-required=\"true\" aria-invalid=\"false\" name=\"menu-subject\"><option value=\"\">&#8212;Zvo\u013ete pros\u00edm mo\u017enos\u0165&#8212;<\/option><option value=\"Celoro\u010dn\u00fd program\">Celoro\u010dn\u00fd program<\/option><option value=\"Profesion\u00e1lny tenisov\u00fd kemp\">Profesion\u00e1lny tenisov\u00fd kemp<\/option><option value=\"Skupinov\u00fd tenisov\u00fd kemp\">Skupinov\u00fd tenisov\u00fd kemp<\/option><option value=\"Program \u0160tipendium\">Program \u0160tipendium<\/option><option value=\"V\u00edkendov\u00fd Program\">V\u00edkendov\u00fd Program<\/option><option value=\"Online tr\u00e9ningov\u00fd program\">Online tr\u00e9ningov\u00fd program<\/option><option value=\"Detsk\u00e1 akad\u00e9mia od 5 do 12 rokov\">Detsk\u00e1 akad\u00e9mia od 5 do 12 rokov<\/option><option value=\"Letn\u00fd t\u00e1bor\">Letn\u00fd t\u00e1bor<\/option><option value=\"1 Hodina s tr\u00e9nerom\">1 Hodina s tr\u00e9nerom<\/option><option value=\"In\u00e9\">In\u00e9<\/option><\/select><\/span>\n        <\/div>\n    <\/div>\n    <div class=\"col-md-12\">\n        <div class=\"form-group\">\n            <label for=\"contact-message\">Va\u0161a Spr\u00e1va<\/label>\n            <span class=\"wpcf7-form-control-wrap\" data-name=\"your-message\"><textarea cols=\"40\" rows=\"10\" maxlength=\"2000\" class=\"wpcf7-form-control wpcf7-textarea form-control\" id=\"contact-message\" aria-invalid=\"false\" name=\"your-message\"><\/textarea><\/span>\n        <\/div>\n\n\n    <\/div>\n    <div class=\"col-md-12\">\n        <div class=\"form-group\">\n            <input class=\"wpcf7-form-control wpcf7-submit has-spinner btn btn-primary btn-lg\" type=\"submit\" value=\"Posla\u0165\" \/>\n        <\/div>\n    <\/div>\n<\/div><input type=\"hidden\" id=\"ct_checkjs_cf7_97e8527feaf77a97fc38f34216141515\" name=\"ct_checkjs_cf7\" value=\"0\" \/><script >setTimeout(function(){var ct_input_name = \"ct_checkjs_cf7_97e8527feaf77a97fc38f34216141515\";if (document.getElementById(ct_input_name) !== null) {var ct_input_value = document.getElementById(ct_input_name).value;document.getElementById(ct_input_name).value = document.getElementById(ct_input_name).value.replace(ct_input_value, 'c4338c370b1f6c6d13140095f0a48c251330e4c9b8afecae390ad2ae37f6c8a1');}}, 1000);<\/script><input\n                    class=\"apbct_special_field apbct_email_id__wp_contact_form_7\"\n                    name=\"apbct__email_id__wp_contact_form_7\"\n                    aria-label=\"apbct__label_id__wp_contact_form_7\"\n                    type=\"text\" size=\"30\" maxlength=\"200\" autocomplete=\"off\"\n                    value=\"\"\n                \/><div class=\"wpcf7-response-output\" aria-hidden=\"true\"><\/div>\n<\/form>\n<\/div>\n\n\t\t\t<\/div>\n\t<\/div>\n\t<\/div>\n\t<div class=\"ult-overlay-close top-right\" style=\" \"><div class=\"ult-overlay-close-inside\">Close<\/div><\/div>\n<\/div>[\/vc_column][\/vc_row]<\/p>\n<\/div>","protected":false},"excerpt":{"rendered":"<p>[vc_row][vc_column][vc_empty_space][vc_empty_space][\/vc_column][\/vc_row][vc_row wrap_container=&#8220;yes&#8220;][vc_column][vc_single_image image=&#8220;15338&#8243; img_size=&#8220;full&#8220; style=&#8220;vc_box_outline&#8220; border_color=&#8220;green&#8220;][\/vc_column][\/vc_row][vc_row wrap_container=&#8220;yes&#8220;][vc_column][\/vc_column][\/vc_row]<\/p>\n","protected":false},"author":1,"featured_media":0,"parent":5534,"menu_order":0,"comment_status":"closed","ping_status":"closed","template":"","meta":{"footnotes":""},"class_list":["post-7882","page","type-page","status-publish","hentry"],"yoast_head":"<!-- This site is optimized with the Yoast SEO plugin v23.1 - https:\/\/yoast.com\/wordpress\/plugins\/seo\/ -->\n<title>Dar\u010dekov\u00e1 pouk\u00e1\u017eka od tenisovej akad\u00e9mii | Love4Tennis.com<\/title>\n<meta name=\"description\" content=\"Pote\u0161te svojich najbli\u017e\u0161\u00edch \u0161portov\u00fdm z\u00e1\u017eitkom. Na v\u00fdber je pren\u00e1jom tenisov\u00e9ho kurtu alebo kurzy s tr\u00e9nerom pre zlep\u0161enie tenisovej v\u00fdkonnosti.\" \/>\n<meta name=\"robots\" content=\"index, follow, max-snippet:-1, max-image-preview:large, max-video-preview:-1\" \/>\n<link rel=\"canonical\" href=\"https:\/\/love4tennis.com\/sk\/spolupraca-2\/darujte-zazitok\/\" \/>\n<meta property=\"og:locale\" content=\"sk_SK\" \/>\n<meta property=\"og:type\" content=\"article\" \/>\n<meta property=\"og:title\" content=\"Dar\u010dekov\u00e1 pouk\u00e1\u017eka od tenisovej akad\u00e9mii | Love4Tennis.com\" \/>\n<meta property=\"og:description\" content=\"Pote\u0161te svojich najbli\u017e\u0161\u00edch \u0161portov\u00fdm z\u00e1\u017eitkom. Na v\u00fdber je pren\u00e1jom tenisov\u00e9ho kurtu alebo kurzy s tr\u00e9nerom pre zlep\u0161enie tenisovej v\u00fdkonnosti.\" \/>\n<meta property=\"og:url\" content=\"https:\/\/love4tennis.com\/sk\/spolupraca-2\/darujte-zazitok\/\" \/>\n<meta property=\"og:site_name\" content=\"L4T\" \/>\n<meta property=\"article:publisher\" content=\"https:\/\/www.facebook.com\/TKLOVE4TENNIS\/\" \/>\n<meta property=\"article:modified_time\" content=\"2024-08-01T13:57:22+00:00\" \/>\n<meta name=\"twitter:card\" content=\"summary_large_image\" \/>\n<meta name=\"twitter:label1\" content=\"Predpokladan\u00fd \u010das \u010d\u00edtania\" \/>\n\t<meta name=\"twitter:data1\" content=\"1 min\u00fata\" \/>\n<script type=\"application\/ld+json\" class=\"yoast-schema-graph\">{\"@context\":\"https:\/\/schema.org\",\"@graph\":[{\"@type\":\"WebPage\",\"@id\":\"https:\/\/love4tennis.com\/sk\/spolupraca-2\/darujte-zazitok\/\",\"url\":\"https:\/\/love4tennis.com\/sk\/spolupraca-2\/darujte-zazitok\/\",\"name\":\"Dar\u010dekov\u00e1 pouk\u00e1\u017eka od tenisovej akad\u00e9mii | Love4Tennis.com\",\"isPartOf\":{\"@id\":\"https:\/\/love4tennis.com\/#website\"},\"datePublished\":\"2016-11-25T09:36:31+00:00\",\"dateModified\":\"2024-08-01T13:57:22+00:00\",\"description\":\"Pote\u0161te svojich najbli\u017e\u0161\u00edch \u0161portov\u00fdm z\u00e1\u017eitkom. Na v\u00fdber je pren\u00e1jom tenisov\u00e9ho kurtu alebo kurzy s tr\u00e9nerom pre zlep\u0161enie tenisovej v\u00fdkonnosti.\",\"breadcrumb\":{\"@id\":\"https:\/\/love4tennis.com\/sk\/spolupraca-2\/darujte-zazitok\/#breadcrumb\"},\"inLanguage\":\"sk-SK\",\"potentialAction\":[{\"@type\":\"ReadAction\",\"target\":[\"https:\/\/love4tennis.com\/sk\/spolupraca-2\/darujte-zazitok\/\"]}]},{\"@type\":\"BreadcrumbList\",\"@id\":\"https:\/\/love4tennis.com\/sk\/spolupraca-2\/darujte-zazitok\/#breadcrumb\",\"itemListElement\":[{\"@type\":\"ListItem\",\"position\":1,\"name\":\"Dom\u00e1ca str\u00e1nka\",\"item\":\"https:\/\/love4tennis.com\/sk\/\"},{\"@type\":\"ListItem\",\"position\":2,\"name\":\"Spolupr\u00e1ca\",\"item\":\"https:\/\/love4tennis.com\/sk\/spolupraca-2\/\"},{\"@type\":\"ListItem\",\"position\":3,\"name\":\"Darujte z\u00e1\u017eitok\"}]},{\"@type\":\"WebSite\",\"@id\":\"https:\/\/love4tennis.com\/#website\",\"url\":\"https:\/\/love4tennis.com\/\",\"name\":\"L4T\",\"description\":\"\",\"publisher\":{\"@id\":\"https:\/\/love4tennis.com\/#organization\"},\"potentialAction\":[{\"@type\":\"SearchAction\",\"target\":{\"@type\":\"EntryPoint\",\"urlTemplate\":\"https:\/\/love4tennis.com\/?s={search_term_string}\"},\"query-input\":\"required name=search_term_string\"}],\"inLanguage\":\"sk-SK\"},{\"@type\":\"Organization\",\"@id\":\"https:\/\/love4tennis.com\/#organization\",\"name\":\"Love4Tennis Academy\",\"url\":\"https:\/\/love4tennis.com\/\",\"logo\":{\"@type\":\"ImageObject\",\"inLanguage\":\"sk-SK\",\"@id\":\"https:\/\/love4tennis.com\/#\/schema\/logo\/image\/\",\"url\":\"https:\/\/love4tennis.com\/wp-content\/uploads\/2018\/10\/logo_love4tennis.jpg\",\"contentUrl\":\"https:\/\/love4tennis.com\/wp-content\/uploads\/2018\/10\/logo_love4tennis.jpg\",\"width\":608,\"height\":315,\"caption\":\"Love4Tennis Academy\"},\"image\":{\"@id\":\"https:\/\/love4tennis.com\/#\/schema\/logo\/image\/\"},\"sameAs\":[\"https:\/\/www.facebook.com\/TKLOVE4TENNIS\/\"]}]}<\/script>\n<!-- \/ Yoast SEO plugin. -->","yoast_head_json":{"title":"Dar\u010dekov\u00e1 pouk\u00e1\u017eka od tenisovej akad\u00e9mii | Love4Tennis.com","description":"Pote\u0161te svojich najbli\u017e\u0161\u00edch \u0161portov\u00fdm z\u00e1\u017eitkom. Na v\u00fdber je pren\u00e1jom tenisov\u00e9ho kurtu alebo kurzy s tr\u00e9nerom pre zlep\u0161enie tenisovej v\u00fdkonnosti.","robots":{"index":"index","follow":"follow","max-snippet":"max-snippet:-1","max-image-preview":"max-image-preview:large","max-video-preview":"max-video-preview:-1"},"canonical":"https:\/\/love4tennis.com\/sk\/spolupraca-2\/darujte-zazitok\/","og_locale":"sk_SK","og_type":"article","og_title":"Dar\u010dekov\u00e1 pouk\u00e1\u017eka od tenisovej akad\u00e9mii | Love4Tennis.com","og_description":"Pote\u0161te svojich najbli\u017e\u0161\u00edch \u0161portov\u00fdm z\u00e1\u017eitkom. Na v\u00fdber je pren\u00e1jom tenisov\u00e9ho kurtu alebo kurzy s tr\u00e9nerom pre zlep\u0161enie tenisovej v\u00fdkonnosti.","og_url":"https:\/\/love4tennis.com\/sk\/spolupraca-2\/darujte-zazitok\/","og_site_name":"L4T","article_publisher":"https:\/\/www.facebook.com\/TKLOVE4TENNIS\/","article_modified_time":"2024-08-01T13:57:22+00:00","twitter_card":"summary_large_image","twitter_misc":{"Predpokladan\u00fd \u010das \u010d\u00edtania":"1 min\u00fata"},"schema":{"@context":"https:\/\/schema.org","@graph":[{"@type":"WebPage","@id":"https:\/\/love4tennis.com\/sk\/spolupraca-2\/darujte-zazitok\/","url":"https:\/\/love4tennis.com\/sk\/spolupraca-2\/darujte-zazitok\/","name":"Dar\u010dekov\u00e1 pouk\u00e1\u017eka od tenisovej akad\u00e9mii | Love4Tennis.com","isPartOf":{"@id":"https:\/\/love4tennis.com\/#website"},"datePublished":"2016-11-25T09:36:31+00:00","dateModified":"2024-08-01T13:57:22+00:00","description":"Pote\u0161te svojich najbli\u017e\u0161\u00edch \u0161portov\u00fdm z\u00e1\u017eitkom. Na v\u00fdber je pren\u00e1jom tenisov\u00e9ho kurtu alebo kurzy s tr\u00e9nerom pre zlep\u0161enie tenisovej v\u00fdkonnosti.","breadcrumb":{"@id":"https:\/\/love4tennis.com\/sk\/spolupraca-2\/darujte-zazitok\/#breadcrumb"},"inLanguage":"sk-SK","potentialAction":[{"@type":"ReadAction","target":["https:\/\/love4tennis.com\/sk\/spolupraca-2\/darujte-zazitok\/"]}]},{"@type":"BreadcrumbList","@id":"https:\/\/love4tennis.com\/sk\/spolupraca-2\/darujte-zazitok\/#breadcrumb","itemListElement":[{"@type":"ListItem","position":1,"name":"Dom\u00e1ca str\u00e1nka","item":"https:\/\/love4tennis.com\/sk\/"},{"@type":"ListItem","position":2,"name":"Spolupr\u00e1ca","item":"https:\/\/love4tennis.com\/sk\/spolupraca-2\/"},{"@type":"ListItem","position":3,"name":"Darujte z\u00e1\u017eitok"}]},{"@type":"WebSite","@id":"https:\/\/love4tennis.com\/#website","url":"https:\/\/love4tennis.com\/","name":"L4T","description":"","publisher":{"@id":"https:\/\/love4tennis.com\/#organization"},"potentialAction":[{"@type":"SearchAction","target":{"@type":"EntryPoint","urlTemplate":"https:\/\/love4tennis.com\/?s={search_term_string}"},"query-input":"required name=search_term_string"}],"inLanguage":"sk-SK"},{"@type":"Organization","@id":"https:\/\/love4tennis.com\/#organization","name":"Love4Tennis Academy","url":"https:\/\/love4tennis.com\/","logo":{"@type":"ImageObject","inLanguage":"sk-SK","@id":"https:\/\/love4tennis.com\/#\/schema\/logo\/image\/","url":"https:\/\/love4tennis.com\/wp-content\/uploads\/2018\/10\/logo_love4tennis.jpg","contentUrl":"https:\/\/love4tennis.com\/wp-content\/uploads\/2018\/10\/logo_love4tennis.jpg","width":608,"height":315,"caption":"Love4Tennis Academy"},"image":{"@id":"https:\/\/love4tennis.com\/#\/schema\/logo\/image\/"},"sameAs":["https:\/\/www.facebook.com\/TKLOVE4TENNIS\/"]}]}},"_links":{"self":[{"href":"https:\/\/love4tennis.com\/sk\/wp-json\/wp\/v2\/pages\/7882"}],"collection":[{"href":"https:\/\/love4tennis.com\/sk\/wp-json\/wp\/v2\/pages"}],"about":[{"href":"https:\/\/love4tennis.com\/sk\/wp-json\/wp\/v2\/types\/page"}],"author":[{"embeddable":true,"href":"https:\/\/love4tennis.com\/sk\/wp-json\/wp\/v2\/users\/1"}],"replies":[{"embeddable":true,"href":"https:\/\/love4tennis.com\/sk\/wp-json\/wp\/v2\/comments?post=7882"}],"version-history":[{"count":6,"href":"https:\/\/love4tennis.com\/sk\/wp-json\/wp\/v2\/pages\/7882\/revisions"}],"predecessor-version":[{"id":15341,"href":"https:\/\/love4tennis.com\/sk\/wp-json\/wp\/v2\/pages\/7882\/revisions\/15341"}],"up":[{"embeddable":true,"href":"https:\/\/love4tennis.com\/sk\/wp-json\/wp\/v2\/pages\/5534"}],"wp:attachment":[{"href":"https:\/\/love4tennis.com\/sk\/wp-json\/wp\/v2\/media?parent=7882"}],"curies":[{"name":"wp","href":"https:\/\/api.w.org\/{rel}","templated":true}]}}