{"id":8719,"date":"2017-01-24T02:06:18","date_gmt":"2017-01-24T00:06:18","guid":{"rendered":"https:\/\/love4tennis.com\/sk\/domace-posobenie\/"},"modified":"2024-08-01T15:57:19","modified_gmt":"2024-08-01T13:57:19","slug":"domace-posobenie","status":"publish","type":"page","link":"https:\/\/love4tennis.com\/sk\/o-nas\/domace-posobenie\/","title":{"rendered":"Dom\u00e1ce p\u00f4sobenie"},"content":{"rendered":"<div class=\"wpb-content-wrapper\"><p>[vc_row wrap_container=&#8220;yes&#8220;][vc_column width=&#8220;1\/2&#8243;][vc_empty_space]<h2 id=\"uvc-type-wrap-2594\"  data-ultimate-target='#uvc-type-wrap-2594'  data-responsive-json-new='{\"font-size\":\"\",\"line-height\":\"\"}'  class=\"uvc-type-wrap  ult-adjust-bottom-margin ult-responsive short uvc-type-align-left  uvc-wrap-149051495969ece02fa219f\" style=\"text-align:left;\"><span  data-ultimate-target='#uvc-type-wrap-2594 .mycustfancy'  data-responsive-json-new='{\"font-size\":\"\",\"line-height\":\"\"}'  class=\"ultimate-ticker-prefix mycustfancy ult-responsive\" style=\"font-weight:bold; text-transform: unset;\">NA\u0160E DOM\u00c1CE P\u00d4SOBENIE<\/span><div id=\"vticker-149051495969ece02fa219f\"  data-ultimate-target=&#039;#uvc-type-wrap-2594&#039;  data-responsive-json-new=&#039;{&quot;font-size&quot;:&quot;&quot;,&quot;line-height&quot;:&quot;&quot;}&#039;  class=\"ultimate-vticker ticker fancytext-background-enabled \" style=\"color:#ffffff;background:#d24b1e; font-weight:bold; text-transform: unset;\"><ul><li style=&quot;opacity:1&quot;><\/li><\/ul><\/div><script type=\"text\/javascript\">\n\t\t\t\t\t\tjQuery(function($){\n\t\t\t\t\t\t\t$(document).ready(function(){\n\t\t\t\t\t\t\t\tif( typeof jQuery(\"#vticker-149051495969ece02fa219f\").easyTicker == \"function\"){\n\t\t\t\t\t\t\t\t\t$(\"#vticker-149051495969ece02fa219f\").find(\"li\").css(\"opacity\",\"1\");\n\t\t\t\t\t\t\t\t\t\n\t\t\t\t\t\t\t\t\t$(\"#vticker-149051495969ece02fa219f\").easyTicker({\n\t\t\t\t\t\t\t\t\t\tdirection: \"up\",\n\t\t\t\t\t\t\t\t\t\teasing: \"swing\",\n\t\t\t\t\t\t\t\t\t\tspeed: \"200\",\n\t\t\t\t\t\t\t\t\t\tinterval: \"3000\",\n\t\t\t\t\t\t\t\t\t\theight: \"auto\",\n\t\t\t\t\t\t\t\t\t\tvisible: \"1\",\n\t\t\t\t\t\t\t\t\t\tmousePause: \"0\",\n\t\t\t\t\t\t\t\t\t\tcontrols: {\n\t\t\t\t\t\t\t\t\t\t\tup: \"\",\n\t\t\t\t\t\t\t\t\t\t\tdown: \"\",\n\t\t\t\t\t\t\t\t\t\t\ttoggle: \"\",\n\t\t\t\t\t\t\t\t\t\t\tplayText: \"Play\",\n\t\t\t\t\t\t\t\t\t\t\tstopText: \"Stop\"\n\t\t\t\t\t\t\t\t\t\t}\n\t\t\t\t\t\t\t\t\t});\n\t\t\t\t\t\t\t\t}\n\t\t\t\t\t\t\t});\n\t\t\t\t\t\t});\n\t\t\t\t\t<\/script><\/h2>[vc_column_text]<\/p>\n<p style=\"text-align: justify;\"><strong>V\u00a0akad\u00e9mii Love4Tennis sa akt\u00edvne zap\u00e1jame do diania v\u00a0Slovenskom tenise. M\u00e1me vlastn\u00e9 t\u00edmy dru\u017estiev, organizujeme turnaje v\u00a0r\u00f4znych vekov\u00fdch kateg\u00f3ri\u00e1ch, p\u00ed\u0161eme odborn\u00e9 \u010dl\u00e1nky, pravidelne prispievame do blogov.<\/strong><\/p>\n<p style=\"text-align: justify;\"><span style=\"color: #ff6600;\"><strong>1.\u00a0S\u00da\u0164A\u017dE DRU\u017dSTIEV<\/strong><\/span><\/p>\n<p style=\"text-align: justify;\">V roku 2015 mal tenisov\u00fd klub <strong>Love4Tennis 9 dru\u017estiev v r\u00f4znych vekov\u00fdch kateg\u00f3riach.<\/strong> Medzi najv\u00fdraznej\u0161ie patr\u00ed dru\u017estvo mu\u017eov, ktor\u00e9 hr\u00e1 slovensk\u00fa EXTRALIGU.<\/p>\n<p style=\"text-align: justify;\"><strong>EXTRALIGA<\/strong><\/p>\n<p style=\"text-align: justify;\"><strong><span style=\"color: #ff6600;\">Tenisov\u00fd klub Love4Tennis hr\u00e1 i najvy\u0161\u0161iu slovensk\u00fa tenisov\u00fa s\u00fa\u0165a\u017e dru\u017estiev SLOVENSK\u00da EXTRALIGU.<\/span><\/strong><\/p>\n<ul style=\"text-align: justify;\">\n<li>N\u00e1\u0161 t\u00edm je v slovenskej extralige unik\u00e1tny t\u00fdm, \u017ee sa sklad\u00e1 v\u00fdlu\u010dne z vlastn\u00fdch odchovancov a dlhoro\u010dn\u00fdch \u010dlenov TK Love4Tennis. Netvoria ho hr\u00e1\u010di z okruhu ATP, ktor\u00ed nie s\u00fa akt\u00edvnymi \u010dlenmi n\u00e1\u0161ho klubu.<\/li>\n<li>\u00da\u010das\u0165 n\u00e1\u0161ho klubu v Slovenskej extralige prin\u00e1\u0161a z\u00e1pasy Slovenskej tenisovej \u0161pi\u010dky v na\u0161ej akad\u00e9mii.<\/li>\n<\/ul>\n<p style=\"text-align: justify;\"><span style=\"color: #ff6600;\"><strong>2. ORGANIZ\u00c1CIA VLASTN\u00ddCH TURNAJOV<\/strong><\/span><\/p>\n<p style=\"text-align: justify;\">Ka\u017edoro\u010dne organizujeme Slovensk\u00e9 turnaje v r\u00f4znych vekov\u00fdch kateg\u00f3ri\u00e1ch.<\/p>\n<p>[\/vc_column_text][\/vc_column][vc_column width=&#8220;1\/2&#8243;][vc_empty_space][vc_single_image image=&#8220;12154&#8243; img_size=&#8220;large&#8220; style=&#8220;vc_box_rounded&#8220;][vc_row_inner][vc_column_inner width=&#8220;1\/4&#8243;][vc_single_image image=&#8220;12170&#8243; style=&#8220;vc_box_rounded&#8220; onclick=&#8220;link_image&#8220;][\/vc_column_inner][vc_column_inner width=&#8220;1\/4&#8243;][vc_single_image image=&#8220;12169&#8243; style=&#8220;vc_box_rounded&#8220; onclick=&#8220;link_image&#8220;][\/vc_column_inner][vc_column_inner width=&#8220;1\/4&#8243;][vc_single_image image=&#8220;12158&#8243; style=&#8220;vc_box_rounded&#8220; onclick=&#8220;link_image&#8220;][\/vc_column_inner][vc_column_inner width=&#8220;1\/4&#8243;][vc_single_image image=&#8220;12157&#8243; style=&#8220;vc_box_rounded&#8220; onclick=&#8220;link_image&#8220;][\/vc_column_inner][\/vc_row_inner][vc_separator][\/vc_column][\/vc_row]<\/p>\n<\/div>","protected":false},"excerpt":{"rendered":"<p>[vc_row wrap_container=&#8220;yes&#8220;][vc_column width=&#8220;1\/2&#8243;][vc_empty_space][vc_column_text] V\u00a0akad\u00e9mii Love4Tennis sa akt\u00edvne zap\u00e1jame do diania v\u00a0Slovenskom tenise. M\u00e1me vlastn\u00e9 t\u00edmy dru\u017estiev, organizujeme turnaje v\u00a0r\u00f4znych vekov\u00fdch kateg\u00f3ri\u00e1ch, p\u00ed\u0161eme odborn\u00e9 \u010dl\u00e1nky, pravidelne prispievame do blogov. 1.\u00a0S\u00da\u0164A\u017dE DRU\u017dSTIEV [&hellip;]<\/p>\n","protected":false},"author":1,"featured_media":0,"parent":5505,"menu_order":0,"comment_status":"closed","ping_status":"closed","template":"","meta":{"footnotes":""},"class_list":["post-8719","page","type-page","status-publish","hentry"],"yoast_head":"<!-- This site is optimized with the Yoast SEO plugin v23.1 - https:\/\/yoast.com\/wordpress\/plugins\/seo\/ -->\n<title>Dom\u00e1ce p\u00f4sobenie na\u0161ej tenisovej akad\u00e9mie | Love4Tennis.com<\/title>\n<meta name=\"description\" content=\"V tenisovej akad\u00e9mii L4T sa akt\u00edvne zap\u00e1jame do diania v Slovenskom tenise. M\u00e1me vlastn\u00e9 t\u00edmy dru\u017estiev, organizujeme turnaje v r\u00f4znych vekov\u00fdch kateg\u00f3ri\u00e1ch\" \/>\n<meta name=\"robots\" content=\"index, follow, max-snippet:-1, max-image-preview:large, max-video-preview:-1\" \/>\n<link rel=\"canonical\" href=\"https:\/\/love4tennis.com\/sk\/o-nas\/domace-posobenie\/\" \/>\n<meta property=\"og:locale\" content=\"sk_SK\" \/>\n<meta property=\"og:type\" content=\"article\" \/>\n<meta property=\"og:title\" content=\"Dom\u00e1ce p\u00f4sobenie na\u0161ej tenisovej akad\u00e9mie | Love4Tennis.com\" \/>\n<meta property=\"og:description\" content=\"V tenisovej akad\u00e9mii L4T sa akt\u00edvne zap\u00e1jame do diania v Slovenskom tenise. M\u00e1me vlastn\u00e9 t\u00edmy dru\u017estiev, organizujeme turnaje v r\u00f4znych vekov\u00fdch kateg\u00f3ri\u00e1ch\" \/>\n<meta property=\"og:url\" content=\"https:\/\/love4tennis.com\/sk\/o-nas\/domace-posobenie\/\" \/>\n<meta property=\"og:site_name\" content=\"L4T\" \/>\n<meta property=\"article:publisher\" content=\"https:\/\/www.facebook.com\/TKLOVE4TENNIS\/\" \/>\n<meta property=\"article:modified_time\" content=\"2024-08-01T13:57:19+00:00\" \/>\n<meta name=\"twitter:card\" content=\"summary_large_image\" \/>\n<meta name=\"twitter:label1\" content=\"Predpokladan\u00fd \u010das \u010d\u00edtania\" \/>\n\t<meta name=\"twitter:data1\" content=\"2 min\u00faty\" \/>\n<script type=\"application\/ld+json\" class=\"yoast-schema-graph\">{\"@context\":\"https:\/\/schema.org\",\"@graph\":[{\"@type\":\"WebPage\",\"@id\":\"https:\/\/love4tennis.com\/sk\/o-nas\/domace-posobenie\/\",\"url\":\"https:\/\/love4tennis.com\/sk\/o-nas\/domace-posobenie\/\",\"name\":\"Dom\u00e1ce p\u00f4sobenie na\u0161ej tenisovej akad\u00e9mie | Love4Tennis.com\",\"isPartOf\":{\"@id\":\"https:\/\/love4tennis.com\/#website\"},\"datePublished\":\"2017-01-24T00:06:18+00:00\",\"dateModified\":\"2024-08-01T13:57:19+00:00\",\"description\":\"V tenisovej akad\u00e9mii L4T sa akt\u00edvne zap\u00e1jame do diania v Slovenskom tenise. M\u00e1me vlastn\u00e9 t\u00edmy dru\u017estiev, organizujeme turnaje v r\u00f4znych vekov\u00fdch kateg\u00f3ri\u00e1ch\",\"breadcrumb\":{\"@id\":\"https:\/\/love4tennis.com\/sk\/o-nas\/domace-posobenie\/#breadcrumb\"},\"inLanguage\":\"sk-SK\",\"potentialAction\":[{\"@type\":\"ReadAction\",\"target\":[\"https:\/\/love4tennis.com\/sk\/o-nas\/domace-posobenie\/\"]}]},{\"@type\":\"BreadcrumbList\",\"@id\":\"https:\/\/love4tennis.com\/sk\/o-nas\/domace-posobenie\/#breadcrumb\",\"itemListElement\":[{\"@type\":\"ListItem\",\"position\":1,\"name\":\"Dom\u00e1ca str\u00e1nka\",\"item\":\"https:\/\/love4tennis.com\/sk\/\"},{\"@type\":\"ListItem\",\"position\":2,\"name\":\"O n\u00e1s\",\"item\":\"https:\/\/love4tennis.com\/sk\/o-nas\/\"},{\"@type\":\"ListItem\",\"position\":3,\"name\":\"Dom\u00e1ce p\u00f4sobenie\"}]},{\"@type\":\"WebSite\",\"@id\":\"https:\/\/love4tennis.com\/#website\",\"url\":\"https:\/\/love4tennis.com\/\",\"name\":\"L4T\",\"description\":\"\",\"publisher\":{\"@id\":\"https:\/\/love4tennis.com\/#organization\"},\"potentialAction\":[{\"@type\":\"SearchAction\",\"target\":{\"@type\":\"EntryPoint\",\"urlTemplate\":\"https:\/\/love4tennis.com\/?s={search_term_string}\"},\"query-input\":\"required name=search_term_string\"}],\"inLanguage\":\"sk-SK\"},{\"@type\":\"Organization\",\"@id\":\"https:\/\/love4tennis.com\/#organization\",\"name\":\"Love4Tennis Academy\",\"url\":\"https:\/\/love4tennis.com\/\",\"logo\":{\"@type\":\"ImageObject\",\"inLanguage\":\"sk-SK\",\"@id\":\"https:\/\/love4tennis.com\/#\/schema\/logo\/image\/\",\"url\":\"https:\/\/love4tennis.com\/wp-content\/uploads\/2018\/10\/logo_love4tennis.jpg\",\"contentUrl\":\"https:\/\/love4tennis.com\/wp-content\/uploads\/2018\/10\/logo_love4tennis.jpg\",\"width\":608,\"height\":315,\"caption\":\"Love4Tennis Academy\"},\"image\":{\"@id\":\"https:\/\/love4tennis.com\/#\/schema\/logo\/image\/\"},\"sameAs\":[\"https:\/\/www.facebook.com\/TKLOVE4TENNIS\/\"]}]}<\/script>\n<!-- \/ Yoast SEO plugin. -->","yoast_head_json":{"title":"Dom\u00e1ce p\u00f4sobenie na\u0161ej tenisovej akad\u00e9mie | Love4Tennis.com","description":"V tenisovej akad\u00e9mii L4T sa akt\u00edvne zap\u00e1jame do diania v Slovenskom tenise. M\u00e1me vlastn\u00e9 t\u00edmy dru\u017estiev, organizujeme turnaje v r\u00f4znych vekov\u00fdch kateg\u00f3ri\u00e1ch","robots":{"index":"index","follow":"follow","max-snippet":"max-snippet:-1","max-image-preview":"max-image-preview:large","max-video-preview":"max-video-preview:-1"},"canonical":"https:\/\/love4tennis.com\/sk\/o-nas\/domace-posobenie\/","og_locale":"sk_SK","og_type":"article","og_title":"Dom\u00e1ce p\u00f4sobenie na\u0161ej tenisovej akad\u00e9mie | Love4Tennis.com","og_description":"V tenisovej akad\u00e9mii L4T sa akt\u00edvne zap\u00e1jame do diania v Slovenskom tenise. M\u00e1me vlastn\u00e9 t\u00edmy dru\u017estiev, organizujeme turnaje v r\u00f4znych vekov\u00fdch kateg\u00f3ri\u00e1ch","og_url":"https:\/\/love4tennis.com\/sk\/o-nas\/domace-posobenie\/","og_site_name":"L4T","article_publisher":"https:\/\/www.facebook.com\/TKLOVE4TENNIS\/","article_modified_time":"2024-08-01T13:57:19+00:00","twitter_card":"summary_large_image","twitter_misc":{"Predpokladan\u00fd \u010das \u010d\u00edtania":"2 min\u00faty"},"schema":{"@context":"https:\/\/schema.org","@graph":[{"@type":"WebPage","@id":"https:\/\/love4tennis.com\/sk\/o-nas\/domace-posobenie\/","url":"https:\/\/love4tennis.com\/sk\/o-nas\/domace-posobenie\/","name":"Dom\u00e1ce p\u00f4sobenie na\u0161ej tenisovej akad\u00e9mie | Love4Tennis.com","isPartOf":{"@id":"https:\/\/love4tennis.com\/#website"},"datePublished":"2017-01-24T00:06:18+00:00","dateModified":"2024-08-01T13:57:19+00:00","description":"V tenisovej akad\u00e9mii L4T sa akt\u00edvne zap\u00e1jame do diania v Slovenskom tenise. M\u00e1me vlastn\u00e9 t\u00edmy dru\u017estiev, organizujeme turnaje v r\u00f4znych vekov\u00fdch kateg\u00f3ri\u00e1ch","breadcrumb":{"@id":"https:\/\/love4tennis.com\/sk\/o-nas\/domace-posobenie\/#breadcrumb"},"inLanguage":"sk-SK","potentialAction":[{"@type":"ReadAction","target":["https:\/\/love4tennis.com\/sk\/o-nas\/domace-posobenie\/"]}]},{"@type":"BreadcrumbList","@id":"https:\/\/love4tennis.com\/sk\/o-nas\/domace-posobenie\/#breadcrumb","itemListElement":[{"@type":"ListItem","position":1,"name":"Dom\u00e1ca str\u00e1nka","item":"https:\/\/love4tennis.com\/sk\/"},{"@type":"ListItem","position":2,"name":"O n\u00e1s","item":"https:\/\/love4tennis.com\/sk\/o-nas\/"},{"@type":"ListItem","position":3,"name":"Dom\u00e1ce p\u00f4sobenie"}]},{"@type":"WebSite","@id":"https:\/\/love4tennis.com\/#website","url":"https:\/\/love4tennis.com\/","name":"L4T","description":"","publisher":{"@id":"https:\/\/love4tennis.com\/#organization"},"potentialAction":[{"@type":"SearchAction","target":{"@type":"EntryPoint","urlTemplate":"https:\/\/love4tennis.com\/?s={search_term_string}"},"query-input":"required name=search_term_string"}],"inLanguage":"sk-SK"},{"@type":"Organization","@id":"https:\/\/love4tennis.com\/#organization","name":"Love4Tennis Academy","url":"https:\/\/love4tennis.com\/","logo":{"@type":"ImageObject","inLanguage":"sk-SK","@id":"https:\/\/love4tennis.com\/#\/schema\/logo\/image\/","url":"https:\/\/love4tennis.com\/wp-content\/uploads\/2018\/10\/logo_love4tennis.jpg","contentUrl":"https:\/\/love4tennis.com\/wp-content\/uploads\/2018\/10\/logo_love4tennis.jpg","width":608,"height":315,"caption":"Love4Tennis Academy"},"image":{"@id":"https:\/\/love4tennis.com\/#\/schema\/logo\/image\/"},"sameAs":["https:\/\/www.facebook.com\/TKLOVE4TENNIS\/"]}]}},"_links":{"self":[{"href":"https:\/\/love4tennis.com\/sk\/wp-json\/wp\/v2\/pages\/8719"}],"collection":[{"href":"https:\/\/love4tennis.com\/sk\/wp-json\/wp\/v2\/pages"}],"about":[{"href":"https:\/\/love4tennis.com\/sk\/wp-json\/wp\/v2\/types\/page"}],"author":[{"embeddable":true,"href":"https:\/\/love4tennis.com\/sk\/wp-json\/wp\/v2\/users\/1"}],"replies":[{"embeddable":true,"href":"https:\/\/love4tennis.com\/sk\/wp-json\/wp\/v2\/comments?post=8719"}],"version-history":[{"count":6,"href":"https:\/\/love4tennis.com\/sk\/wp-json\/wp\/v2\/pages\/8719\/revisions"}],"predecessor-version":[{"id":15062,"href":"https:\/\/love4tennis.com\/sk\/wp-json\/wp\/v2\/pages\/8719\/revisions\/15062"}],"up":[{"embeddable":true,"href":"https:\/\/love4tennis.com\/sk\/wp-json\/wp\/v2\/pages\/5505"}],"wp:attachment":[{"href":"https:\/\/love4tennis.com\/sk\/wp-json\/wp\/v2\/media?parent=8719"}],"curies":[{"name":"wp","href":"https:\/\/api.w.org\/{rel}","templated":true}]}}