{"id":8725,"date":"2017-01-24T02:22:08","date_gmt":"2017-01-24T00:22:08","guid":{"rendered":"https:\/\/love4tennis.com\/sk\/o-nas\/medzinarodne-posobenie-2\/"},"modified":"2024-08-01T15:57:19","modified_gmt":"2024-08-01T13:57:19","slug":"medzinarodne-posobenie","status":"publish","type":"page","link":"https:\/\/love4tennis.com\/sk\/o-nas\/medzinarodne-posobenie\/","title":{"rendered":"Medzin\u00e1rodn\u00e9 p\u00f4sobenie"},"content":{"rendered":"<div class=\"wpb-content-wrapper\"><p>[vc_row wrap_container=&#8220;yes&#8220;][vc_column width=&#8220;1\/2&#8243;][vc_empty_space]<h2 id=\"uvc-type-wrap-3093\"  data-ultimate-target='#uvc-type-wrap-3093'  data-responsive-json-new='{\"font-size\":\"\",\"line-height\":\"\"}'  class=\"uvc-type-wrap  ult-adjust-bottom-margin ult-responsive short uvc-type-align-left  uvc-wrap-403349461969ece02f161e7\" style=\"text-align:left;\"><span  data-ultimate-target='#uvc-type-wrap-3093 .mycustfancy'  data-responsive-json-new='{\"font-size\":\"\",\"line-height\":\"\"}'  class=\"ultimate-ticker-prefix mycustfancy ult-responsive\" style=\"font-weight:bold; text-transform: unset;\">O N\u00c1S MEDZIN\u00c1RODNE<\/span><div id=\"vticker-403349461969ece02f161e7\"  data-ultimate-target=&#039;#uvc-type-wrap-3093&#039;  data-responsive-json-new=&#039;{&quot;font-size&quot;:&quot;&quot;,&quot;line-height&quot;:&quot;&quot;}&#039;  class=\"ultimate-vticker ticker fancytext-background-enabled \" style=\"color:#ffffff;background:#d24b1e; font-weight:bold; text-transform: unset;\"><ul><li style=&quot;opacity:1&quot;><\/li><\/ul><\/div><script type=\"text\/javascript\">\n\t\t\t\t\t\tjQuery(function($){\n\t\t\t\t\t\t\t$(document).ready(function(){\n\t\t\t\t\t\t\t\tif( typeof jQuery(\"#vticker-403349461969ece02f161e7\").easyTicker == \"function\"){\n\t\t\t\t\t\t\t\t\t$(\"#vticker-403349461969ece02f161e7\").find(\"li\").css(\"opacity\",\"1\");\n\t\t\t\t\t\t\t\t\t\n\t\t\t\t\t\t\t\t\t$(\"#vticker-403349461969ece02f161e7\").easyTicker({\n\t\t\t\t\t\t\t\t\t\tdirection: \"up\",\n\t\t\t\t\t\t\t\t\t\teasing: \"swing\",\n\t\t\t\t\t\t\t\t\t\tspeed: \"200\",\n\t\t\t\t\t\t\t\t\t\tinterval: \"3000\",\n\t\t\t\t\t\t\t\t\t\theight: \"auto\",\n\t\t\t\t\t\t\t\t\t\tvisible: \"1\",\n\t\t\t\t\t\t\t\t\t\tmousePause: \"0\",\n\t\t\t\t\t\t\t\t\t\tcontrols: {\n\t\t\t\t\t\t\t\t\t\t\tup: \"\",\n\t\t\t\t\t\t\t\t\t\t\tdown: \"\",\n\t\t\t\t\t\t\t\t\t\t\ttoggle: \"\",\n\t\t\t\t\t\t\t\t\t\t\tplayText: \"Play\",\n\t\t\t\t\t\t\t\t\t\t\tstopText: \"Stop\"\n\t\t\t\t\t\t\t\t\t\t}\n\t\t\t\t\t\t\t\t\t});\n\t\t\t\t\t\t\t\t}\n\t\t\t\t\t\t\t});\n\t\t\t\t\t\t});\n\t\t\t\t\t<\/script><\/h2>[vc_column_text]<\/p>\n<p style=\"text-align: justify;\"><strong><span style=\"color: #ff6600;\">Akad\u00e9mia L4T pom\u00e1ha zlep\u0161ova\u0165 tr\u00e9ningov\u00e9 podmienky a vychov\u00e1va\u0165 profesion\u00e1lnych hr\u00e1\u010dov v akad\u00e9mi\u00e1ch a v tr\u00e9ningov\u00fdch centr\u00e1ch po celom svete.<\/span><\/strong><br \/>\n(napr. Shanghai Team a Tennis Academy of China)<\/p>\n<ol style=\"text-align: justify;\">\n<li>V akad\u00e9mii L4T tr\u00e9nuje celoro\u010dne <strong>viac ako 50 profesion\u00e1lnych hr\u00e1\u010dov z 15 kraj\u00edn sveta<\/strong> vo v\u0161etk\u00fdch vekov\u00fdch kateg\u00f3ri\u00e1ch.<\/li>\n<li>Moment\u00e1lne sa v akad\u00e9mii v r\u00e1mci programu profesion\u00e1l pripravuj\u00fa <strong>3 hr\u00e1\u010di z TOP 100 ATP a WTA.<\/strong><\/li>\n<li>Akad\u00e9mia L4T <strong>poskytuje zahrani\u010dn\u00fdm hr\u00e1\u010dom z\u00e1zemie priamo v akad\u00e9mii na Slovensku alebo v ich domovsk\u00fdch krajin\u00e1ch.<\/strong><\/li>\n<\/ol>\n<h4 style=\"text-align: justify;\"><strong>Pon\u00fakame:<\/strong><\/h4>\n<ul style=\"text-align: justify;\">\n<li><strong>kvalitn\u00e9 tr\u00e9ningov\u00e9 z\u00e1zemie<\/strong> v na\u0161ej akad\u00e9mii L4T na Slovensku a tr\u00e9nersk\u00fd sprievod na turnajoch v Eur\u00f3pe,<\/li>\n<li><strong>n\u00e1v\u0161tevu va\u0161ej akad\u00e9mie a vytvorenie jej komplexn\u00e9ho tr\u00e9ningov\u00e9ho syst\u00e9mu<\/strong> vr\u00e1tane implement\u00e1cie na\u0161ej jedine\u010dnej L4T met\u00f3dy,<\/li>\n<li><strong>uskuto\u010dnenie v\u00fdberu talentov<\/strong> v\u0161etk\u00fdch vekov\u00fdch kateg\u00f3ri\u00ed na z\u00e1klade vytvoren\u00e9ho syst\u00e9mu testovania a vyhodnocovania,<\/li>\n<li>\u00a0<strong>vytvorenie celej organiza\u010dnej \u0161trukt\u00fary<\/strong> va\u0161ej akad\u00e9mie a v\u00fdber v\u0161etk\u00fdch \u010dlenov t\u00edmu (vyberieme vhodn\u00fdch dom\u00e1cich tenisov\u00fdch a kondi\u010dn\u00fdch tr\u00e9nerov, fyzioterapeutov, at\u010f.),<\/li>\n<li><strong>n\u00e1vrh syst\u00e9mu vyhodnocovania tr\u00e9ningov\u00e9ho procesu<\/strong> a fungovania celej akad\u00e9mie <strong>a n\u00e1vrh mo\u017enost\u00ed zlep\u0161enia v bud\u00facnosti.<\/strong><\/li>\n<\/ul>\n<p style=\"text-align: justify;\"><strong>Vysk\u00fa\u0161ajte i vy na\u0161u jedine\u010dn\u00fa met\u00f3du a zlep\u0161ite tak fungovanie va\u0161ej akad\u00e9mie ako i v\u00fdkonnos\u0165 va\u0161ich hr\u00e1\u010dov!<\/strong><\/p>\n<p>[\/vc_column_text][\/vc_column][vc_column width=&#8220;1\/2&#8243;][vc_empty_space][vc_single_image image=&#8220;8293&#8243; img_size=&#8220;large&#8220; style=&#8220;vc_box_rounded&#8220;][vc_row_inner][vc_column_inner width=&#8220;1\/4&#8243;][vc_single_image image=&#8220;8242&#8243; style=&#8220;vc_box_rounded&#8220; onclick=&#8220;link_image&#8220;][\/vc_column_inner][vc_column_inner width=&#8220;1\/4&#8243;][vc_single_image image=&#8220;8243&#8243; style=&#8220;vc_box_rounded&#8220; onclick=&#8220;link_image&#8220;][\/vc_column_inner][vc_column_inner width=&#8220;1\/4&#8243;][vc_single_image image=&#8220;8244&#8243; style=&#8220;vc_box_rounded&#8220; onclick=&#8220;link_image&#8220;][\/vc_column_inner][vc_column_inner width=&#8220;1\/4&#8243;][vc_single_image image=&#8220;7748&#8243; style=&#8220;vc_box_rounded&#8220; onclick=&#8220;link_image&#8220;][\/vc_column_inner][\/vc_row_inner][vc_separator][\/vc_column][\/vc_row][vc_row][vc_column][\/vc_column][\/vc_row]<\/p>\n<\/div>","protected":false},"excerpt":{"rendered":"<p>[vc_row wrap_container=&#8220;yes&#8220;][vc_column width=&#8220;1\/2&#8243;][vc_empty_space][vc_column_text] Akad\u00e9mia L4T pom\u00e1ha zlep\u0161ova\u0165 tr\u00e9ningov\u00e9 podmienky a vychov\u00e1va\u0165 profesion\u00e1lnych hr\u00e1\u010dov v akad\u00e9mi\u00e1ch a v tr\u00e9ningov\u00fdch centr\u00e1ch po celom svete. (napr. Shanghai Team a Tennis Academy of China) [&hellip;]<\/p>\n","protected":false},"author":1,"featured_media":0,"parent":5505,"menu_order":0,"comment_status":"closed","ping_status":"closed","template":"","meta":{"footnotes":""},"class_list":["post-8725","page","type-page","status-publish","hentry"],"yoast_head":"<!-- This site is optimized with the Yoast SEO plugin v23.1 - https:\/\/yoast.com\/wordpress\/plugins\/seo\/ -->\n<title>Medzin\u00e1rodn\u00e9 p\u00f4sobenie na\u0161ej tenisovej akad\u00e9mie | Love4Tennis.com<\/title>\n<meta name=\"description\" content=\"Tenisov\u00e1 akad\u00e9mia L4T pom\u00e1ha zlep\u0161ova\u0165 tr\u00e9ningov\u00e9 podmienky a vychov\u00e1va\u0165 profesion\u00e1lnych hr\u00e1\u010dov v akad\u00e9mi\u00e1ch a v tr\u00e9ningov\u00fdch centr\u00e1ch po celom svete.\" \/>\n<meta name=\"robots\" content=\"index, follow, max-snippet:-1, max-image-preview:large, max-video-preview:-1\" \/>\n<link rel=\"canonical\" href=\"https:\/\/love4tennis.com\/sk\/o-nas\/medzinarodne-posobenie\/\" \/>\n<meta property=\"og:locale\" content=\"sk_SK\" \/>\n<meta property=\"og:type\" content=\"article\" \/>\n<meta property=\"og:title\" content=\"Medzin\u00e1rodn\u00e9 p\u00f4sobenie na\u0161ej tenisovej akad\u00e9mie | Love4Tennis.com\" \/>\n<meta property=\"og:description\" content=\"Tenisov\u00e1 akad\u00e9mia L4T pom\u00e1ha zlep\u0161ova\u0165 tr\u00e9ningov\u00e9 podmienky a vychov\u00e1va\u0165 profesion\u00e1lnych hr\u00e1\u010dov v akad\u00e9mi\u00e1ch a v tr\u00e9ningov\u00fdch centr\u00e1ch po celom svete.\" \/>\n<meta property=\"og:url\" content=\"https:\/\/love4tennis.com\/sk\/o-nas\/medzinarodne-posobenie\/\" \/>\n<meta property=\"og:site_name\" content=\"L4T\" \/>\n<meta property=\"article:publisher\" content=\"https:\/\/www.facebook.com\/TKLOVE4TENNIS\/\" \/>\n<meta property=\"article:modified_time\" content=\"2024-08-01T13:57:19+00:00\" \/>\n<meta name=\"twitter:card\" content=\"summary_large_image\" \/>\n<meta name=\"twitter:label1\" content=\"Predpokladan\u00fd \u010das \u010d\u00edtania\" \/>\n\t<meta name=\"twitter:data1\" content=\"2 min\u00faty\" \/>\n<script type=\"application\/ld+json\" class=\"yoast-schema-graph\">{\"@context\":\"https:\/\/schema.org\",\"@graph\":[{\"@type\":\"WebPage\",\"@id\":\"https:\/\/love4tennis.com\/sk\/o-nas\/medzinarodne-posobenie\/\",\"url\":\"https:\/\/love4tennis.com\/sk\/o-nas\/medzinarodne-posobenie\/\",\"name\":\"Medzin\u00e1rodn\u00e9 p\u00f4sobenie na\u0161ej tenisovej akad\u00e9mie | Love4Tennis.com\",\"isPartOf\":{\"@id\":\"https:\/\/love4tennis.com\/#website\"},\"datePublished\":\"2017-01-24T00:22:08+00:00\",\"dateModified\":\"2024-08-01T13:57:19+00:00\",\"description\":\"Tenisov\u00e1 akad\u00e9mia L4T pom\u00e1ha zlep\u0161ova\u0165 tr\u00e9ningov\u00e9 podmienky a vychov\u00e1va\u0165 profesion\u00e1lnych hr\u00e1\u010dov v akad\u00e9mi\u00e1ch a v tr\u00e9ningov\u00fdch centr\u00e1ch po celom svete.\",\"breadcrumb\":{\"@id\":\"https:\/\/love4tennis.com\/sk\/o-nas\/medzinarodne-posobenie\/#breadcrumb\"},\"inLanguage\":\"sk-SK\",\"potentialAction\":[{\"@type\":\"ReadAction\",\"target\":[\"https:\/\/love4tennis.com\/sk\/o-nas\/medzinarodne-posobenie\/\"]}]},{\"@type\":\"BreadcrumbList\",\"@id\":\"https:\/\/love4tennis.com\/sk\/o-nas\/medzinarodne-posobenie\/#breadcrumb\",\"itemListElement\":[{\"@type\":\"ListItem\",\"position\":1,\"name\":\"Dom\u00e1ca str\u00e1nka\",\"item\":\"https:\/\/love4tennis.com\/sk\/\"},{\"@type\":\"ListItem\",\"position\":2,\"name\":\"O n\u00e1s\",\"item\":\"https:\/\/love4tennis.com\/sk\/o-nas\/\"},{\"@type\":\"ListItem\",\"position\":3,\"name\":\"Medzin\u00e1rodn\u00e9 p\u00f4sobenie\"}]},{\"@type\":\"WebSite\",\"@id\":\"https:\/\/love4tennis.com\/#website\",\"url\":\"https:\/\/love4tennis.com\/\",\"name\":\"L4T\",\"description\":\"\",\"publisher\":{\"@id\":\"https:\/\/love4tennis.com\/#organization\"},\"potentialAction\":[{\"@type\":\"SearchAction\",\"target\":{\"@type\":\"EntryPoint\",\"urlTemplate\":\"https:\/\/love4tennis.com\/?s={search_term_string}\"},\"query-input\":\"required name=search_term_string\"}],\"inLanguage\":\"sk-SK\"},{\"@type\":\"Organization\",\"@id\":\"https:\/\/love4tennis.com\/#organization\",\"name\":\"Love4Tennis Academy\",\"url\":\"https:\/\/love4tennis.com\/\",\"logo\":{\"@type\":\"ImageObject\",\"inLanguage\":\"sk-SK\",\"@id\":\"https:\/\/love4tennis.com\/#\/schema\/logo\/image\/\",\"url\":\"https:\/\/love4tennis.com\/wp-content\/uploads\/2018\/10\/logo_love4tennis.jpg\",\"contentUrl\":\"https:\/\/love4tennis.com\/wp-content\/uploads\/2018\/10\/logo_love4tennis.jpg\",\"width\":608,\"height\":315,\"caption\":\"Love4Tennis Academy\"},\"image\":{\"@id\":\"https:\/\/love4tennis.com\/#\/schema\/logo\/image\/\"},\"sameAs\":[\"https:\/\/www.facebook.com\/TKLOVE4TENNIS\/\"]}]}<\/script>\n<!-- \/ Yoast SEO plugin. -->","yoast_head_json":{"title":"Medzin\u00e1rodn\u00e9 p\u00f4sobenie na\u0161ej tenisovej akad\u00e9mie | Love4Tennis.com","description":"Tenisov\u00e1 akad\u00e9mia L4T pom\u00e1ha zlep\u0161ova\u0165 tr\u00e9ningov\u00e9 podmienky a vychov\u00e1va\u0165 profesion\u00e1lnych hr\u00e1\u010dov v akad\u00e9mi\u00e1ch a v tr\u00e9ningov\u00fdch centr\u00e1ch po celom svete.","robots":{"index":"index","follow":"follow","max-snippet":"max-snippet:-1","max-image-preview":"max-image-preview:large","max-video-preview":"max-video-preview:-1"},"canonical":"https:\/\/love4tennis.com\/sk\/o-nas\/medzinarodne-posobenie\/","og_locale":"sk_SK","og_type":"article","og_title":"Medzin\u00e1rodn\u00e9 p\u00f4sobenie na\u0161ej tenisovej akad\u00e9mie | Love4Tennis.com","og_description":"Tenisov\u00e1 akad\u00e9mia L4T pom\u00e1ha zlep\u0161ova\u0165 tr\u00e9ningov\u00e9 podmienky a vychov\u00e1va\u0165 profesion\u00e1lnych hr\u00e1\u010dov v akad\u00e9mi\u00e1ch a v tr\u00e9ningov\u00fdch centr\u00e1ch po celom svete.","og_url":"https:\/\/love4tennis.com\/sk\/o-nas\/medzinarodne-posobenie\/","og_site_name":"L4T","article_publisher":"https:\/\/www.facebook.com\/TKLOVE4TENNIS\/","article_modified_time":"2024-08-01T13:57:19+00:00","twitter_card":"summary_large_image","twitter_misc":{"Predpokladan\u00fd \u010das \u010d\u00edtania":"2 min\u00faty"},"schema":{"@context":"https:\/\/schema.org","@graph":[{"@type":"WebPage","@id":"https:\/\/love4tennis.com\/sk\/o-nas\/medzinarodne-posobenie\/","url":"https:\/\/love4tennis.com\/sk\/o-nas\/medzinarodne-posobenie\/","name":"Medzin\u00e1rodn\u00e9 p\u00f4sobenie na\u0161ej tenisovej akad\u00e9mie | Love4Tennis.com","isPartOf":{"@id":"https:\/\/love4tennis.com\/#website"},"datePublished":"2017-01-24T00:22:08+00:00","dateModified":"2024-08-01T13:57:19+00:00","description":"Tenisov\u00e1 akad\u00e9mia L4T pom\u00e1ha zlep\u0161ova\u0165 tr\u00e9ningov\u00e9 podmienky a vychov\u00e1va\u0165 profesion\u00e1lnych hr\u00e1\u010dov v akad\u00e9mi\u00e1ch a v tr\u00e9ningov\u00fdch centr\u00e1ch po celom svete.","breadcrumb":{"@id":"https:\/\/love4tennis.com\/sk\/o-nas\/medzinarodne-posobenie\/#breadcrumb"},"inLanguage":"sk-SK","potentialAction":[{"@type":"ReadAction","target":["https:\/\/love4tennis.com\/sk\/o-nas\/medzinarodne-posobenie\/"]}]},{"@type":"BreadcrumbList","@id":"https:\/\/love4tennis.com\/sk\/o-nas\/medzinarodne-posobenie\/#breadcrumb","itemListElement":[{"@type":"ListItem","position":1,"name":"Dom\u00e1ca str\u00e1nka","item":"https:\/\/love4tennis.com\/sk\/"},{"@type":"ListItem","position":2,"name":"O n\u00e1s","item":"https:\/\/love4tennis.com\/sk\/o-nas\/"},{"@type":"ListItem","position":3,"name":"Medzin\u00e1rodn\u00e9 p\u00f4sobenie"}]},{"@type":"WebSite","@id":"https:\/\/love4tennis.com\/#website","url":"https:\/\/love4tennis.com\/","name":"L4T","description":"","publisher":{"@id":"https:\/\/love4tennis.com\/#organization"},"potentialAction":[{"@type":"SearchAction","target":{"@type":"EntryPoint","urlTemplate":"https:\/\/love4tennis.com\/?s={search_term_string}"},"query-input":"required name=search_term_string"}],"inLanguage":"sk-SK"},{"@type":"Organization","@id":"https:\/\/love4tennis.com\/#organization","name":"Love4Tennis Academy","url":"https:\/\/love4tennis.com\/","logo":{"@type":"ImageObject","inLanguage":"sk-SK","@id":"https:\/\/love4tennis.com\/#\/schema\/logo\/image\/","url":"https:\/\/love4tennis.com\/wp-content\/uploads\/2018\/10\/logo_love4tennis.jpg","contentUrl":"https:\/\/love4tennis.com\/wp-content\/uploads\/2018\/10\/logo_love4tennis.jpg","width":608,"height":315,"caption":"Love4Tennis Academy"},"image":{"@id":"https:\/\/love4tennis.com\/#\/schema\/logo\/image\/"},"sameAs":["https:\/\/www.facebook.com\/TKLOVE4TENNIS\/"]}]}},"_links":{"self":[{"href":"https:\/\/love4tennis.com\/sk\/wp-json\/wp\/v2\/pages\/8725"}],"collection":[{"href":"https:\/\/love4tennis.com\/sk\/wp-json\/wp\/v2\/pages"}],"about":[{"href":"https:\/\/love4tennis.com\/sk\/wp-json\/wp\/v2\/types\/page"}],"author":[{"embeddable":true,"href":"https:\/\/love4tennis.com\/sk\/wp-json\/wp\/v2\/users\/1"}],"replies":[{"embeddable":true,"href":"https:\/\/love4tennis.com\/sk\/wp-json\/wp\/v2\/comments?post=8725"}],"version-history":[{"count":3,"href":"https:\/\/love4tennis.com\/sk\/wp-json\/wp\/v2\/pages\/8725\/revisions"}],"predecessor-version":[{"id":15061,"href":"https:\/\/love4tennis.com\/sk\/wp-json\/wp\/v2\/pages\/8725\/revisions\/15061"}],"up":[{"embeddable":true,"href":"https:\/\/love4tennis.com\/sk\/wp-json\/wp\/v2\/pages\/5505"}],"wp:attachment":[{"href":"https:\/\/love4tennis.com\/sk\/wp-json\/wp\/v2\/media?parent=8725"}],"curies":[{"name":"wp","href":"https:\/\/api.w.org\/{rel}","templated":true}]}}