{"id":8735,"date":"2017-01-24T02:36:00","date_gmt":"2017-01-24T00:36:00","guid":{"rendered":"https:\/\/love4tennis.com\/sk\/programy-2\/"},"modified":"2024-08-02T11:19:29","modified_gmt":"2024-08-02T09:19:29","slug":"programy","status":"publish","type":"page","link":"https:\/\/love4tennis.com\/sk\/programy\/","title":{"rendered":"Programy"},"content":{"rendered":"<div class=\"wpb-content-wrapper\"><p>[vc_row wrap_container=&#8220;yes&#8220;][vc_column][vc_empty_space]<h1 id=\"uvc-type-wrap-8188\"  data-ultimate-target='#uvc-type-wrap-8188'  data-responsive-json-new='{\"font-size\":\"\",\"line-height\":\"\"}'  class=\"uvc-type-wrap  ult-adjust-bottom-margin ult-responsive short uvc-type-align-center  uvc-wrap-87663736469ece01a4948f\" style=\"text-align:center;\"><span  data-ultimate-target='#uvc-type-wrap-8188 .mycustfancy'  data-responsive-json-new='{\"font-size\":\"\",\"line-height\":\"\"}'  class=\"ultimate-ticker-prefix mycustfancy ult-responsive\" style=\"font-weight:normal; text-transform: unset;\">Na\u0161e tr\u00e9ningov\u00e9 programy s\u00fa ur\u010den\u00e9 pre <\/span><div id=\"vticker-87663736469ece01a4948f\"  data-ultimate-target=&#039;#uvc-type-wrap-8188&#039;  data-responsive-json-new=&#039;{&quot;font-size&quot;:&quot;&quot;,&quot;line-height&quot;:&quot;&quot;}&#039;  class=\"ultimate-vticker ticker fancytext-background-enabled \" style=\"color:#ffffff;background:#d24b1e; font-weight:normal; text-transform: unset;\"><ul><li style=&quot;opacity:1&quot;>profesion\u00e1lnych hr\u00e1\u010dov.<\/li><li style=&quot;opacity:0&quot;>deti do 12 rokov.<\/li><li style=&quot;opacity:0&quot;>rekrea\u010dn\u00fdch hr\u00e1\u010dov.<\/li><\/ul><\/div><script type=\"text\/javascript\">\n\t\t\t\t\t\tjQuery(function($){\n\t\t\t\t\t\t\t$(document).ready(function(){\n\t\t\t\t\t\t\t\tif( typeof jQuery(\"#vticker-87663736469ece01a4948f\").easyTicker == \"function\"){\n\t\t\t\t\t\t\t\t\t$(\"#vticker-87663736469ece01a4948f\").find(\"li\").css(\"opacity\",\"1\");\n\t\t\t\t\t\t\t\t\t\n\t\t\t\t\t\t\t\t\t$(\"#vticker-87663736469ece01a4948f\").easyTicker({\n\t\t\t\t\t\t\t\t\t\tdirection: \"up\",\n\t\t\t\t\t\t\t\t\t\teasing: \"swing\",\n\t\t\t\t\t\t\t\t\t\tspeed: \"200\",\n\t\t\t\t\t\t\t\t\t\tinterval: \"3000\",\n\t\t\t\t\t\t\t\t\t\theight: \"auto\",\n\t\t\t\t\t\t\t\t\t\tvisible: \"1\",\n\t\t\t\t\t\t\t\t\t\tmousePause: \"0\",\n\t\t\t\t\t\t\t\t\t\tcontrols: {\n\t\t\t\t\t\t\t\t\t\t\tup: \"\",\n\t\t\t\t\t\t\t\t\t\t\tdown: \"\",\n\t\t\t\t\t\t\t\t\t\t\ttoggle: \"\",\n\t\t\t\t\t\t\t\t\t\t\tplayText: \"Play\",\n\t\t\t\t\t\t\t\t\t\t\tstopText: \"Stop\"\n\t\t\t\t\t\t\t\t\t\t}\n\t\t\t\t\t\t\t\t\t});\n\t\t\t\t\t\t\t\t}\n\t\t\t\t\t\t\t});\n\t\t\t\t\t\t});\n\t\t\t\t\t<\/script><\/h1>[vc_column_text css=&#8220;&#8220;]<\/p>\n<p style=\"text-align: justify;\"><strong><span style=\"color: #ff6600;\">LOVE4TENNIS DOMINIKA CIBULKOVA\u00a0ACADEMY<\/span> poskytuje tr\u00e9ningov\u00e9 programy pre v\u0161etky kateg\u00f3rie tenisov\u00fdch hr\u00e1\u010dov. Na\u0161i tr\u00e9neri dosahuj\u00fa vo v\u0161etk\u00fdch kateg\u00f3ri\u00e1ch v\u00fdborn\u00e9 v\u00fdsledky v\u010faka aplikovaniu na\u0161ej jedine\u010dnej tr\u00e9nigovej met\u00f3dy.<\/strong><\/p>\n<p style=\"text-align: justify;\"><span style=\"color: #ff6600;\"><strong><span style=\"color: #ff6600;\"><a style=\"color: #ff6600;\" href=\"https:\/\/love4tennis.com\/programs\/professional-players\/\">PROGRAM PROFESION\u00c1LNI HR\u00c1\u010cI<\/a><\/span>\u00a0&#8211;<\/strong><\/span> <strong>je ur\u010den\u00fd pre hr\u00e1\u010dov, ktor\u00ed sa chc\u00fa venova\u0165 profesion\u00e1lnemu tenisu.<\/strong>\u00a0Po vykonan\u00ed anal\u00fdzy sa hr\u00e1\u010dovi priprav\u00ed individu\u00e1lny tr\u00e9ningov\u00fd a turnajov\u00fd program.<\/p>\n<p style=\"text-align: justify;\"><span style=\"color: #ff6600;\"><strong><a style=\"color: #ff6600;\" href=\"https:\/\/love4tennis.com\/programs\/dominika-cibulkova-kids-academy\/\">PROGRAM DETSK\u00dd TENIS<\/a><\/strong> &#8211;\u00a0<\/span><strong>je ur\u010den\u00fd pre deti u\u017e od 5 do 12 rokov\u00a0<\/strong>a to bez oh\u013eadu na to, \u010di maj\u00fa sk\u00fasenosti s tenisom alebo nie. Detsk\u00fd tenis je pr\u00edpravkou profesion\u00e1lnej tenisovej akad\u00e9mie.<\/p>\n<p style=\"text-align: justify;\"><span style=\"color: #ff6600;\"><strong><a style=\"color: #ff6600;\" href=\"https:\/\/love4tennis.com\/programs\/hobby-players\/\">PROGRAM REKREA\u010cNI HR\u00c1\u010cI <\/a><\/strong>&#8211; <\/span><strong>je ur\u010den\u00fd pre v\u0161etk\u00fdch, ktor\u00ed radi hr\u00e1vaj\u00fa tenis vo svojom vo\u013enom \u010dase <\/strong>a chc\u00fa zlep\u0161i\u0165 svoju v\u00fdkonnos\u0165.<\/p>\n<p>[\/vc_column_text][\/vc_column][\/vc_row][vc_row wrap_container=&#8220;yes&#8220;][vc_column width=&#8220;1\/2&#8243;][vc_single_image image=&#8220;23190&#8243; img_size=&#8220;full&#8220; alignment=&#8220;center&#8220; onclick=&#8220;custom_link&#8220; css=&#8220;&#8220; link=&#8220;https:\/\/love4tennis.com\/sk\/programy\/profesionalni-hraci\/&#8220; label=&#8220;&#8220;][\/vc_column][vc_column width=&#8220;1\/2&#8243;][vc_single_image image=&#8220;23196&#8243; img_size=&#8220;full&#8220; alignment=&#8220;center&#8220; onclick=&#8220;custom_link&#8220; css=&#8220;&#8220; link=&#8220;https:\/\/love4tennis.com\/sk\/programy\/detska-akademia-od-3-do-12-rokov\/&#8220; label=&#8220;&#8220;][\/vc_column][\/vc_row][vc_row wrap_container=&#8220;yes&#8220;][vc_column width=&#8220;1\/2&#8243;][vc_single_image image=&#8220;23192&#8243; img_size=&#8220;full&#8220; alignment=&#8220;center&#8220; onclick=&#8220;custom_link&#8220; css=&#8220;&#8220; link=&#8220;https:\/\/love4tennis.com\/sk\/programy\/program-rekreacni-hraci\/&#8220; label=&#8220;&#8220;][\/vc_column][vc_column width=&#8220;1\/2&#8243;][\/vc_column][\/vc_row]<\/p>\n<\/div>","protected":false},"excerpt":{"rendered":"<p>[vc_row wrap_container=&#8220;yes&#8220;][vc_column][vc_empty_space][vc_column_text css=&#8220;&#8220;] LOVE4TENNIS DOMINIKA CIBULKOVA\u00a0ACADEMY poskytuje tr\u00e9ningov\u00e9 programy pre v\u0161etky kateg\u00f3rie tenisov\u00fdch hr\u00e1\u010dov. Na\u0161i tr\u00e9neri dosahuj\u00fa vo v\u0161etk\u00fdch kateg\u00f3ri\u00e1ch v\u00fdborn\u00e9 v\u00fdsledky v\u010faka aplikovaniu na\u0161ej jedine\u010dnej tr\u00e9nigovej met\u00f3dy. PROGRAM PROFESION\u00c1LNI [&hellip;]<\/p>\n","protected":false},"author":1,"featured_media":0,"parent":0,"menu_order":0,"comment_status":"closed","ping_status":"closed","template":"","meta":{"footnotes":""},"class_list":["post-8735","page","type-page","status-publish","hentry"],"yoast_head":"<!-- This site is optimized with the Yoast SEO plugin v23.1 - https:\/\/yoast.com\/wordpress\/plugins\/seo\/ -->\n<title>Tr\u00e9ningov\u00e9 programy tenisovej akad\u00e9mie | Love4Tennis.com<\/title>\n<meta name=\"description\" content=\"Tenisov\u00e1 akad\u00e9mia poskytuje tr\u00e9ningov\u00e9 programy pre v\u0161etky kateg\u00f3rie tenisov\u00fdch hr\u00e1\u010dov. Na\u0161i tr\u00e9neri dosahuj\u00fa vo v\u0161etk\u00fdch kateg\u00f3ri\u00e1ch v\u00fdborn\u00e9 v\u00fdsledky.\" \/>\n<meta name=\"robots\" content=\"index, follow, max-snippet:-1, max-image-preview:large, max-video-preview:-1\" \/>\n<link rel=\"canonical\" href=\"https:\/\/love4tennis.com\/sk\/programy\/\" \/>\n<meta property=\"og:locale\" content=\"sk_SK\" \/>\n<meta property=\"og:type\" content=\"article\" \/>\n<meta property=\"og:title\" content=\"Tr\u00e9ningov\u00e9 programy tenisovej akad\u00e9mie | Love4Tennis.com\" \/>\n<meta property=\"og:description\" content=\"Tenisov\u00e1 akad\u00e9mia poskytuje tr\u00e9ningov\u00e9 programy pre v\u0161etky kateg\u00f3rie tenisov\u00fdch hr\u00e1\u010dov. Na\u0161i tr\u00e9neri dosahuj\u00fa vo v\u0161etk\u00fdch kateg\u00f3ri\u00e1ch v\u00fdborn\u00e9 v\u00fdsledky.\" \/>\n<meta property=\"og:url\" content=\"https:\/\/love4tennis.com\/sk\/programy\/\" \/>\n<meta property=\"og:site_name\" content=\"L4T\" \/>\n<meta property=\"article:publisher\" content=\"https:\/\/www.facebook.com\/TKLOVE4TENNIS\/\" \/>\n<meta property=\"article:modified_time\" content=\"2024-08-02T09:19:29+00:00\" \/>\n<meta name=\"twitter:card\" content=\"summary_large_image\" \/>\n<meta name=\"twitter:label1\" content=\"Predpokladan\u00fd \u010das \u010d\u00edtania\" \/>\n\t<meta name=\"twitter:data1\" content=\"2 min\u00faty\" \/>\n<script type=\"application\/ld+json\" class=\"yoast-schema-graph\">{\"@context\":\"https:\/\/schema.org\",\"@graph\":[{\"@type\":\"WebPage\",\"@id\":\"https:\/\/love4tennis.com\/sk\/programy\/\",\"url\":\"https:\/\/love4tennis.com\/sk\/programy\/\",\"name\":\"Tr\u00e9ningov\u00e9 programy tenisovej akad\u00e9mie | Love4Tennis.com\",\"isPartOf\":{\"@id\":\"https:\/\/love4tennis.com\/#website\"},\"datePublished\":\"2017-01-24T00:36:00+00:00\",\"dateModified\":\"2024-08-02T09:19:29+00:00\",\"description\":\"Tenisov\u00e1 akad\u00e9mia poskytuje tr\u00e9ningov\u00e9 programy pre v\u0161etky kateg\u00f3rie tenisov\u00fdch hr\u00e1\u010dov. Na\u0161i tr\u00e9neri dosahuj\u00fa vo v\u0161etk\u00fdch kateg\u00f3ri\u00e1ch v\u00fdborn\u00e9 v\u00fdsledky.\",\"breadcrumb\":{\"@id\":\"https:\/\/love4tennis.com\/sk\/programy\/#breadcrumb\"},\"inLanguage\":\"sk-SK\",\"potentialAction\":[{\"@type\":\"ReadAction\",\"target\":[\"https:\/\/love4tennis.com\/sk\/programy\/\"]}]},{\"@type\":\"BreadcrumbList\",\"@id\":\"https:\/\/love4tennis.com\/sk\/programy\/#breadcrumb\",\"itemListElement\":[{\"@type\":\"ListItem\",\"position\":1,\"name\":\"Dom\u00e1ca str\u00e1nka\",\"item\":\"https:\/\/love4tennis.com\/sk\/\"},{\"@type\":\"ListItem\",\"position\":2,\"name\":\"Programy\"}]},{\"@type\":\"WebSite\",\"@id\":\"https:\/\/love4tennis.com\/#website\",\"url\":\"https:\/\/love4tennis.com\/\",\"name\":\"L4T\",\"description\":\"\",\"publisher\":{\"@id\":\"https:\/\/love4tennis.com\/#organization\"},\"potentialAction\":[{\"@type\":\"SearchAction\",\"target\":{\"@type\":\"EntryPoint\",\"urlTemplate\":\"https:\/\/love4tennis.com\/?s={search_term_string}\"},\"query-input\":\"required name=search_term_string\"}],\"inLanguage\":\"sk-SK\"},{\"@type\":\"Organization\",\"@id\":\"https:\/\/love4tennis.com\/#organization\",\"name\":\"Love4Tennis Academy\",\"url\":\"https:\/\/love4tennis.com\/\",\"logo\":{\"@type\":\"ImageObject\",\"inLanguage\":\"sk-SK\",\"@id\":\"https:\/\/love4tennis.com\/#\/schema\/logo\/image\/\",\"url\":\"https:\/\/love4tennis.com\/wp-content\/uploads\/2018\/10\/logo_love4tennis.jpg\",\"contentUrl\":\"https:\/\/love4tennis.com\/wp-content\/uploads\/2018\/10\/logo_love4tennis.jpg\",\"width\":608,\"height\":315,\"caption\":\"Love4Tennis Academy\"},\"image\":{\"@id\":\"https:\/\/love4tennis.com\/#\/schema\/logo\/image\/\"},\"sameAs\":[\"https:\/\/www.facebook.com\/TKLOVE4TENNIS\/\"]}]}<\/script>\n<!-- \/ Yoast SEO plugin. -->","yoast_head_json":{"title":"Tr\u00e9ningov\u00e9 programy tenisovej akad\u00e9mie | Love4Tennis.com","description":"Tenisov\u00e1 akad\u00e9mia poskytuje tr\u00e9ningov\u00e9 programy pre v\u0161etky kateg\u00f3rie tenisov\u00fdch hr\u00e1\u010dov. Na\u0161i tr\u00e9neri dosahuj\u00fa vo v\u0161etk\u00fdch kateg\u00f3ri\u00e1ch v\u00fdborn\u00e9 v\u00fdsledky.","robots":{"index":"index","follow":"follow","max-snippet":"max-snippet:-1","max-image-preview":"max-image-preview:large","max-video-preview":"max-video-preview:-1"},"canonical":"https:\/\/love4tennis.com\/sk\/programy\/","og_locale":"sk_SK","og_type":"article","og_title":"Tr\u00e9ningov\u00e9 programy tenisovej akad\u00e9mie | Love4Tennis.com","og_description":"Tenisov\u00e1 akad\u00e9mia poskytuje tr\u00e9ningov\u00e9 programy pre v\u0161etky kateg\u00f3rie tenisov\u00fdch hr\u00e1\u010dov. Na\u0161i tr\u00e9neri dosahuj\u00fa vo v\u0161etk\u00fdch kateg\u00f3ri\u00e1ch v\u00fdborn\u00e9 v\u00fdsledky.","og_url":"https:\/\/love4tennis.com\/sk\/programy\/","og_site_name":"L4T","article_publisher":"https:\/\/www.facebook.com\/TKLOVE4TENNIS\/","article_modified_time":"2024-08-02T09:19:29+00:00","twitter_card":"summary_large_image","twitter_misc":{"Predpokladan\u00fd \u010das \u010d\u00edtania":"2 min\u00faty"},"schema":{"@context":"https:\/\/schema.org","@graph":[{"@type":"WebPage","@id":"https:\/\/love4tennis.com\/sk\/programy\/","url":"https:\/\/love4tennis.com\/sk\/programy\/","name":"Tr\u00e9ningov\u00e9 programy tenisovej akad\u00e9mie | Love4Tennis.com","isPartOf":{"@id":"https:\/\/love4tennis.com\/#website"},"datePublished":"2017-01-24T00:36:00+00:00","dateModified":"2024-08-02T09:19:29+00:00","description":"Tenisov\u00e1 akad\u00e9mia poskytuje tr\u00e9ningov\u00e9 programy pre v\u0161etky kateg\u00f3rie tenisov\u00fdch hr\u00e1\u010dov. Na\u0161i tr\u00e9neri dosahuj\u00fa vo v\u0161etk\u00fdch kateg\u00f3ri\u00e1ch v\u00fdborn\u00e9 v\u00fdsledky.","breadcrumb":{"@id":"https:\/\/love4tennis.com\/sk\/programy\/#breadcrumb"},"inLanguage":"sk-SK","potentialAction":[{"@type":"ReadAction","target":["https:\/\/love4tennis.com\/sk\/programy\/"]}]},{"@type":"BreadcrumbList","@id":"https:\/\/love4tennis.com\/sk\/programy\/#breadcrumb","itemListElement":[{"@type":"ListItem","position":1,"name":"Dom\u00e1ca str\u00e1nka","item":"https:\/\/love4tennis.com\/sk\/"},{"@type":"ListItem","position":2,"name":"Programy"}]},{"@type":"WebSite","@id":"https:\/\/love4tennis.com\/#website","url":"https:\/\/love4tennis.com\/","name":"L4T","description":"","publisher":{"@id":"https:\/\/love4tennis.com\/#organization"},"potentialAction":[{"@type":"SearchAction","target":{"@type":"EntryPoint","urlTemplate":"https:\/\/love4tennis.com\/?s={search_term_string}"},"query-input":"required name=search_term_string"}],"inLanguage":"sk-SK"},{"@type":"Organization","@id":"https:\/\/love4tennis.com\/#organization","name":"Love4Tennis Academy","url":"https:\/\/love4tennis.com\/","logo":{"@type":"ImageObject","inLanguage":"sk-SK","@id":"https:\/\/love4tennis.com\/#\/schema\/logo\/image\/","url":"https:\/\/love4tennis.com\/wp-content\/uploads\/2018\/10\/logo_love4tennis.jpg","contentUrl":"https:\/\/love4tennis.com\/wp-content\/uploads\/2018\/10\/logo_love4tennis.jpg","width":608,"height":315,"caption":"Love4Tennis Academy"},"image":{"@id":"https:\/\/love4tennis.com\/#\/schema\/logo\/image\/"},"sameAs":["https:\/\/www.facebook.com\/TKLOVE4TENNIS\/"]}]}},"_links":{"self":[{"href":"https:\/\/love4tennis.com\/sk\/wp-json\/wp\/v2\/pages\/8735"}],"collection":[{"href":"https:\/\/love4tennis.com\/sk\/wp-json\/wp\/v2\/pages"}],"about":[{"href":"https:\/\/love4tennis.com\/sk\/wp-json\/wp\/v2\/types\/page"}],"author":[{"embeddable":true,"href":"https:\/\/love4tennis.com\/sk\/wp-json\/wp\/v2\/users\/1"}],"replies":[{"embeddable":true,"href":"https:\/\/love4tennis.com\/sk\/wp-json\/wp\/v2\/comments?post=8735"}],"version-history":[{"count":7,"href":"https:\/\/love4tennis.com\/sk\/wp-json\/wp\/v2\/pages\/8735\/revisions"}],"predecessor-version":[{"id":24273,"href":"https:\/\/love4tennis.com\/sk\/wp-json\/wp\/v2\/pages\/8735\/revisions\/24273"}],"wp:attachment":[{"href":"https:\/\/love4tennis.com\/sk\/wp-json\/wp\/v2\/media?parent=8735"}],"curies":[{"name":"wp","href":"https:\/\/api.w.org\/{rel}","templated":true}]}}