{"id":8756,"date":"2017-01-24T03:18:49","date_gmt":"2017-01-24T01:18:49","guid":{"rendered":"https:\/\/love4tennis.com\/sk\/sluzby\/ubytovanie\/"},"modified":"2024-08-01T15:57:22","modified_gmt":"2024-08-01T13:57:22","slug":"ubytovanie","status":"publish","type":"page","link":"https:\/\/love4tennis.com\/sk\/sluzby\/ubytovanie\/","title":{"rendered":"Ubytovanie"},"content":{"rendered":"<div class=\"wpb-content-wrapper\"><p>[vc_row wrap_container=&#8220;yes&#8220;][vc_column width=&#8220;1\/2&#8243;][vc_empty_space]<h2 id=\"uvc-type-wrap-9781\"  data-ultimate-target='#uvc-type-wrap-9781'  data-responsive-json-new='{\"font-size\":\"\",\"line-height\":\"\"}'  class=\"uvc-type-wrap  ult-adjust-bottom-margin ult-responsive short uvc-type-align-left  uvc-wrap-47280027869ece01c3be1c\" style=\"text-align:left;\"><span  data-ultimate-target='#uvc-type-wrap-9781 .mycustfancy'  data-responsive-json-new='{\"font-size\":\"\",\"line-height\":\"\"}'  class=\"ultimate-ticker-prefix mycustfancy ult-responsive\" style=\"font-weight:bold; text-transform: unset;\">UBYTOVANIE PRE HR\u00c1\u010cOV AKAD\u00c9MIE<\/span><div id=\"vticker-47280027869ece01c3be1c\"  data-ultimate-target=&#039;#uvc-type-wrap-9781&#039;  data-responsive-json-new=&#039;{&quot;font-size&quot;:&quot;&quot;,&quot;line-height&quot;:&quot;&quot;}&#039;  class=\"ultimate-vticker ticker fancytext-background-enabled \" style=\"color:#ffffff;background:#d24b1e; font-weight:bold; text-transform: unset;\"><ul><li style=&quot;opacity:1&quot;><\/li><\/ul><\/div><script type=\"text\/javascript\">\n\t\t\t\t\t\tjQuery(function($){\n\t\t\t\t\t\t\t$(document).ready(function(){\n\t\t\t\t\t\t\t\tif( typeof jQuery(\"#vticker-47280027869ece01c3be1c\").easyTicker == \"function\"){\n\t\t\t\t\t\t\t\t\t$(\"#vticker-47280027869ece01c3be1c\").find(\"li\").css(\"opacity\",\"1\");\n\t\t\t\t\t\t\t\t\t\n\t\t\t\t\t\t\t\t\t$(\"#vticker-47280027869ece01c3be1c\").easyTicker({\n\t\t\t\t\t\t\t\t\t\tdirection: \"up\",\n\t\t\t\t\t\t\t\t\t\teasing: \"swing\",\n\t\t\t\t\t\t\t\t\t\tspeed: \"200\",\n\t\t\t\t\t\t\t\t\t\tinterval: \"3000\",\n\t\t\t\t\t\t\t\t\t\theight: \"auto\",\n\t\t\t\t\t\t\t\t\t\tvisible: \"1\",\n\t\t\t\t\t\t\t\t\t\tmousePause: \"0\",\n\t\t\t\t\t\t\t\t\t\tcontrols: {\n\t\t\t\t\t\t\t\t\t\t\tup: \"\",\n\t\t\t\t\t\t\t\t\t\t\tdown: \"\",\n\t\t\t\t\t\t\t\t\t\t\ttoggle: \"\",\n\t\t\t\t\t\t\t\t\t\t\tplayText: \"Play\",\n\t\t\t\t\t\t\t\t\t\t\tstopText: \"Stop\"\n\t\t\t\t\t\t\t\t\t\t}\n\t\t\t\t\t\t\t\t\t});\n\t\t\t\t\t\t\t\t}\n\t\t\t\t\t\t\t});\n\t\t\t\t\t\t});\n\t\t\t\t\t<\/script><\/h2>[vc_column_text]<\/p>\n<p style=\"text-align: justify;\"><strong>V\u00a0na\u0161ej akad\u00e9mii Love4Tennis celoro\u010dne tr\u00e9nuje ve\u013ek\u00e9 mno\u017estvo profesion\u00e1lnych hr\u00e1\u010dov z cel\u00e9ho sveta. K\u00a0dispoz\u00edcii m\u00e1me r\u00f4zne formy ubytovania a\u00a0to pod\u013ea konkr\u00e9tnych potrieb a mo\u017enost\u00ed ka\u017ed\u00e9ho hr\u00e1\u010da. Podrobn\u00fd rozpo\u010det ubytovania vypracujeme na po\u017eiadanie.<\/strong><\/p>\n<p style=\"text-align: justify;\"><strong>V\u00a0ponuke m\u00e1me nasledovn\u00e9 formy ubytovania:<\/strong><br \/>\n<span style=\"color: #ff6600;\"><strong>1.<\/strong> <strong>Mo\u017enos\u0165 ubytovania v\u00a0hoteli priamo v are\u00e1li akad\u00e9mie Love4Tennis.<\/strong><\/span> V\u00a0tesnej bl\u00edzkosti na\u0161ej akad\u00e9mie sa nach\u00e1dza 4*HOTEL BNC, ktor\u00fd je ide\u00e1lny hlavne pre kr\u00e1tkodob\u00fd pobyt hr\u00e1\u010dov. Vyu\u017e\u00edvaj\u00fa ho najm\u00e4 \u00fa\u010dastn\u00edci LETN\u00ddCH TR\u00c9NINGOV\u00ddCH KEMPOV.<\/p>\n<p style=\"text-align: justify;\"><span style=\"color: #ff6600;\"><strong>2.<\/strong> <strong>Mo\u017enos\u0165 ubytovania v\u00a0penzi\u00f3noch v\u00a0bl\u00edzkom okol\u00ed akad\u00e9mie Love4Tennis.<\/strong> <\/span>Jedn\u00e1 sa o ubytovanie v penzi\u00f3noch v okol\u00ed akad\u00e9mie. Tento typ ubytovania je lacnej\u0161\u00ed a s ob\u013eubou ho vyu\u017e\u00edvaj\u00fa hr\u00e1\u010di, ktor\u00ed u\u00a0n\u00e1s tr\u00e9nuj\u00fa viac mesiacov.<\/p>\n<p style=\"text-align: justify;\"><span style=\"color: #ff6600;\"><strong>3.<\/strong> <strong>Mo\u017enos\u0165 ubytovania v\u00a0prenajatom byte v\u00a0bl\u00edzkosti akad\u00e9mie Love4Tennis.<\/strong><\/span> Na\u0161im hr\u00e1\u010dom zabezpe\u010d\u00edme pren\u00e1jom bytu v\u00a0bl\u00edzkosti akad\u00e9mie, v\u00a0ktorom potom b\u00fdvaj\u00fa s viacer\u00fdmi hr\u00e1\u010dmi akad\u00e9mie (ka\u017ed\u00fd hr\u00e1\u010d m\u00e1 samostatn\u00fa izbu). Je to ide\u00e1lna forma ubytovania pre v\u0161etk\u00fdch hr\u00e1\u010dov, ktor\u00ed v na\u0161ej akad\u00e9mii tr\u00e9nuj\u00fa CELORO\u010cNE.<\/p>\n<p>[\/vc_column_text][\/vc_column][vc_column width=&#8220;1\/2&#8243;][vc_empty_space][vc_single_image image=&#8220;8344&#8243; img_size=&#8220;large&#8220; style=&#8220;vc_box_rounded&#8220;][vc_row_inner][vc_column_inner width=&#8220;1\/4&#8243; offset=&#8220;vc_col-lg-3 vc_col-md-3 vc_col-xs-6&#8243;][vc_single_image image=&#8220;8346&#8243; style=&#8220;vc_box_rounded&#8220; onclick=&#8220;link_image&#8220;][\/vc_column_inner][vc_column_inner width=&#8220;1\/4&#8243; offset=&#8220;vc_col-lg-3 vc_col-md-3 vc_col-xs-6&#8243;][vc_single_image image=&#8220;8347&#8243; style=&#8220;vc_box_rounded&#8220; onclick=&#8220;link_image&#8220;][\/vc_column_inner][vc_column_inner width=&#8220;1\/4&#8243; offset=&#8220;vc_col-lg-3 vc_col-md-3 vc_col-xs-6&#8243;][vc_single_image image=&#8220;8348&#8243; style=&#8220;vc_box_rounded&#8220; onclick=&#8220;link_image&#8220;][\/vc_column_inner][vc_column_inner width=&#8220;1\/4&#8243; offset=&#8220;vc_col-lg-3 vc_col-md-3 vc_col-xs-6&#8243;][vc_single_image image=&#8220;8349&#8243; style=&#8220;vc_box_rounded&#8220; onclick=&#8220;link_image&#8220;][\/vc_column_inner][\/vc_row_inner][vc_separator][\/vc_column][\/vc_row]<\/p>\n<\/div>","protected":false},"excerpt":{"rendered":"<p>[vc_row wrap_container=&#8220;yes&#8220;][vc_column width=&#8220;1\/2&#8243;][vc_empty_space][vc_column_text] V\u00a0na\u0161ej akad\u00e9mii Love4Tennis celoro\u010dne tr\u00e9nuje ve\u013ek\u00e9 mno\u017estvo profesion\u00e1lnych hr\u00e1\u010dov z cel\u00e9ho sveta. K\u00a0dispoz\u00edcii m\u00e1me r\u00f4zne formy ubytovania a\u00a0to pod\u013ea konkr\u00e9tnych potrieb a mo\u017enost\u00ed ka\u017ed\u00e9ho hr\u00e1\u010da. Podrobn\u00fd rozpo\u010det [&hellip;]<\/p>\n","protected":false},"author":1,"featured_media":0,"parent":8750,"menu_order":0,"comment_status":"closed","ping_status":"closed","template":"","meta":{"footnotes":""},"class_list":["post-8756","page","type-page","status-publish","hentry"],"yoast_head":"<!-- This site is optimized with the Yoast SEO plugin v23.1 - https:\/\/yoast.com\/wordpress\/plugins\/seo\/ -->\n<title>Ubytovanie v tenisovej akad\u00e9mii | Love4Tennis.com<\/title>\n<meta name=\"description\" content=\"Tenisov\u00e1 akad\u00e9mia L4T zabezpe\u010duje na\u0161im hr\u00e1\u010dom r\u00f4zne formy ubytovania, aby \u010do najlep\u0161ie vyhovela konkr\u00e9tnym potreb\u00e1m ka\u017ed\u00e9ho hr\u00e1\u010da.\" \/>\n<meta name=\"robots\" content=\"index, follow, max-snippet:-1, max-image-preview:large, max-video-preview:-1\" \/>\n<link rel=\"canonical\" href=\"https:\/\/love4tennis.com\/sk\/sluzby\/ubytovanie\/\" \/>\n<meta property=\"og:locale\" content=\"sk_SK\" \/>\n<meta property=\"og:type\" content=\"article\" \/>\n<meta property=\"og:title\" content=\"Ubytovanie v tenisovej akad\u00e9mii | Love4Tennis.com\" \/>\n<meta property=\"og:description\" content=\"Tenisov\u00e1 akad\u00e9mia L4T zabezpe\u010duje na\u0161im hr\u00e1\u010dom r\u00f4zne formy ubytovania, aby \u010do najlep\u0161ie vyhovela konkr\u00e9tnym potreb\u00e1m ka\u017ed\u00e9ho hr\u00e1\u010da.\" \/>\n<meta property=\"og:url\" content=\"https:\/\/love4tennis.com\/sk\/sluzby\/ubytovanie\/\" \/>\n<meta property=\"og:site_name\" content=\"L4T\" \/>\n<meta property=\"article:publisher\" content=\"https:\/\/www.facebook.com\/TKLOVE4TENNIS\/\" \/>\n<meta property=\"article:modified_time\" content=\"2024-08-01T13:57:22+00:00\" \/>\n<meta name=\"twitter:card\" content=\"summary_large_image\" \/>\n<meta name=\"twitter:label1\" content=\"Predpokladan\u00fd \u010das \u010d\u00edtania\" \/>\n\t<meta name=\"twitter:data1\" content=\"2 min\u00faty\" \/>\n<script type=\"application\/ld+json\" class=\"yoast-schema-graph\">{\"@context\":\"https:\/\/schema.org\",\"@graph\":[{\"@type\":\"WebPage\",\"@id\":\"https:\/\/love4tennis.com\/sk\/sluzby\/ubytovanie\/\",\"url\":\"https:\/\/love4tennis.com\/sk\/sluzby\/ubytovanie\/\",\"name\":\"Ubytovanie v tenisovej akad\u00e9mii | Love4Tennis.com\",\"isPartOf\":{\"@id\":\"https:\/\/love4tennis.com\/#website\"},\"datePublished\":\"2017-01-24T01:18:49+00:00\",\"dateModified\":\"2024-08-01T13:57:22+00:00\",\"description\":\"Tenisov\u00e1 akad\u00e9mia L4T zabezpe\u010duje na\u0161im hr\u00e1\u010dom r\u00f4zne formy ubytovania, aby \u010do najlep\u0161ie vyhovela konkr\u00e9tnym potreb\u00e1m ka\u017ed\u00e9ho hr\u00e1\u010da.\",\"breadcrumb\":{\"@id\":\"https:\/\/love4tennis.com\/sk\/sluzby\/ubytovanie\/#breadcrumb\"},\"inLanguage\":\"sk-SK\",\"potentialAction\":[{\"@type\":\"ReadAction\",\"target\":[\"https:\/\/love4tennis.com\/sk\/sluzby\/ubytovanie\/\"]}]},{\"@type\":\"BreadcrumbList\",\"@id\":\"https:\/\/love4tennis.com\/sk\/sluzby\/ubytovanie\/#breadcrumb\",\"itemListElement\":[{\"@type\":\"ListItem\",\"position\":1,\"name\":\"Dom\u00e1ca str\u00e1nka\",\"item\":\"https:\/\/love4tennis.com\/sk\/\"},{\"@type\":\"ListItem\",\"position\":2,\"name\":\"Slu\u017eby\",\"item\":\"https:\/\/love4tennis.com\/sk\/sluzby\/\"},{\"@type\":\"ListItem\",\"position\":3,\"name\":\"Ubytovanie\"}]},{\"@type\":\"WebSite\",\"@id\":\"https:\/\/love4tennis.com\/#website\",\"url\":\"https:\/\/love4tennis.com\/\",\"name\":\"L4T\",\"description\":\"\",\"publisher\":{\"@id\":\"https:\/\/love4tennis.com\/#organization\"},\"potentialAction\":[{\"@type\":\"SearchAction\",\"target\":{\"@type\":\"EntryPoint\",\"urlTemplate\":\"https:\/\/love4tennis.com\/?s={search_term_string}\"},\"query-input\":\"required name=search_term_string\"}],\"inLanguage\":\"sk-SK\"},{\"@type\":\"Organization\",\"@id\":\"https:\/\/love4tennis.com\/#organization\",\"name\":\"Love4Tennis Academy\",\"url\":\"https:\/\/love4tennis.com\/\",\"logo\":{\"@type\":\"ImageObject\",\"inLanguage\":\"sk-SK\",\"@id\":\"https:\/\/love4tennis.com\/#\/schema\/logo\/image\/\",\"url\":\"https:\/\/love4tennis.com\/wp-content\/uploads\/2018\/10\/logo_love4tennis.jpg\",\"contentUrl\":\"https:\/\/love4tennis.com\/wp-content\/uploads\/2018\/10\/logo_love4tennis.jpg\",\"width\":608,\"height\":315,\"caption\":\"Love4Tennis Academy\"},\"image\":{\"@id\":\"https:\/\/love4tennis.com\/#\/schema\/logo\/image\/\"},\"sameAs\":[\"https:\/\/www.facebook.com\/TKLOVE4TENNIS\/\"]}]}<\/script>\n<!-- \/ Yoast SEO plugin. -->","yoast_head_json":{"title":"Ubytovanie v tenisovej akad\u00e9mii | Love4Tennis.com","description":"Tenisov\u00e1 akad\u00e9mia L4T zabezpe\u010duje na\u0161im hr\u00e1\u010dom r\u00f4zne formy ubytovania, aby \u010do najlep\u0161ie vyhovela konkr\u00e9tnym potreb\u00e1m ka\u017ed\u00e9ho hr\u00e1\u010da.","robots":{"index":"index","follow":"follow","max-snippet":"max-snippet:-1","max-image-preview":"max-image-preview:large","max-video-preview":"max-video-preview:-1"},"canonical":"https:\/\/love4tennis.com\/sk\/sluzby\/ubytovanie\/","og_locale":"sk_SK","og_type":"article","og_title":"Ubytovanie v tenisovej akad\u00e9mii | Love4Tennis.com","og_description":"Tenisov\u00e1 akad\u00e9mia L4T zabezpe\u010duje na\u0161im hr\u00e1\u010dom r\u00f4zne formy ubytovania, aby \u010do najlep\u0161ie vyhovela konkr\u00e9tnym potreb\u00e1m ka\u017ed\u00e9ho hr\u00e1\u010da.","og_url":"https:\/\/love4tennis.com\/sk\/sluzby\/ubytovanie\/","og_site_name":"L4T","article_publisher":"https:\/\/www.facebook.com\/TKLOVE4TENNIS\/","article_modified_time":"2024-08-01T13:57:22+00:00","twitter_card":"summary_large_image","twitter_misc":{"Predpokladan\u00fd \u010das \u010d\u00edtania":"2 min\u00faty"},"schema":{"@context":"https:\/\/schema.org","@graph":[{"@type":"WebPage","@id":"https:\/\/love4tennis.com\/sk\/sluzby\/ubytovanie\/","url":"https:\/\/love4tennis.com\/sk\/sluzby\/ubytovanie\/","name":"Ubytovanie v tenisovej akad\u00e9mii | Love4Tennis.com","isPartOf":{"@id":"https:\/\/love4tennis.com\/#website"},"datePublished":"2017-01-24T01:18:49+00:00","dateModified":"2024-08-01T13:57:22+00:00","description":"Tenisov\u00e1 akad\u00e9mia L4T zabezpe\u010duje na\u0161im hr\u00e1\u010dom r\u00f4zne formy ubytovania, aby \u010do najlep\u0161ie vyhovela konkr\u00e9tnym potreb\u00e1m ka\u017ed\u00e9ho hr\u00e1\u010da.","breadcrumb":{"@id":"https:\/\/love4tennis.com\/sk\/sluzby\/ubytovanie\/#breadcrumb"},"inLanguage":"sk-SK","potentialAction":[{"@type":"ReadAction","target":["https:\/\/love4tennis.com\/sk\/sluzby\/ubytovanie\/"]}]},{"@type":"BreadcrumbList","@id":"https:\/\/love4tennis.com\/sk\/sluzby\/ubytovanie\/#breadcrumb","itemListElement":[{"@type":"ListItem","position":1,"name":"Dom\u00e1ca str\u00e1nka","item":"https:\/\/love4tennis.com\/sk\/"},{"@type":"ListItem","position":2,"name":"Slu\u017eby","item":"https:\/\/love4tennis.com\/sk\/sluzby\/"},{"@type":"ListItem","position":3,"name":"Ubytovanie"}]},{"@type":"WebSite","@id":"https:\/\/love4tennis.com\/#website","url":"https:\/\/love4tennis.com\/","name":"L4T","description":"","publisher":{"@id":"https:\/\/love4tennis.com\/#organization"},"potentialAction":[{"@type":"SearchAction","target":{"@type":"EntryPoint","urlTemplate":"https:\/\/love4tennis.com\/?s={search_term_string}"},"query-input":"required name=search_term_string"}],"inLanguage":"sk-SK"},{"@type":"Organization","@id":"https:\/\/love4tennis.com\/#organization","name":"Love4Tennis Academy","url":"https:\/\/love4tennis.com\/","logo":{"@type":"ImageObject","inLanguage":"sk-SK","@id":"https:\/\/love4tennis.com\/#\/schema\/logo\/image\/","url":"https:\/\/love4tennis.com\/wp-content\/uploads\/2018\/10\/logo_love4tennis.jpg","contentUrl":"https:\/\/love4tennis.com\/wp-content\/uploads\/2018\/10\/logo_love4tennis.jpg","width":608,"height":315,"caption":"Love4Tennis Academy"},"image":{"@id":"https:\/\/love4tennis.com\/#\/schema\/logo\/image\/"},"sameAs":["https:\/\/www.facebook.com\/TKLOVE4TENNIS\/"]}]}},"_links":{"self":[{"href":"https:\/\/love4tennis.com\/sk\/wp-json\/wp\/v2\/pages\/8756"}],"collection":[{"href":"https:\/\/love4tennis.com\/sk\/wp-json\/wp\/v2\/pages"}],"about":[{"href":"https:\/\/love4tennis.com\/sk\/wp-json\/wp\/v2\/types\/page"}],"author":[{"embeddable":true,"href":"https:\/\/love4tennis.com\/sk\/wp-json\/wp\/v2\/users\/1"}],"replies":[{"embeddable":true,"href":"https:\/\/love4tennis.com\/sk\/wp-json\/wp\/v2\/comments?post=8756"}],"version-history":[{"count":6,"href":"https:\/\/love4tennis.com\/sk\/wp-json\/wp\/v2\/pages\/8756\/revisions"}],"predecessor-version":[{"id":15112,"href":"https:\/\/love4tennis.com\/sk\/wp-json\/wp\/v2\/pages\/8756\/revisions\/15112"}],"up":[{"embeddable":true,"href":"https:\/\/love4tennis.com\/sk\/wp-json\/wp\/v2\/pages\/8750"}],"wp:attachment":[{"href":"https:\/\/love4tennis.com\/sk\/wp-json\/wp\/v2\/media?parent=8756"}],"curies":[{"name":"wp","href":"https:\/\/api.w.org\/{rel}","templated":true}]}}