{"id":8771,"date":"2017-01-24T03:48:46","date_gmt":"2017-01-24T01:48:46","guid":{"rendered":"https:\/\/love4tennis.com\/sk\/sluzby\/asistencne-sluzby\/"},"modified":"2024-08-01T15:57:21","modified_gmt":"2024-08-01T13:57:21","slug":"asistencne-sluzby","status":"publish","type":"page","link":"https:\/\/love4tennis.com\/sk\/sluzby\/asistencne-sluzby\/","title":{"rendered":"Asisten\u010dn\u00e9 slu\u017eby"},"content":{"rendered":"<div class=\"wpb-content-wrapper\"><p>[vc_row wrap_container=&#8220;yes&#8220;][vc_column width=&#8220;1\/2&#8243;][vc_empty_space]<h2 id=\"uvc-type-wrap-2972\"  data-ultimate-target='#uvc-type-wrap-2972'  data-responsive-json-new='{\"font-size\":\"\",\"line-height\":\"\"}'  class=\"uvc-type-wrap  ult-adjust-bottom-margin ult-responsive short uvc-type-align-left  uvc-wrap-180435146569ece06faef96\" style=\"text-align:left;\"><span  data-ultimate-target='#uvc-type-wrap-2972 .mycustfancy'  data-responsive-json-new='{\"font-size\":\"\",\"line-height\":\"\"}'  class=\"ultimate-ticker-prefix mycustfancy ult-responsive\" style=\"font-weight:bold; text-transform: unset;\">ASISTEN\u010cN\u00c9 SLU\u017dBY PRE HR\u00c1\u010cOV<\/span><div id=\"vticker-180435146569ece06faef96\"  data-ultimate-target=&#039;#uvc-type-wrap-2972&#039;  data-responsive-json-new=&#039;{&quot;font-size&quot;:&quot;&quot;,&quot;line-height&quot;:&quot;&quot;}&#039;  class=\"ultimate-vticker ticker fancytext-background-enabled \" style=\"color:#ffffff;background:#d24b1e; font-weight:bold; text-transform: unset;\"><ul><li style=&quot;opacity:1&quot;><\/li><\/ul><\/div><script type=\"text\/javascript\">\n\t\t\t\t\t\tjQuery(function($){\n\t\t\t\t\t\t\t$(document).ready(function(){\n\t\t\t\t\t\t\t\tif( typeof jQuery(\"#vticker-180435146569ece06faef96\").easyTicker == \"function\"){\n\t\t\t\t\t\t\t\t\t$(\"#vticker-180435146569ece06faef96\").find(\"li\").css(\"opacity\",\"1\");\n\t\t\t\t\t\t\t\t\t\n\t\t\t\t\t\t\t\t\t$(\"#vticker-180435146569ece06faef96\").easyTicker({\n\t\t\t\t\t\t\t\t\t\tdirection: \"up\",\n\t\t\t\t\t\t\t\t\t\teasing: \"swing\",\n\t\t\t\t\t\t\t\t\t\tspeed: \"200\",\n\t\t\t\t\t\t\t\t\t\tinterval: \"3000\",\n\t\t\t\t\t\t\t\t\t\theight: \"auto\",\n\t\t\t\t\t\t\t\t\t\tvisible: \"1\",\n\t\t\t\t\t\t\t\t\t\tmousePause: \"0\",\n\t\t\t\t\t\t\t\t\t\tcontrols: {\n\t\t\t\t\t\t\t\t\t\t\tup: \"\",\n\t\t\t\t\t\t\t\t\t\t\tdown: \"\",\n\t\t\t\t\t\t\t\t\t\t\ttoggle: \"\",\n\t\t\t\t\t\t\t\t\t\t\tplayText: \"Play\",\n\t\t\t\t\t\t\t\t\t\t\tstopText: \"Stop\"\n\t\t\t\t\t\t\t\t\t\t}\n\t\t\t\t\t\t\t\t\t});\n\t\t\t\t\t\t\t\t}\n\t\t\t\t\t\t\t});\n\t\t\t\t\t\t});\n\t\t\t\t\t<\/script><\/h2>[vc_column_text]<\/p>\n<p style=\"text-align: justify;\"><strong>V \u017eivote tenistu je mnoho vec\u00ed, ktor\u00e9 si hr\u00e1\u010d mus\u00ed zorganizova\u0165 mimo tenisov\u00e9ho dvorca, aby dosiahol profesion\u00e1lny tr\u00e9ningov\u00fd a turnajov\u00fd proces.<\/strong><\/p>\n<p style=\"text-align: justify;\"><span style=\"color: #ff6600;\"><strong>Ked\u017ee jedin\u00fdm cie\u013eom akad\u00e9mie L4T je zlep\u0161ovanie v\u00fdkonnosti, zabezpe\u010duje komplexn\u00fd servis pre svojich hr\u00e1\u010dov.<\/strong><\/span><\/p>\n<p style=\"text-align: justify;\"><strong>Na\u0161im hr\u00e1\u010dom naj\u010dastej\u0161ie pom\u00e1hame:<\/strong><\/p>\n<p style=\"text-align: justify;\">1. vybavenie v\u00edz a povolen\u00ed na pobyt v Bratislave<br \/>\n2. pomoc pri v\u00fdbere, prihlasovan\u00ed a odhlasovan\u00ed na turnaje<br \/>\n3. poradenstvo pri v\u00fdbere tenisov\u00fdch rakiet, v\u00fdpletov, tenisiek, oble\u010denia&#8230;<br \/>\n4. vypletanie rakiet priamo v akad\u00e9mii<br \/>\n5. zarezervovanie a k\u00fapu leteniek<br \/>\n6. vybavenie v\u00edz na turnaje<br \/>\n7. n\u00e1v\u0161tevu doktora a v\u0161etky lek\u00e1rske vy\u0161etrenia<br \/>\n8. zabezpe\u010denie ubytovania<br \/>\n9. vo\u013eno\u010dasov\u00e9 aktivity<br \/>\n10. poradenstvo<\/p>\n<p>[\/vc_column_text][\/vc_column][vc_column width=&#8220;1\/2&#8243;][vc_empty_space][vc_single_image image=&#8220;6144&#8243; img_size=&#8220;large&#8220; style=&#8220;vc_box_rounded&#8220;][vc_separator][\/vc_column][\/vc_row]<\/p>\n<\/div>","protected":false},"excerpt":{"rendered":"<p>[vc_row wrap_container=&#8220;yes&#8220;][vc_column width=&#8220;1\/2&#8243;][vc_empty_space][vc_column_text] V \u017eivote tenistu je mnoho vec\u00ed, ktor\u00e9 si hr\u00e1\u010d mus\u00ed zorganizova\u0165 mimo tenisov\u00e9ho dvorca, aby dosiahol profesion\u00e1lny tr\u00e9ningov\u00fd a turnajov\u00fd proces. Ked\u017ee jedin\u00fdm cie\u013eom akad\u00e9mie L4T je [&hellip;]<\/p>\n","protected":false},"author":1,"featured_media":0,"parent":8750,"menu_order":0,"comment_status":"closed","ping_status":"closed","template":"","meta":{"footnotes":""},"class_list":["post-8771","page","type-page","status-publish","hentry"],"yoast_head":"<!-- This site is optimized with the Yoast SEO plugin v23.1 - https:\/\/yoast.com\/wordpress\/plugins\/seo\/ -->\n<title>Asisten\u010dn\u00e9 slu\u017eby v tenisovej akad\u00e9mii | Love4Tennis.com<\/title>\n<meta name=\"description\" content=\"V \u017eivote tenistu je mnoho vec\u00ed, ktor\u00e9 si hr\u00e1\u010d mus\u00ed zorganizova\u0165 mimo tenisov\u00e9ho dvorca, aby dosiahol profesion\u00e1lny tr\u00e9ningov\u00fd a turnajov\u00fd proces.\" \/>\n<meta name=\"robots\" content=\"index, follow, max-snippet:-1, max-image-preview:large, max-video-preview:-1\" \/>\n<link rel=\"canonical\" href=\"https:\/\/love4tennis.com\/sk\/sluzby\/asistencne-sluzby\/\" \/>\n<meta property=\"og:locale\" content=\"sk_SK\" \/>\n<meta property=\"og:type\" content=\"article\" \/>\n<meta property=\"og:title\" content=\"Asisten\u010dn\u00e9 slu\u017eby v tenisovej akad\u00e9mii | Love4Tennis.com\" \/>\n<meta property=\"og:description\" content=\"V \u017eivote tenistu je mnoho vec\u00ed, ktor\u00e9 si hr\u00e1\u010d mus\u00ed zorganizova\u0165 mimo tenisov\u00e9ho dvorca, aby dosiahol profesion\u00e1lny tr\u00e9ningov\u00fd a turnajov\u00fd proces.\" \/>\n<meta property=\"og:url\" content=\"https:\/\/love4tennis.com\/sk\/sluzby\/asistencne-sluzby\/\" \/>\n<meta property=\"og:site_name\" content=\"L4T\" \/>\n<meta property=\"article:publisher\" content=\"https:\/\/www.facebook.com\/TKLOVE4TENNIS\/\" \/>\n<meta property=\"article:modified_time\" content=\"2024-08-01T13:57:21+00:00\" \/>\n<meta name=\"twitter:card\" content=\"summary_large_image\" \/>\n<meta name=\"twitter:label1\" content=\"Predpokladan\u00fd \u010das \u010d\u00edtania\" \/>\n\t<meta name=\"twitter:data1\" content=\"1 min\u00fata\" \/>\n<script type=\"application\/ld+json\" class=\"yoast-schema-graph\">{\"@context\":\"https:\/\/schema.org\",\"@graph\":[{\"@type\":\"WebPage\",\"@id\":\"https:\/\/love4tennis.com\/sk\/sluzby\/asistencne-sluzby\/\",\"url\":\"https:\/\/love4tennis.com\/sk\/sluzby\/asistencne-sluzby\/\",\"name\":\"Asisten\u010dn\u00e9 slu\u017eby v tenisovej akad\u00e9mii | Love4Tennis.com\",\"isPartOf\":{\"@id\":\"https:\/\/love4tennis.com\/#website\"},\"datePublished\":\"2017-01-24T01:48:46+00:00\",\"dateModified\":\"2024-08-01T13:57:21+00:00\",\"description\":\"V \u017eivote tenistu je mnoho vec\u00ed, ktor\u00e9 si hr\u00e1\u010d mus\u00ed zorganizova\u0165 mimo tenisov\u00e9ho dvorca, aby dosiahol profesion\u00e1lny tr\u00e9ningov\u00fd a turnajov\u00fd proces.\",\"breadcrumb\":{\"@id\":\"https:\/\/love4tennis.com\/sk\/sluzby\/asistencne-sluzby\/#breadcrumb\"},\"inLanguage\":\"sk-SK\",\"potentialAction\":[{\"@type\":\"ReadAction\",\"target\":[\"https:\/\/love4tennis.com\/sk\/sluzby\/asistencne-sluzby\/\"]}]},{\"@type\":\"BreadcrumbList\",\"@id\":\"https:\/\/love4tennis.com\/sk\/sluzby\/asistencne-sluzby\/#breadcrumb\",\"itemListElement\":[{\"@type\":\"ListItem\",\"position\":1,\"name\":\"Dom\u00e1ca str\u00e1nka\",\"item\":\"https:\/\/love4tennis.com\/sk\/\"},{\"@type\":\"ListItem\",\"position\":2,\"name\":\"Slu\u017eby\",\"item\":\"https:\/\/love4tennis.com\/sk\/sluzby\/\"},{\"@type\":\"ListItem\",\"position\":3,\"name\":\"Asisten\u010dn\u00e9 slu\u017eby\"}]},{\"@type\":\"WebSite\",\"@id\":\"https:\/\/love4tennis.com\/#website\",\"url\":\"https:\/\/love4tennis.com\/\",\"name\":\"L4T\",\"description\":\"\",\"publisher\":{\"@id\":\"https:\/\/love4tennis.com\/#organization\"},\"potentialAction\":[{\"@type\":\"SearchAction\",\"target\":{\"@type\":\"EntryPoint\",\"urlTemplate\":\"https:\/\/love4tennis.com\/?s={search_term_string}\"},\"query-input\":\"required name=search_term_string\"}],\"inLanguage\":\"sk-SK\"},{\"@type\":\"Organization\",\"@id\":\"https:\/\/love4tennis.com\/#organization\",\"name\":\"Love4Tennis Academy\",\"url\":\"https:\/\/love4tennis.com\/\",\"logo\":{\"@type\":\"ImageObject\",\"inLanguage\":\"sk-SK\",\"@id\":\"https:\/\/love4tennis.com\/#\/schema\/logo\/image\/\",\"url\":\"https:\/\/love4tennis.com\/wp-content\/uploads\/2018\/10\/logo_love4tennis.jpg\",\"contentUrl\":\"https:\/\/love4tennis.com\/wp-content\/uploads\/2018\/10\/logo_love4tennis.jpg\",\"width\":608,\"height\":315,\"caption\":\"Love4Tennis Academy\"},\"image\":{\"@id\":\"https:\/\/love4tennis.com\/#\/schema\/logo\/image\/\"},\"sameAs\":[\"https:\/\/www.facebook.com\/TKLOVE4TENNIS\/\"]}]}<\/script>\n<!-- \/ Yoast SEO plugin. -->","yoast_head_json":{"title":"Asisten\u010dn\u00e9 slu\u017eby v tenisovej akad\u00e9mii | Love4Tennis.com","description":"V \u017eivote tenistu je mnoho vec\u00ed, ktor\u00e9 si hr\u00e1\u010d mus\u00ed zorganizova\u0165 mimo tenisov\u00e9ho dvorca, aby dosiahol profesion\u00e1lny tr\u00e9ningov\u00fd a turnajov\u00fd proces.","robots":{"index":"index","follow":"follow","max-snippet":"max-snippet:-1","max-image-preview":"max-image-preview:large","max-video-preview":"max-video-preview:-1"},"canonical":"https:\/\/love4tennis.com\/sk\/sluzby\/asistencne-sluzby\/","og_locale":"sk_SK","og_type":"article","og_title":"Asisten\u010dn\u00e9 slu\u017eby v tenisovej akad\u00e9mii | Love4Tennis.com","og_description":"V \u017eivote tenistu je mnoho vec\u00ed, ktor\u00e9 si hr\u00e1\u010d mus\u00ed zorganizova\u0165 mimo tenisov\u00e9ho dvorca, aby dosiahol profesion\u00e1lny tr\u00e9ningov\u00fd a turnajov\u00fd proces.","og_url":"https:\/\/love4tennis.com\/sk\/sluzby\/asistencne-sluzby\/","og_site_name":"L4T","article_publisher":"https:\/\/www.facebook.com\/TKLOVE4TENNIS\/","article_modified_time":"2024-08-01T13:57:21+00:00","twitter_card":"summary_large_image","twitter_misc":{"Predpokladan\u00fd \u010das \u010d\u00edtania":"1 min\u00fata"},"schema":{"@context":"https:\/\/schema.org","@graph":[{"@type":"WebPage","@id":"https:\/\/love4tennis.com\/sk\/sluzby\/asistencne-sluzby\/","url":"https:\/\/love4tennis.com\/sk\/sluzby\/asistencne-sluzby\/","name":"Asisten\u010dn\u00e9 slu\u017eby v tenisovej akad\u00e9mii | Love4Tennis.com","isPartOf":{"@id":"https:\/\/love4tennis.com\/#website"},"datePublished":"2017-01-24T01:48:46+00:00","dateModified":"2024-08-01T13:57:21+00:00","description":"V \u017eivote tenistu je mnoho vec\u00ed, ktor\u00e9 si hr\u00e1\u010d mus\u00ed zorganizova\u0165 mimo tenisov\u00e9ho dvorca, aby dosiahol profesion\u00e1lny tr\u00e9ningov\u00fd a turnajov\u00fd proces.","breadcrumb":{"@id":"https:\/\/love4tennis.com\/sk\/sluzby\/asistencne-sluzby\/#breadcrumb"},"inLanguage":"sk-SK","potentialAction":[{"@type":"ReadAction","target":["https:\/\/love4tennis.com\/sk\/sluzby\/asistencne-sluzby\/"]}]},{"@type":"BreadcrumbList","@id":"https:\/\/love4tennis.com\/sk\/sluzby\/asistencne-sluzby\/#breadcrumb","itemListElement":[{"@type":"ListItem","position":1,"name":"Dom\u00e1ca str\u00e1nka","item":"https:\/\/love4tennis.com\/sk\/"},{"@type":"ListItem","position":2,"name":"Slu\u017eby","item":"https:\/\/love4tennis.com\/sk\/sluzby\/"},{"@type":"ListItem","position":3,"name":"Asisten\u010dn\u00e9 slu\u017eby"}]},{"@type":"WebSite","@id":"https:\/\/love4tennis.com\/#website","url":"https:\/\/love4tennis.com\/","name":"L4T","description":"","publisher":{"@id":"https:\/\/love4tennis.com\/#organization"},"potentialAction":[{"@type":"SearchAction","target":{"@type":"EntryPoint","urlTemplate":"https:\/\/love4tennis.com\/?s={search_term_string}"},"query-input":"required name=search_term_string"}],"inLanguage":"sk-SK"},{"@type":"Organization","@id":"https:\/\/love4tennis.com\/#organization","name":"Love4Tennis Academy","url":"https:\/\/love4tennis.com\/","logo":{"@type":"ImageObject","inLanguage":"sk-SK","@id":"https:\/\/love4tennis.com\/#\/schema\/logo\/image\/","url":"https:\/\/love4tennis.com\/wp-content\/uploads\/2018\/10\/logo_love4tennis.jpg","contentUrl":"https:\/\/love4tennis.com\/wp-content\/uploads\/2018\/10\/logo_love4tennis.jpg","width":608,"height":315,"caption":"Love4Tennis Academy"},"image":{"@id":"https:\/\/love4tennis.com\/#\/schema\/logo\/image\/"},"sameAs":["https:\/\/www.facebook.com\/TKLOVE4TENNIS\/"]}]}},"_links":{"self":[{"href":"https:\/\/love4tennis.com\/sk\/wp-json\/wp\/v2\/pages\/8771"}],"collection":[{"href":"https:\/\/love4tennis.com\/sk\/wp-json\/wp\/v2\/pages"}],"about":[{"href":"https:\/\/love4tennis.com\/sk\/wp-json\/wp\/v2\/types\/page"}],"author":[{"embeddable":true,"href":"https:\/\/love4tennis.com\/sk\/wp-json\/wp\/v2\/users\/1"}],"replies":[{"embeddable":true,"href":"https:\/\/love4tennis.com\/sk\/wp-json\/wp\/v2\/comments?post=8771"}],"version-history":[{"count":5,"href":"https:\/\/love4tennis.com\/sk\/wp-json\/wp\/v2\/pages\/8771\/revisions"}],"predecessor-version":[{"id":15081,"href":"https:\/\/love4tennis.com\/sk\/wp-json\/wp\/v2\/pages\/8771\/revisions\/15081"}],"up":[{"embeddable":true,"href":"https:\/\/love4tennis.com\/sk\/wp-json\/wp\/v2\/pages\/8750"}],"wp:attachment":[{"href":"https:\/\/love4tennis.com\/sk\/wp-json\/wp\/v2\/media?parent=8771"}],"curies":[{"name":"wp","href":"https:\/\/api.w.org\/{rel}","templated":true}]}}