{"id":8776,"date":"2017-01-24T03:53:39","date_gmt":"2017-01-24T01:53:39","guid":{"rendered":"https:\/\/love4tennis.com\/sk\/sluzby\/doplnkove-sluzby\/"},"modified":"2024-08-01T15:57:21","modified_gmt":"2024-08-01T13:57:21","slug":"doplnkove-sluzby","status":"publish","type":"page","link":"https:\/\/love4tennis.com\/sk\/sluzby\/doplnkove-sluzby\/","title":{"rendered":"Doplnkov\u00e9 slu\u017eby"},"content":{"rendered":"<div class=\"wpb-content-wrapper\"><p>[vc_row wrap_container=&#8220;yes&#8220;][vc_column width=&#8220;1\/2&#8243;][vc_empty_space]<h2 id=\"uvc-type-wrap-9881\"  data-ultimate-target='#uvc-type-wrap-9881'  data-responsive-json-new='{\"font-size\":\"\",\"line-height\":\"\"}'  class=\"uvc-type-wrap  ult-adjust-bottom-margin ult-responsive short uvc-type-align-left  uvc-wrap-214408430969ece079ea366\" style=\"text-align:left;\"><span  data-ultimate-target='#uvc-type-wrap-9881 .mycustfancy'  data-responsive-json-new='{\"font-size\":\"\",\"line-height\":\"\"}'  class=\"ultimate-ticker-prefix mycustfancy ult-responsive\" style=\"font-weight:bold; text-transform: unset;\">DOPLNKOV\u00c9 SLU\u017dBY PRE HR\u00c1\u010cOV<\/span><div id=\"vticker-214408430969ece079ea366\"  data-ultimate-target=&#039;#uvc-type-wrap-9881&#039;  data-responsive-json-new=&#039;{&quot;font-size&quot;:&quot;&quot;,&quot;line-height&quot;:&quot;&quot;}&#039;  class=\"ultimate-vticker ticker fancytext-background-enabled \" style=\"color:#ffffff;background:#d24b1e; font-weight:bold; text-transform: unset;\"><ul><li style=&quot;opacity:1&quot;><\/li><\/ul><\/div><script type=\"text\/javascript\">\n\t\t\t\t\t\tjQuery(function($){\n\t\t\t\t\t\t\t$(document).ready(function(){\n\t\t\t\t\t\t\t\tif( typeof jQuery(\"#vticker-214408430969ece079ea366\").easyTicker == \"function\"){\n\t\t\t\t\t\t\t\t\t$(\"#vticker-214408430969ece079ea366\").find(\"li\").css(\"opacity\",\"1\");\n\t\t\t\t\t\t\t\t\t\n\t\t\t\t\t\t\t\t\t$(\"#vticker-214408430969ece079ea366\").easyTicker({\n\t\t\t\t\t\t\t\t\t\tdirection: \"up\",\n\t\t\t\t\t\t\t\t\t\teasing: \"swing\",\n\t\t\t\t\t\t\t\t\t\tspeed: \"200\",\n\t\t\t\t\t\t\t\t\t\tinterval: \"3000\",\n\t\t\t\t\t\t\t\t\t\theight: \"auto\",\n\t\t\t\t\t\t\t\t\t\tvisible: \"1\",\n\t\t\t\t\t\t\t\t\t\tmousePause: \"0\",\n\t\t\t\t\t\t\t\t\t\tcontrols: {\n\t\t\t\t\t\t\t\t\t\t\tup: \"\",\n\t\t\t\t\t\t\t\t\t\t\tdown: \"\",\n\t\t\t\t\t\t\t\t\t\t\ttoggle: \"\",\n\t\t\t\t\t\t\t\t\t\t\tplayText: \"Play\",\n\t\t\t\t\t\t\t\t\t\t\tstopText: \"Stop\"\n\t\t\t\t\t\t\t\t\t\t}\n\t\t\t\t\t\t\t\t\t});\n\t\t\t\t\t\t\t\t}\n\t\t\t\t\t\t\t});\n\t\t\t\t\t\t});\n\t\t\t\t\t<\/script><\/h2>[vc_column_text]<\/p>\n<p style=\"text-align: justify;\"><strong>Na\u0161a akad\u00e9mia Love4Tennis vznikla preto, aby mohli hr\u00e1\u010di vyu\u017e\u00edva\u0165 profesion\u00e1lne podmienky bez toho, aby sa museli stara\u0165 o nie\u010do in\u00e9 ako o vlastn\u00fa v\u00fdkonnos\u0165. Plat\u00ed to i\u00a0pre aktivity po tenisovom tr\u00e9ningu, ktor\u00e9 sl\u00fa\u017eia\u00a0 na zlep\u0161enie ich fyzickej a\u00a0psychickej kond\u00edcie. <\/strong><\/p>\n<p style=\"text-align: justify;\">V\u00a0na\u0161ej akad\u00e9mii kladieme d\u00f4raz na:<\/p>\n<p style=\"text-align: justify;\"><span style=\"color: #ff6600;\"><strong>1. Regener\u00e1ciu<\/strong> &#8211; fyzioterapeut, mas\u00e9r, stre\u010dingov\u00e9 a kompenza\u010dn\u00e9 cvi\u010denia<\/span><br \/>\n<strong>Je neoddelite\u013enou s\u00fa\u010das\u0165ou tr\u00e9ningov\u00e9ho procesu \u0161portovca.<\/strong><\/p>\n<p style=\"text-align: justify;\">Fyzioterapeut 1x\/t\u00fd\u017edenne kontroluje hlavne z\u00e1kladn\u00e9 nedostatky, ktor\u00e9 sa u tenistov vyskytuj\u00fa z d\u00f4vodu jednostrann\u00e9ho za\u0165a\u017eenia, plus ostatn\u00e9 d\u00f4le\u017eit\u00e9 testy funk\u010dnosti pohybov\u00e9ho apar\u00e1tu. Hr\u00e1\u010di absolvuj\u00fa pravideln\u00e9 zdravotn\u00e9 prehliadky spolu so z\u00e1\u0165a\u017eov\u00fdmi testami. K dispoz\u00edcii pre hr\u00e1\u010dov je mas\u00e9r a fyzioterapeuti, rovnako ako \u0161pecialisti pre stre\u010dingov\u00e9 a kompenza\u010dn\u00e9 cvi\u010denia.<\/p>\n<p style=\"text-align: justify;\"><span style=\"color: #ff6600;\"><strong>2. Ment\u00e1lny tr\u00e9ning<\/strong> &#8211; \u0161portov\u00fd psychol\u00f3g<\/span><br \/>\n<strong>Najm\u00e4 vo vrcholovom \u0161porte plat\u00ed, \u017ee psychika \u010dasto rozhoduje d\u00f4le\u017eit\u00e9 z\u00e1pasy a je hlavn\u00fdm k\u013e\u00fa\u010dom k \u00faspechu.<\/strong><\/p>\n<p style=\"text-align: justify;\">Hr\u00e1\u010di akad\u00e9mie L4T maj\u00fa k dispoz\u00edcii aj \u0161portov\u00e9ho psychol\u00f3ga, ktor\u00fd k hr\u00e1\u010dom pravidelne 1x\/t\u00fd\u017edenne pristupuje pod\u013ea ich individu\u00e1lnych potrieb. Pravidelnou interakciou so \u0161portov\u00fdm psychol\u00f3gom vieme pomerne r\u00fdchlo a \u00fa\u010dinne odstr\u00e1ni\u0165 psychologick\u00e9 bloky, ktor\u00e9 br\u00e1nia hr\u00e1\u010dom pod\u00e1va\u0165 ich najlep\u0161ie v\u00fdkony.<\/p>\n<p style=\"text-align: justify;\"><span style=\"color: #ff6600;\"><strong>3. Nutri\u010dn\u00fd \u0161pecialista<\/strong> &#8211; odborn\u00edk na stravovanie \u0161portovcov<\/span><br \/>\n<strong>Energetick\u00fd pr\u00edjem a n\u00e1sledn\u00e1 regener\u00e1cia organizmu \u0161portovca po v\u00fdkone je ve\u013emi d\u00f4le\u017eitou s\u00fa\u010das\u0165ou profesion\u00e1lneho \u0161portu.<\/strong><\/p>\n<p style=\"text-align: justify;\">Ve\u013emi v\u00fdrazne ovplyv\u0148uje kvalitu a objem tr\u00e9ningov\u00e9ho procesu ako aj v\u00fdkonnos\u0165 z\u00e1pasov. Hr\u00e1\u010di akad\u00e9mie L4T maj\u00fa k dispoz\u00edcii vlastn\u00e9ho nutri\u010dn\u00e9ho \u0161pecialistu, ktor\u00fd na z\u00e1klade individu\u00e1lneho testovania ka\u017ed\u00e9ho hr\u00e1\u010da vypracuje osobitn\u00fd stravovac\u00ed program a program doplnkovej v\u00fd\u017eivy.<\/p>\n<p>[\/vc_column_text][\/vc_column][vc_column width=&#8220;1\/2&#8243;][vc_empty_space][vc_single_image image=&#8220;7261&#8243; img_size=&#8220;large&#8220; style=&#8220;vc_box_rounded&#8220;][vc_row_inner][vc_column_inner width=&#8220;1\/4&#8243; offset=&#8220;vc_col-lg-3 vc_col-md-3 vc_col-xs-6&#8243;][vc_single_image image=&#8220;8110&#8243; style=&#8220;vc_box_rounded&#8220; onclick=&#8220;link_image&#8220;][\/vc_column_inner][vc_column_inner width=&#8220;1\/4&#8243; offset=&#8220;vc_col-lg-3 vc_col-md-3 vc_col-xs-6&#8243;][vc_single_image image=&#8220;7621&#8243; style=&#8220;vc_box_rounded&#8220; onclick=&#8220;link_image&#8220;][\/vc_column_inner][vc_column_inner width=&#8220;1\/4&#8243; offset=&#8220;vc_col-lg-3 vc_col-md-3 vc_col-xs-6&#8243;][vc_single_image image=&#8220;7623&#8243; style=&#8220;vc_box_rounded&#8220; onclick=&#8220;link_image&#8220;][\/vc_column_inner][vc_column_inner width=&#8220;1\/4&#8243; offset=&#8220;vc_col-lg-3 vc_col-md-3 vc_col-xs-6&#8243;][vc_single_image image=&#8220;8447&#8243; style=&#8220;vc_box_rounded&#8220; onclick=&#8220;link_image&#8220;][\/vc_column_inner][\/vc_row_inner][vc_separator][\/vc_column][\/vc_row]<\/p>\n<\/div>","protected":false},"excerpt":{"rendered":"<p>[vc_row wrap_container=&#8220;yes&#8220;][vc_column width=&#8220;1\/2&#8243;][vc_empty_space][vc_column_text] Na\u0161a akad\u00e9mia Love4Tennis vznikla preto, aby mohli hr\u00e1\u010di vyu\u017e\u00edva\u0165 profesion\u00e1lne podmienky bez toho, aby sa museli stara\u0165 o nie\u010do in\u00e9 ako o vlastn\u00fa v\u00fdkonnos\u0165. Plat\u00ed to i\u00a0pre [&hellip;]<\/p>\n","protected":false},"author":1,"featured_media":0,"parent":8750,"menu_order":0,"comment_status":"closed","ping_status":"closed","template":"","meta":{"footnotes":""},"class_list":["post-8776","page","type-page","status-publish","hentry"],"yoast_head":"<!-- This site is optimized with the Yoast SEO plugin v23.1 - https:\/\/yoast.com\/wordpress\/plugins\/seo\/ -->\n<title>Doplnkov\u00e9 slu\u017eby v tenisovej akad\u00e9mii | Love4Tennis.com<\/title>\n<meta name=\"description\" content=\"Tenisov\u00e1 akad\u00e9mia L4T vznikla preto, aby mohli hr\u00e1\u010di vyu\u017ei\u0165 profesion\u00e1lne podmienky bez toho, aby sa museli stara\u0165 o nie\u010do in\u00e9 ako o vlastn\u00fa v\u00fdkonnos\u0165.\" \/>\n<meta name=\"robots\" content=\"index, follow, max-snippet:-1, max-image-preview:large, max-video-preview:-1\" \/>\n<link rel=\"canonical\" href=\"https:\/\/love4tennis.com\/sk\/sluzby\/doplnkove-sluzby\/\" \/>\n<meta property=\"og:locale\" content=\"sk_SK\" \/>\n<meta property=\"og:type\" content=\"article\" \/>\n<meta property=\"og:title\" content=\"Doplnkov\u00e9 slu\u017eby v tenisovej akad\u00e9mii | Love4Tennis.com\" \/>\n<meta property=\"og:description\" content=\"Tenisov\u00e1 akad\u00e9mia L4T vznikla preto, aby mohli hr\u00e1\u010di vyu\u017ei\u0165 profesion\u00e1lne podmienky bez toho, aby sa museli stara\u0165 o nie\u010do in\u00e9 ako o vlastn\u00fa v\u00fdkonnos\u0165.\" \/>\n<meta property=\"og:url\" content=\"https:\/\/love4tennis.com\/sk\/sluzby\/doplnkove-sluzby\/\" \/>\n<meta property=\"og:site_name\" content=\"L4T\" \/>\n<meta property=\"article:publisher\" content=\"https:\/\/www.facebook.com\/TKLOVE4TENNIS\/\" \/>\n<meta property=\"article:modified_time\" content=\"2024-08-01T13:57:21+00:00\" \/>\n<meta name=\"twitter:card\" content=\"summary_large_image\" \/>\n<meta name=\"twitter:label1\" content=\"Predpokladan\u00fd \u010das \u010d\u00edtania\" \/>\n\t<meta name=\"twitter:data1\" content=\"3 min\u00faty\" \/>\n<script type=\"application\/ld+json\" class=\"yoast-schema-graph\">{\"@context\":\"https:\/\/schema.org\",\"@graph\":[{\"@type\":\"WebPage\",\"@id\":\"https:\/\/love4tennis.com\/sk\/sluzby\/doplnkove-sluzby\/\",\"url\":\"https:\/\/love4tennis.com\/sk\/sluzby\/doplnkove-sluzby\/\",\"name\":\"Doplnkov\u00e9 slu\u017eby v tenisovej akad\u00e9mii | Love4Tennis.com\",\"isPartOf\":{\"@id\":\"https:\/\/love4tennis.com\/#website\"},\"datePublished\":\"2017-01-24T01:53:39+00:00\",\"dateModified\":\"2024-08-01T13:57:21+00:00\",\"description\":\"Tenisov\u00e1 akad\u00e9mia L4T vznikla preto, aby mohli hr\u00e1\u010di vyu\u017ei\u0165 profesion\u00e1lne podmienky bez toho, aby sa museli stara\u0165 o nie\u010do in\u00e9 ako o vlastn\u00fa v\u00fdkonnos\u0165.\",\"breadcrumb\":{\"@id\":\"https:\/\/love4tennis.com\/sk\/sluzby\/doplnkove-sluzby\/#breadcrumb\"},\"inLanguage\":\"sk-SK\",\"potentialAction\":[{\"@type\":\"ReadAction\",\"target\":[\"https:\/\/love4tennis.com\/sk\/sluzby\/doplnkove-sluzby\/\"]}]},{\"@type\":\"BreadcrumbList\",\"@id\":\"https:\/\/love4tennis.com\/sk\/sluzby\/doplnkove-sluzby\/#breadcrumb\",\"itemListElement\":[{\"@type\":\"ListItem\",\"position\":1,\"name\":\"Dom\u00e1ca str\u00e1nka\",\"item\":\"https:\/\/love4tennis.com\/sk\/\"},{\"@type\":\"ListItem\",\"position\":2,\"name\":\"Slu\u017eby\",\"item\":\"https:\/\/love4tennis.com\/sk\/sluzby\/\"},{\"@type\":\"ListItem\",\"position\":3,\"name\":\"Doplnkov\u00e9 slu\u017eby\"}]},{\"@type\":\"WebSite\",\"@id\":\"https:\/\/love4tennis.com\/#website\",\"url\":\"https:\/\/love4tennis.com\/\",\"name\":\"L4T\",\"description\":\"\",\"publisher\":{\"@id\":\"https:\/\/love4tennis.com\/#organization\"},\"potentialAction\":[{\"@type\":\"SearchAction\",\"target\":{\"@type\":\"EntryPoint\",\"urlTemplate\":\"https:\/\/love4tennis.com\/?s={search_term_string}\"},\"query-input\":\"required name=search_term_string\"}],\"inLanguage\":\"sk-SK\"},{\"@type\":\"Organization\",\"@id\":\"https:\/\/love4tennis.com\/#organization\",\"name\":\"Love4Tennis Academy\",\"url\":\"https:\/\/love4tennis.com\/\",\"logo\":{\"@type\":\"ImageObject\",\"inLanguage\":\"sk-SK\",\"@id\":\"https:\/\/love4tennis.com\/#\/schema\/logo\/image\/\",\"url\":\"https:\/\/love4tennis.com\/wp-content\/uploads\/2018\/10\/logo_love4tennis.jpg\",\"contentUrl\":\"https:\/\/love4tennis.com\/wp-content\/uploads\/2018\/10\/logo_love4tennis.jpg\",\"width\":608,\"height\":315,\"caption\":\"Love4Tennis Academy\"},\"image\":{\"@id\":\"https:\/\/love4tennis.com\/#\/schema\/logo\/image\/\"},\"sameAs\":[\"https:\/\/www.facebook.com\/TKLOVE4TENNIS\/\"]}]}<\/script>\n<!-- \/ Yoast SEO plugin. -->","yoast_head_json":{"title":"Doplnkov\u00e9 slu\u017eby v tenisovej akad\u00e9mii | Love4Tennis.com","description":"Tenisov\u00e1 akad\u00e9mia L4T vznikla preto, aby mohli hr\u00e1\u010di vyu\u017ei\u0165 profesion\u00e1lne podmienky bez toho, aby sa museli stara\u0165 o nie\u010do in\u00e9 ako o vlastn\u00fa v\u00fdkonnos\u0165.","robots":{"index":"index","follow":"follow","max-snippet":"max-snippet:-1","max-image-preview":"max-image-preview:large","max-video-preview":"max-video-preview:-1"},"canonical":"https:\/\/love4tennis.com\/sk\/sluzby\/doplnkove-sluzby\/","og_locale":"sk_SK","og_type":"article","og_title":"Doplnkov\u00e9 slu\u017eby v tenisovej akad\u00e9mii | Love4Tennis.com","og_description":"Tenisov\u00e1 akad\u00e9mia L4T vznikla preto, aby mohli hr\u00e1\u010di vyu\u017ei\u0165 profesion\u00e1lne podmienky bez toho, aby sa museli stara\u0165 o nie\u010do in\u00e9 ako o vlastn\u00fa v\u00fdkonnos\u0165.","og_url":"https:\/\/love4tennis.com\/sk\/sluzby\/doplnkove-sluzby\/","og_site_name":"L4T","article_publisher":"https:\/\/www.facebook.com\/TKLOVE4TENNIS\/","article_modified_time":"2024-08-01T13:57:21+00:00","twitter_card":"summary_large_image","twitter_misc":{"Predpokladan\u00fd \u010das \u010d\u00edtania":"3 min\u00faty"},"schema":{"@context":"https:\/\/schema.org","@graph":[{"@type":"WebPage","@id":"https:\/\/love4tennis.com\/sk\/sluzby\/doplnkove-sluzby\/","url":"https:\/\/love4tennis.com\/sk\/sluzby\/doplnkove-sluzby\/","name":"Doplnkov\u00e9 slu\u017eby v tenisovej akad\u00e9mii | Love4Tennis.com","isPartOf":{"@id":"https:\/\/love4tennis.com\/#website"},"datePublished":"2017-01-24T01:53:39+00:00","dateModified":"2024-08-01T13:57:21+00:00","description":"Tenisov\u00e1 akad\u00e9mia L4T vznikla preto, aby mohli hr\u00e1\u010di vyu\u017ei\u0165 profesion\u00e1lne podmienky bez toho, aby sa museli stara\u0165 o nie\u010do in\u00e9 ako o vlastn\u00fa v\u00fdkonnos\u0165.","breadcrumb":{"@id":"https:\/\/love4tennis.com\/sk\/sluzby\/doplnkove-sluzby\/#breadcrumb"},"inLanguage":"sk-SK","potentialAction":[{"@type":"ReadAction","target":["https:\/\/love4tennis.com\/sk\/sluzby\/doplnkove-sluzby\/"]}]},{"@type":"BreadcrumbList","@id":"https:\/\/love4tennis.com\/sk\/sluzby\/doplnkove-sluzby\/#breadcrumb","itemListElement":[{"@type":"ListItem","position":1,"name":"Dom\u00e1ca str\u00e1nka","item":"https:\/\/love4tennis.com\/sk\/"},{"@type":"ListItem","position":2,"name":"Slu\u017eby","item":"https:\/\/love4tennis.com\/sk\/sluzby\/"},{"@type":"ListItem","position":3,"name":"Doplnkov\u00e9 slu\u017eby"}]},{"@type":"WebSite","@id":"https:\/\/love4tennis.com\/#website","url":"https:\/\/love4tennis.com\/","name":"L4T","description":"","publisher":{"@id":"https:\/\/love4tennis.com\/#organization"},"potentialAction":[{"@type":"SearchAction","target":{"@type":"EntryPoint","urlTemplate":"https:\/\/love4tennis.com\/?s={search_term_string}"},"query-input":"required name=search_term_string"}],"inLanguage":"sk-SK"},{"@type":"Organization","@id":"https:\/\/love4tennis.com\/#organization","name":"Love4Tennis Academy","url":"https:\/\/love4tennis.com\/","logo":{"@type":"ImageObject","inLanguage":"sk-SK","@id":"https:\/\/love4tennis.com\/#\/schema\/logo\/image\/","url":"https:\/\/love4tennis.com\/wp-content\/uploads\/2018\/10\/logo_love4tennis.jpg","contentUrl":"https:\/\/love4tennis.com\/wp-content\/uploads\/2018\/10\/logo_love4tennis.jpg","width":608,"height":315,"caption":"Love4Tennis Academy"},"image":{"@id":"https:\/\/love4tennis.com\/#\/schema\/logo\/image\/"},"sameAs":["https:\/\/www.facebook.com\/TKLOVE4TENNIS\/"]}]}},"_links":{"self":[{"href":"https:\/\/love4tennis.com\/sk\/wp-json\/wp\/v2\/pages\/8776"}],"collection":[{"href":"https:\/\/love4tennis.com\/sk\/wp-json\/wp\/v2\/pages"}],"about":[{"href":"https:\/\/love4tennis.com\/sk\/wp-json\/wp\/v2\/types\/page"}],"author":[{"embeddable":true,"href":"https:\/\/love4tennis.com\/sk\/wp-json\/wp\/v2\/users\/1"}],"replies":[{"embeddable":true,"href":"https:\/\/love4tennis.com\/sk\/wp-json\/wp\/v2\/comments?post=8776"}],"version-history":[{"count":6,"href":"https:\/\/love4tennis.com\/sk\/wp-json\/wp\/v2\/pages\/8776\/revisions"}],"predecessor-version":[{"id":8982,"href":"https:\/\/love4tennis.com\/sk\/wp-json\/wp\/v2\/pages\/8776\/revisions\/8982"}],"up":[{"embeddable":true,"href":"https:\/\/love4tennis.com\/sk\/wp-json\/wp\/v2\/pages\/8750"}],"wp:attachment":[{"href":"https:\/\/love4tennis.com\/sk\/wp-json\/wp\/v2\/media?parent=8776"}],"curies":[{"name":"wp","href":"https:\/\/api.w.org\/{rel}","templated":true}]}}