{"id":8786,"date":"2017-01-24T04:06:41","date_gmt":"2017-01-24T02:06:41","guid":{"rendered":"https:\/\/love4tennis.com\/sk\/sluzby\/stravovanie\/"},"modified":"2024-08-01T15:57:22","modified_gmt":"2024-08-01T13:57:22","slug":"stravovanie","status":"publish","type":"page","link":"https:\/\/love4tennis.com\/sk\/sluzby\/stravovanie\/","title":{"rendered":"Stravovanie"},"content":{"rendered":"<div class=\"wpb-content-wrapper\"><p>[vc_row wrap_container=&#8220;yes&#8220;][vc_column width=&#8220;1\/2&#8243;][vc_empty_space]<h2 id=\"uvc-type-wrap-7325\"  data-ultimate-target='#uvc-type-wrap-7325'  data-responsive-json-new='{\"font-size\":\"\",\"line-height\":\"\"}'  class=\"uvc-type-wrap  ult-adjust-bottom-margin ult-responsive short uvc-type-align-left  uvc-wrap-114813852169ece035c3e04\" style=\"text-align:left;\"><span  data-ultimate-target='#uvc-type-wrap-7325 .mycustfancy'  data-responsive-json-new='{\"font-size\":\"\",\"line-height\":\"\"}'  class=\"ultimate-ticker-prefix mycustfancy ult-responsive\" style=\"font-weight:bold; text-transform: unset;\">STRAVOVANIE PRE HR\u00c1\u010cOV AKAD\u00c9MIE<\/span><div id=\"vticker-114813852169ece035c3e04\"  data-ultimate-target=&#039;#uvc-type-wrap-7325&#039;  data-responsive-json-new=&#039;{&quot;font-size&quot;:&quot;&quot;,&quot;line-height&quot;:&quot;&quot;}&#039;  class=\"ultimate-vticker ticker fancytext-background-enabled \" style=\"color:#ffffff;background:#d24b1e; font-weight:bold; text-transform: unset;\"><ul><li style=&quot;opacity:1&quot;><\/li><\/ul><\/div><script type=\"text\/javascript\">\n\t\t\t\t\t\tjQuery(function($){\n\t\t\t\t\t\t\t$(document).ready(function(){\n\t\t\t\t\t\t\t\tif( typeof jQuery(\"#vticker-114813852169ece035c3e04\").easyTicker == \"function\"){\n\t\t\t\t\t\t\t\t\t$(\"#vticker-114813852169ece035c3e04\").find(\"li\").css(\"opacity\",\"1\");\n\t\t\t\t\t\t\t\t\t\n\t\t\t\t\t\t\t\t\t$(\"#vticker-114813852169ece035c3e04\").easyTicker({\n\t\t\t\t\t\t\t\t\t\tdirection: \"up\",\n\t\t\t\t\t\t\t\t\t\teasing: \"swing\",\n\t\t\t\t\t\t\t\t\t\tspeed: \"200\",\n\t\t\t\t\t\t\t\t\t\tinterval: \"3000\",\n\t\t\t\t\t\t\t\t\t\theight: \"auto\",\n\t\t\t\t\t\t\t\t\t\tvisible: \"1\",\n\t\t\t\t\t\t\t\t\t\tmousePause: \"0\",\n\t\t\t\t\t\t\t\t\t\tcontrols: {\n\t\t\t\t\t\t\t\t\t\t\tup: \"\",\n\t\t\t\t\t\t\t\t\t\t\tdown: \"\",\n\t\t\t\t\t\t\t\t\t\t\ttoggle: \"\",\n\t\t\t\t\t\t\t\t\t\t\tplayText: \"Play\",\n\t\t\t\t\t\t\t\t\t\t\tstopText: \"Stop\"\n\t\t\t\t\t\t\t\t\t\t}\n\t\t\t\t\t\t\t\t\t});\n\t\t\t\t\t\t\t\t}\n\t\t\t\t\t\t\t});\n\t\t\t\t\t\t});\n\t\t\t\t\t<\/script><\/h2>[vc_column_text]<\/p>\n<p style=\"text-align: justify;\"><strong>Stravovanie a\u00a0v\u00fd\u017eiva s\u00fa pre hr\u00e1\u010dov ve\u013emi d\u00f4le\u017eit\u00e9. V na\u0161ej akad\u00e9mii Love4Tennis zabezpe\u010d\u00edme celodenn\u00fd stravn\u00fd a\u00a0pitn\u00fd re\u017eim pre na\u0161ich hr\u00e1\u010dov.<\/strong><\/p>\n<p style=\"text-align: justify;\"><strong>Pon\u00fakame tieto mo\u017enosti stravovania:<\/strong><br \/>\n<span style=\"color: #ff6600;\"><strong>1.Stravovanie v re\u0161taur\u00e1cii 4*hotela<\/strong><\/span>, ktor\u00fd sa nach\u00e1dza priamo v\u00a0are\u00e1li akad\u00e9mie Love4Tennis. Re\u0161taur\u00e1cia je zameran\u00e1 na eur\u00f3psku kuchy\u0148u a\u00a0pre hr\u00e1\u010dov s\u00fa k\u00a0dispoz\u00edcii:<br \/>\n&#8211; ra\u0148ajky,<br \/>\n&#8211; obedy,<br \/>\n&#8211; ve\u010dere.<\/p>\n<p style=\"text-align: justify;\"><span style=\"color: #ff6600;\"><strong>2.Stravovanie pod\u013ea vlastn\u00e9ho v\u00fdberu.<\/strong> <\/span>V\u00a0bl\u00edzkosti akad\u00e9mie sa tie\u017e nach\u00e1dza <strong>mno\u017estvo supermarketov a\u00a0obchodov s potravinami<\/strong>, v ktor\u00fdch si hr\u00e1\u010di m\u00f4\u017eu dok\u00fapi\u0165 drobn\u00e9 ob\u010derstvenie \u010di in\u00e9 jedlo pod\u013ea vlastn\u00e9ho uv\u00e1\u017eenia a chuti.<\/p>\n<p style=\"text-align: justify;\">Na\u0161i hr\u00e1\u010di tie\u017e m\u00f4\u017eu vyu\u017ei\u0165 <strong>slu\u017eby n\u00e1\u0161ho nutri\u010dn\u00e9ho \u0161pecialistu<\/strong>, ktor\u00fd im vytvor\u00ed na mieru \u0161it\u00fd jed\u00e1lny l\u00edstok.<\/p>\n<p>[\/vc_column_text][\/vc_column][vc_column width=&#8220;1\/2&#8243;][vc_empty_space][vc_single_image image=&#8220;8392&#8243; img_size=&#8220;large&#8220; style=&#8220;vc_box_rounded&#8220;][vc_row_inner][vc_column_inner width=&#8220;1\/4&#8243; offset=&#8220;vc_col-lg-3 vc_col-md-3 vc_col-xs-6&#8243;][vc_single_image image=&#8220;8393&#8243; style=&#8220;vc_box_rounded&#8220; onclick=&#8220;link_image&#8220;][\/vc_column_inner][vc_column_inner width=&#8220;1\/4&#8243; offset=&#8220;vc_col-lg-3 vc_col-md-3 vc_col-xs-6&#8243;][vc_single_image image=&#8220;8348&#8243; style=&#8220;vc_box_rounded&#8220; onclick=&#8220;link_image&#8220;][\/vc_column_inner][vc_column_inner width=&#8220;1\/4&#8243; offset=&#8220;vc_col-lg-3 vc_col-md-3 vc_col-xs-6&#8243;][vc_single_image image=&#8220;8394&#8243; style=&#8220;vc_box_rounded&#8220; onclick=&#8220;link_image&#8220;][\/vc_column_inner][vc_column_inner width=&#8220;1\/4&#8243; offset=&#8220;vc_col-lg-3 vc_col-md-3 vc_col-xs-6&#8243;][vc_single_image image=&#8220;8395&#8243; style=&#8220;vc_box_rounded&#8220; onclick=&#8220;link_image&#8220;][\/vc_column_inner][\/vc_row_inner][vc_separator][\/vc_column][\/vc_row]<\/p>\n<\/div>","protected":false},"excerpt":{"rendered":"<p>[vc_row wrap_container=&#8220;yes&#8220;][vc_column width=&#8220;1\/2&#8243;][vc_empty_space][vc_column_text] Stravovanie a\u00a0v\u00fd\u017eiva s\u00fa pre hr\u00e1\u010dov ve\u013emi d\u00f4le\u017eit\u00e9. V na\u0161ej akad\u00e9mii Love4Tennis zabezpe\u010d\u00edme celodenn\u00fd stravn\u00fd a\u00a0pitn\u00fd re\u017eim pre na\u0161ich hr\u00e1\u010dov. Pon\u00fakame tieto mo\u017enosti stravovania: 1.Stravovanie v re\u0161taur\u00e1cii 4*hotela, [&hellip;]<\/p>\n","protected":false},"author":1,"featured_media":0,"parent":8750,"menu_order":0,"comment_status":"closed","ping_status":"closed","template":"","meta":{"footnotes":""},"class_list":["post-8786","page","type-page","status-publish","hentry"],"yoast_head":"<!-- This site is optimized with the Yoast SEO plugin v23.1 - https:\/\/yoast.com\/wordpress\/plugins\/seo\/ -->\n<title>Stravovanie v tenisovej akad\u00e9mii | Love4Tennis.com<\/title>\n<meta name=\"description\" content=\"Na\u0161im hr\u00e1\u010dom v tenisovej akad\u00e9mii poskytuje komplexn\u00e9 slu\u017eby vr\u00e1tane stravovania na jednom mieste. Takisto m\u00f4\u017eu vyu\u017ei\u0165 slu\u017eby n\u00e1\u0161ho nutri\u010dn\u00e9ho \u0161pecialistu.\" \/>\n<meta name=\"robots\" content=\"index, follow, max-snippet:-1, max-image-preview:large, max-video-preview:-1\" \/>\n<link rel=\"canonical\" href=\"https:\/\/love4tennis.com\/sk\/sluzby\/stravovanie\/\" \/>\n<meta property=\"og:locale\" content=\"sk_SK\" \/>\n<meta property=\"og:type\" content=\"article\" \/>\n<meta property=\"og:title\" content=\"Stravovanie v tenisovej akad\u00e9mii | Love4Tennis.com\" \/>\n<meta property=\"og:description\" content=\"Na\u0161im hr\u00e1\u010dom v tenisovej akad\u00e9mii poskytuje komplexn\u00e9 slu\u017eby vr\u00e1tane stravovania na jednom mieste. Takisto m\u00f4\u017eu vyu\u017ei\u0165 slu\u017eby n\u00e1\u0161ho nutri\u010dn\u00e9ho \u0161pecialistu.\" \/>\n<meta property=\"og:url\" content=\"https:\/\/love4tennis.com\/sk\/sluzby\/stravovanie\/\" \/>\n<meta property=\"og:site_name\" content=\"L4T\" \/>\n<meta property=\"article:publisher\" content=\"https:\/\/www.facebook.com\/TKLOVE4TENNIS\/\" \/>\n<meta property=\"article:modified_time\" content=\"2024-08-01T13:57:22+00:00\" \/>\n<meta name=\"twitter:card\" content=\"summary_large_image\" \/>\n<meta name=\"twitter:label1\" content=\"Predpokladan\u00fd \u010das \u010d\u00edtania\" \/>\n\t<meta name=\"twitter:data1\" content=\"2 min\u00faty\" \/>\n<script type=\"application\/ld+json\" class=\"yoast-schema-graph\">{\"@context\":\"https:\/\/schema.org\",\"@graph\":[{\"@type\":\"WebPage\",\"@id\":\"https:\/\/love4tennis.com\/sk\/sluzby\/stravovanie\/\",\"url\":\"https:\/\/love4tennis.com\/sk\/sluzby\/stravovanie\/\",\"name\":\"Stravovanie v tenisovej akad\u00e9mii | Love4Tennis.com\",\"isPartOf\":{\"@id\":\"https:\/\/love4tennis.com\/#website\"},\"datePublished\":\"2017-01-24T02:06:41+00:00\",\"dateModified\":\"2024-08-01T13:57:22+00:00\",\"description\":\"Na\u0161im hr\u00e1\u010dom v tenisovej akad\u00e9mii poskytuje komplexn\u00e9 slu\u017eby vr\u00e1tane stravovania na jednom mieste. Takisto m\u00f4\u017eu vyu\u017ei\u0165 slu\u017eby n\u00e1\u0161ho nutri\u010dn\u00e9ho \u0161pecialistu.\",\"breadcrumb\":{\"@id\":\"https:\/\/love4tennis.com\/sk\/sluzby\/stravovanie\/#breadcrumb\"},\"inLanguage\":\"sk-SK\",\"potentialAction\":[{\"@type\":\"ReadAction\",\"target\":[\"https:\/\/love4tennis.com\/sk\/sluzby\/stravovanie\/\"]}]},{\"@type\":\"BreadcrumbList\",\"@id\":\"https:\/\/love4tennis.com\/sk\/sluzby\/stravovanie\/#breadcrumb\",\"itemListElement\":[{\"@type\":\"ListItem\",\"position\":1,\"name\":\"Dom\u00e1ca str\u00e1nka\",\"item\":\"https:\/\/love4tennis.com\/sk\/\"},{\"@type\":\"ListItem\",\"position\":2,\"name\":\"Slu\u017eby\",\"item\":\"https:\/\/love4tennis.com\/sk\/sluzby\/\"},{\"@type\":\"ListItem\",\"position\":3,\"name\":\"Stravovanie\"}]},{\"@type\":\"WebSite\",\"@id\":\"https:\/\/love4tennis.com\/#website\",\"url\":\"https:\/\/love4tennis.com\/\",\"name\":\"L4T\",\"description\":\"\",\"publisher\":{\"@id\":\"https:\/\/love4tennis.com\/#organization\"},\"potentialAction\":[{\"@type\":\"SearchAction\",\"target\":{\"@type\":\"EntryPoint\",\"urlTemplate\":\"https:\/\/love4tennis.com\/?s={search_term_string}\"},\"query-input\":\"required name=search_term_string\"}],\"inLanguage\":\"sk-SK\"},{\"@type\":\"Organization\",\"@id\":\"https:\/\/love4tennis.com\/#organization\",\"name\":\"Love4Tennis Academy\",\"url\":\"https:\/\/love4tennis.com\/\",\"logo\":{\"@type\":\"ImageObject\",\"inLanguage\":\"sk-SK\",\"@id\":\"https:\/\/love4tennis.com\/#\/schema\/logo\/image\/\",\"url\":\"https:\/\/love4tennis.com\/wp-content\/uploads\/2018\/10\/logo_love4tennis.jpg\",\"contentUrl\":\"https:\/\/love4tennis.com\/wp-content\/uploads\/2018\/10\/logo_love4tennis.jpg\",\"width\":608,\"height\":315,\"caption\":\"Love4Tennis Academy\"},\"image\":{\"@id\":\"https:\/\/love4tennis.com\/#\/schema\/logo\/image\/\"},\"sameAs\":[\"https:\/\/www.facebook.com\/TKLOVE4TENNIS\/\"]}]}<\/script>\n<!-- \/ Yoast SEO plugin. -->","yoast_head_json":{"title":"Stravovanie v tenisovej akad\u00e9mii | Love4Tennis.com","description":"Na\u0161im hr\u00e1\u010dom v tenisovej akad\u00e9mii poskytuje komplexn\u00e9 slu\u017eby vr\u00e1tane stravovania na jednom mieste. Takisto m\u00f4\u017eu vyu\u017ei\u0165 slu\u017eby n\u00e1\u0161ho nutri\u010dn\u00e9ho \u0161pecialistu.","robots":{"index":"index","follow":"follow","max-snippet":"max-snippet:-1","max-image-preview":"max-image-preview:large","max-video-preview":"max-video-preview:-1"},"canonical":"https:\/\/love4tennis.com\/sk\/sluzby\/stravovanie\/","og_locale":"sk_SK","og_type":"article","og_title":"Stravovanie v tenisovej akad\u00e9mii | Love4Tennis.com","og_description":"Na\u0161im hr\u00e1\u010dom v tenisovej akad\u00e9mii poskytuje komplexn\u00e9 slu\u017eby vr\u00e1tane stravovania na jednom mieste. Takisto m\u00f4\u017eu vyu\u017ei\u0165 slu\u017eby n\u00e1\u0161ho nutri\u010dn\u00e9ho \u0161pecialistu.","og_url":"https:\/\/love4tennis.com\/sk\/sluzby\/stravovanie\/","og_site_name":"L4T","article_publisher":"https:\/\/www.facebook.com\/TKLOVE4TENNIS\/","article_modified_time":"2024-08-01T13:57:22+00:00","twitter_card":"summary_large_image","twitter_misc":{"Predpokladan\u00fd \u010das \u010d\u00edtania":"2 min\u00faty"},"schema":{"@context":"https:\/\/schema.org","@graph":[{"@type":"WebPage","@id":"https:\/\/love4tennis.com\/sk\/sluzby\/stravovanie\/","url":"https:\/\/love4tennis.com\/sk\/sluzby\/stravovanie\/","name":"Stravovanie v tenisovej akad\u00e9mii | Love4Tennis.com","isPartOf":{"@id":"https:\/\/love4tennis.com\/#website"},"datePublished":"2017-01-24T02:06:41+00:00","dateModified":"2024-08-01T13:57:22+00:00","description":"Na\u0161im hr\u00e1\u010dom v tenisovej akad\u00e9mii poskytuje komplexn\u00e9 slu\u017eby vr\u00e1tane stravovania na jednom mieste. Takisto m\u00f4\u017eu vyu\u017ei\u0165 slu\u017eby n\u00e1\u0161ho nutri\u010dn\u00e9ho \u0161pecialistu.","breadcrumb":{"@id":"https:\/\/love4tennis.com\/sk\/sluzby\/stravovanie\/#breadcrumb"},"inLanguage":"sk-SK","potentialAction":[{"@type":"ReadAction","target":["https:\/\/love4tennis.com\/sk\/sluzby\/stravovanie\/"]}]},{"@type":"BreadcrumbList","@id":"https:\/\/love4tennis.com\/sk\/sluzby\/stravovanie\/#breadcrumb","itemListElement":[{"@type":"ListItem","position":1,"name":"Dom\u00e1ca str\u00e1nka","item":"https:\/\/love4tennis.com\/sk\/"},{"@type":"ListItem","position":2,"name":"Slu\u017eby","item":"https:\/\/love4tennis.com\/sk\/sluzby\/"},{"@type":"ListItem","position":3,"name":"Stravovanie"}]},{"@type":"WebSite","@id":"https:\/\/love4tennis.com\/#website","url":"https:\/\/love4tennis.com\/","name":"L4T","description":"","publisher":{"@id":"https:\/\/love4tennis.com\/#organization"},"potentialAction":[{"@type":"SearchAction","target":{"@type":"EntryPoint","urlTemplate":"https:\/\/love4tennis.com\/?s={search_term_string}"},"query-input":"required name=search_term_string"}],"inLanguage":"sk-SK"},{"@type":"Organization","@id":"https:\/\/love4tennis.com\/#organization","name":"Love4Tennis Academy","url":"https:\/\/love4tennis.com\/","logo":{"@type":"ImageObject","inLanguage":"sk-SK","@id":"https:\/\/love4tennis.com\/#\/schema\/logo\/image\/","url":"https:\/\/love4tennis.com\/wp-content\/uploads\/2018\/10\/logo_love4tennis.jpg","contentUrl":"https:\/\/love4tennis.com\/wp-content\/uploads\/2018\/10\/logo_love4tennis.jpg","width":608,"height":315,"caption":"Love4Tennis Academy"},"image":{"@id":"https:\/\/love4tennis.com\/#\/schema\/logo\/image\/"},"sameAs":["https:\/\/www.facebook.com\/TKLOVE4TENNIS\/"]}]}},"_links":{"self":[{"href":"https:\/\/love4tennis.com\/sk\/wp-json\/wp\/v2\/pages\/8786"}],"collection":[{"href":"https:\/\/love4tennis.com\/sk\/wp-json\/wp\/v2\/pages"}],"about":[{"href":"https:\/\/love4tennis.com\/sk\/wp-json\/wp\/v2\/types\/page"}],"author":[{"embeddable":true,"href":"https:\/\/love4tennis.com\/sk\/wp-json\/wp\/v2\/users\/1"}],"replies":[{"embeddable":true,"href":"https:\/\/love4tennis.com\/sk\/wp-json\/wp\/v2\/comments?post=8786"}],"version-history":[{"count":4,"href":"https:\/\/love4tennis.com\/sk\/wp-json\/wp\/v2\/pages\/8786\/revisions"}],"predecessor-version":[{"id":15113,"href":"https:\/\/love4tennis.com\/sk\/wp-json\/wp\/v2\/pages\/8786\/revisions\/15113"}],"up":[{"embeddable":true,"href":"https:\/\/love4tennis.com\/sk\/wp-json\/wp\/v2\/pages\/8750"}],"wp:attachment":[{"href":"https:\/\/love4tennis.com\/sk\/wp-json\/wp\/v2\/media?parent=8786"}],"curies":[{"name":"wp","href":"https:\/\/api.w.org\/{rel}","templated":true}]}}