{"id":8943,"date":"2017-01-26T16:35:35","date_gmt":"2017-01-26T14:35:35","guid":{"rendered":"https:\/\/love4tennis.com\/sk\/o-nas\/how-we-work\/"},"modified":"2024-08-01T15:57:19","modified_gmt":"2024-08-01T13:57:19","slug":"ako-pracujeme","status":"publish","type":"page","link":"https:\/\/love4tennis.com\/sk\/o-nas\/ako-pracujeme\/","title":{"rendered":"Ako pracujeme"},"content":{"rendered":"<div class=\"wpb-content-wrapper\"><p>[vc_row wrap_container=&#8220;yes&#8220;][vc_column][vc_empty_space]<h2 id=\"uvc-type-wrap-8206\"  data-ultimate-target='#uvc-type-wrap-8206'  data-responsive-json-new='{\"font-size\":\"\",\"line-height\":\"\"}'  class=\"uvc-type-wrap  ult-adjust-bottom-margin ult-responsive short uvc-type-align-center  uvc-wrap-28392057869ece4257a26e\" style=\"text-align:center;\"><span  data-ultimate-target='#uvc-type-wrap-8206 .mycustfancy'  data-responsive-json-new='{\"font-size\":\"\",\"line-height\":\"\"}'  class=\"ultimate-ticker-prefix mycustfancy ult-responsive\" style=\"font-weight:bold; text-transform: unset;\">AKO PRACUJEME V NA\u0160EJ TENISOVEJ AKAD\u00c9MII<\/span><div id=\"vticker-28392057869ece4257a26e\"  data-ultimate-target=&#039;#uvc-type-wrap-8206&#039;  data-responsive-json-new=&#039;{&quot;font-size&quot;:&quot;&quot;,&quot;line-height&quot;:&quot;&quot;}&#039;  class=\"ultimate-vticker ticker fancytext-background-enabled \" style=\"color:#ffffff;background:#d24b1e; font-weight:bold; text-transform: unset;\"><ul><li style=&quot;opacity:1&quot;><\/li><\/ul><\/div><script type=\"text\/javascript\">\n\t\t\t\t\t\tjQuery(function($){\n\t\t\t\t\t\t\t$(document).ready(function(){\n\t\t\t\t\t\t\t\tif( typeof jQuery(\"#vticker-28392057869ece4257a26e\").easyTicker == \"function\"){\n\t\t\t\t\t\t\t\t\t$(\"#vticker-28392057869ece4257a26e\").find(\"li\").css(\"opacity\",\"1\");\n\t\t\t\t\t\t\t\t\t\n\t\t\t\t\t\t\t\t\t$(\"#vticker-28392057869ece4257a26e\").easyTicker({\n\t\t\t\t\t\t\t\t\t\tdirection: \"up\",\n\t\t\t\t\t\t\t\t\t\teasing: \"swing\",\n\t\t\t\t\t\t\t\t\t\tspeed: \"200\",\n\t\t\t\t\t\t\t\t\t\tinterval: \"3000\",\n\t\t\t\t\t\t\t\t\t\theight: \"auto\",\n\t\t\t\t\t\t\t\t\t\tvisible: \"1\",\n\t\t\t\t\t\t\t\t\t\tmousePause: \"0\",\n\t\t\t\t\t\t\t\t\t\tcontrols: {\n\t\t\t\t\t\t\t\t\t\t\tup: \"\",\n\t\t\t\t\t\t\t\t\t\t\tdown: \"\",\n\t\t\t\t\t\t\t\t\t\t\ttoggle: \"\",\n\t\t\t\t\t\t\t\t\t\t\tplayText: \"Play\",\n\t\t\t\t\t\t\t\t\t\t\tstopText: \"Stop\"\n\t\t\t\t\t\t\t\t\t\t}\n\t\t\t\t\t\t\t\t\t});\n\t\t\t\t\t\t\t\t}\n\t\t\t\t\t\t\t});\n\t\t\t\t\t\t});\n\t\t\t\t\t<\/script><\/h2>[\/vc_column][\/vc_row][vc_row wrap_container=&#8220;yes&#8220;][vc_column width=&#8220;5\/12&#8243;][vc_column_text]<\/p>\n<p style=\"text-align: justify;\"><strong><span style=\"color: #ff6600;\">Na\u0161im cie\u013eom je poskytn\u00fa\u0165 individu\u00e1lny pr\u00edstup ku ka\u017ed\u00e9mu hr\u00e1\u010dovi bez oh\u013eadu na jeho vek a \u00farove\u0148.<\/span><\/strong><\/p>\n<p style=\"text-align: justify;\"><strong>Pomocou na telo u\u0161it\u00e9ho programu postupujeme krok za krokom a to od najjednoduch\u0161\u00edch vec\u00ed a\u017e po tie najzlo\u017eitej\u0161ie.<\/strong><\/p>\n<ol>\n<li style=\"text-align: justify;\">Za\u010d\u00edname anal\u00fdzou predst\u00e1v hr\u00e1\u010da a v\u00fdberom optim\u00e1lneho programu. V\u00fdsledkom je unik\u00e1tny osobn\u00fd profil ka\u017ed\u00e9ho hr\u00e1\u010da.<\/li>\n<li style=\"text-align: justify;\">Hr\u00e1\u010dovi je priraden\u00fd tr\u00e9ner, ktor\u00fd bude dba\u0165 o jeho napredovanie.<\/li>\n<li style=\"text-align: justify;\">Nasleduje celkov\u00e1 anal\u00fdza hr\u00e1\u010da. V r\u00e1mci nej sa hodnot\u00ed hr\u00e1\u010dova tenisov\u00e1 \u00farove\u0148, fyzick\u00e1 pripravenos\u0165 a ment\u00e1lna odolnos\u0165.<\/li>\n<li style=\"text-align: justify;\">Na z\u00e1klade toho sa hr\u00e1\u010dovi stanov\u00ed ro\u010dn\u00fd tr\u00e9ningov\u00fd a turnajov\u00fd pl\u00e1n.<\/li>\n<li style=\"text-align: justify;\">Pomer jednotliv\u00fdch zlo\u017eiek tr\u00e9ningov\u00e9ho\u00a0procesu sa po\u010das sez\u00f3ny men\u00ed a to pod\u013ea cie\u013eov jednotliv\u00fdch tr\u00e9ningov\u00fdch f\u00e1z &#8211; od pr\u00edpravnej cez preds\u00fa\u0165a\u017en\u00fa, s\u00fa\u0165a\u017en\u00fa a\u017e po\u00a0relaxa\u010dn\u00fa.<\/li>\n<li style=\"text-align: justify;\">Po ka\u017edej f\u00e1ze doch\u00e1dza k jej vyhodnoteniu a k n\u00e1sledn\u00e9mu n\u00e1vrhu zlep\u0161enia.<\/li>\n<li style=\"text-align: justify;\">Pre na\u0161ich hr\u00e1\u010dov sme vyvinuli jedine\u010dn\u00fa aplik\u00e1ciu, ktor\u00e1 umo\u017e\u0148uje\u00a0 obojstrann\u00fa komunik\u00e1ciu tr\u00e9ner \u2013 hr\u00e1\u010d.<\/li>\n<\/ol>\n<p>[\/vc_column_text][\/vc_column][vc_column width=&#8220;7\/12&#8243;][vc_single_image image=&#8220;10400&#8243; img_size=&#8220;large&#8220; style=&#8220;vc_box_rounded&#8220;][vc_separator][\/vc_column][\/vc_row]<\/p>\n<\/div>","protected":false},"excerpt":{"rendered":"<p>[vc_row wrap_container=&#8220;yes&#8220;][vc_column][vc_empty_space][\/vc_column][\/vc_row][vc_row wrap_container=&#8220;yes&#8220;][vc_column width=&#8220;5\/12&#8243;][vc_column_text] Na\u0161im cie\u013eom je poskytn\u00fa\u0165 individu\u00e1lny pr\u00edstup ku ka\u017ed\u00e9mu hr\u00e1\u010dovi bez oh\u013eadu na jeho vek a \u00farove\u0148. Pomocou na telo u\u0161it\u00e9ho programu postupujeme krok za krokom a [&hellip;]<\/p>\n","protected":false},"author":1,"featured_media":0,"parent":5505,"menu_order":0,"comment_status":"closed","ping_status":"closed","template":"","meta":{"footnotes":""},"class_list":["post-8943","page","type-page","status-publish","hentry"],"yoast_head":"<!-- This site is optimized with the Yoast SEO plugin v23.1 - https:\/\/yoast.com\/wordpress\/plugins\/seo\/ -->\n<title>Ako pracujeme v na\u0161ej tenisovej akad\u00e9mii | Love4Tennis.com<\/title>\n<meta name=\"description\" content=\"Cie\u013eom tenisovej akad\u00e9mie je poskytn\u00fa\u0165 individu\u00e1lny pr\u00edstup ku ka\u017ed\u00e9mu hr\u00e1\u010dovi bez oh\u013eadu na jeho vek a \u00farove\u0148 pomocou na telo u\u0161it\u00e9ho programu.\" \/>\n<meta name=\"robots\" content=\"index, follow, max-snippet:-1, max-image-preview:large, max-video-preview:-1\" \/>\n<link rel=\"canonical\" href=\"https:\/\/love4tennis.com\/sk\/o-nas\/ako-pracujeme\/\" \/>\n<meta property=\"og:locale\" content=\"sk_SK\" \/>\n<meta property=\"og:type\" content=\"article\" \/>\n<meta property=\"og:title\" content=\"Ako pracujeme v na\u0161ej tenisovej akad\u00e9mii | Love4Tennis.com\" \/>\n<meta property=\"og:description\" content=\"Cie\u013eom tenisovej akad\u00e9mie je poskytn\u00fa\u0165 individu\u00e1lny pr\u00edstup ku ka\u017ed\u00e9mu hr\u00e1\u010dovi bez oh\u013eadu na jeho vek a \u00farove\u0148 pomocou na telo u\u0161it\u00e9ho programu.\" \/>\n<meta property=\"og:url\" content=\"https:\/\/love4tennis.com\/sk\/o-nas\/ako-pracujeme\/\" \/>\n<meta property=\"og:site_name\" content=\"L4T\" \/>\n<meta property=\"article:publisher\" content=\"https:\/\/www.facebook.com\/TKLOVE4TENNIS\/\" \/>\n<meta property=\"article:modified_time\" content=\"2024-08-01T13:57:19+00:00\" \/>\n<meta name=\"twitter:card\" content=\"summary_large_image\" \/>\n<meta name=\"twitter:label1\" content=\"Predpokladan\u00fd \u010das \u010d\u00edtania\" \/>\n\t<meta name=\"twitter:data1\" content=\"1 min\u00fata\" \/>\n<script type=\"application\/ld+json\" class=\"yoast-schema-graph\">{\"@context\":\"https:\/\/schema.org\",\"@graph\":[{\"@type\":\"WebPage\",\"@id\":\"https:\/\/love4tennis.com\/sk\/o-nas\/ako-pracujeme\/\",\"url\":\"https:\/\/love4tennis.com\/sk\/o-nas\/ako-pracujeme\/\",\"name\":\"Ako pracujeme v na\u0161ej tenisovej akad\u00e9mii | Love4Tennis.com\",\"isPartOf\":{\"@id\":\"https:\/\/love4tennis.com\/#website\"},\"datePublished\":\"2017-01-26T14:35:35+00:00\",\"dateModified\":\"2024-08-01T13:57:19+00:00\",\"description\":\"Cie\u013eom tenisovej akad\u00e9mie je poskytn\u00fa\u0165 individu\u00e1lny pr\u00edstup ku ka\u017ed\u00e9mu hr\u00e1\u010dovi bez oh\u013eadu na jeho vek a \u00farove\u0148 pomocou na telo u\u0161it\u00e9ho programu.\",\"breadcrumb\":{\"@id\":\"https:\/\/love4tennis.com\/sk\/o-nas\/ako-pracujeme\/#breadcrumb\"},\"inLanguage\":\"sk-SK\",\"potentialAction\":[{\"@type\":\"ReadAction\",\"target\":[\"https:\/\/love4tennis.com\/sk\/o-nas\/ako-pracujeme\/\"]}]},{\"@type\":\"BreadcrumbList\",\"@id\":\"https:\/\/love4tennis.com\/sk\/o-nas\/ako-pracujeme\/#breadcrumb\",\"itemListElement\":[{\"@type\":\"ListItem\",\"position\":1,\"name\":\"Dom\u00e1ca str\u00e1nka\",\"item\":\"https:\/\/love4tennis.com\/sk\/\"},{\"@type\":\"ListItem\",\"position\":2,\"name\":\"O n\u00e1s\",\"item\":\"https:\/\/love4tennis.com\/sk\/o-nas\/\"},{\"@type\":\"ListItem\",\"position\":3,\"name\":\"Ako pracujeme\"}]},{\"@type\":\"WebSite\",\"@id\":\"https:\/\/love4tennis.com\/#website\",\"url\":\"https:\/\/love4tennis.com\/\",\"name\":\"L4T\",\"description\":\"\",\"publisher\":{\"@id\":\"https:\/\/love4tennis.com\/#organization\"},\"potentialAction\":[{\"@type\":\"SearchAction\",\"target\":{\"@type\":\"EntryPoint\",\"urlTemplate\":\"https:\/\/love4tennis.com\/?s={search_term_string}\"},\"query-input\":\"required name=search_term_string\"}],\"inLanguage\":\"sk-SK\"},{\"@type\":\"Organization\",\"@id\":\"https:\/\/love4tennis.com\/#organization\",\"name\":\"Love4Tennis Academy\",\"url\":\"https:\/\/love4tennis.com\/\",\"logo\":{\"@type\":\"ImageObject\",\"inLanguage\":\"sk-SK\",\"@id\":\"https:\/\/love4tennis.com\/#\/schema\/logo\/image\/\",\"url\":\"https:\/\/love4tennis.com\/wp-content\/uploads\/2018\/10\/logo_love4tennis.jpg\",\"contentUrl\":\"https:\/\/love4tennis.com\/wp-content\/uploads\/2018\/10\/logo_love4tennis.jpg\",\"width\":608,\"height\":315,\"caption\":\"Love4Tennis Academy\"},\"image\":{\"@id\":\"https:\/\/love4tennis.com\/#\/schema\/logo\/image\/\"},\"sameAs\":[\"https:\/\/www.facebook.com\/TKLOVE4TENNIS\/\"]}]}<\/script>\n<!-- \/ Yoast SEO plugin. -->","yoast_head_json":{"title":"Ako pracujeme v na\u0161ej tenisovej akad\u00e9mii | Love4Tennis.com","description":"Cie\u013eom tenisovej akad\u00e9mie je poskytn\u00fa\u0165 individu\u00e1lny pr\u00edstup ku ka\u017ed\u00e9mu hr\u00e1\u010dovi bez oh\u013eadu na jeho vek a \u00farove\u0148 pomocou na telo u\u0161it\u00e9ho programu.","robots":{"index":"index","follow":"follow","max-snippet":"max-snippet:-1","max-image-preview":"max-image-preview:large","max-video-preview":"max-video-preview:-1"},"canonical":"https:\/\/love4tennis.com\/sk\/o-nas\/ako-pracujeme\/","og_locale":"sk_SK","og_type":"article","og_title":"Ako pracujeme v na\u0161ej tenisovej akad\u00e9mii | Love4Tennis.com","og_description":"Cie\u013eom tenisovej akad\u00e9mie je poskytn\u00fa\u0165 individu\u00e1lny pr\u00edstup ku ka\u017ed\u00e9mu hr\u00e1\u010dovi bez oh\u013eadu na jeho vek a \u00farove\u0148 pomocou na telo u\u0161it\u00e9ho programu.","og_url":"https:\/\/love4tennis.com\/sk\/o-nas\/ako-pracujeme\/","og_site_name":"L4T","article_publisher":"https:\/\/www.facebook.com\/TKLOVE4TENNIS\/","article_modified_time":"2024-08-01T13:57:19+00:00","twitter_card":"summary_large_image","twitter_misc":{"Predpokladan\u00fd \u010das \u010d\u00edtania":"1 min\u00fata"},"schema":{"@context":"https:\/\/schema.org","@graph":[{"@type":"WebPage","@id":"https:\/\/love4tennis.com\/sk\/o-nas\/ako-pracujeme\/","url":"https:\/\/love4tennis.com\/sk\/o-nas\/ako-pracujeme\/","name":"Ako pracujeme v na\u0161ej tenisovej akad\u00e9mii | Love4Tennis.com","isPartOf":{"@id":"https:\/\/love4tennis.com\/#website"},"datePublished":"2017-01-26T14:35:35+00:00","dateModified":"2024-08-01T13:57:19+00:00","description":"Cie\u013eom tenisovej akad\u00e9mie je poskytn\u00fa\u0165 individu\u00e1lny pr\u00edstup ku ka\u017ed\u00e9mu hr\u00e1\u010dovi bez oh\u013eadu na jeho vek a \u00farove\u0148 pomocou na telo u\u0161it\u00e9ho programu.","breadcrumb":{"@id":"https:\/\/love4tennis.com\/sk\/o-nas\/ako-pracujeme\/#breadcrumb"},"inLanguage":"sk-SK","potentialAction":[{"@type":"ReadAction","target":["https:\/\/love4tennis.com\/sk\/o-nas\/ako-pracujeme\/"]}]},{"@type":"BreadcrumbList","@id":"https:\/\/love4tennis.com\/sk\/o-nas\/ako-pracujeme\/#breadcrumb","itemListElement":[{"@type":"ListItem","position":1,"name":"Dom\u00e1ca str\u00e1nka","item":"https:\/\/love4tennis.com\/sk\/"},{"@type":"ListItem","position":2,"name":"O n\u00e1s","item":"https:\/\/love4tennis.com\/sk\/o-nas\/"},{"@type":"ListItem","position":3,"name":"Ako pracujeme"}]},{"@type":"WebSite","@id":"https:\/\/love4tennis.com\/#website","url":"https:\/\/love4tennis.com\/","name":"L4T","description":"","publisher":{"@id":"https:\/\/love4tennis.com\/#organization"},"potentialAction":[{"@type":"SearchAction","target":{"@type":"EntryPoint","urlTemplate":"https:\/\/love4tennis.com\/?s={search_term_string}"},"query-input":"required name=search_term_string"}],"inLanguage":"sk-SK"},{"@type":"Organization","@id":"https:\/\/love4tennis.com\/#organization","name":"Love4Tennis Academy","url":"https:\/\/love4tennis.com\/","logo":{"@type":"ImageObject","inLanguage":"sk-SK","@id":"https:\/\/love4tennis.com\/#\/schema\/logo\/image\/","url":"https:\/\/love4tennis.com\/wp-content\/uploads\/2018\/10\/logo_love4tennis.jpg","contentUrl":"https:\/\/love4tennis.com\/wp-content\/uploads\/2018\/10\/logo_love4tennis.jpg","width":608,"height":315,"caption":"Love4Tennis Academy"},"image":{"@id":"https:\/\/love4tennis.com\/#\/schema\/logo\/image\/"},"sameAs":["https:\/\/www.facebook.com\/TKLOVE4TENNIS\/"]}]}},"_links":{"self":[{"href":"https:\/\/love4tennis.com\/sk\/wp-json\/wp\/v2\/pages\/8943"}],"collection":[{"href":"https:\/\/love4tennis.com\/sk\/wp-json\/wp\/v2\/pages"}],"about":[{"href":"https:\/\/love4tennis.com\/sk\/wp-json\/wp\/v2\/types\/page"}],"author":[{"embeddable":true,"href":"https:\/\/love4tennis.com\/sk\/wp-json\/wp\/v2\/users\/1"}],"replies":[{"embeddable":true,"href":"https:\/\/love4tennis.com\/sk\/wp-json\/wp\/v2\/comments?post=8943"}],"version-history":[{"count":5,"href":"https:\/\/love4tennis.com\/sk\/wp-json\/wp\/v2\/pages\/8943\/revisions"}],"predecessor-version":[{"id":15059,"href":"https:\/\/love4tennis.com\/sk\/wp-json\/wp\/v2\/pages\/8943\/revisions\/15059"}],"up":[{"embeddable":true,"href":"https:\/\/love4tennis.com\/sk\/wp-json\/wp\/v2\/pages\/5505"}],"wp:attachment":[{"href":"https:\/\/love4tennis.com\/sk\/wp-json\/wp\/v2\/media?parent=8943"}],"curies":[{"name":"wp","href":"https:\/\/api.w.org\/{rel}","templated":true}]}}