{"id":9160,"date":"2017-02-07T13:46:48","date_gmt":"2017-02-07T11:46:48","guid":{"rendered":"https:\/\/love4tennis.com\/sk\/spolupraca-2\/2-2\/"},"modified":"2024-08-01T15:57:22","modified_gmt":"2024-08-01T13:57:22","slug":"2-2","status":"publish","type":"page","link":"https:\/\/love4tennis.com\/sk\/spolupraca-2\/2-2\/","title":{"rendered":"2% z dan\u00ed z pr\u00edjmu"},"content":{"rendered":"<div class=\"wpb-content-wrapper\"><p>[vc_row wrap_container=&#8220;yes&#8220;][vc_column width=&#8220;1\/2&#8243;][vc_empty_space]<h2 id=\"uvc-type-wrap-5210\"  data-ultimate-target='#uvc-type-wrap-5210'  data-responsive-json-new='{\"font-size\":\"\",\"line-height\":\"\"}'  class=\"uvc-type-wrap  ult-adjust-bottom-margin ult-responsive short uvc-type-align-left  uvc-wrap-4454208169ece079e6452\" style=\"text-align:left;\"><span  data-ultimate-target='#uvc-type-wrap-5210 .mycustfancy'  data-responsive-json-new='{\"font-size\":\"\",\"line-height\":\"\"}'  class=\"ultimate-ticker-prefix mycustfancy ult-responsive\" style=\"font-weight:bold; text-transform: unset;\">VENUJTE 2% Z VA\u0160ICH DAN\u00cd<\/span><div id=\"vticker-4454208169ece079e6452\"  data-ultimate-target=&#039;#uvc-type-wrap-5210&#039;  data-responsive-json-new=&#039;{&quot;font-size&quot;:&quot;&quot;,&quot;line-height&quot;:&quot;&quot;}&#039;  class=\"ultimate-vticker ticker fancytext-background-enabled \" style=\"color:#ffffff;background:#d24b1e; font-weight:bold; text-transform: unset;\"><ul><li style=&quot;opacity:1&quot;><\/li><\/ul><\/div><script type=\"text\/javascript\">\n\t\t\t\t\t\tjQuery(function($){\n\t\t\t\t\t\t\t$(document).ready(function(){\n\t\t\t\t\t\t\t\tif( typeof jQuery(\"#vticker-4454208169ece079e6452\").easyTicker == \"function\"){\n\t\t\t\t\t\t\t\t\t$(\"#vticker-4454208169ece079e6452\").find(\"li\").css(\"opacity\",\"1\");\n\t\t\t\t\t\t\t\t\t\n\t\t\t\t\t\t\t\t\t$(\"#vticker-4454208169ece079e6452\").easyTicker({\n\t\t\t\t\t\t\t\t\t\tdirection: \"up\",\n\t\t\t\t\t\t\t\t\t\teasing: \"swing\",\n\t\t\t\t\t\t\t\t\t\tspeed: \"200\",\n\t\t\t\t\t\t\t\t\t\tinterval: \"3000\",\n\t\t\t\t\t\t\t\t\t\theight: \"auto\",\n\t\t\t\t\t\t\t\t\t\tvisible: \"1\",\n\t\t\t\t\t\t\t\t\t\tmousePause: \"0\",\n\t\t\t\t\t\t\t\t\t\tcontrols: {\n\t\t\t\t\t\t\t\t\t\t\tup: \"\",\n\t\t\t\t\t\t\t\t\t\t\tdown: \"\",\n\t\t\t\t\t\t\t\t\t\t\ttoggle: \"\",\n\t\t\t\t\t\t\t\t\t\t\tplayText: \"Play\",\n\t\t\t\t\t\t\t\t\t\t\tstopText: \"Stop\"\n\t\t\t\t\t\t\t\t\t\t}\n\t\t\t\t\t\t\t\t\t});\n\t\t\t\t\t\t\t\t}\n\t\t\t\t\t\t\t});\n\t\t\t\t\t\t});\n\t\t\t\t\t<\/script><\/h2>[vc_column_text]<\/p>\n<p style=\"text-align: justify;\"><span style=\"color: #ff6600;\"><strong>TK LOVE 4 TENNIS je ob\u010dianske zdru\u017eenie, ktor\u00e9 sa m\u00f4\u017ee uch\u00e1dza\u0165 o 2% z dane z pr\u00edjmu zamestnancov, fyzick\u00fdch a pr\u00e1vnick\u00fdch os\u00f4b.<\/strong><\/span><\/p>\n<p style=\"text-align: justify;\">TK LOVE 4 TENNIS sa sna\u017e\u00ed o maxim\u00e1lnu transparentnost pou\u017eitia Va\u0161ich pr\u00edspevkov. Okrem povinn\u00e9ho zverejnenia pou\u017eitia pr\u00edspevkov na vesn\u00edku ministerstva financi\u00ed, sme vytvorili preh\u013eadn\u00fd syst\u00e9m vyu\u017e\u00edvania pr\u00edspevkov.<\/p>\n<p style=\"text-align: justify;\">Na\u0161i don\u00e1tori maj\u00fa mo\u017enos\u0165 rozhodn\u00fa\u0165 na ak\u00fd \u00fa\u010del sa ich pr\u00edspevok pou\u017eije. TK LOVE 4 TENNIS si ne\u00fa\u010dtuje \u017eiadne administrat\u00edvne poplatky z tejto sumy a cel\u00e1 \u010diastka putuje na podporu Vami zvolen\u00e9ho \u00fa\u010delu.<\/p>\n<p style=\"text-align: justify;\">V praxi to znamen\u00e1, \u017ee je mo\u017en\u00e9 pr\u00edspevok pouk\u00e1za\u0165 na:<\/p>\n<ul style=\"text-align: justify;\">\n<li>podporovanie cel\u00e9ho klubu ako celku<\/li>\n<li>niektor\u00e9ho jeho t\u00edmu (extraligov\u00fd t\u00edm, ml\u00e1de\u017en\u00edcke kateg\u00f3rie, detsk\u00fd tenis&#8230;)<\/li>\n<li>popr\u00edpade pouk\u00e1za\u0165 pr\u00edspevok na konkr\u00e9tneho hr\u00e1\u010da<\/li>\n<\/ul>\n<p style=\"text-align: justify;\">\u010eakujeme v\u0161etk\u00fdm, ktor\u00ed sa rozhodli prispie\u0165 2 % a v\u0161etk\u00fdm, ktor\u00ed povedali in\u00fdm, \u017ee n\u00e1m m\u00f4\u017eu prispie\u0165.<\/p>\n<p>[\/vc_column_text][\/vc_column][vc_column width=&#8220;1\/2&#8243;][vc_empty_space][vc_single_image image=&#8220;12228&#8243; img_size=&#8220;large&#8220; style=&#8220;vc_box_rounded&#8220;][vc_row_inner][vc_column_inner width=&#8220;1\/4&#8243; offset=&#8220;vc_col-lg-3 vc_col-md-3 vc_col-xs-6&#8243;][vc_single_image image=&#8220;12229&#8243; style=&#8220;vc_box_rounded&#8220; onclick=&#8220;link_image&#8220;][\/vc_column_inner][vc_column_inner width=&#8220;1\/4&#8243; offset=&#8220;vc_col-lg-3 vc_col-md-3 vc_col-xs-6&#8243;][vc_single_image image=&#8220;12232&#8243; style=&#8220;vc_box_rounded&#8220; onclick=&#8220;link_image&#8220;][\/vc_column_inner][vc_column_inner width=&#8220;1\/4&#8243; offset=&#8220;vc_col-lg-3 vc_col-md-3 vc_col-xs-6&#8243;][vc_single_image image=&#8220;12231&#8243; style=&#8220;vc_box_rounded&#8220; onclick=&#8220;link_image&#8220;][\/vc_column_inner][vc_column_inner width=&#8220;1\/4&#8243; offset=&#8220;vc_col-lg-3 vc_col-md-3 vc_col-xs-6&#8243;][vc_single_image image=&#8220;12230&#8243; style=&#8220;vc_box_rounded&#8220; onclick=&#8220;link_image&#8220;][\/vc_column_inner][\/vc_row_inner][vc_separator][\/vc_column][\/vc_row]<\/p>\n<\/div>","protected":false},"excerpt":{"rendered":"<p>[vc_row wrap_container=&#8220;yes&#8220;][vc_column width=&#8220;1\/2&#8243;][vc_empty_space][vc_column_text] TK LOVE 4 TENNIS je ob\u010dianske zdru\u017eenie, ktor\u00e9 sa m\u00f4\u017ee uch\u00e1dza\u0165 o 2% z dane z pr\u00edjmu zamestnancov, fyzick\u00fdch a pr\u00e1vnick\u00fdch os\u00f4b. TK LOVE 4 TENNIS sa [&hellip;]<\/p>\n","protected":false},"author":1,"featured_media":0,"parent":5534,"menu_order":0,"comment_status":"closed","ping_status":"closed","template":"","meta":{"footnotes":""},"class_list":["post-9160","page","type-page","status-publish","hentry"],"yoast_head":"<!-- This site is optimized with the Yoast SEO plugin v23.1 - https:\/\/yoast.com\/wordpress\/plugins\/seo\/ -->\n<title>2% z dan\u00ed z pr\u00edjmu | Love4Tennis.com<\/title>\n<meta name=\"robots\" content=\"index, follow, max-snippet:-1, max-image-preview:large, max-video-preview:-1\" \/>\n<link rel=\"canonical\" href=\"https:\/\/love4tennis.com\/sk\/spolupraca-2\/2-2\/\" \/>\n<meta property=\"og:locale\" content=\"sk_SK\" \/>\n<meta property=\"og:type\" content=\"article\" \/>\n<meta property=\"og:title\" content=\"2% z dan\u00ed z pr\u00edjmu | Love4Tennis.com\" \/>\n<meta property=\"og:description\" content=\"[vc_row wrap_container=&#8220;yes&#8220;][vc_column width=&#8220;1\/2&#8243;][vc_empty_space][vc_column_text] TK LOVE 4 TENNIS je ob\u010dianske zdru\u017eenie, ktor\u00e9 sa m\u00f4\u017ee uch\u00e1dza\u0165 o 2% z dane z pr\u00edjmu zamestnancov, fyzick\u00fdch a pr\u00e1vnick\u00fdch os\u00f4b. TK LOVE 4 TENNIS sa [&hellip;]\" \/>\n<meta property=\"og:url\" content=\"https:\/\/love4tennis.com\/sk\/spolupraca-2\/2-2\/\" \/>\n<meta property=\"og:site_name\" content=\"L4T\" \/>\n<meta property=\"article:publisher\" content=\"https:\/\/www.facebook.com\/TKLOVE4TENNIS\/\" \/>\n<meta property=\"article:modified_time\" content=\"2024-08-01T13:57:22+00:00\" \/>\n<meta name=\"twitter:card\" content=\"summary_large_image\" \/>\n<meta name=\"twitter:label1\" content=\"Predpokladan\u00fd \u010das \u010d\u00edtania\" \/>\n\t<meta name=\"twitter:data1\" content=\"2 min\u00faty\" \/>\n<script type=\"application\/ld+json\" class=\"yoast-schema-graph\">{\"@context\":\"https:\/\/schema.org\",\"@graph\":[{\"@type\":\"WebPage\",\"@id\":\"https:\/\/love4tennis.com\/sk\/spolupraca-2\/2-2\/\",\"url\":\"https:\/\/love4tennis.com\/sk\/spolupraca-2\/2-2\/\",\"name\":\"2% z dan\u00ed z pr\u00edjmu | Love4Tennis.com\",\"isPartOf\":{\"@id\":\"https:\/\/love4tennis.com\/#website\"},\"datePublished\":\"2017-02-07T11:46:48+00:00\",\"dateModified\":\"2024-08-01T13:57:22+00:00\",\"breadcrumb\":{\"@id\":\"https:\/\/love4tennis.com\/sk\/spolupraca-2\/2-2\/#breadcrumb\"},\"inLanguage\":\"sk-SK\",\"potentialAction\":[{\"@type\":\"ReadAction\",\"target\":[\"https:\/\/love4tennis.com\/sk\/spolupraca-2\/2-2\/\"]}]},{\"@type\":\"BreadcrumbList\",\"@id\":\"https:\/\/love4tennis.com\/sk\/spolupraca-2\/2-2\/#breadcrumb\",\"itemListElement\":[{\"@type\":\"ListItem\",\"position\":1,\"name\":\"Dom\u00e1ca str\u00e1nka\",\"item\":\"https:\/\/love4tennis.com\/sk\/\"},{\"@type\":\"ListItem\",\"position\":2,\"name\":\"Spolupr\u00e1ca\",\"item\":\"https:\/\/love4tennis.com\/sk\/spolupraca-2\/\"},{\"@type\":\"ListItem\",\"position\":3,\"name\":\"2% z dan\u00ed z pr\u00edjmu\"}]},{\"@type\":\"WebSite\",\"@id\":\"https:\/\/love4tennis.com\/#website\",\"url\":\"https:\/\/love4tennis.com\/\",\"name\":\"L4T\",\"description\":\"\",\"publisher\":{\"@id\":\"https:\/\/love4tennis.com\/#organization\"},\"potentialAction\":[{\"@type\":\"SearchAction\",\"target\":{\"@type\":\"EntryPoint\",\"urlTemplate\":\"https:\/\/love4tennis.com\/?s={search_term_string}\"},\"query-input\":\"required name=search_term_string\"}],\"inLanguage\":\"sk-SK\"},{\"@type\":\"Organization\",\"@id\":\"https:\/\/love4tennis.com\/#organization\",\"name\":\"Love4Tennis Academy\",\"url\":\"https:\/\/love4tennis.com\/\",\"logo\":{\"@type\":\"ImageObject\",\"inLanguage\":\"sk-SK\",\"@id\":\"https:\/\/love4tennis.com\/#\/schema\/logo\/image\/\",\"url\":\"https:\/\/love4tennis.com\/wp-content\/uploads\/2018\/10\/logo_love4tennis.jpg\",\"contentUrl\":\"https:\/\/love4tennis.com\/wp-content\/uploads\/2018\/10\/logo_love4tennis.jpg\",\"width\":608,\"height\":315,\"caption\":\"Love4Tennis Academy\"},\"image\":{\"@id\":\"https:\/\/love4tennis.com\/#\/schema\/logo\/image\/\"},\"sameAs\":[\"https:\/\/www.facebook.com\/TKLOVE4TENNIS\/\"]}]}<\/script>\n<!-- \/ Yoast SEO plugin. -->","yoast_head_json":{"title":"2% z dan\u00ed z pr\u00edjmu | Love4Tennis.com","robots":{"index":"index","follow":"follow","max-snippet":"max-snippet:-1","max-image-preview":"max-image-preview:large","max-video-preview":"max-video-preview:-1"},"canonical":"https:\/\/love4tennis.com\/sk\/spolupraca-2\/2-2\/","og_locale":"sk_SK","og_type":"article","og_title":"2% z dan\u00ed z pr\u00edjmu | Love4Tennis.com","og_description":"[vc_row wrap_container=&#8220;yes&#8220;][vc_column width=&#8220;1\/2&#8243;][vc_empty_space][vc_column_text] TK LOVE 4 TENNIS je ob\u010dianske zdru\u017eenie, ktor\u00e9 sa m\u00f4\u017ee uch\u00e1dza\u0165 o 2% z dane z pr\u00edjmu zamestnancov, fyzick\u00fdch a pr\u00e1vnick\u00fdch os\u00f4b. TK LOVE 4 TENNIS sa [&hellip;]","og_url":"https:\/\/love4tennis.com\/sk\/spolupraca-2\/2-2\/","og_site_name":"L4T","article_publisher":"https:\/\/www.facebook.com\/TKLOVE4TENNIS\/","article_modified_time":"2024-08-01T13:57:22+00:00","twitter_card":"summary_large_image","twitter_misc":{"Predpokladan\u00fd \u010das \u010d\u00edtania":"2 min\u00faty"},"schema":{"@context":"https:\/\/schema.org","@graph":[{"@type":"WebPage","@id":"https:\/\/love4tennis.com\/sk\/spolupraca-2\/2-2\/","url":"https:\/\/love4tennis.com\/sk\/spolupraca-2\/2-2\/","name":"2% z dan\u00ed z pr\u00edjmu | Love4Tennis.com","isPartOf":{"@id":"https:\/\/love4tennis.com\/#website"},"datePublished":"2017-02-07T11:46:48+00:00","dateModified":"2024-08-01T13:57:22+00:00","breadcrumb":{"@id":"https:\/\/love4tennis.com\/sk\/spolupraca-2\/2-2\/#breadcrumb"},"inLanguage":"sk-SK","potentialAction":[{"@type":"ReadAction","target":["https:\/\/love4tennis.com\/sk\/spolupraca-2\/2-2\/"]}]},{"@type":"BreadcrumbList","@id":"https:\/\/love4tennis.com\/sk\/spolupraca-2\/2-2\/#breadcrumb","itemListElement":[{"@type":"ListItem","position":1,"name":"Dom\u00e1ca str\u00e1nka","item":"https:\/\/love4tennis.com\/sk\/"},{"@type":"ListItem","position":2,"name":"Spolupr\u00e1ca","item":"https:\/\/love4tennis.com\/sk\/spolupraca-2\/"},{"@type":"ListItem","position":3,"name":"2% z dan\u00ed z pr\u00edjmu"}]},{"@type":"WebSite","@id":"https:\/\/love4tennis.com\/#website","url":"https:\/\/love4tennis.com\/","name":"L4T","description":"","publisher":{"@id":"https:\/\/love4tennis.com\/#organization"},"potentialAction":[{"@type":"SearchAction","target":{"@type":"EntryPoint","urlTemplate":"https:\/\/love4tennis.com\/?s={search_term_string}"},"query-input":"required name=search_term_string"}],"inLanguage":"sk-SK"},{"@type":"Organization","@id":"https:\/\/love4tennis.com\/#organization","name":"Love4Tennis Academy","url":"https:\/\/love4tennis.com\/","logo":{"@type":"ImageObject","inLanguage":"sk-SK","@id":"https:\/\/love4tennis.com\/#\/schema\/logo\/image\/","url":"https:\/\/love4tennis.com\/wp-content\/uploads\/2018\/10\/logo_love4tennis.jpg","contentUrl":"https:\/\/love4tennis.com\/wp-content\/uploads\/2018\/10\/logo_love4tennis.jpg","width":608,"height":315,"caption":"Love4Tennis Academy"},"image":{"@id":"https:\/\/love4tennis.com\/#\/schema\/logo\/image\/"},"sameAs":["https:\/\/www.facebook.com\/TKLOVE4TENNIS\/"]}]}},"_links":{"self":[{"href":"https:\/\/love4tennis.com\/sk\/wp-json\/wp\/v2\/pages\/9160"}],"collection":[{"href":"https:\/\/love4tennis.com\/sk\/wp-json\/wp\/v2\/pages"}],"about":[{"href":"https:\/\/love4tennis.com\/sk\/wp-json\/wp\/v2\/types\/page"}],"author":[{"embeddable":true,"href":"https:\/\/love4tennis.com\/sk\/wp-json\/wp\/v2\/users\/1"}],"replies":[{"embeddable":true,"href":"https:\/\/love4tennis.com\/sk\/wp-json\/wp\/v2\/comments?post=9160"}],"version-history":[{"count":5,"href":"https:\/\/love4tennis.com\/sk\/wp-json\/wp\/v2\/pages\/9160\/revisions"}],"predecessor-version":[{"id":15090,"href":"https:\/\/love4tennis.com\/sk\/wp-json\/wp\/v2\/pages\/9160\/revisions\/15090"}],"up":[{"embeddable":true,"href":"https:\/\/love4tennis.com\/sk\/wp-json\/wp\/v2\/pages\/5534"}],"wp:attachment":[{"href":"https:\/\/love4tennis.com\/sk\/wp-json\/wp\/v2\/media?parent=9160"}],"curies":[{"name":"wp","href":"https:\/\/api.w.org\/{rel}","templated":true}]}}