{"id":9427,"date":"2017-03-24T09:52:26","date_gmt":"2017-03-24T07:52:26","guid":{"rendered":"https:\/\/love4tennis.com\/sk\/rodinne-treningy\/"},"modified":"2024-08-01T15:57:21","modified_gmt":"2024-08-01T13:57:21","slug":"rodinne-treningy","status":"publish","type":"page","link":"https:\/\/love4tennis.com\/sk\/rodinne-treningy\/","title":{"rendered":"Rodinn\u00e9 tr\u00e9ningy"},"content":{"rendered":"<div class=\"wpb-content-wrapper\"><p>[vc_row wrap_container=&#8220;yes&#8220;][vc_column][vc_empty_space height=&#8220;50px&#8220;]<h1 id=\"uvc-type-wrap-3962\"  data-ultimate-target='#uvc-type-wrap-3962'  data-responsive-json-new='{\"font-size\":\"\",\"line-height\":\"\"}'  class=\"uvc-type-wrap  ult-adjust-bottom-margin ult-responsive short uvc-type-align-center  uvc-wrap-285008660469ee1180e4140\" style=\"text-align:center;\"><span  data-ultimate-target='#uvc-type-wrap-3962 .mycustfancy'  data-responsive-json-new='{\"font-size\":\"\",\"line-height\":\"\"}'  class=\"ultimate-ticker-prefix mycustfancy ult-responsive\" style=\"font-weight:normal; text-transform: unset;\">V Love4Tennis \u0161portuj\u00fa<\/span><div id=\"vticker-285008660469ee1180e4140\"  data-ultimate-target=&#039;#uvc-type-wrap-3962&#039;  data-responsive-json-new=&#039;{&quot;font-size&quot;:&quot;&quot;,&quot;line-height&quot;:&quot;&quot;}&#039;  class=\"ultimate-vticker ticker fancytext-background-enabled \" style=\"color:#ffffff;background:#d24b1e; font-weight:normal; text-transform: unset;\"><ul><li style=&quot;opacity:1&quot;>deti.<\/li><li style=&quot;opacity:0&quot;>rodi\u010dia.<\/li><li style=&quot;opacity:0&quot;>v\u0161etci.<\/li><\/ul><\/div><script type=\"text\/javascript\">\n\t\t\t\t\t\tjQuery(function($){\n\t\t\t\t\t\t\t$(document).ready(function(){\n\t\t\t\t\t\t\t\tif( typeof jQuery(\"#vticker-285008660469ee1180e4140\").easyTicker == \"function\"){\n\t\t\t\t\t\t\t\t\t$(\"#vticker-285008660469ee1180e4140\").find(\"li\").css(\"opacity\",\"1\");\n\t\t\t\t\t\t\t\t\t\n\t\t\t\t\t\t\t\t\t$(\"#vticker-285008660469ee1180e4140\").easyTicker({\n\t\t\t\t\t\t\t\t\t\tdirection: \"up\",\n\t\t\t\t\t\t\t\t\t\teasing: \"swing\",\n\t\t\t\t\t\t\t\t\t\tspeed: \"200\",\n\t\t\t\t\t\t\t\t\t\tinterval: \"3000\",\n\t\t\t\t\t\t\t\t\t\theight: \"auto\",\n\t\t\t\t\t\t\t\t\t\tvisible: \"1\",\n\t\t\t\t\t\t\t\t\t\tmousePause: \"0\",\n\t\t\t\t\t\t\t\t\t\tcontrols: {\n\t\t\t\t\t\t\t\t\t\t\tup: \"\",\n\t\t\t\t\t\t\t\t\t\t\tdown: \"\",\n\t\t\t\t\t\t\t\t\t\t\ttoggle: \"\",\n\t\t\t\t\t\t\t\t\t\t\tplayText: \"Play\",\n\t\t\t\t\t\t\t\t\t\t\tstopText: \"Stop\"\n\t\t\t\t\t\t\t\t\t\t}\n\t\t\t\t\t\t\t\t\t});\n\t\t\t\t\t\t\t\t}\n\t\t\t\t\t\t\t});\n\t\t\t\t\t\t});\n\t\t\t\t\t<\/script><\/h1>[vc_column_text css_animation=&#8220;appear&#8220;]<\/p>\n<h4 style=\"text-align: center;\"><strong><em><span style=\"color: #ff6600;\">\u201ePo\u010fme pr\u00edkladom na\u0161im de\u0165om a \u0161portujme s nimi.\u201c<\/span><\/em><\/strong><br \/>\n<strong><em><span style=\"color: #ff6600;\">\u201eAko si n\u00e1jdem \u010das na cvi\u010denie, ke\u010f m\u00e1m mal\u00e9 die\u0165a?<\/span><\/em><\/strong><\/h4>\n<p><strong>V Love4Tennis sme preto zaviedli fitness tr\u00e9ningy pre rodi\u010dov det\u00ed, ktor\u00e9 u n\u00e1s nav\u0161tevuj\u00fa pravideln\u00e9 kurzy detsk\u00e9ho tenisu. Tr\u00e9ningy pre dospel\u00fdch sa uskuto\u010d\u00fcj\u00fa v rovnak\u00fdch \u010dasoch ako detsk\u00fd tenis na vedlaj\u0161om tenisovom kurte s tvrd\u00fdm povrchom.<\/strong><\/p>\n<p>Rodi\u010dia maj\u00fa mo\u017enos\u0165 akt\u00edvne vyu\u017ei\u0165 \u010das str\u00e1ven\u00fd \u010dakan\u00edm na svoje deti. N\u00e1jdite si aj Vy \u010das pre seba bez toho, aby ste museli tr\u00e1vi\u0165 menej \u010dasu so svojimi de\u0165mi.[\/vc_column_text][\/vc_column][\/vc_row][vc_row wrap_container=&#8220;yes&#8220;][vc_column]<div id=\"ult-carousel-346249505469ee1180e44e2\" class=\"ult-carousel-wrapper   ult_horizontal\" data-gutter=\"1\" data-rtl=\"false\" ><div class=\"ult-carousel-253612989569ee1180e4401 \" >[vc_single_image image=&#8220;9407&#8243; img_size=&#8220;full&#8220; add_caption=&#8220;yes&#8220; alignment=&#8220;center&#8220; css_animation=&#8220;left-to-right&#8220;][vc_single_image image=&#8220;4566&#8243; img_size=&#8220;large&#8220;][vc_single_image image=&#8220;9408&#8243; img_size=&#8220;full&#8220; add_caption=&#8220;yes&#8220; alignment=&#8220;center&#8220; css_animation=&#8220;left-to-right&#8220;][vc_single_image image=&#8220;4564&#8243; img_size=&#8220;large&#8220;][vc_single_image image=&#8220;9416&#8243; img_size=&#8220;large&#8220;]<\/div><\/div>\t\t\t<script type=\"text\/javascript\">\n\t\t\t\tjQuery(document).ready(function ($) {\n\t\t\t\t\tif( typeof jQuery('.ult-carousel-253612989569ee1180e4401').slick == \"function\"){\n\t\t\t\t\t\t$('.ult-carousel-253612989569ee1180e4401').slick({dots: true,autoplaySpeed: \"5000\",speed: \"300\",infinite: false,arrows: true,nextArrow: '<button type=\"button\" role=\"button\" aria-label=\"Next\" style=\"color:#333333; font-size:20px;\" class=\"slick-next default\"><i class=\"ultsl-arrow-right4\"><\/i><\/button>',prevArrow: '<button type=\"button\" role=\"button\" aria-label=\"Previous\" style=\"color:#333333; font-size:20px;\" class=\"slick-prev default\"><i class=\"ultsl-arrow-left4\"><\/i><\/button>',slidesToScroll:5,slidesToShow:5,swipe: true,draggable: true,touchMove: true,pauseOnHover: true,pauseOnFocus: false,responsive: [\n\t\t\t\t\t\t\t{\n\t\t\t\t\t\t\t  breakpoint: 1026,\n\t\t\t\t\t\t\t  settings: {\n\t\t\t\t\t\t\t\tslidesToShow: 5,\n\t\t\t\t\t\t\t\tslidesToScroll: 5,  \n\t\t\t\t\t\t\t  }\n\t\t\t\t\t\t\t},\n\t\t\t\t\t\t\t{\n\t\t\t\t\t\t\t  breakpoint: 1025,\n\t\t\t\t\t\t\t  settings: {\n\t\t\t\t\t\t\t\tslidesToShow: 6,\n\t\t\t\t\t\t\t\tslidesToScroll: 6\n\t\t\t\t\t\t\t  }\n\t\t\t\t\t\t\t},\n\t\t\t\t\t\t\t{\n\t\t\t\t\t\t\t  breakpoint: 760,\n\t\t\t\t\t\t\t  settings: {\n\t\t\t\t\t\t\t\tslidesToShow: 5,\n\t\t\t\t\t\t\t\tslidesToScroll: 5\n\t\t\t\t\t\t\t  }\n\t\t\t\t\t\t\t}\n\t\t\t\t\t\t],pauseOnDotsHover: true,customPaging: function(slider, i) {\n                   return '<i type=\"button\" style= \"color:#333333;\" class=\"ultsl-record\" data-role=\"none\"><\/i>';\n                },});\n\t\t\t\t\t}\n\t\t\t\t});\n\t\t\t<\/script>\n\t\t\t[\/vc_column][\/vc_row][vc_row wrap_container=&#8220;yes&#8220;][vc_column][\/vc_column][\/vc_row][vc_row wrap_container=&#8220;yes&#8220;][vc_column width=&#8220;1\/2&#8243;][vc_column_text]<span style=\"color: #ff6600;\"><strong>Tr\u00e9ningy detsk\u00e9ho tenisu<\/strong><\/span> s\u00fa vhodn\u00e9 pre deti od 3 do 10 rokov. Deti s\u00fa rozdelen\u00e9 do skup\u00edn pod\u013ea veku a tenisov\u00fdch zru\u010dnost\u00ed. Tr\u00e9ningov\u00fd proces je veden\u00fd v mal\u00fdch skupink\u00e1ch, s r\u00f4znymi pom\u00f4ckami a pod doh\u013eadom sk\u00fasen\u00e9ho tr\u00e9nersk\u00e9ho t\u00edmu.<\/p>\n<p><strong>Tr\u00e9ningov\u00fd proces na\u0161ich mal\u00fdch tenistov je hravou formou zameran\u00fd na:<\/strong><\/p>\n<ul>\n<li>vybudovanie pozit\u00edvneho vz\u0165ahu k \u0161portu<\/li>\n<li>rozvoj pohybov\u00fdch schopnost\u00ed a koordin\u00e1cie<\/li>\n<li>spr\u00e1vne osvojenie v\u0161etk\u00fdch tenisov\u00fdch \u00faderov<\/li>\n<li>z\u00e1klady tenisov\u00e9ho myslenia<\/li>\n<li>pr\u00edprava na prechod do s\u00fa\u0165a\u017en\u00e9ho tenisu<\/li>\n<\/ul>\n<p>Viac o tr\u00e9ningoch detsk\u00e9ho tenisu sa dozviete<strong> <a href=\"https:\/\/love4tennis.com\/sk\/programy\/detska-akademia-od-3-do-12-rokov\/detsky-tenis\/\">TU.<\/a><\/strong><\/p>\n<p><span style=\"color: #ff6600;\"><strong>Fitness tr\u00e9ningy pre dospel\u00fdch<\/strong><\/span> sa uskuto\u010d\u0148uj\u00fa pod veden\u00edm sk\u00fasen\u00e9ho fitness tr\u00e9nera Pavla \u0160melu. Na\u0161tartujte svoj organizmus a doprajte svojmu telu pravideln\u00fd, zdraviu prospe\u0161n\u00fd pohyb. K cvi\u010deniu je vyu\u017e\u00edvan\u00e1 rada pom\u00f4cok ako napr. jednoru\u010dn\u00e9 \u010dinky, kettlebell, steper, bosu, fexibar, expander, medicinball, trx, fitball a mnoho \u010fal\u0161\u00edch.<\/p>\n<p><strong>Cie\u013eom kondi\u010diek pre dospel\u00fdch je:<\/strong><\/p>\n<ul>\n<li>formovanie postavy<\/li>\n<li>zv\u00fd\u0161enie sily, vytrvalosti a flexibility<\/li>\n<li>zlep\u0161enie kardiovaskul\u00e1rneho syst\u00e9mu<\/li>\n<li>posilnenie imunitn\u00e9ho syst\u00e9mu<\/li>\n<li>redukcia pracovn\u00e9ho stresu<\/li>\n<li>socializ\u00e1cia<\/li>\n<li>kompenz\u00e1cia od sedav\u00e9ho sp\u00f4sobu \u017eivota<\/li>\n<\/ul>\n<p>Viac o fitness tr\u00e9ningoch pre dospel\u00fdch sa dozviete <strong><a href=\"https:\/\/love4tennis.com\/sk\/programy\/program-rekreacni-hraci\/fitness-treningy-pre-dospelych\/\">TU.<\/a><\/strong><\/p>\n<p><strong>Tr\u00e9ningov\u00fd proces sa uskuto\u010d\u0148uje ka\u017ed\u00fd utorok a \u0161tvrtok od 17:00-18:00 a ka\u017ed\u00fa druh\u00fa sobotu od 9:00-10:00.<\/strong><\/p>\n<p>V pr\u00edpade z\u00e1ujmu kontaktujte hlavn\u00e9ho tr\u00e9nera na\u0161ej tenisovej \u0161koly p. Cara\u00a0na tel. \u010d\u00edsle 0902 787 631 alebo emailom na info@love4tennis.com[\/vc_column_text][\/vc_column][vc_column width=&#8220;1\/2&#8243;]<div class=\"porto-price-boxes pricing-table  no-borders pricing-table-flat\"><div class=\"row\"><div class=\" col-lg-6 col-md-6\"><div class=\"porto-price-box plan   wpb_custom_66b8d1ac21af7585ef8d4c4e31e4d6ea most-popular plan-primary plan-btn-top\"><div class=\"plan-ribbon-wrapper\"><div class=\"plan-ribbon\">DETI TENIS<\/div><\/div><h3><strong>6 tr\u00e9ningov \/ mesiac<\/strong><em class=\"desc\">Most Popular<\/em><span class=\"plan-price\"><span class=\"price\">\u20ac39 mesa\u010dne<\/span><\/span><\/h3><\/div><\/div><div class=\" col-lg-6 col-md-6\"><div class=\"porto-price-box plan   wpb_custom_66b8d1ac21af7585ef8d4c4e31e4d6ea most-popular plan-primary plan-btn-top\"><div class=\"plan-ribbon-wrapper\"><div class=\"plan-ribbon\">DETI TENIS<\/div><\/div><h3><strong>10 tr\u00e9ningov \/ mesiac<\/strong><em class=\"desc\">Most Popular<\/em><span class=\"plan-price\"><span class=\"price\">\u20ac69 mesa\u010dne<\/span><\/span><\/h3><\/div><\/div><\/div><\/div><div class=\"porto-price-boxes pricing-table  no-borders pricing-table-flat\"><div class=\"row\"><div class=\" col-lg-6 col-md-6\"><div class=\"porto-price-box plan   wpb_custom_66b8d1ac21af7585ef8d4c4e31e4d6ea most-popular plan-primary plan-btn-top\"><div class=\"plan-ribbon-wrapper\"><div class=\"plan-ribbon\">FITNESS TR.<\/div><\/div><h3><strong>6 tr\u00e9ningov \/ mesiac<\/strong><em class=\"desc\">Most Popular<\/em><span class=\"plan-price\"><span class=\"price\">\u20ac39 mesa\u010dne<\/span><\/span><\/h3><\/div><\/div><div class=\" col-lg-6 col-md-6\"><div class=\"porto-price-box plan   wpb_custom_66b8d1ac21af7585ef8d4c4e31e4d6ea most-popular plan-primary plan-btn-top\"><div class=\"plan-ribbon-wrapper\"><div class=\"plan-ribbon\">FITNESS TR.<\/div><\/div><h3><strong>10 tr\u00e9ningov \/ mesiac<\/strong><em class=\"desc\">Most Popular<\/em><span class=\"plan-price\"><span class=\"price\">\u20ac59 mesa\u010dne<\/span><\/span><\/h3><\/div><\/div><\/div><\/div><div id=\"modal-trg-txt-wrap-8443\" class=\"ult-modal-input-wrapper ult-adjust-bottom-margin    \" data-keypress-control=\"keypress-control-enable\" data-overlay-control=\"overlay-control-enable\"><button  data-ultimate-target='#modal-trg-txt-wrap-8443 .btn-modal'  data-responsive-json-new='{\"font-size\":\"\",\"line-height\":\"\"}'  style=\"background:#d24b1e;border-color:#d24b1e;color:#ffffff; \" data-class-id=\"content-69ee1180e4f334-92382594\" class=\"btn-modal ult-responsive btn-primary btn-modal-md overlay-show ult-align-center btn-id-69ee1180e4f334-92382594\" data-overlay-class=\"overlay-cornerbottomleft\">Prihl\u00e1s sa na tr\u00e9ningy! Sk\u00fa\u0161obn\u00fd tr\u00e9ning ZADARMO<\/button><\/div>\n<div class=\"ult-overlay content-69ee1180e4f334-92382594 \" data-class=\"content-69ee1180e4f334-92382594\" id=\"button-click-overlay\" style=\"background:rgba(51,51,51,0.8); display:none;\">\n\t<div class=\"ult_modal ult-fade ult-medium\">\n\t\t<div id=\"ult-modal-wrap-2852\" class=\"ult_modal-content ult-hide\" style=\"border-style:solid;border-width:2px;border-radius:0px;border-color:#333333;\">\n\t\t\t<div class=\"ult_modal-header\" style=\"color:#333333;border-color:#333333;\">\n\t\t\t\t<h3  data-ultimate-target='#ult-modal-wrap-2852 .ult_modal-title'  data-responsive-json-new='{\"font-size\":\"\",\"line-height\":\"\"}'  class=\"ult_modal-title ult-responsive\">Prihl\u00e1s sa<\/h3>\n\t\t\t<\/div>\n\t\t\t<div  data-ultimate-target='#ult-modal-wrap-2852 .ult_modal-body'  data-responsive-json-new='{\"font-size\":\"\",\"line-height\":\"\"}'  class=\"ult_modal-body ult-responsive ult-html\" style=\"\">\n\t\t\t\n<div class=\"wpcf7 no-js\" id=\"wpcf7-f6080-o1\" lang=\"sk-SK\" dir=\"ltr\">\n<div class=\"screen-reader-response\"><p role=\"status\" aria-live=\"polite\" aria-atomic=\"true\"><\/p> <ul><\/ul><\/div>\n<form action=\"\/sk\/wp-json\/wp\/v2\/pages\/9427#wpcf7-f6080-o1\" method=\"post\" class=\"wpcf7-form init\" aria-label=\"Kontaktn\u00fd formul\u00e1r\" novalidate=\"novalidate\" data-status=\"init\">\n<div style=\"display: none;\">\n<input type=\"hidden\" name=\"_wpcf7\" value=\"6080\" \/>\n<input type=\"hidden\" name=\"_wpcf7_version\" value=\"5.9.8\" \/>\n<input type=\"hidden\" name=\"_wpcf7_locale\" value=\"sk_SK\" \/>\n<input type=\"hidden\" name=\"_wpcf7_unit_tag\" value=\"wpcf7-f6080-o1\" \/>\n<input type=\"hidden\" name=\"_wpcf7_container_post\" value=\"0\" \/>\n<input type=\"hidden\" name=\"_wpcf7_posted_data_hash\" value=\"\" \/>\n<\/div>\n<h2 class=\"short\"><strong>Kontaktujte<\/strong> N\u00e1s<\/h2>\n<div class=\"row\">\n    <div class=\"col-md-6\">\n        <div class=\"form-group\">\n            <label for=\"contact-name\">Va\u0161e Meno *<\/label>\n            <span class=\"wpcf7-form-control-wrap\" data-name=\"your-name\"><input size=\"40\" maxlength=\"400\" class=\"wpcf7-form-control wpcf7-text wpcf7-validates-as-required form-control\" id=\"contact-name\" aria-required=\"true\" aria-invalid=\"false\" value=\"\" type=\"text\" name=\"your-name\" \/><\/span>\n        <\/div>\n    <\/div>\n    <div class=\"col-md-6\">\n        <div class=\"form-group\">\n            <label for=\"contact-email\">V\u00e1\u0161 email *<\/label>\n            <span class=\"wpcf7-form-control-wrap\" data-name=\"your-email\"><input size=\"40\" maxlength=\"400\" class=\"wpcf7-form-control wpcf7-email wpcf7-validates-as-required wpcf7-text wpcf7-validates-as-email form-control\" id=\"contact-email\" aria-required=\"true\" aria-invalid=\"false\" value=\"\" type=\"email\" name=\"your-email\" \/><\/span>\n        <\/div>\n    <\/div>\n    <div class=\"col-md-12\">\n        <div class=\"form-group\">\n            <label for=\"contact-subject\">Predmet *<\/label><br>\n            <span class=\"wpcf7-form-control-wrap\" data-name=\"menu-subject\"><select class=\"wpcf7-form-control wpcf7-select wpcf7-validates-as-required\" aria-required=\"true\" aria-invalid=\"false\" name=\"menu-subject\"><option value=\"\">&#8212;Zvo\u013ete pros\u00edm mo\u017enos\u0165&#8212;<\/option><option value=\"Celoro\u010dn\u00fd program\">Celoro\u010dn\u00fd program<\/option><option value=\"Profesion\u00e1lny tenisov\u00fd kemp\">Profesion\u00e1lny tenisov\u00fd kemp<\/option><option value=\"Skupinov\u00fd tenisov\u00fd kemp\">Skupinov\u00fd tenisov\u00fd kemp<\/option><option value=\"Program \u0160tipendium\">Program \u0160tipendium<\/option><option value=\"V\u00edkendov\u00fd Program\">V\u00edkendov\u00fd Program<\/option><option value=\"Online tr\u00e9ningov\u00fd program\">Online tr\u00e9ningov\u00fd program<\/option><option value=\"Detsk\u00e1 akad\u00e9mia od 5 do 12 rokov\">Detsk\u00e1 akad\u00e9mia od 5 do 12 rokov<\/option><option value=\"Letn\u00fd t\u00e1bor\">Letn\u00fd t\u00e1bor<\/option><option value=\"1 Hodina s tr\u00e9nerom\">1 Hodina s tr\u00e9nerom<\/option><option value=\"In\u00e9\">In\u00e9<\/option><\/select><\/span>\n        <\/div>\n    <\/div>\n    <div class=\"col-md-12\">\n        <div class=\"form-group\">\n            <label for=\"contact-message\">Va\u0161a Spr\u00e1va<\/label>\n            <span class=\"wpcf7-form-control-wrap\" data-name=\"your-message\"><textarea cols=\"40\" rows=\"10\" maxlength=\"2000\" class=\"wpcf7-form-control wpcf7-textarea form-control\" id=\"contact-message\" aria-invalid=\"false\" name=\"your-message\"><\/textarea><\/span>\n        <\/div>\n\n\n    <\/div>\n    <div class=\"col-md-12\">\n        <div class=\"form-group\">\n            <input class=\"wpcf7-form-control wpcf7-submit has-spinner btn btn-primary btn-lg\" type=\"submit\" value=\"Posla\u0165\" \/>\n        <\/div>\n    <\/div>\n<\/div><input type=\"hidden\" id=\"ct_checkjs_cf7_c4ca4238a0b923820dcc509a6f75849b\" name=\"ct_checkjs_cf7\" value=\"0\" \/><script >setTimeout(function(){var ct_input_name = \"ct_checkjs_cf7_c4ca4238a0b923820dcc509a6f75849b\";if (document.getElementById(ct_input_name) !== null) {var ct_input_value = document.getElementById(ct_input_name).value;document.getElementById(ct_input_name).value = document.getElementById(ct_input_name).value.replace(ct_input_value, 'c4338c370b1f6c6d13140095f0a48c251330e4c9b8afecae390ad2ae37f6c8a1');}}, 1000);<\/script><input\n                    class=\"apbct_special_field apbct_email_id__wp_contact_form_7\"\n                    name=\"apbct__email_id__wp_contact_form_7\"\n                    aria-label=\"apbct__label_id__wp_contact_form_7\"\n                    type=\"text\" size=\"30\" maxlength=\"200\" autocomplete=\"off\"\n                    value=\"\"\n                \/><div class=\"wpcf7-response-output\" aria-hidden=\"true\"><\/div>\n<\/form>\n<\/div>\n\n\t\t\t<\/div>\n\t<\/div>\n\t<\/div>\n\t<div class=\"ult-overlay-close top-right\" style=\" \"><div class=\"ult-overlay-close-inside\">Close<\/div><\/div>\n<\/div>[vc_video link=&#8220;https:\/\/www.youtube.com\/watch?v=SEkG4avPmew&amp;feature=youtu.be&#8220;][\/vc_column][\/vc_row]<\/p>\n<\/div>","protected":false},"excerpt":{"rendered":"<p>[vc_row wrap_container=&#8220;yes&#8220;][vc_column][vc_empty_space height=&#8220;50px&#8220;][vc_column_text css_animation=&#8220;appear&#8220;] \u201ePo\u010fme pr\u00edkladom na\u0161im de\u0165om a \u0161portujme s nimi.\u201c \u201eAko si n\u00e1jdem \u010das na cvi\u010denie, ke\u010f m\u00e1m mal\u00e9 die\u0165a? V Love4Tennis sme preto zaviedli fitness tr\u00e9ningy pre [&hellip;]<\/p>\n","protected":false},"author":1,"featured_media":0,"parent":0,"menu_order":0,"comment_status":"closed","ping_status":"closed","template":"","meta":{"footnotes":""},"class_list":["post-9427","page","type-page","status-publish","hentry"],"yoast_head":"<!-- This site is optimized with the Yoast SEO plugin v23.1 - https:\/\/yoast.com\/wordpress\/plugins\/seo\/ -->\n<title>Rodinn\u00e9 tr\u00e9ningy pre rodi\u010dov a deti | Love4Tennis.com<\/title>\n<meta name=\"robots\" content=\"index, follow, max-snippet:-1, max-image-preview:large, max-video-preview:-1\" \/>\n<link rel=\"canonical\" href=\"https:\/\/love4tennis.com\/sk\/rodinne-treningy\/\" \/>\n<meta property=\"og:locale\" content=\"sk_SK\" \/>\n<meta property=\"og:type\" content=\"article\" \/>\n<meta property=\"og:title\" content=\"Rodinn\u00e9 tr\u00e9ningy pre rodi\u010dov a deti | Love4Tennis.com\" \/>\n<meta property=\"og:description\" content=\"[vc_row wrap_container=&#8220;yes&#8220;][vc_column][vc_empty_space height=&#8220;50px&#8220;][vc_column_text css_animation=&#8220;appear&#8220;] \u201ePo\u010fme pr\u00edkladom na\u0161im de\u0165om a \u0161portujme s nimi.\u201c \u201eAko si n\u00e1jdem \u010das na cvi\u010denie, ke\u010f m\u00e1m mal\u00e9 die\u0165a? V Love4Tennis sme preto zaviedli fitness tr\u00e9ningy pre [&hellip;]\" \/>\n<meta property=\"og:url\" content=\"https:\/\/love4tennis.com\/sk\/rodinne-treningy\/\" \/>\n<meta property=\"og:site_name\" content=\"L4T\" \/>\n<meta property=\"article:publisher\" content=\"https:\/\/www.facebook.com\/TKLOVE4TENNIS\/\" \/>\n<meta property=\"article:modified_time\" content=\"2024-08-01T13:57:21+00:00\" \/>\n<meta name=\"twitter:card\" content=\"summary_large_image\" \/>\n<meta name=\"twitter:label1\" content=\"Predpokladan\u00fd \u010das \u010d\u00edtania\" \/>\n\t<meta name=\"twitter:data1\" content=\"4 min\u00faty\" \/>\n<script type=\"application\/ld+json\" class=\"yoast-schema-graph\">{\"@context\":\"https:\/\/schema.org\",\"@graph\":[{\"@type\":\"WebPage\",\"@id\":\"https:\/\/love4tennis.com\/sk\/rodinne-treningy\/\",\"url\":\"https:\/\/love4tennis.com\/sk\/rodinne-treningy\/\",\"name\":\"Rodinn\u00e9 tr\u00e9ningy pre rodi\u010dov a deti | Love4Tennis.com\",\"isPartOf\":{\"@id\":\"https:\/\/love4tennis.com\/#website\"},\"datePublished\":\"2017-03-24T07:52:26+00:00\",\"dateModified\":\"2024-08-01T13:57:21+00:00\",\"breadcrumb\":{\"@id\":\"https:\/\/love4tennis.com\/sk\/rodinne-treningy\/#breadcrumb\"},\"inLanguage\":\"sk-SK\",\"potentialAction\":[{\"@type\":\"ReadAction\",\"target\":[\"https:\/\/love4tennis.com\/sk\/rodinne-treningy\/\"]}]},{\"@type\":\"BreadcrumbList\",\"@id\":\"https:\/\/love4tennis.com\/sk\/rodinne-treningy\/#breadcrumb\",\"itemListElement\":[{\"@type\":\"ListItem\",\"position\":1,\"name\":\"Dom\u00e1ca str\u00e1nka\",\"item\":\"https:\/\/love4tennis.com\/sk\/\"},{\"@type\":\"ListItem\",\"position\":2,\"name\":\"Rodinn\u00e9 tr\u00e9ningy\"}]},{\"@type\":\"WebSite\",\"@id\":\"https:\/\/love4tennis.com\/#website\",\"url\":\"https:\/\/love4tennis.com\/\",\"name\":\"L4T\",\"description\":\"\",\"publisher\":{\"@id\":\"https:\/\/love4tennis.com\/#organization\"},\"potentialAction\":[{\"@type\":\"SearchAction\",\"target\":{\"@type\":\"EntryPoint\",\"urlTemplate\":\"https:\/\/love4tennis.com\/?s={search_term_string}\"},\"query-input\":\"required name=search_term_string\"}],\"inLanguage\":\"sk-SK\"},{\"@type\":\"Organization\",\"@id\":\"https:\/\/love4tennis.com\/#organization\",\"name\":\"Love4Tennis Academy\",\"url\":\"https:\/\/love4tennis.com\/\",\"logo\":{\"@type\":\"ImageObject\",\"inLanguage\":\"sk-SK\",\"@id\":\"https:\/\/love4tennis.com\/#\/schema\/logo\/image\/\",\"url\":\"https:\/\/love4tennis.com\/wp-content\/uploads\/2018\/10\/logo_love4tennis.jpg\",\"contentUrl\":\"https:\/\/love4tennis.com\/wp-content\/uploads\/2018\/10\/logo_love4tennis.jpg\",\"width\":608,\"height\":315,\"caption\":\"Love4Tennis Academy\"},\"image\":{\"@id\":\"https:\/\/love4tennis.com\/#\/schema\/logo\/image\/\"},\"sameAs\":[\"https:\/\/www.facebook.com\/TKLOVE4TENNIS\/\"]}]}<\/script>\n<!-- \/ Yoast SEO plugin. -->","yoast_head_json":{"title":"Rodinn\u00e9 tr\u00e9ningy pre rodi\u010dov a deti | Love4Tennis.com","robots":{"index":"index","follow":"follow","max-snippet":"max-snippet:-1","max-image-preview":"max-image-preview:large","max-video-preview":"max-video-preview:-1"},"canonical":"https:\/\/love4tennis.com\/sk\/rodinne-treningy\/","og_locale":"sk_SK","og_type":"article","og_title":"Rodinn\u00e9 tr\u00e9ningy pre rodi\u010dov a deti | Love4Tennis.com","og_description":"[vc_row wrap_container=&#8220;yes&#8220;][vc_column][vc_empty_space height=&#8220;50px&#8220;][vc_column_text css_animation=&#8220;appear&#8220;] \u201ePo\u010fme pr\u00edkladom na\u0161im de\u0165om a \u0161portujme s nimi.\u201c \u201eAko si n\u00e1jdem \u010das na cvi\u010denie, ke\u010f m\u00e1m mal\u00e9 die\u0165a? V Love4Tennis sme preto zaviedli fitness tr\u00e9ningy pre [&hellip;]","og_url":"https:\/\/love4tennis.com\/sk\/rodinne-treningy\/","og_site_name":"L4T","article_publisher":"https:\/\/www.facebook.com\/TKLOVE4TENNIS\/","article_modified_time":"2024-08-01T13:57:21+00:00","twitter_card":"summary_large_image","twitter_misc":{"Predpokladan\u00fd \u010das \u010d\u00edtania":"4 min\u00faty"},"schema":{"@context":"https:\/\/schema.org","@graph":[{"@type":"WebPage","@id":"https:\/\/love4tennis.com\/sk\/rodinne-treningy\/","url":"https:\/\/love4tennis.com\/sk\/rodinne-treningy\/","name":"Rodinn\u00e9 tr\u00e9ningy pre rodi\u010dov a deti | Love4Tennis.com","isPartOf":{"@id":"https:\/\/love4tennis.com\/#website"},"datePublished":"2017-03-24T07:52:26+00:00","dateModified":"2024-08-01T13:57:21+00:00","breadcrumb":{"@id":"https:\/\/love4tennis.com\/sk\/rodinne-treningy\/#breadcrumb"},"inLanguage":"sk-SK","potentialAction":[{"@type":"ReadAction","target":["https:\/\/love4tennis.com\/sk\/rodinne-treningy\/"]}]},{"@type":"BreadcrumbList","@id":"https:\/\/love4tennis.com\/sk\/rodinne-treningy\/#breadcrumb","itemListElement":[{"@type":"ListItem","position":1,"name":"Dom\u00e1ca str\u00e1nka","item":"https:\/\/love4tennis.com\/sk\/"},{"@type":"ListItem","position":2,"name":"Rodinn\u00e9 tr\u00e9ningy"}]},{"@type":"WebSite","@id":"https:\/\/love4tennis.com\/#website","url":"https:\/\/love4tennis.com\/","name":"L4T","description":"","publisher":{"@id":"https:\/\/love4tennis.com\/#organization"},"potentialAction":[{"@type":"SearchAction","target":{"@type":"EntryPoint","urlTemplate":"https:\/\/love4tennis.com\/?s={search_term_string}"},"query-input":"required name=search_term_string"}],"inLanguage":"sk-SK"},{"@type":"Organization","@id":"https:\/\/love4tennis.com\/#organization","name":"Love4Tennis Academy","url":"https:\/\/love4tennis.com\/","logo":{"@type":"ImageObject","inLanguage":"sk-SK","@id":"https:\/\/love4tennis.com\/#\/schema\/logo\/image\/","url":"https:\/\/love4tennis.com\/wp-content\/uploads\/2018\/10\/logo_love4tennis.jpg","contentUrl":"https:\/\/love4tennis.com\/wp-content\/uploads\/2018\/10\/logo_love4tennis.jpg","width":608,"height":315,"caption":"Love4Tennis Academy"},"image":{"@id":"https:\/\/love4tennis.com\/#\/schema\/logo\/image\/"},"sameAs":["https:\/\/www.facebook.com\/TKLOVE4TENNIS\/"]}]}},"_links":{"self":[{"href":"https:\/\/love4tennis.com\/sk\/wp-json\/wp\/v2\/pages\/9427"}],"collection":[{"href":"https:\/\/love4tennis.com\/sk\/wp-json\/wp\/v2\/pages"}],"about":[{"href":"https:\/\/love4tennis.com\/sk\/wp-json\/wp\/v2\/types\/page"}],"author":[{"embeddable":true,"href":"https:\/\/love4tennis.com\/sk\/wp-json\/wp\/v2\/users\/1"}],"replies":[{"embeddable":true,"href":"https:\/\/love4tennis.com\/sk\/wp-json\/wp\/v2\/comments?post=9427"}],"version-history":[{"count":2,"href":"https:\/\/love4tennis.com\/sk\/wp-json\/wp\/v2\/pages\/9427\/revisions"}],"predecessor-version":[{"id":9452,"href":"https:\/\/love4tennis.com\/sk\/wp-json\/wp\/v2\/pages\/9427\/revisions\/9452"}],"wp:attachment":[{"href":"https:\/\/love4tennis.com\/sk\/wp-json\/wp\/v2\/media?parent=9427"}],"curies":[{"name":"wp","href":"https:\/\/api.w.org\/{rel}","templated":true}]}}